{"id":101,"date":"2014-03-17T09:33:33","date_gmt":"2014-03-17T08:33:33","guid":{"rendered":"https:\/\/www.marcelcuvelier.de\/?page_id=101"},"modified":"2018-02-17T13:43:12","modified_gmt":"2018-02-17T12:43:12","slug":"klarglas-led-3-bremsleuchte-einbauen","status":"publish","type":"page","link":"https:\/\/www.marcelcuvelier.de\/?page_id=101","title":{"rendered":"Klarglas LED dritte Bremsleuchte einbauen"},"content":{"rendered":"<p>Um euch erst einmal richtig einzustimmen: So siehts aus, wenn es dann fertig bzw. wenn die dritte Bremsleuchte in Klarglas LED-Optik eingebaut ist:<br \/>\n<a href=\"https:\/\/www.marcelcuvelier.de\/wp-content\/uploads\/2014\/03\/info03_dritte_bremsleuchte_klar.jpg\"><img loading=\"lazy\" decoding=\"async\" src=\"https:\/\/www.marcelcuvelier.de\/wp-content\/uploads\/2014\/03\/info03_dritte_bremsleuchte_klar.jpg\" alt=\"dritte Bremsleuchte\" width=\"567\" height=\"100\" class=\"aligncenter size-full wp-image-107\" srcset=\"https:\/\/www.marcelcuvelier.de\/wp-content\/uploads\/2014\/03\/info03_dritte_bremsleuchte_klar.jpg 567w, https:\/\/www.marcelcuvelier.de\/wp-content\/uploads\/2014\/03\/info03_dritte_bremsleuchte_klar-300x52.jpg 300w\" sizes=\"auto, (max-width: 567px) 100vw, 567px\" \/><\/a><\/p>\n<div style=\"clear: both;\"><\/div>\n<p>&nbsp;<br \/>\nIst auch wirklich super easy. Ich habe hier die Originale dritte Bremsleuchte von Peugeot gegen die Klarglas LED-Bremsleuchte von in.Pro ausgetauscht.<\/p>\n<p>Als erstes m\u00fc\u00dft Ihr von innen, also den Kofferraumdeckel ge\u00f6ffnet, die zwei 10er-Muttern der vorhandenen Peugeot Bremsleuchte l\u00f6sen. Jetzt vorsichtig von au\u00dfen mit einem kleinen Schraubendreher etwas durch Hebeln nachhelfen und gleichzeitig von innen die Gewindestangen der Bremsleuchte &#8218;rein dr\u00fccken.<br \/>\n<a href=\"https:\/\/www.marcelcuvelier.de\/wp-content\/uploads\/2014\/03\/info03_dritte_bremsleuchte_klar_muttern.jpg\"><img loading=\"lazy\" decoding=\"async\" src=\"https:\/\/www.marcelcuvelier.de\/wp-content\/uploads\/2014\/03\/info03_dritte_bremsleuchte_klar_muttern.jpg\" alt=\"Bremsleuchte Muttern\" width=\"449\" height=\"220\" class=\"aligncenter size-full wp-image-106\" srcset=\"https:\/\/www.marcelcuvelier.de\/wp-content\/uploads\/2014\/03\/info03_dritte_bremsleuchte_klar_muttern.jpg 449w, https:\/\/www.marcelcuvelier.de\/wp-content\/uploads\/2014\/03\/info03_dritte_bremsleuchte_klar_muttern-300x146.jpg 300w, https:\/\/www.marcelcuvelier.de\/wp-content\/uploads\/2014\/03\/info03_dritte_bremsleuchte_klar_muttern-239x118.jpg 239w\" sizes=\"auto, (max-width: 449px) 100vw, 449px\" \/><\/a><\/p>\n<div style=\"clear: both;\"><\/div>\n<p>&nbsp;<br \/>\nNun mu\u00df man noch von innen vorsichtig die Wisch-Wasch-D\u00fcse herausdrehen und die Kabel der Originalen 3. Bremsleuchte abklemmen und an der neuen Klarglas-Leuchte anklemmen. Dann noch die D\u00fcse einsetzen, auf richtigen Sitz der zugeh\u00f6rigen Dichtung achten, die Leuchte in die Halterung zur\u00fcck dr\u00fccken und von innen vorsichtig mit den Muttern fest verschrauben. Denkt daran, nach FEST kommt GANZ GANZ LOSE !! Also nicht \u00fcbertreiben, sonst war der Spa\u00df nur von ganz kurzer Dauer.<\/p>\n<p>TADA, und schon ist der Einbau erledigt.<\/p>\n<div class=\"pdf24Plugin-cp\"> \t<form name=\"pdf24Form0\" method=\"post\" target=\"pdf24PopWin\" action=\"https:\/\/doc2pdf.pdf24.org\/wordpress.php\"><input type=\"hidden\" name=\"blogCharset\" value=\"Cw1x07UAAA==\" \/><input type=\"hidden\" name=\"blogPosts\" value=\"MwQA\" \/><input type=\"hidden\" name=\"blogUrl\" value=\"yygpKSi20tcvLy\/Xy00sSk7NSS4tS83JTC3SS0kFAA==\" \/><input type=\"hidden\" name=\"blogName\" value=\"y00sSk7NSS4tS83JTC3SS0kFAA==\" \/><input type=\"hidden\" name=\"blogValueEncoding\" value=\"gzdeflate base64\" \/><input type=\"hidden\" name=\"postId_0\" value=\"MzQwBAA=\" \/><input type=\"hidden\" name=\"postTitle_0\" value=\"885JLErPSSxW8HF1UUgpyiwpSVVwKkrNLc5JLU3OAHJSM\/OSEktT8wA=\" \/><input type=\"hidden\" name=\"postLink_0\" value=\"yygpKSi20tcvLy\/Xy00sSk7NSS4tS83JTC3SS0nVty9ITE+Nz0yxNTQwBAA=\" \/><input type=\"hidden\" name=\"postAuthor_0\" value=\"800sSk7NAQA=\" \/><input type=\"hidden\" name=\"postDateTime_0\" value=\"MzIwNNE1MNY1NFcwsLQyMLYyNgYA\" \/><input type=\"hidden\" name=\"postContent_0\" value=\"zZbbbttGEIbv+xQTFghaQCJ1cBxHlgSokJu4deMAThGgN8aSHJJbLZfEHkSbL5O38JXv9GKdXUqWhRoFikJBL0Rpxd2df4bzf9xpPf+9BLRJAai0AeSyZAIUTwrDczdsrTa8LFFO4KYCzbEwGpjVPWhQSkANKaPvDJVbELdN2N1IOUKquDEIPykstXBBaMAl\/CqYygXTcHWx7F\/Xhq9coBxjZg1wbSbTWEE0\/27KoFCYzYLCmFpPoqhpmrBkKkGR2DUKjipMMWrqflJJg9JEthYVS3U0GgxPosE44jKrBuPbTsdt\/EzH7YpEhH\/WeTCf8jIHt440zALB2vsAUkyqbsz0vUwC0Co5sg5gwsyCF0oWQMNTU8yCN6dvAyiQ5wVNHA4GASRURU0aBc9lQoFR0RNqsZ9ZIYD08JLl2B8O3voENJrj5gCksOnBsUL0x4PB3ZuRj0Q\/m8An6\/K3purBDyW76\/tSTZyQ+u5HoCKtSZAfBdRS04jRp6bWSvkatLkXOAsSgUxNIK5McU7dENEtmlDPX8tY1+fbXrwkczBnk4arlSB7gLY1lRupP0K4pHHBYoSCkvStf614ziUTL5tgXUn4hDbHykCOOXZ2OfDF3+ZzGX5SlbNejoaudCPscqnnC6G9f8mN5eZx89XAZaG2qyTKHvWWrqipyXtVRlZVzJbU4isUFH7zkGUSTc9raBvkVDZU\/d8syVakDN1OqmCS1uNe94FAsXnQKEP4BU1r3HS9JYjTwOzmKy0suecLlrAS7lvCTVKQkhhlqrBwxTQNZZ9aReX8gDEKCZIlRYEio9lWppDTyqRoke\/29vl55e+x4SRRGyZ9QWm\/A4mvvz8bDc\/OFYWmZ7J5pOxl+K1Ic1t21fy\/EOdAT0eeg2JtH\/4Tek5O3u3RMxr9C\/ScHh89z5MBUnpEBO1CeRQNT06fWPQNQo7G7+6GwzMfkn7\/E\/6oCM\/w50f\/DX8fLfmXbAwlI09W5M+9+Z653fnwCyc09b8wd11uHjVBEcnl2nu8c7GHHeFSeJc+oVLCODz0LIsJFe7w4ZexztUSLe4PEf2r3Vy5nRvC0p1IvEoXqRNBtqcmbD0MbbY74TgIcdP6fVviWrF5UP7fpbtvZQ7MbS47OF7tzzBu+IF8g8pNaq0HyhNXvNwXK+Qg6Di8o2tGwII1sXuHQlKPckWTmGIU1vEPfr64+QyrqiwNvF98\/KO7XF3fXMCrV7BwaJdue9g8xnQMI8LFTrGuJO3dMOWzu6kZPT5pu9dCzmQLK6taurNklnp09yr5vFguel4\/SXIZaOPXX3BJ5zN6ywhMeb599fwF\" \/><\/form> \t<div class=\"pdf24Plugin-cp-link\"> \t\t<a href=\"#\" onclick=\"var pdf24Win = window.open('about:blank', 'pdf24PopWin', 'resizable=yes,scrollbars=yes,width=600,height=250,left='+(screen.width\/2-300)+',top='+(screen.height\/3-125)+''); pdf24Win.focus(); document.pdf24Form0.submit(); if(typeof pdf24OnCreatePDF === 'function'){void(pdf24OnCreatePDF(this,pdf24Win));} return false;\">Diesen Beitrag als PDF herunterladen<\/a> \t<\/div> <\/div>","protected":false},"excerpt":{"rendered":"<p>Um euch erst einmal richtig einzustimmen: So siehts aus, wenn es dann fertig bzw. wenn die dritte Bremsleuchte in Klarglas LED-Optik eingebaut ist: &nbsp; Ist auch wirklich super easy. Ich habe hier die Originale dritte Bremsleuchte von Peugeot gegen die Klarglas LED-Bremsleuchte von in.Pro ausgetauscht. Als erstes m\u00fc\u00dft Ihr von innen, also den Kofferraumdeckel ge\u00f6ffnet, die zwei 10er-Muttern der vorhandenen Peugeot Bremsleuchte l\u00f6sen. Jetzt vorsichtig von au\u00dfen mit einem kleinen Schraubendreher etwas durch Hebeln nachhelfen und gleichzeitig von innen die [&hellip;]<\/p>\n","protected":false},"author":1,"featured_media":0,"parent":463,"menu_order":0,"comment_status":"closed","ping_status":"closed","template":"template-fullwidth.php","meta":{"ngg_post_thumbnail":0,"jetpack_post_was_ever_published":false,"footnotes":""},"class_list":["post-101","page","type-page","status-publish","hentry"],"jetpack_shortlink":"https:\/\/wp.me\/P4qNjn-1D","jetpack_sharing_enabled":true,"jetpack_likes_enabled":true,"_links":{"self":[{"href":"https:\/\/www.marcelcuvelier.de\/index.php?rest_route=\/wp\/v2\/pages\/101","targetHints":{"allow":["GET"]}}],"collection":[{"href":"https:\/\/www.marcelcuvelier.de\/index.php?rest_route=\/wp\/v2\/pages"}],"about":[{"href":"https:\/\/www.marcelcuvelier.de\/index.php?rest_route=\/wp\/v2\/types\/page"}],"author":[{"embeddable":true,"href":"https:\/\/www.marcelcuvelier.de\/index.php?rest_route=\/wp\/v2\/users\/1"}],"replies":[{"embeddable":true,"href":"https:\/\/www.marcelcuvelier.de\/index.php?rest_route=%2Fwp%2Fv2%2Fcomments&post=101"}],"version-history":[{"count":5,"href":"https:\/\/www.marcelcuvelier.de\/index.php?rest_route=\/wp\/v2\/pages\/101\/revisions"}],"predecessor-version":[{"id":383,"href":"https:\/\/www.marcelcuvelier.de\/index.php?rest_route=\/wp\/v2\/pages\/101\/revisions\/383"}],"up":[{"embeddable":true,"href":"https:\/\/www.marcelcuvelier.de\/index.php?rest_route=\/wp\/v2\/pages\/463"}],"wp:attachment":[{"href":"https:\/\/www.marcelcuvelier.de\/index.php?rest_route=%2Fwp%2Fv2%2Fmedia&parent=101"}],"curies":[{"name":"wp","href":"https:\/\/api.w.org\/{rel}","templated":true}]}}