{"id":1050,"date":"2019-09-23T11:41:44","date_gmt":"2019-09-23T10:41:44","guid":{"rendered":"https:\/\/www.marcelcuvelier.de\/?page_id=1050"},"modified":"2019-09-23T11:58:43","modified_gmt":"2019-09-23T10:58:43","slug":"querlenker-problem-und-seine-behebung","status":"publish","type":"page","link":"https:\/\/www.marcelcuvelier.de\/?page_id=1050","title":{"rendered":"Querlenker Problem und seine Behebung"},"content":{"rendered":"<p><img loading=\"lazy\" decoding=\"async\" class=\"alignright size-full wp-image-1051\" src=\"https:\/\/www.marcelcuvelier.de\/wp-content\/uploads\/2019\/09\/info19_querlenker1.jpg\" alt=\"\" width=\"334\" height=\"327\" srcset=\"https:\/\/www.marcelcuvelier.de\/wp-content\/uploads\/2019\/09\/info19_querlenker1.jpg 334w, https:\/\/www.marcelcuvelier.de\/wp-content\/uploads\/2019\/09\/info19_querlenker1-300x294.jpg 300w, https:\/\/www.marcelcuvelier.de\/wp-content\/uploads\/2019\/09\/info19_querlenker1-230x225.jpg 230w\" sizes=\"auto, (max-width: 334px) 100vw, 334px\" \/>Ich hoffe, dass Ihr mit euren Querlenker bzw. mit der zugeh\u00f6rigen Koppelstange mehr Gl\u00fcck habt als ich. Diese Koppelstangen (siehe rote Markierungen) wurden n\u00e4mlich in sechs Jahren insgesamt <strong>drei Mal<\/strong> an meinem Peugeot getauscht. Warum und wieso diese bei mir ausgeschlagen sind kann mir mein Peugeot H\u00e4ndler leider nicht sagen. Er hat seit Einf\u00fchrung des 206 im Jahre 1998 bisher nur bei meinem 206 dieses Teil austauschen m\u00fcssen. Na, herzlichen Gl\u00fcckwunsch&#8230; \ud83d\ude41<\/p>\n<p><img loading=\"lazy\" decoding=\"async\" class=\"alignleft size-full wp-image-1052\" src=\"https:\/\/www.marcelcuvelier.de\/wp-content\/uploads\/2019\/09\/info19_auspuff1.jpg\" alt=\"\" width=\"190\" height=\"112\">Bemerkbar macht sich der Fehler, wenn man bei starken Unebenheiten auf der Stra\u00dfe, z. B. bei Schlagl\u00f6chern, Bodenwellen, Kopfsteinpflaster oder \u00e4hnlichen Unebenheiten eine Art &#8222;Poltern&#8220; h\u00f6ren kann. Anfangs bin ich davon ausgegangen, dass mein Musketier Sportauspuff mit seinem Enddoppelrohr hinten an der Plastikverkleidung schl\u00e4gt, was sich dann jedoch als Irrtum erwies.<\/p>\n<p>Bin dann mit meiner Annahme zum H\u00e4ndler gefahren. Der hat mir dann den Auspuff mit einer zus\u00e4tzlichen VA-Platte und Verstrebungen versteift, so das dieser keine M\u00f6glichkeit mehr hatte, an die Verkleidung zu gelangen.&nbsp;Leider war das aber nicht die Ursache des von mir o.g. Problems. Da der Fehler nicht dauerhaft auftrat, bemerkte ich das aber auch erst einige Zeit sp\u00e4ter.<\/p>\n<p>Auf den folgenden Abbildungen links kann man die erneuerte Koppelstange (Querlenker) sehen (siehe Markierungen). Dieser hat an beiden Enden eine Gummif\u00fchrung, welche bei mir nun ausgeschlagen war und somit &#8222;Spiel&#8220; hatte, was dann wiederum dieses nervende &#8222;Poltern&#8220; erzeugte.<\/p>\n<table>\n<tbody>\n<tr>\n<td><img loading=\"lazy\" decoding=\"async\" class=\"alignleft size-full wp-image-1059\" src=\"https:\/\/www.marcelcuvelier.de\/wp-content\/uploads\/2019\/09\/info19_querlenker3.jpg\" alt=\"\" width=\"335\" height=\"297\" srcset=\"https:\/\/www.marcelcuvelier.de\/wp-content\/uploads\/2019\/09\/info19_querlenker3.jpg 335w, https:\/\/www.marcelcuvelier.de\/wp-content\/uploads\/2019\/09\/info19_querlenker3-300x266.jpg 300w, https:\/\/www.marcelcuvelier.de\/wp-content\/uploads\/2019\/09\/info19_querlenker3-230x204.jpg 230w\" sizes=\"auto, (max-width: 335px) 100vw, 335px\" \/><\/td>\n<td><img loading=\"lazy\" decoding=\"async\" class=\"aligncenter size-full wp-image-1060\" src=\"https:\/\/www.marcelcuvelier.de\/wp-content\/uploads\/2019\/09\/info19_querlenker2.jpg\" alt=\"\" width=\"199\" height=\"365\" srcset=\"https:\/\/www.marcelcuvelier.de\/wp-content\/uploads\/2019\/09\/info19_querlenker2.jpg 199w, https:\/\/www.marcelcuvelier.de\/wp-content\/uploads\/2019\/09\/info19_querlenker2-164x300.jpg 164w\" sizes=\"auto, (max-width: 199px) 100vw, 199px\" \/><\/td>\n<td><img loading=\"lazy\" decoding=\"async\" class=\"alignright size-full wp-image-1061\" src=\"https:\/\/www.marcelcuvelier.de\/wp-content\/uploads\/2019\/09\/info19_querlenker4.jpg\" alt=\"\" width=\"296\" height=\"365\" srcset=\"https:\/\/www.marcelcuvelier.de\/wp-content\/uploads\/2019\/09\/info19_querlenker4.jpg 296w, https:\/\/www.marcelcuvelier.de\/wp-content\/uploads\/2019\/09\/info19_querlenker4-243x300.jpg 243w, https:\/\/www.marcelcuvelier.de\/wp-content\/uploads\/2019\/09\/info19_querlenker4-230x284.jpg 230w\" sizes=\"auto, (max-width: 296px) 100vw, 296px\" \/><\/td>\n<\/tr>\n<\/tbody>\n<\/table>\n<p><b>WICHTIGE INFORMATION:<\/b><br \/>\nIch habe mal vor einiger Zeit im Internet zum Thema &#8222;Querlenker, Koppelstange und Stabilisator&#8220; recherchiert. Dabei habe ich folgende Aussage von Peugeot Deutschland gefunden:<\/p>\n<p>&#8222;Uns sind einige F\u00e4lle bekannt, bei denen auf unebener Fahrbahn unnat\u00fcrliche Ger\u00e4usche aus dem Vorderwagen reklamiert wurden. Bei verschiedenen Fahrzeugen haben wir festgestellt, dass die vorderen Querlenker bereits fr\u00fchzeitig verschlissen sind. Eine \u00c4nderung der Teile in der Serie und im Nachr\u00fcstbereich ist bereits erfolgt. Wir m\u00f6chten jedoch darauf hinweisen, dass diesbez\u00fcgliche Reklamationen nicht anerkannt werden k\u00f6nnen, wenn das Fahrzeug mit Zubeh\u00f6r (R\u00e4der, Reifen, Spurverbreiterung, Fahrwerks\u00e4nderungen o.\u00e4.) ausgestattet ist, das nicht von Peugeot homologiert wurde.&#8220;<br \/>\n<br \/>Quelle: Peugeot Deutschland 07\/2003<\/p>\n<div class=\"pdf24Plugin-cp\"> \t<form name=\"pdf24Form0\" method=\"post\" target=\"pdf24PopWin\" action=\"https:\/\/doc2pdf.pdf24.org\/wordpress.php\"><input type=\"hidden\" name=\"blogCharset\" value=\"Cw1x07UAAA==\" \/><input type=\"hidden\" name=\"blogPosts\" value=\"MwQA\" \/><input type=\"hidden\" name=\"blogUrl\" value=\"yygpKSi20tcvLy\/Xy00sSk7NSS4tS83JTC3SS0kFAA==\" \/><input type=\"hidden\" name=\"blogName\" value=\"y00sSk7NSS4tS83JTC3SS0kFAA==\" \/><input type=\"hidden\" name=\"blogValueEncoding\" value=\"gzdeflate base64\" \/><input type=\"hidden\" name=\"postId_0\" value=\"MzQwNQAA\" \/><input type=\"hidden\" name=\"postTitle_0\" value=\"CyxNLcpJzctOLVIIKMpPyknNVSjNS1EoTs3MS1VwSs1ITSrNSwcA\" \/><input type=\"hidden\" name=\"postLink_0\" value=\"yygpKSi20tcvLy\/Xy00sSk7NSS4tS83JTC3SS0nVty9ITE+Nz0yxNTQwNQAA\" \/><input type=\"hidden\" name=\"postAuthor_0\" value=\"800sSk7NAQA=\" \/><input type=\"hidden\" name=\"postDateTime_0\" value=\"MzIwtNQ1sNQ1MlYwNLQysLQyMQEA\" \/><input type=\"hidden\" name=\"postContent_0\" value=\"tVfNbhtHEr7nKQoMENiANPyTGFOWBcgb2VZ27Xgt2wFyWfRwijMd9vQw3T2izdsC+xI55cJn8Em3eaE8Qr7qGeonUIIgS18kNjlTXfXVV1VfHS9PjnWZk6lUpm3+pGfU+mOPMp5V7Vn5j3bWo5lR3uNkdG6dzotAXq95f14bQ6vlvi5VzvvDweGwR97NnvSKEJb+qN9frVZJqdyMzay+ZKPZJRn38cassoFt6NdLudr3R4PhtD+Y9rWdV8Ppf36q2Rm2C3bD5Mdl3iNlwpNej1Y6C8WT3nh80KOCxREcRl\/HWz2HnV9MuGm1Rzu0uj8eDD6Mpget9cFgx9ZHY1gfHUbr+LzqxURJ6upQ7dGDUn3YjyAeSWjLDw9pOBhcwol46lH\/5HxWUFHN57xHGZJO54WjUgfi2rGlf1\/fRel6lcRfMhzWdc5F8wncwEP\/rJZLNj4omzOVDAPPTXM1W1Ch0oBUetKzIqFvNHu+87ClB15zweSqwPRSuQVAqOWHh7SqXYYHbLMpDV4nbcnzrPD0rSrEM219zl6VgY59cJXNTzLHGkbMcb\/7gpSFO9pySa8ZDleBcg6q9rMiJPS9cnVJtc3AMvYVZdG9FDZK7QhPwfysMErc9BqPLZS18TexeW3xRbOxmQEkhrUgY+EsykVeS+jMAQOcGLCdIX3NVSHxAUJPo8GEdNmGQ8Pp9BGl2hdioXatG63r8lz0zdNb1kY8a2OAX2Vz5b1c9EqBV+zWAhW+b\/Ff1RaPffXlIzDjMf36y8\/\/Pe4vT744\/htNwPD8j3rAaEc9ADEt6\/n83gYwnA5uGsBwOOqdPOWS3SJVyIaKgAtHBP9nXCAbe7RiyRYYIFACMbcALu8sp2xhCI4AyHl84yI41fwC\/q8TeprE5y9i4k3zCWg6u0dPK3BxxQalsCcMnvuA5CznQCjAQiVmmk1hO\/jvXCNZpFMXSBIxGj1+XRm8Y+MJaZEqwlNCroRO7Rx14cEESzEgdVnZlot5LJiuSCMDX9Z+wUFLBMvKhQ6\/WKK+pc6ZzbJYbq5CURbaxrBtjPq1+K4Xl0BRmCusFLo3mzwAPOU7RIXzP3JW4bMU8rlzAVXDTmom2dLpKbzJ2uoILW0dQrGqKBmdorypkZznsXrRDLgtDamn+KoU++mtEFor69o3m7Cl9fvTfbgd0CukbN+zQ6FzGhsGXcqJ9RzeSzEjgFg0jhYxAS+bT7lYWXB0sYi3ByRd4NAsxq5xWNdw1ES8k69s6peP\/9XW9kq5aFml14Uu775zHhzkWNWSL4mpSvKEXrsqNVx6hKtukXP7qkJzLRQKC0wEB+F5GlmN+Frsu5tUjZOEJ6Cg49IPEoRfAhkU1zYJp5HOluaVgeMRzjTVJmvhMdoufNfCupBBQoYH4W5Ppgc3Pf8hiFTcdOk7Dbrr520W2zKTO8\/izRHy53VZ6m3Lk4I0AtK2wdra\/q7JCrqSV19J\/rtquVhqNte10qZM2Bk5AxICVRCs649gzKWE\/gelhv6Iph24gywoJEf+p1X2Uf47+ZPttDlOdy6QxvcLpMOb\/jiafhaBNO4E0uFOJcy4FUiTyWcRSONWIA0O\/ppAOrwjkA5bgXTcByf+HjFmcBIVci81JoOdU2N0\/+ic3tLOk8PPQY14sWiYnSZvtD+cHHwAJVrrk4M\/Sx4uv5W8ePo\/k\/cne89k93vPwX25G00nnz13XWlMJzvN3cH+6GB8nTt83rV1KetHf6msEdotZsTTLWb0Y9fvb2dAfzsUoJHTk+\/P\/\/Hi7fnzMzp\/9ey7Ny9P355\/9+rouJ\/iNwcTX8TdCSMaI9Vg8rtuPrt2QEPcn0v9Ww5RBb0tuFTb0XQzZPfujl+ZgBfwQhvtVajcdng5Fi06KwBXED0hczTeLVJhO\/NFQcnqEWXIdkP5husQhywsQ4DVMqGPtqqhc+ed9e2S0ymMZ80GYhfDWhRDFCZaxEWnmuuob0XPQM2lqrD4xqrQXLko1Og5u2YTVxQZ8XixpPcV1jm3ioPe8cKoUgLptjzobtgXBSfxtfeIaRnX+ChhyrB3NGcfoBgClHjopLAomcto\/HfrKr7QwdPcQYGs8VHn3Q0A1nc7XSJbGVPzP5txt5i5uGWx7JtxOWCn26Qgna8g82DOh2hcllJosu1F7CQLsljKiiirg6jtTjtnyglwkOAr1v5ax4tuSXndXOUtcG8iMiroSiBoZaIC0DELUFBxJV40n6wVE3HFEZW4xSoK5x\/qNK7m9OBNs8mEX28gi+X5i2UNfeRS8ZdbUSZvwuzCi0LvpB20a7NJHnbqLIjmChJp9Llz6ja\/iqqsTJXf5DPpONtVSfsPqQGjju5l5eBr1PpgHDn5Gw==\" \/><\/form> \t<div class=\"pdf24Plugin-cp-link\"> \t\t<a href=\"#\" onclick=\"var pdf24Win = window.open('about:blank', 'pdf24PopWin', 'resizable=yes,scrollbars=yes,width=600,height=250,left='+(screen.width\/2-300)+',top='+(screen.height\/3-125)+''); pdf24Win.focus(); document.pdf24Form0.submit(); if(typeof pdf24OnCreatePDF === 'function'){void(pdf24OnCreatePDF(this,pdf24Win));} return false;\">Diesen Beitrag als PDF herunterladen<\/a> \t<\/div> <\/div>","protected":false},"excerpt":{"rendered":"<p>Ich hoffe, dass Ihr mit euren Querlenker bzw. mit der zugeh\u00f6rigen Koppelstange mehr Gl\u00fcck habt als ich. Diese Koppelstangen (siehe rote Markierungen) wurden n\u00e4mlich in sechs Jahren insgesamt drei Mal an meinem Peugeot getauscht. Warum und wieso diese bei mir ausgeschlagen sind kann mir mein Peugeot H\u00e4ndler leider nicht sagen. Er hat seit Einf\u00fchrung des 206 im Jahre 1998 bisher nur bei meinem 206 dieses Teil austauschen m\u00fcssen. Na, herzlichen Gl\u00fcckwunsch&#8230; \ud83d\ude41 Bemerkbar macht sich der Fehler, wenn man bei [&hellip;]<\/p>\n","protected":false},"author":1,"featured_media":0,"parent":463,"menu_order":0,"comment_status":"closed","ping_status":"closed","template":"page-templates\/page_fullwidth.php","meta":{"ngg_post_thumbnail":0,"jetpack_post_was_ever_published":false,"footnotes":""},"class_list":["post-1050","page","type-page","status-publish","hentry"],"jetpack_shortlink":"https:\/\/wp.me\/P4qNjn-gW","jetpack_sharing_enabled":true,"jetpack_likes_enabled":true,"_links":{"self":[{"href":"https:\/\/www.marcelcuvelier.de\/index.php?rest_route=\/wp\/v2\/pages\/1050","targetHints":{"allow":["GET"]}}],"collection":[{"href":"https:\/\/www.marcelcuvelier.de\/index.php?rest_route=\/wp\/v2\/pages"}],"about":[{"href":"https:\/\/www.marcelcuvelier.de\/index.php?rest_route=\/wp\/v2\/types\/page"}],"author":[{"embeddable":true,"href":"https:\/\/www.marcelcuvelier.de\/index.php?rest_route=\/wp\/v2\/users\/1"}],"replies":[{"embeddable":true,"href":"https:\/\/www.marcelcuvelier.de\/index.php?rest_route=%2Fwp%2Fv2%2Fcomments&post=1050"}],"version-history":[{"count":11,"href":"https:\/\/www.marcelcuvelier.de\/index.php?rest_route=\/wp\/v2\/pages\/1050\/revisions"}],"predecessor-version":[{"id":1069,"href":"https:\/\/www.marcelcuvelier.de\/index.php?rest_route=\/wp\/v2\/pages\/1050\/revisions\/1069"}],"up":[{"embeddable":true,"href":"https:\/\/www.marcelcuvelier.de\/index.php?rest_route=\/wp\/v2\/pages\/463"}],"wp:attachment":[{"href":"https:\/\/www.marcelcuvelier.de\/index.php?rest_route=%2Fwp%2Fv2%2Fmedia&parent=1050"}],"curies":[{"name":"wp","href":"https:\/\/api.w.org\/{rel}","templated":true}]}}