{"id":23,"date":"2014-03-12T13:27:22","date_gmt":"2014-03-12T12:27:22","guid":{"rendered":"https:\/\/www.marcelcuvelier.de\/?page_id=23"},"modified":"2019-09-20T11:29:09","modified_gmt":"2019-09-20T10:29:09","slug":"peugeot","status":"publish","type":"page","link":"https:\/\/www.marcelcuvelier.de\/?page_id=23","title":{"rendered":"Auto"},"content":{"rendered":"<p>Seit fr\u00fchen Kindheitstagen interessiere ich mich f\u00fcr Autos und Zweir\u00e4der. Mein erstes eigenes Auto war ein Golf 1, gefolgt von einem Golf 2, einem Peugeot 206, einem Smart, einem Peugeot 407, usw. Ich habe mich immer schon f\u00fcr Mechatronik interessiert und deswegen auch immer schon an Motoren und an der Technik der Fahrzeuge herumgeschraubt &#8211; schon beginnend mit meinem ersten Mofa, eine metallic-gr\u00fcne Herkules Prima 5S. Sp\u00e4ter dann beim Golf musste nat\u00fcrlich eine dicke Musikanlage mit fetten Subwoofer her &#8211; der normale Wahnsinn in jungen Jahren halt.&nbsp;<\/p>\n<p><img loading=\"lazy\" decoding=\"async\" class=\"aligncenter size-large wp-image-1014\" src=\"https:\/\/www.marcelcuvelier.de\/wp-content\/uploads\/2019\/09\/car-repair-362150_1920-cut-1024x409.jpg\" alt=\"\" width=\"1024\" height=\"409\" srcset=\"https:\/\/www.marcelcuvelier.de\/wp-content\/uploads\/2019\/09\/car-repair-362150_1920-cut-1024x409.jpg 1024w, https:\/\/www.marcelcuvelier.de\/wp-content\/uploads\/2019\/09\/car-repair-362150_1920-cut-300x120.jpg 300w, https:\/\/www.marcelcuvelier.de\/wp-content\/uploads\/2019\/09\/car-repair-362150_1920-cut-768x307.jpg 768w, https:\/\/www.marcelcuvelier.de\/wp-content\/uploads\/2019\/09\/car-repair-362150_1920-cut-830x332.jpg 830w, https:\/\/www.marcelcuvelier.de\/wp-content\/uploads\/2019\/09\/car-repair-362150_1920-cut-230x92.jpg 230w, https:\/\/www.marcelcuvelier.de\/wp-content\/uploads\/2019\/09\/car-repair-362150_1920-cut-350x140.jpg 350w, https:\/\/www.marcelcuvelier.de\/wp-content\/uploads\/2019\/09\/car-repair-362150_1920-cut-480x192.jpg 480w, https:\/\/www.marcelcuvelier.de\/wp-content\/uploads\/2019\/09\/car-repair-362150_1920-cut.jpg 1920w\" sizes=\"auto, (max-width: 1024px) 100vw, 1024px\" \/><\/p>\n<p>Beginnend mit meinem ersten Peugeot, den 206 XS HDi, habe ich einige Umbauten mit Fotos dokumentiert und in eine Bastelecke zusammen getragen. Die letzten Jahre haben gezeigt, dass viele Leute dankbar f\u00fcr derartige Anleitungen sind. Heutzutage wird das alles in Tutorials via Youtube verbreitet und nicht mehr Old School als Dokumentation mit Fotos. Ich werde auch nach-wie-vor immer wieder mal wegen Detailfragen angeschrieben &#8211; hier helfe ich nat\u00fcrlich gerne weiter.&nbsp;<\/p>\n<p>Alle Angaben erfolgen nat\u00fcrlich ohne Gew\u00e4hr und immer auf eigenes Risiko. Ihr solltet \u00fcber ein wenig handwerkliches Geschick und nat\u00fcrlich \u00fcber das passende Werkzeug verf\u00fcgen.<\/p>\n<p>So, wo soll es denn nun hingehen:<\/p>\n<ul>\n<li><a href=\"https:\/\/www.marcelcuvelier.de\/?page_id=367\">Peugeot<\/a><\/li>\n<li><a href=\"https:\/\/www.marcelcuvelier.de\/?page_id=369\">Smart<\/a><\/li>\n<li><a href=\"https:\/\/www.marcelcuvelier.de\/?page_id=444\">Allgemeine Auto FAQ<\/a><\/li>\n<\/ul>\n<div class=\"pdf24Plugin-cp\"> \t<form name=\"pdf24Form0\" method=\"post\" target=\"pdf24PopWin\" action=\"https:\/\/doc2pdf.pdf24.org\/wordpress.php\"><input type=\"hidden\" name=\"blogCharset\" value=\"Cw1x07UAAA==\" \/><input type=\"hidden\" name=\"blogPosts\" value=\"MwQA\" \/><input type=\"hidden\" name=\"blogUrl\" value=\"yygpKSi20tcvLy\/Xy00sSk7NSS4tS83JTC3SS0kFAA==\" \/><input type=\"hidden\" name=\"blogName\" value=\"y00sSk7NSS4tS83JTC3SS0kFAA==\" \/><input type=\"hidden\" name=\"blogValueEncoding\" value=\"gzdeflate base64\" \/><input type=\"hidden\" name=\"postId_0\" value=\"MzIGAA==\" \/><input type=\"hidden\" name=\"postTitle_0\" value=\"cywtyQcA\" \/><input type=\"hidden\" name=\"postLink_0\" value=\"yygpKSi20tcvLy\/Xy00sSk7NSS4tS83JTC3SS0nVty9ITE+Nz0yxNTIGAA==\" \/><input type=\"hidden\" name=\"postAuthor_0\" value=\"800sSk7NAQA=\" \/><input type=\"hidden\" name=\"postDateTime_0\" value=\"MzIwNNE1MNY1NFIwNLYyMLYyMgIA\" \/><input type=\"hidden\" name=\"postContent_0\" value=\"tVbbbuM2EH3vVwxUYNECvsiXXJx1XGQRbHbbBt3WW\/TysqClscQ1RQoUZXn9PfmMvOXHekZy0iAPLdDCLxJHJM\/MmaHmcF4ulqwDrf3Dfc6WftA2zfGhCiqDqW1gz1Wl8SSd5FTIY\/1w7+mqDq6i2qb0Z8PaP9yl7Ad0y9oS+ypwRawBgbespEZ5krkbZ9Y06lHGa2eyQFtn5TsX3cy4d7A+cJ2xCzSOTx8\/LQvlw8v5aXzWo7pqBvQekeVqxV2MuijYU5XkwG\/jveUkV8E7qzfPaYWWQspVw0JY1S\/2Kku3LjiPOVkIEzzpI8AESMZvVe73Eg3l7OsiY2z0ql4FevX1+Xg0en1AWnGmrWWAFEh40dFoUyUu1qpjhomgjNFJP0NJYL9jv6kN0vjB60LRyXJAy\/LhDgQoVVZg9SF3RV0BjKwK4GskCS1gqpMN021d6Y2yBmVt\/a85iONlvWqcWwMMwT8FLLSs84UyTL+p3FYIHEmjz7WVJH0PxnjlyoTBK7uqytfzYbn4al4u5rrIyDiVaptdRkbtv0QAS1xnq+qLTSJKjKoqWEZnNmEpBVV6z32jPIJryj54ZtwfxaNpRJVPLqM8hLK6GA6bphngECRsknrLBuUbpDzEjsQBxoZhXYrzajiOR7NhPBsmyvc9l0r7\/uR0PDqJP41m47if1AHw4+luGs8Gn8ssIlC5jCJqdBryy0jmImREZzk+Y1EbR8Xh+KGQGE2PjuFnEse70Thu3WB8JC9np+e7SXzWesH4SF7OJ\/FuMhm3XjA+kpcxvMw6J+OjOZmcoCzTQ1lOjuVleg4vBy4YH8dLd4JhNFH7T8tvju7fo28Kteu3f9dFe8LL3bd4x1uE0ZkRDRePXeTNP3TKQ9\/voa1YEQf6fUnvrnWva\/2HpgfhoV+LFVxjkWC8dSJWqdvUBQg9tX3daQ+9UcA2LH1yX1cK7d9CoIIXDRzQtWYyHPbhsfW1vmTFHh1CQkE\/o60GAv3I8CmNebOC4LXCg2YK3ZKQrqyBtHY9FC01HaC512Ffi9ai9fhUkNCKpNsjtI\/InNfKCLaiP1wdalDcsl95wHBHwYKy5Cj39JNJaQmpcYZk0\/WBrQraPctCJ5QN+5Q7tbMqyVEa7m+dP0gfLJEA9H\/qZPEaoqTNuk0INLDTOM2ShUfNyHUrImbdVeGZCmXskeNGYvYv9OIKXJGWrM0ne7kSYPBsr8ux9YabhzsQbEvWBqjq9dP14hcNZXOghRWVM0Yy83C\/4u6+0TBOAwpmU1DeCCa23Ej8kMUug39767ZJEUqUFAcQ8oddou6Sd5RTDsRj8Euc68a1PgmgOJAIvYYuQuwYl6mLbmFt8DB6MVeEs7P+Nwn5rkSSP+n0cnJ6Fi0Ox30+VPg7APIfkWbRor09\/T+c6XQaSckybv\/J7mL39urnZ6hDYfsX\" \/><\/form> \t<div class=\"pdf24Plugin-cp-link\"> \t\t<a href=\"#\" onclick=\"var pdf24Win = window.open('about:blank', 'pdf24PopWin', 'resizable=yes,scrollbars=yes,width=600,height=250,left='+(screen.width\/2-300)+',top='+(screen.height\/3-125)+''); pdf24Win.focus(); document.pdf24Form0.submit(); if(typeof pdf24OnCreatePDF === 'function'){void(pdf24OnCreatePDF(this,pdf24Win));} return false;\">Diesen Beitrag als PDF herunterladen<\/a> \t<\/div> <\/div>","protected":false},"excerpt":{"rendered":"<p>Seit fr\u00fchen Kindheitstagen interessiere ich mich f\u00fcr Autos und Zweir\u00e4der. Mein erstes eigenes Auto war ein Golf 1, gefolgt von einem Golf 2, einem Peugeot 206, einem Smart, einem Peugeot 407, usw. Ich habe mich immer schon f\u00fcr Mechatronik interessiert und deswegen auch immer schon an Motoren und an der Technik der Fahrzeuge herumgeschraubt &#8211; schon beginnend mit meinem ersten Mofa, eine metallic-gr\u00fcne Herkules Prima 5S. Sp\u00e4ter dann beim Golf musste nat\u00fcrlich eine dicke Musikanlage mit fetten Subwoofer her &#8211; [&hellip;]<\/p>\n","protected":false},"author":1,"featured_media":0,"parent":0,"menu_order":0,"comment_status":"closed","ping_status":"closed","template":"page-templates\/page_fullwidth.php","meta":{"ngg_post_thumbnail":0,"jetpack_post_was_ever_published":false,"footnotes":""},"class_list":["post-23","page","type-page","status-publish","hentry"],"jetpack_shortlink":"https:\/\/wp.me\/P4qNjn-n","jetpack_sharing_enabled":true,"jetpack_likes_enabled":true,"_links":{"self":[{"href":"https:\/\/www.marcelcuvelier.de\/index.php?rest_route=\/wp\/v2\/pages\/23","targetHints":{"allow":["GET"]}}],"collection":[{"href":"https:\/\/www.marcelcuvelier.de\/index.php?rest_route=\/wp\/v2\/pages"}],"about":[{"href":"https:\/\/www.marcelcuvelier.de\/index.php?rest_route=\/wp\/v2\/types\/page"}],"author":[{"embeddable":true,"href":"https:\/\/www.marcelcuvelier.de\/index.php?rest_route=\/wp\/v2\/users\/1"}],"replies":[{"embeddable":true,"href":"https:\/\/www.marcelcuvelier.de\/index.php?rest_route=%2Fwp%2Fv2%2Fcomments&post=23"}],"version-history":[{"count":15,"href":"https:\/\/www.marcelcuvelier.de\/index.php?rest_route=\/wp\/v2\/pages\/23\/revisions"}],"predecessor-version":[{"id":1015,"href":"https:\/\/www.marcelcuvelier.de\/index.php?rest_route=\/wp\/v2\/pages\/23\/revisions\/1015"}],"wp:attachment":[{"href":"https:\/\/www.marcelcuvelier.de\/index.php?rest_route=%2Fwp%2Fv2%2Fmedia&parent=23"}],"curies":[{"name":"wp","href":"https:\/\/api.w.org\/{rel}","templated":true}]}}