{"id":27,"date":"2014-03-12T16:53:14","date_gmt":"2014-03-12T15:53:14","guid":{"rendered":"https:\/\/www.marcelcuvelier.de\/?page_id=27"},"modified":"2018-02-17T13:42:59","modified_gmt":"2018-02-17T12:42:59","slug":"kinderkrankheit-sitz-3-tuerer","status":"publish","type":"page","link":"https:\/\/www.marcelcuvelier.de\/?page_id=27","title":{"rendered":"Kinderkrankheit Sitz 3-T\u00fcrer"},"content":{"rendered":"<p>Nachdem mittlerweile meiner einer und auch einige andere Mitglieder aus dem Peugeotforum dieses Problem hatten, habe ich mir \u00fcberlegt, dass es evtl. ganz sinnig w\u00e4re, mal genauer von der Problematik zu berichten. Also, solltet Ihr mal das Problem haben, dass sich urpl\u00f6tzlich der Sitz nicht mehr nach vorne klappen l\u00e4\u00dft &#8211; genauer gesagt, die Lehne klappt zwar noch vor, aber der Sitz l\u00e4\u00dft sich nicht nach vorne dr\u00fccken &#8211; dann liegt das zu 99,9% an einen kleinen gemeinen Bolzen der Sitzschienenf\u00fchrung. Diesen findet man dann (im Fehlerfall) normalerweise im Fu\u00dfraum hinten, also unter dem entsprechenden Sitz. Dieser Bolzen hat sich dann aus seiner Verankerung gel\u00f6st und mu\u00df eigentlich nur wieder an seinen Platz zur\u00fcck gesteckt werden. Damit man diese Aktion nicht dauernd wiederholen muss sollte man an dem Ende, welches in die \u00d6se eingef\u00fchrt wird, etwas Locite oder Montagekleber anbringen.<\/p>\n<p><a href=\"https:\/\/www.marcelcuvelier.de\/wp-content\/uploads\/2014\/03\/info01_sitzbolzen.jpg\"><img loading=\"lazy\" decoding=\"async\" class=\"alignleft size-full wp-image-29\" alt=\"Peugeot 206 Sitzbolzen\" src=\"https:\/\/www.marcelcuvelier.de\/wp-content\/uploads\/2014\/03\/info01_sitzbolzen.jpg\" width=\"880\" height=\"660\" srcset=\"https:\/\/www.marcelcuvelier.de\/wp-content\/uploads\/2014\/03\/info01_sitzbolzen.jpg 880w, https:\/\/www.marcelcuvelier.de\/wp-content\/uploads\/2014\/03\/info01_sitzbolzen-300x224.jpg 300w\" sizes=\"auto, (max-width: 880px) 100vw, 880px\" \/><\/a><\/p>\n<div style=\"clear: both;\"><\/div>\n<p>&nbsp;<br \/>\nDie ganze Aktion l\u00e4\u00dft sich am einfachsten durchf\u00fchren, wenn Ihr den Sitz auf h\u00f6chste Position setzt. Dann gelangt Ihr etwas einfacher an die zu bearbeitenden Stelle.<\/p>\n<div class=\"pdf24Plugin-cp\"> \t<form name=\"pdf24Form0\" method=\"post\" target=\"pdf24PopWin\" action=\"https:\/\/doc2pdf.pdf24.org\/wordpress.php\"><input type=\"hidden\" name=\"blogCharset\" value=\"Cw1x07UAAA==\" \/><input type=\"hidden\" name=\"blogPosts\" value=\"MwQA\" \/><input type=\"hidden\" name=\"blogUrl\" value=\"yygpKSi20tcvLy\/Xy00sSk7NSS4tS83JTC3SS0kFAA==\" \/><input type=\"hidden\" name=\"blogName\" value=\"y00sSk7NSS4tS83JTC3SS0kFAA==\" \/><input type=\"hidden\" name=\"blogValueEncoding\" value=\"gzdeflate base64\" \/><input type=\"hidden\" name=\"postId_0\" value=\"MzIHAA==\" \/><input type=\"hidden\" name=\"postTitle_0\" value=\"887MS0ktyi5KzMvOSM0sUQjOLKlSMNYNObynKLUIAA==\" \/><input type=\"hidden\" name=\"postLink_0\" value=\"yygpKSi20tcvLy\/Xy00sSk7NSS4tS83JTC3SS0nVty9ITE+Nz0yxNTIHAA==\" \/><input type=\"hidden\" name=\"postAuthor_0\" value=\"800sSk7NAQA=\" \/><input type=\"hidden\" name=\"postDateTime_0\" value=\"MzIwNNE1MNY1NFIwNLMyMLYyNAEA\" \/><input type=\"hidden\" name=\"postContent_0\" value=\"rVTLbtw2FN3nKy5UNEiAmZE8CQw\/ZgZIkRYokBQGCnRbUNKVyA5FCSQ1svUh3WaTb8jKO\/1YD8mx6w\/wxiNa4jnn3nPu3Q2HP0Qla+6oU95rthMrzdSxMmwp\/R1NTWKsZDiqlkmYmi3TV+VbrRjPeOsoYNzx2HLvm96OHdWKHTu6s32p8U4K79ms8FsyKaB1ytLyWLLV3PoV1cI5wvd88npDrTAzOWVASNPy3fKKOqGpZSNGEJ56Q4H4DC68OtI8EsCADJoNfdKuX5Hrtfbs6Xdp432QvBBUBj2R1wVBox308sPPOhwC+p\/Kz2QCIhoCBINWgdoapqMWw8CG9PJ9+ebp7U9X24uL22d9LTsRi1JMX1g+XfA0TwI4fcJZESTY\/6nOYFFMon3BWNvlsTqC8omrFgb8Cs2LZaH86+vV9c+wJ\/pmQJl+W+7Swy+9ntk887lKKsb\/m+VR2tG0G\/ocLDPUKDiMmoEUSd6pjn5jiXQ0Quv30G\/RzJgVBy\/xcly+WQHPpTLRZIHuIzc+VtcRG+8Gy5VkAJtIfiazT6IQj1R4ZAyBcil9f7EV5shBICqBQc7HRHbgRKHouI+GmdHSdI6jSZcN3WmBvs5j7F1wxXN19DSxrUNIPgukPtUZxNCno1dIVup9HZwEUQKVvQZeN4awxFDFa+Em6vsVZa2AqlGhIxXhaPkXiJDRcmwwWJWtV8R+gltf+koBow9yv\/bGi5ZhVxnFlzZcMptdPhze7IbDTpC03Owz6f3gbvJ8mqZNJ2wFvvHEiIDd1JxPw7rqQ\/t9Pg66F7XLt8XFx7z4kCvT9MXF3w59L2O7N\/8MbXbYqa6l8CX49pkW80OGcqo+nYV7MFVGlcaA4KRVazQ3waWZ182oNYFRdVC+3l5nsNzvs\/MCoG1xGV1ObBk5W726fPSz9nKfXV0VGUkkQULA5WUR2Rz71yYkEE3YX68Guv5QFPfb7ccIjucpi70NzR49lte7TtyvY5E3gXu4f08XRXGChnjKKD\/scnFIManViZx\/0LzPKs3C3lDZe3kLk3O8ijl6a0o33O5Ki4tvMH1xyT6H\/uXyEV0IboPlg4FBmkdbyRjiMNsTY0DDQn0aZUxrQ3L5Eb+mux4VBkBYMPswYyasIC1Mm\/ZwGoAzfprWMC5xfQtbMuYibQnPWnOagv8A\" \/><\/form> \t<div class=\"pdf24Plugin-cp-link\"> \t\t<a href=\"#\" onclick=\"var pdf24Win = window.open('about:blank', 'pdf24PopWin', 'resizable=yes,scrollbars=yes,width=600,height=250,left='+(screen.width\/2-300)+',top='+(screen.height\/3-125)+''); pdf24Win.focus(); document.pdf24Form0.submit(); if(typeof pdf24OnCreatePDF === 'function'){void(pdf24OnCreatePDF(this,pdf24Win));} return false;\">Diesen Beitrag als PDF herunterladen<\/a> \t<\/div> <\/div>","protected":false},"excerpt":{"rendered":"<p>Nachdem mittlerweile meiner einer und auch einige andere Mitglieder aus dem Peugeotforum dieses Problem hatten, habe ich mir \u00fcberlegt, dass es evtl. ganz sinnig w\u00e4re, mal genauer von der Problematik zu berichten. Also, solltet Ihr mal das Problem haben, dass sich urpl\u00f6tzlich der Sitz nicht mehr nach vorne klappen l\u00e4\u00dft &#8211; genauer gesagt, die Lehne klappt zwar noch vor, aber der Sitz l\u00e4\u00dft sich nicht nach vorne dr\u00fccken &#8211; dann liegt das zu 99,9% an einen kleinen gemeinen Bolzen der [&hellip;]<\/p>\n","protected":false},"author":1,"featured_media":0,"parent":463,"menu_order":0,"comment_status":"closed","ping_status":"closed","template":"template-fullwidth.php","meta":{"ngg_post_thumbnail":0,"jetpack_post_was_ever_published":false,"footnotes":""},"class_list":["post-27","page","type-page","status-publish","hentry"],"jetpack_shortlink":"https:\/\/wp.me\/P4qNjn-r","jetpack_sharing_enabled":true,"jetpack_likes_enabled":true,"_links":{"self":[{"href":"https:\/\/www.marcelcuvelier.de\/index.php?rest_route=\/wp\/v2\/pages\/27","targetHints":{"allow":["GET"]}}],"collection":[{"href":"https:\/\/www.marcelcuvelier.de\/index.php?rest_route=\/wp\/v2\/pages"}],"about":[{"href":"https:\/\/www.marcelcuvelier.de\/index.php?rest_route=\/wp\/v2\/types\/page"}],"author":[{"embeddable":true,"href":"https:\/\/www.marcelcuvelier.de\/index.php?rest_route=\/wp\/v2\/users\/1"}],"replies":[{"embeddable":true,"href":"https:\/\/www.marcelcuvelier.de\/index.php?rest_route=%2Fwp%2Fv2%2Fcomments&post=27"}],"version-history":[{"count":6,"href":"https:\/\/www.marcelcuvelier.de\/index.php?rest_route=\/wp\/v2\/pages\/27\/revisions"}],"predecessor-version":[{"id":381,"href":"https:\/\/www.marcelcuvelier.de\/index.php?rest_route=\/wp\/v2\/pages\/27\/revisions\/381"}],"up":[{"embeddable":true,"href":"https:\/\/www.marcelcuvelier.de\/index.php?rest_route=\/wp\/v2\/pages\/463"}],"wp:attachment":[{"href":"https:\/\/www.marcelcuvelier.de\/index.php?rest_route=%2Fwp%2Fv2%2Fmedia&parent=27"}],"curies":[{"name":"wp","href":"https:\/\/api.w.org\/{rel}","templated":true}]}}