{"id":367,"date":"2014-03-17T12:44:48","date_gmt":"2014-03-17T11:44:48","guid":{"rendered":"https:\/\/www.marcelcuvelier.de\/?page_id=367"},"modified":"2019-09-26T16:10:21","modified_gmt":"2019-09-26T14:10:21","slug":"peugeot","status":"publish","type":"page","link":"https:\/\/www.marcelcuvelier.de\/?page_id=367","title":{"rendered":"Peugeot"},"content":{"rendered":"<p>&nbsp;<\/p>\n<p><img loading=\"lazy\" decoding=\"async\" class=\"aligncenter wp-image-1239 size-large\" src=\"https:\/\/www.marcelcuvelier.de\/wp-content\/uploads\/2019\/09\/J2100036cut-1024x574.jpg\" alt=\"\" width=\"1024\" height=\"574\" srcset=\"https:\/\/www.marcelcuvelier.de\/wp-content\/uploads\/2019\/09\/J2100036cut-1024x574.jpg 1024w, https:\/\/www.marcelcuvelier.de\/wp-content\/uploads\/2019\/09\/J2100036cut-300x168.jpg 300w, https:\/\/www.marcelcuvelier.de\/wp-content\/uploads\/2019\/09\/J2100036cut-768x431.jpg 768w, https:\/\/www.marcelcuvelier.de\/wp-content\/uploads\/2019\/09\/J2100036cut-830x465.jpg 830w, https:\/\/www.marcelcuvelier.de\/wp-content\/uploads\/2019\/09\/J2100036cut-230x129.jpg 230w, https:\/\/www.marcelcuvelier.de\/wp-content\/uploads\/2019\/09\/J2100036cut-350x196.jpg 350w, https:\/\/www.marcelcuvelier.de\/wp-content\/uploads\/2019\/09\/J2100036cut-480x269.jpg 480w, https:\/\/www.marcelcuvelier.de\/wp-content\/uploads\/2019\/09\/J2100036cut.jpg 1600w\" sizes=\"auto, (max-width: 1024px) 100vw, 1024px\" \/><\/p>\n<p>Mein erstes Neufahzeug war ein schwarzer Peugeot 206 XS HDi &#8211; ein tolles Fahrzeug. Der kleine Wagen hat eine 2 Liter Diesel Maschine verbaut und ist damit fast unverw\u00fcstlich. Diese Fahrzeug habe ich nach und nach immer wieder leicht modifiziert, ich habe 0-8-15 Beleuchtung gegen h\u00f6herwertige Klarglasleuchten ersetzt, ich hab das Interieur ver\u00e4ndert und die Optik des Fahrzeugs ver\u00e4ndert. Neben der WRC-Front und der Musketier Doppelrohr Auspuffanlage (mittig) wurden auch noch viele kleine Details ver\u00e4ndert. Mehr Details dazu findet Ihr in der entsprechenden Bastelanleitung hier auf der Webseite.<\/p>\n<p>Aber auch als Urlaubsfahrzeug war der kleine Franzose sehr gut zu gebrauchen. Meine Frau und ich fahren, vor allem im Urlaub, gerne Fahrrad und da wir nicht weit von der Niederl\u00e4ndischen Grenze weg wohnen bietet es sich immer mal wieder an, sich die R\u00e4der zu schnappen und ab zur K\u00fcste zu d\u00fcsen. F\u00fcr den 206 kein Problem, da es einen sehr guten Fahrradtr\u00e4ger f\u00fcrs Dach geht, der mit der Karosserie vorne verschraubt und hinten geklemmt wird.<\/p>\n<p><img loading=\"lazy\" decoding=\"async\" class=\"aligncenter size-large wp-image-1243\" src=\"https:\/\/www.marcelcuvelier.de\/wp-content\/uploads\/2019\/09\/J2100050cut-1024x519.jpg\" alt=\"\" width=\"1024\" height=\"519\" srcset=\"https:\/\/www.marcelcuvelier.de\/wp-content\/uploads\/2019\/09\/J2100050cut-1024x519.jpg 1024w, https:\/\/www.marcelcuvelier.de\/wp-content\/uploads\/2019\/09\/J2100050cut-300x152.jpg 300w, https:\/\/www.marcelcuvelier.de\/wp-content\/uploads\/2019\/09\/J2100050cut-768x389.jpg 768w, https:\/\/www.marcelcuvelier.de\/wp-content\/uploads\/2019\/09\/J2100050cut-830x421.jpg 830w, https:\/\/www.marcelcuvelier.de\/wp-content\/uploads\/2019\/09\/J2100050cut-230x117.jpg 230w, https:\/\/www.marcelcuvelier.de\/wp-content\/uploads\/2019\/09\/J2100050cut-350x177.jpg 350w, https:\/\/www.marcelcuvelier.de\/wp-content\/uploads\/2019\/09\/J2100050cut-480x243.jpg 480w, https:\/\/www.marcelcuvelier.de\/wp-content\/uploads\/2019\/09\/J2100050cut.jpg 1600w\" sizes=\"auto, (max-width: 1024px) 100vw, 1024px\" \/><\/p>\n<p>Nach dem 206 schaffte ich mir einen 407 SW an. Ehrlich gesagt war der 407 nicht meine erste Wahl, aber damals ben\u00f6tigte ich pl\u00f6tzlich ein neues Fahrzeug und mein Wunschauto, ein Skoda Octavia RS hatte damals eine Lieferzeit von 6 Monaten. Der 407 SW war direkt verf\u00fcgbar und jetzt \u00fcber die gesamte Fahrleistung eigentlich ein gutes Fahrzeug. Wir kauften eine Special Edition, den JBL mit entsprechend hoher Ausstattung und vor allem einer sehr guten Soundanlage von JBL. Wir hatten von Anfang an etwas Pech mit der Kupplung, was aber auf Garantie behoben wurde (f\u00fcrs erste). Der 407 SW war dann unsere erste Familienkutsche und daf\u00fcr war er sehr gut zu gebrauchen. Auch die 136 PS Diesel-Maschine machte Spa\u00df. Den 407 haben wir dann ca. zehn Jahre gefahren, bevor wir uns dann den neuen Superb 3T gekauft haben.<\/p>\n<div class=\"pdf24Plugin-cp\"> \t<form name=\"pdf24Form0\" method=\"post\" target=\"pdf24PopWin\" action=\"https:\/\/doc2pdf.pdf24.org\/wordpress.php\"><input type=\"hidden\" name=\"blogCharset\" value=\"Cw1x07UAAA==\" \/><input type=\"hidden\" name=\"blogPosts\" value=\"MwQA\" \/><input type=\"hidden\" name=\"blogUrl\" value=\"yygpKSi20tcvLy\/Xy00sSk7NSS4tS83JTC3SS0kFAA==\" \/><input type=\"hidden\" name=\"blogName\" value=\"y00sSk7NSS4tS83JTC3SS0kFAA==\" \/><input type=\"hidden\" name=\"blogValueEncoding\" value=\"gzdeflate base64\" \/><input type=\"hidden\" name=\"postId_0\" value=\"MzYzBwA=\" \/><input type=\"hidden\" name=\"postTitle_0\" value=\"C0gtTU\/NLwEA\" \/><input type=\"hidden\" name=\"postLink_0\" value=\"yygpKSi20tcvLy\/Xy00sSk7NSS4tS83JTC3SS0nVty9ITE+Nz0yxNTYzBwA=\" \/><input type=\"hidden\" name=\"postAuthor_0\" value=\"800sSk7NAQA=\" \/><input type=\"hidden\" name=\"postDateTime_0\" value=\"MzIwNNE1MNY1NFcwNLIyMLYysQAA\" \/><input type=\"hidden\" name=\"postContent_0\" value=\"tVbbbttGEH3vVwxUIEgAXUhJlq3ENuDUcZqLEyNu4b6uyBG5EbkkuEvL0c\/0Jd+Qp7zpx3pmV7JdBAUKlH2Rlns5Mzsze84c16dPzMLWL45H9elPx\/XpsS4zKiqVapOd9Aq1+dKjlJMqfCv7xSQ9SgplLb4KnZmEjeOG1vVAlyrjQTyezMnqDQ8K1WTcI9skJ73cudo+H43W6\/WwVE3CRdLecqG5GaY8wuGkAoxxo7YW43Y0juL5KJqP3o7jKIoms6R1gzgaT+8ODqfDz3XWI1W4k16P1jp1+UlP1nqUs85yTGOTN2zZ\/Q+2ST7WfeoEeBJFd\/HsyONi3BXs4ezobjqJPSzGXcEeTaK76ezAw2LcFewYsPF47mHH3cFODgA7n4XYHnQGOz2K7saz4C3GHcGGypqhBHr+\/cgDa13Vp6eluhv4Mn\/uK6++e4b\/6BZ2w2ePRqf793vJ2hA31rGlD9wuVb7hNqO1akhWbJJjuMGDvcI0V47G0Yz+uKZfzzU9+floHMcv\/EZXFQUgLlTeCMCQznFmVWCJ6Qbv3FCuHPnPMb3XQgHnmi0XdKlgROZvuVngBtSalLR1lKpSO1oqK1NYXG+\/W1foJB+Go\/fGAL1gwgIZhR857we6LIVpNKf4gytJ7qgEMy31BpF2fX\/En40GR4P4gF5ywS12tSajjL3T2285LGO3zpjeCUWBy8Iu9oFjt3lAgs+W3gjBaW4budH2q4H1cKlUM32snV6BIR9CZR9tGyIHC+CKwzeffhlcNKiDcBYzl61dsdMSuqquuWiqvKGz1tbtcqlMgSgj99rB1We0bpsUQKqVqFT4udW43D4j5+yULv5u+ZKBtl9I1aalpcaSozeY18EnlKStG05yNoL+ErnhAqZZ+5jl4ptql8F\/XljM83BfamcLvwpfFCz83hSqXdjlPodScelDzVw0ymwqJNmKWxnKAg5lvGgEgI24u9vWhoIBrGCx6dNtBTsoxxIVsLPTx9nGhJJpVBpCqlAbDRlfF2u4ioPhmh98yRQSGm3FHL0G8IaxC45WucHMQrNDcJBIq+9rrVTFvt4UHPErkvVP268yhysAzigkz3gXUDEb1Mk7qWyW5RQjud3F9ruEw\/jntpIHdtVUC1ypL27DqNze3AcHw93NHBKKq9ISAJbO5RlknKNCxb68J\/l\/p5rKWilSiVV4enAMsVyEasN7FMyMkY2ydBKndPhfJf9B5B+r\/3TSjeQfRA+yG8\/\/heTH884k\/0fbHUl+APaSfzDuTvIDrEj+5GjeneQHWC\/547g7yQ+wXvLjw+4kfxdbkfzDw+4kP8B6yZ9OupN8D9uN5H8QUkjBjsItePZquXRBPkvd7IhlGh3S9Q1IbEiv8kZEF2RgVebueVp2BOosPRP7HgJSnxd90Bo2QL6F5yFn22+QpJ2JusDXxgMKqxluH0mh5x6Bo5vWiGf+cvJ9varAex8Tp261ok\/X0k0AcWfDO\/Be85IBs+PxGV1WRjkh0\/Odu7iQ9143vHLCeSDJbIEZMftZhJy2373rIEa5bumCYkCSrBc4cAdSdO+9MO\/jnucG8VtB\/3xrID5d15xoaMKrVDtdmb6n9Lcv33smfiymlFfoM0TMrcPNxJY49aBkAtc85vvrCht2qi\/3BWpwwEfG+Lkzg74gQxaJ3RqdyRX7JO9EoK3rAob6JEtqsZPu1wrKiyYDicsr6UV8J0FPg6D4LD\/7MaTKiKBBUvaFcIHmDcVtVq0TBd0JroCE3rL5R2E\/a3eiGU9mdHW9axMH921iqaT3QmjV9k9xJBSrtHHG67n3JVFD2nCOsEhPAPx9b7Bgiansg7thr+RE6hAxbWv0oDT5TZRP8hhgg\/L9BQ==\" \/><\/form> \t<div class=\"pdf24Plugin-cp-link\"> \t\t<a href=\"#\" onclick=\"var pdf24Win = window.open('about:blank', 'pdf24PopWin', 'resizable=yes,scrollbars=yes,width=600,height=250,left='+(screen.width\/2-300)+',top='+(screen.height\/3-125)+''); pdf24Win.focus(); document.pdf24Form0.submit(); if(typeof pdf24OnCreatePDF === 'function'){void(pdf24OnCreatePDF(this,pdf24Win));} return false;\">Diesen Beitrag als PDF herunterladen<\/a> \t<\/div> <\/div>","protected":false},"excerpt":{"rendered":"<p>&nbsp; Mein erstes Neufahzeug war ein schwarzer Peugeot 206 XS HDi &#8211; ein tolles Fahrzeug. Der kleine Wagen hat eine 2 Liter Diesel Maschine verbaut und ist damit fast unverw\u00fcstlich. Diese Fahrzeug habe ich nach und nach immer wieder leicht modifiziert, ich habe 0-8-15 Beleuchtung gegen h\u00f6herwertige Klarglasleuchten ersetzt, ich hab das Interieur ver\u00e4ndert und die Optik des Fahrzeugs ver\u00e4ndert. Neben der WRC-Front und der Musketier Doppelrohr Auspuffanlage (mittig) wurden auch noch viele kleine Details ver\u00e4ndert. Mehr Details dazu findet [&hellip;]<\/p>\n","protected":false},"author":1,"featured_media":0,"parent":23,"menu_order":0,"comment_status":"closed","ping_status":"closed","template":"","meta":{"ngg_post_thumbnail":0,"jetpack_post_was_ever_published":false,"footnotes":""},"class_list":["post-367","page","type-page","status-publish","hentry"],"jetpack_shortlink":"https:\/\/wp.me\/P4qNjn-5V","jetpack_sharing_enabled":true,"jetpack_likes_enabled":true,"_links":{"self":[{"href":"https:\/\/www.marcelcuvelier.de\/index.php?rest_route=\/wp\/v2\/pages\/367","targetHints":{"allow":["GET"]}}],"collection":[{"href":"https:\/\/www.marcelcuvelier.de\/index.php?rest_route=\/wp\/v2\/pages"}],"about":[{"href":"https:\/\/www.marcelcuvelier.de\/index.php?rest_route=\/wp\/v2\/types\/page"}],"author":[{"embeddable":true,"href":"https:\/\/www.marcelcuvelier.de\/index.php?rest_route=\/wp\/v2\/users\/1"}],"replies":[{"embeddable":true,"href":"https:\/\/www.marcelcuvelier.de\/index.php?rest_route=%2Fwp%2Fv2%2Fcomments&post=367"}],"version-history":[{"count":11,"href":"https:\/\/www.marcelcuvelier.de\/index.php?rest_route=\/wp\/v2\/pages\/367\/revisions"}],"predecessor-version":[{"id":1244,"href":"https:\/\/www.marcelcuvelier.de\/index.php?rest_route=\/wp\/v2\/pages\/367\/revisions\/1244"}],"up":[{"embeddable":true,"href":"https:\/\/www.marcelcuvelier.de\/index.php?rest_route=\/wp\/v2\/pages\/23"}],"wp:attachment":[{"href":"https:\/\/www.marcelcuvelier.de\/index.php?rest_route=%2Fwp%2Fv2%2Fmedia&parent=367"}],"curies":[{"name":"wp","href":"https:\/\/api.w.org\/{rel}","templated":true}]}}