{"id":369,"date":"2014-03-17T12:45:15","date_gmt":"2014-03-17T11:45:15","guid":{"rendered":"https:\/\/www.marcelcuvelier.de\/?page_id=369"},"modified":"2018-02-17T16:43:58","modified_gmt":"2018-02-17T15:43:58","slug":"smart","status":"publish","type":"page","link":"https:\/\/www.marcelcuvelier.de\/?page_id=369","title":{"rendered":"Smart"},"content":{"rendered":"<p>Der Smart ist eine Automobilmarke der Daimler Benz AG. Das erste Smart Modell, der Fortwo, ist ein heckgetriebener, zweisitziger Kleinstwagen und aus dem Smart Modellportfolio auch das erfolgreichste Modell. Von der Markteinf\u00fchrung Oktober 1998 bis zur Markteinf\u00fchrung des Forfour (Anfang 2004) wurde er als City-Coup\u00e9 bezeichnet. 2007 wurden in Deutschland \u00fcber 103.000 Smarts verkauft, darunter knapp 95.000 Modelle des Smart Fortwo.<\/p>\n<p>Zus\u00e4tzlich zum Smart ForTwo erg\u00e4nzte der Hersteller das Smart Roadster, ein flacher zweisitziger Roadster. Er verf\u00fcgt wahlweise \u00fcber ein Hardtop oder ein Stoffdach. Die Markteinf\u00fchrung der beiden Roadster Modelle fand in Deutschland am 11. April 2003 statt. Die Produktion des Smart Roadster wurde zum Herbst 2005 eingestellt. Das letzte von 43 000 gebauten Fahrzeugen lief am 3. November 2005 vom Band in Hambach, Lothringen.<\/p>\n<p>Au\u00dferdem gab es ein weiteres (nicht Cabrio-) Modell in der Smartfamilie, den Smart Forfour, ein Auto der Kompaktklasse. Er wurde von April 2004 bis Juli 2006 gebaut. Er entstand als Gemeinschaftsproduktion mit Mitsubishi (etwa 40 Prozent der Teile wurden auch im Mitsubishi Colt verwendet). Produziert wurde der ForFour bei der Mitsubishi-Tochter Netherlands Car B.V. (NedCar) in Born\/Niederlande, in der direkten Nachbarschaft meiner Heimat, dem Selfkant.<\/p>\n<p><a href=\"https:\/\/www.marcelcuvelier.de\/wp-content\/uploads\/2018\/02\/smart_cabrio_01.jpg\"><img loading=\"lazy\" decoding=\"async\" class=\"alignright size-full wp-image-500\" src=\"https:\/\/www.marcelcuvelier.de\/wp-content\/uploads\/2018\/02\/smart_cabrio_01.jpg\" alt=\"\" width=\"250\" height=\"154\"><\/a>Und nun kommen wir, aus meiner Sicht, zum sch\u00f6nsten Smart Modell, dem Smart Cabrio. Das Smart Cabrio beruht auf dem Smart Fortwo, jedoch mit einem elektrisch zu \u00f6ffnendem Stoffdach und herausnehmbaren Dachholmen. Die Markteinf\u00fchrung fand bereits im M\u00e4rz 2000 statt. Das Smart Cabrio entspricht in seiner Motorisierung und Ausstattung einem Fortwo Coup\u00e9. Das elektrische Stoffverdeck l\u00e4sst sich in drei verschiedenen Varianten \u00f6ffnen.<\/p>\n<p><b>Variante 1:<\/b>&nbsp;Das Verdeck l\u00e4\u00dft sich vollst\u00e4ndig elektrisch zur\u00fcckfahren (auch w\u00e4hrend der Fahrt).<br \/>\n<b>Variante 2:<\/b>&nbsp;Das Verdeck kann weiter per Knopfdruck heruntergefahren werden.<br \/>\n<b>Variante 3:<\/b>&nbsp;Nach dem Herunterfahren lassen sich die seitlichen Dachholme herausnehmen<\/p>\n<p>Die Dachholme lassen sich dann in ein eigens daf\u00fcr vorgesehenes Fach innerhalb der Heckklappe verstauen.<br \/>\nDas Stoffverdeck stammt vom Verdeckspezialisten Webasto. Ab Modelljahr 2001 der ersten Generation erhielt das Smart Cabrio in den Modellvarianten &#8222;Pulse&#8220; und &#8222;Passion&#8220; einen mit hellem Stoff verkleideten Dachhimmel, ein echter schicker Mehrwert. Das Smart Cabrio mit CDI-Diesel-Motor ist das weltweit einzige 3-Liter-Cabrio in Serienproduktion. Das aktuelle Smart Cabrio (Modelljahr 2007, Baureihe 451), verf\u00fcgt \u00fcber eine beheizbare Glas-Heckscheibe und l\u00e4sst nun das Verdeck auch ohne Zwischenschritt komplett herunter- und hochfahren. Das Herausnehmen der Dachholme geschieht aber nach wie vor von Hand, was aber innerhalb weniger Sekunden durchgef\u00fchrt ist.<\/p>\n<div class=\"pdf24Plugin-cp\"> \t<form name=\"pdf24Form0\" method=\"post\" target=\"pdf24PopWin\" action=\"https:\/\/doc2pdf.pdf24.org\/wordpress.php\"><input type=\"hidden\" name=\"blogCharset\" value=\"Cw1x07UAAA==\" \/><input type=\"hidden\" name=\"blogPosts\" value=\"MwQA\" \/><input type=\"hidden\" name=\"blogUrl\" value=\"yygpKSi20tcvLy\/Xy00sSk7NSS4tS83JTC3SS0kFAA==\" \/><input type=\"hidden\" name=\"blogName\" value=\"y00sSk7NSS4tS83JTC3SS0kFAA==\" \/><input type=\"hidden\" name=\"blogValueEncoding\" value=\"gzdeflate base64\" \/><input type=\"hidden\" name=\"postId_0\" value=\"MzazBAA=\" \/><input type=\"hidden\" name=\"postTitle_0\" value=\"C85NLCoBAA==\" \/><input type=\"hidden\" name=\"postLink_0\" value=\"yygpKSi20tcvLy\/Xy00sSk7NSS4tS83JTC3SS0nVty9ITE+Nz0yxNTazBAA=\" \/><input type=\"hidden\" name=\"postAuthor_0\" value=\"800sSk7NAQA=\" \/><input type=\"hidden\" name=\"postDateTime_0\" value=\"MzIwNNE1MNY1NFcwNLIyMLYyNAUA\" \/><input type=\"hidden\" name=\"postContent_0\" value=\"rVfLbt02EN33K4hbILAB35cfTdLYBhy7idskblGnKZBNQUkjibkUKZCUhdyfycab\/kBX2d0f6xlS92Ej3XVh2BJHw5kz58yMT9vzK3LitpEuCOWDIGVIXHTBNjZTGq8XJApYXEnVaPx+SWYpLl5P8MILcj7Q8PE7W5DWB9H4lXWhtwdrh6KmfFFRcIoyMuQOxLIn5VVYqgrWbzRsfOhlRUZ0phCy83DTPHDcwmVptbI4zWtRxNvxonKk8prDSHYT8cGaGMQ7xB7guVx9rV1nKvHrItgMB\/Pnz5+JTHmx7L5hVZDn+EuLw70LU0q8O5zNjvdF37mCcKuQ2otLFT6PL23Xrv4WGS05CENhwqZPk6URyPyKuuDzWkuktfoab58dTWazWUrOiztyC9mVAcBJ3B9gsTCybcXzk2iWsqIYVsIjgTs5nbbn35225x87v7oPS40AkFCzNXrfWwRbre7NMqQaXsd6aS4j45csf7eywFsUhStVapnXOH9QoLXJRPzkOGBgVQXRy1qzFQ2J8efX0hXBtsIWw4vbYMuygE8QRtG30HaATzFa61s2KZcM2iMMZSPm84m4aJ3SjPWR8EGGkLz\/5mzRLYKKBHic31A+hgg4ZGAmPj\/hICuKqITEaU2B8bqDk+MjwSWoKJNdQISvZO2W1DFNtaKSgzmaiBt7Rw0DEP3d2Ua8HAK\/lk2G1A\/EWxtqxxeZTdkuutUXcszySmYC0TJagBOR4mHPoJxBXMrMKTveHyBhn8VaraVsFKJgwZlt0Zm2qZKs4Wj9xjatXISFlt5TLGFCgjPc4HgcBfFLpxU\/\/TDkHK3JBGDM2IP2r6lhsea1LINvt3g3CkJVwXdwUyuxR5CzOJ5xSZZwEAN5TwpVHbQRVaya3Y8urQ5Mr55MQWF\/kuq5VITUUshDb3nF2gRrksw3DsbvLUDDqxsK4DDzBTqV6FmTDxOxd0MFHvYZxJfWmemNoiJZAcQB2UI5WnCpb1C3TLqUqOCco35UI1mp3JtIlwtpwqagp1LUjsqzUR1C63+cTvu+n6AsOem8uyOUyk0KmvbtOLeQuQnTrtXMzenhbP5sOjucei7iX3ms+V+z+eRTW43OT1VTCbYDfc5GWi4\/j3B\/btOz9J9NPhI51xZPWlXGqQrM8WpJ47IDZ3Ahoq5ofDKbjYR3+f8cIWgRzkYj0asi1GejwxPcUhMHcTaanxwjg6k8\/wP0MZ0RC9s0QLdXICl3+QHYW2b7QdQmEF\/9g2mwIfV2rqx7W1JFUuvuG1DCdcgd7XTHej2LPlEBekSi8qWNII1SO+Vj3xSrf8rSMPGabc+KwwhMQqSGamjZIaorHNRWI43\/aGmxbSEUaNlHhq\/u3ZJVNdv0qseBs8SgRJY8iOgTKO9ssAgPVWGvHMpF56MHfk45pOREmkPDTN6kRSmTO24z+ULo1T0+BzNYeKA7AmS1wZCFgNzFB+mU5Mqv0diSOztfH4r5j6fT7PyJyXz7gi\/8sPW\/+jL4v7Na+4DRU6jqIdBu9TVflGikuGUvNoF+dc9PRVI3TiD908yJKW7eufbwP66FCNeNU7Tc7oxty8J1OKopTdSKhgt7\/sZ8y\/vRjnfWfiTQ9fD98HVsoCYlWKDyqFPgsbtLih26kFmjxzTZWjxww8GjGBR\/MB+w+EgwCWPWImxPcM77iIw1AytqqbNhlucLtPS2pVjEILttYpFfu6XHcdOEOJsG2HxLS4V+EYX2J5q9D1DURTbI7RMyZsrO411xbTDo\/QhAxnaPQBShWxePmRz7qBm83G349OT7Z4eHhy9+67Sn+PfsRWT0+j0ggdv1CXM7jZSaF4FBkXFV0rwrhDXiCt1Ep3FHqfUzm\/MFq4dqDBL3LbWx48urn8coiyc9jjqLqypn0yMtZhM75e1HHI3fMrfG2wRvCYus2Q6\/dAVGbBfXlgd37T3E8+kBloMOyoM4j0\/m+wfbdWqzRBGaBxroktuNeA22jLnWrGeVUURtUDI31GJHCVFNFmuo+NhH\/fOcdioEbrst9pqwUcQ4tTY0xMTtlML1DneHpX9NWnCR+wR3Vw7TMCF7xUuEi4vENZreAVZCn863XMUwjzvkLS1wJfvtXF5Dkdwu478cqcn8Cw==\" \/><\/form> \t<div class=\"pdf24Plugin-cp-link\"> \t\t<a href=\"#\" onclick=\"var pdf24Win = window.open('about:blank', 'pdf24PopWin', 'resizable=yes,scrollbars=yes,width=600,height=250,left='+(screen.width\/2-300)+',top='+(screen.height\/3-125)+''); pdf24Win.focus(); document.pdf24Form0.submit(); if(typeof pdf24OnCreatePDF === 'function'){void(pdf24OnCreatePDF(this,pdf24Win));} return false;\">Diesen Beitrag als PDF herunterladen<\/a> \t<\/div> <\/div>","protected":false},"excerpt":{"rendered":"<p>Der Smart ist eine Automobilmarke der Daimler Benz AG. Das erste Smart Modell, der Fortwo, ist ein heckgetriebener, zweisitziger Kleinstwagen und aus dem Smart Modellportfolio auch das erfolgreichste Modell. Von der Markteinf\u00fchrung Oktober 1998 bis zur Markteinf\u00fchrung des Forfour (Anfang 2004) wurde er als City-Coup\u00e9 bezeichnet. 2007 wurden in Deutschland \u00fcber 103.000 Smarts verkauft, darunter knapp 95.000 Modelle des Smart Fortwo. Zus\u00e4tzlich zum Smart ForTwo erg\u00e4nzte der Hersteller das Smart Roadster, ein flacher zweisitziger Roadster. Er verf\u00fcgt wahlweise \u00fcber ein [&hellip;]<\/p>\n","protected":false},"author":1,"featured_media":0,"parent":23,"menu_order":0,"comment_status":"open","ping_status":"open","template":"template-fullwidth.php","meta":{"ngg_post_thumbnail":0,"jetpack_post_was_ever_published":false,"footnotes":""},"class_list":["post-369","page","type-page","status-publish","hentry"],"jetpack_shortlink":"https:\/\/wp.me\/P4qNjn-5X","jetpack_sharing_enabled":true,"jetpack_likes_enabled":true,"_links":{"self":[{"href":"https:\/\/www.marcelcuvelier.de\/index.php?rest_route=\/wp\/v2\/pages\/369","targetHints":{"allow":["GET"]}}],"collection":[{"href":"https:\/\/www.marcelcuvelier.de\/index.php?rest_route=\/wp\/v2\/pages"}],"about":[{"href":"https:\/\/www.marcelcuvelier.de\/index.php?rest_route=\/wp\/v2\/types\/page"}],"author":[{"embeddable":true,"href":"https:\/\/www.marcelcuvelier.de\/index.php?rest_route=\/wp\/v2\/users\/1"}],"replies":[{"embeddable":true,"href":"https:\/\/www.marcelcuvelier.de\/index.php?rest_route=%2Fwp%2Fv2%2Fcomments&post=369"}],"version-history":[{"count":3,"href":"https:\/\/www.marcelcuvelier.de\/index.php?rest_route=\/wp\/v2\/pages\/369\/revisions"}],"predecessor-version":[{"id":501,"href":"https:\/\/www.marcelcuvelier.de\/index.php?rest_route=\/wp\/v2\/pages\/369\/revisions\/501"}],"up":[{"embeddable":true,"href":"https:\/\/www.marcelcuvelier.de\/index.php?rest_route=\/wp\/v2\/pages\/23"}],"wp:attachment":[{"href":"https:\/\/www.marcelcuvelier.de\/index.php?rest_route=%2Fwp%2Fv2%2Fmedia&parent=369"}],"curies":[{"name":"wp","href":"https:\/\/api.w.org\/{rel}","templated":true}]}}