{"id":385,"date":"2014-03-17T13:36:41","date_gmt":"2014-03-17T12:36:41","guid":{"rendered":"https:\/\/www.marcelcuvelier.de\/?page_id=385"},"modified":"2018-02-17T13:42:42","modified_gmt":"2018-02-17T12:42:42","slug":"hintere-scheinwerfer-auswechseln","status":"publish","type":"page","link":"https:\/\/www.marcelcuvelier.de\/?page_id=385","title":{"rendered":"Hintere Scheinwerfer auswechseln"},"content":{"rendered":"<p>Der Ausbau der Heckleuchten beim Peugeot 206 ist recht einfach und schnell durchzuf\u00fchren. Es wird kein besonderes Werkzeug ben\u00f6tigt. Zu allererst muss man im Inneren des Kofferraums auf H\u00f6he der Heckleuchten den Teppich anl\u00f6sen, um an die Leuchten heran zukommen. Daf\u00fcr zieht man einfach den hier markierten Kunststoffstift heraus.<\/p>\n<div style=\"clear: both;\"><\/div>\n<p>&nbsp;<br \/>\n<a href=\"https:\/\/www.marcelcuvelier.de\/wp-content\/uploads\/2014\/03\/info06_hecklampenstopfen.jpg\"><img loading=\"lazy\" decoding=\"async\" src=\"https:\/\/www.marcelcuvelier.de\/wp-content\/uploads\/2014\/03\/info06_hecklampenstopfen.jpg\" alt=\"Hecklampenstopfen\" width=\"400\" height=\"300\" class=\"alignleft size-full wp-image-335\" srcset=\"https:\/\/www.marcelcuvelier.de\/wp-content\/uploads\/2014\/03\/info06_hecklampenstopfen.jpg 400w, https:\/\/www.marcelcuvelier.de\/wp-content\/uploads\/2014\/03\/info06_hecklampenstopfen-300x225.jpg 300w\" sizes=\"auto, (max-width: 400px) 100vw, 400px\" \/><\/a><\/p>\n<div style=\"clear: both;\"><\/div>\n<p>&nbsp;<br \/>\nNun kann man mittig die Fl\u00fcgelschraube, die die Heckleuchte an der Karosserie fixiert, von Hand l\u00f6sen und die komplette Lampe von der Karosserie abziehen. Danach kommt man auch ganz einfach an den Verbindungsstecker heran, den man dann noch l\u00f6sen muss. Jetzt hat man die Lampe bereits in der Hand.<\/p>\n<p>Sollte man eine neue R\u00fcckleuchte, z.B. wegen Umbau von Original Peugeot Beleuchtung auf Klarglas- oder LED-Beleuchtung einbauen, w\u00fcrde ich auf jeden Fall nach dem Ausbau, die gesamte Karosserieoberf\u00e4che reinigen, da sich im Laufe der Zeit dort immer etwas Schmutz und Staub ansammelt und man jetzt eine gute Gelegenheit hat, diesen zu entfernen.<\/p>\n<div class=\"pdf24Plugin-cp\"> \t<form name=\"pdf24Form0\" method=\"post\" target=\"pdf24PopWin\" action=\"https:\/\/doc2pdf.pdf24.org\/wordpress.php\"><input type=\"hidden\" name=\"blogCharset\" value=\"Cw1x07UAAA==\" \/><input type=\"hidden\" name=\"blogPosts\" value=\"MwQA\" \/><input type=\"hidden\" name=\"blogUrl\" value=\"yygpKSi20tcvLy\/Xy00sSk7NSS4tS83JTC3SS0kFAA==\" \/><input type=\"hidden\" name=\"blogName\" value=\"y00sSk7NSS4tS83JTC3SS0kFAA==\" \/><input type=\"hidden\" name=\"blogValueEncoding\" value=\"gzdeflate base64\" \/><input type=\"hidden\" name=\"postId_0\" value=\"M7YwBQA=\" \/><input type=\"hidden\" name=\"postTitle_0\" value=\"88jMK0ktSlUITs5IzcwrTy1KSy1SSCwtLk9NzihOzckDAA==\" \/><input type=\"hidden\" name=\"postLink_0\" value=\"yygpKSi20tcvLy\/Xy00sSk7NSS4tS83JTC3SS0nVty9ITE+Nz0yxNbYwBQA=\" \/><input type=\"hidden\" name=\"postAuthor_0\" value=\"800sSk7NAQA=\" \/><input type=\"hidden\" name=\"postDateTime_0\" value=\"MzIwNNE1MNY1NFcwNLYyMLYyMQQA\" \/><input type=\"hidden\" name=\"postContent_0\" value=\"tVTLbtxGELznKxo8GAmwu1xLtg\/y7gIxZEeJBCew7ATwJRiSTXK08yDmIUr8nnyDTrrtj6VmKCuGczPsA7E7j+6q7umqzbA7ZUc\/R1+JSA3+nnG9VxzrPrChiqWmPzh2bAMdrV+Q9IEc45BYmlbUPUXTkK97w0pRE13dT7E93PeOzYpeexqla2iPy8jlrQECe\/qL3X5CVuyZw12QXVjRx0hCKRw7QOjoPWlhCPC\/GoNdA3Kezm3bsnMiak8itnR2uOv5\/7QbfO95GCT4CaMOd57NgqLGghrJdPHpYs8OW1PcW60T4VMB7o4myagw4X+qMmXsJXC0cHv8puDzaHzwAZR8kG3IyaJfbcph98Omkdfkw63ibVErFu6EKhv6l8VuU+IIF4bdE1P54eWmclRiLQg9a7dFH8LgT8pyHMcVwGpWdbxmBcxVw+U4LGtrgB7KOCgrGl8erZ8+K9fHJZja9Yu\/+9QIoQcGOTu0qOpq6AArdUcpQJpuWygx3RYoqrbzWvhbUxfkXf29COBxw7Y4+\/KswIA0od8Wz9brAh2UXY9rx2lRK+E9qCnZGcXor5cTL9uIOQMJqUXHy+Pj55m15\/CdiBOIjQv65rmXqPHm6Oh5xsD\/scj1pYJjsAv6UYubZe7NSaIw3PxET9fra1DJqwIzsynF7uuG7W00tBfG5BHXMkCBWRdv1OG+YwU5Y5IrXuTN9H2mrqwhCOFcOOs9O5y28iZJYkHX1tCZgCHMksvekMIhr0FxQPBF6kG+90UOUSXRzRo0SXFJkrMGBXCpE2Z6VKOYJf4nu0qaJprO+wCGyJgFvcinKbRJRRqLkAdGyVhW9BuHCXoVc\/7sCJlXBaORwZOc6aVSHuQ87C6tUijgwRSYDEemd4f7x8YsaFq9WtHIHXA+6OSnqc7fneykEerRRl\/xHADa2cPOlXAdZn1JNoFevD5dfn4FYEiV\/GuENTVM2dQQd8WpyjcwTTKzRekHH5\/frWMvNBj\/12SL+trDPzUsE3Ua2aWsjcDgIRxOe4G0s5t+RBuosS5gW2PNYRSeLutexzDlZ70MmBA8BDA0q5D3Um+ucmtzh7oI9F9QCnD6lBANz9TSQ0yRIBeYucGb5x7\/Cw==\" \/><\/form> \t<div class=\"pdf24Plugin-cp-link\"> \t\t<a href=\"#\" onclick=\"var pdf24Win = window.open('about:blank', 'pdf24PopWin', 'resizable=yes,scrollbars=yes,width=600,height=250,left='+(screen.width\/2-300)+',top='+(screen.height\/3-125)+''); pdf24Win.focus(); document.pdf24Form0.submit(); if(typeof pdf24OnCreatePDF === 'function'){void(pdf24OnCreatePDF(this,pdf24Win));} return false;\">Diesen Beitrag als PDF herunterladen<\/a> \t<\/div> <\/div>","protected":false},"excerpt":{"rendered":"<p>Der Ausbau der Heckleuchten beim Peugeot 206 ist recht einfach und schnell durchzuf\u00fchren. Es wird kein besonderes Werkzeug ben\u00f6tigt. Zu allererst muss man im Inneren des Kofferraums auf H\u00f6he der Heckleuchten den Teppich anl\u00f6sen, um an die Leuchten heran zukommen. Daf\u00fcr zieht man einfach den hier markierten Kunststoffstift heraus. &nbsp; &nbsp; Nun kann man mittig die Fl\u00fcgelschraube, die die Heckleuchte an der Karosserie fixiert, von Hand l\u00f6sen und die komplette Lampe von der Karosserie abziehen. Danach kommt man auch ganz [&hellip;]<\/p>\n","protected":false},"author":1,"featured_media":0,"parent":463,"menu_order":0,"comment_status":"closed","ping_status":"closed","template":"template-fullwidth.php","meta":{"ngg_post_thumbnail":0,"jetpack_post_was_ever_published":false,"footnotes":""},"class_list":["post-385","page","type-page","status-publish","hentry"],"jetpack_shortlink":"https:\/\/wp.me\/P4qNjn-6d","jetpack_sharing_enabled":true,"jetpack_likes_enabled":true,"_links":{"self":[{"href":"https:\/\/www.marcelcuvelier.de\/index.php?rest_route=\/wp\/v2\/pages\/385","targetHints":{"allow":["GET"]}}],"collection":[{"href":"https:\/\/www.marcelcuvelier.de\/index.php?rest_route=\/wp\/v2\/pages"}],"about":[{"href":"https:\/\/www.marcelcuvelier.de\/index.php?rest_route=\/wp\/v2\/types\/page"}],"author":[{"embeddable":true,"href":"https:\/\/www.marcelcuvelier.de\/index.php?rest_route=\/wp\/v2\/users\/1"}],"replies":[{"embeddable":true,"href":"https:\/\/www.marcelcuvelier.de\/index.php?rest_route=%2Fwp%2Fv2%2Fcomments&post=385"}],"version-history":[{"count":3,"href":"https:\/\/www.marcelcuvelier.de\/index.php?rest_route=\/wp\/v2\/pages\/385\/revisions"}],"predecessor-version":[{"id":388,"href":"https:\/\/www.marcelcuvelier.de\/index.php?rest_route=\/wp\/v2\/pages\/385\/revisions\/388"}],"up":[{"embeddable":true,"href":"https:\/\/www.marcelcuvelier.de\/index.php?rest_route=\/wp\/v2\/pages\/463"}],"wp:attachment":[{"href":"https:\/\/www.marcelcuvelier.de\/index.php?rest_route=%2Fwp%2Fv2%2Fmedia&parent=385"}],"curies":[{"name":"wp","href":"https:\/\/api.w.org\/{rel}","templated":true}]}}