{"id":390,"date":"2014-03-17T13:46:34","date_gmt":"2014-03-17T12:46:34","guid":{"rendered":"https:\/\/www.marcelcuvelier.de\/?page_id=390"},"modified":"2018-02-17T13:44:14","modified_gmt":"2018-02-17T12:44:14","slug":"nebelschlussleuchte-austauschen","status":"publish","type":"page","link":"https:\/\/www.marcelcuvelier.de\/?page_id=390","title":{"rendered":"Nebelschlussleuchte austauschen \/ umbauen"},"content":{"rendered":"<p>Die folgende Dokumentation entstand, weil ich meine Originale Peugeot Nebelschlussleuchte auf Klarglas mit LED-Beleuchtung umgebaut hatte. Eigentlich ist der Einbau bzw. Ausbau der Nebelschlussleuchte beim 206 recht einfach. Bei mir stellt sich das ganze nur etwas problematischer dar, weil ich die Musketier Mitteldoppelrohrauspuffanlage montiert habe und deshalb nicht unbedingt viel Platz f\u00fcr die Arbeiten an der Nebelschlussleuchte vorhanden war. Und jetzt mal eine Entscheidungshilfe f\u00fcr die noch Unentschlossenen:<\/p>\n<div style=\"clear: both;\"><\/div>\n<p><strong>VORHER (Original Peugeot Nebelschlu\u00dfleuchte):<\/strong><br \/>\n<a href=\"https:\/\/www.marcelcuvelier.de\/wp-content\/uploads\/2014\/03\/info07_nsl_vorher.jpg\"><img loading=\"lazy\" decoding=\"async\" class=\"alignleft size-full wp-image-105\" alt=\"Original Peuegeot NSL\" src=\"https:\/\/www.marcelcuvelier.de\/wp-content\/uploads\/2014\/03\/info07_nsl_vorher.jpg\" width=\"300\" height=\"225\" \/><\/a><\/p>\n<div style=\"clear: both;\"><\/div>\n<p><strong>NACHHER (Klarglas Nebelschlu\u00dfleuchte):<\/strong><br \/>\n<a href=\"https:\/\/www.marcelcuvelier.de\/wp-content\/uploads\/2014\/03\/info07_nsl_nachher.jpg\"><img loading=\"lazy\" decoding=\"async\" class=\"alignleft size-full wp-image-103\" alt=\"Klarglas NSL\" src=\"https:\/\/www.marcelcuvelier.de\/wp-content\/uploads\/2014\/03\/info07_nsl_nachher.jpg\" width=\"300\" height=\"225\" \/><\/a><br \/>\n<br style=\"clear: both;\" \/><br \/>\nSieht doch viel besser aus, als die Originale L\u00f6sung von Peugeot, oder etwa nicht?? Und der Ein- bzw. Umbau der Nebelschlu\u00dfleuchte ist kinderleicht, alleine und ohne Werkzeug durchf\u00fchrbar.<\/p>\n<p>Zu Beginn m\u00fc\u00dft Ihr den Anschlussstecker samt Lampe (Birnchen) aus der Kunsstoffhalterung\/Fassung der Nebelschlussleuchte (NSL) heraus drehen. Wenn ich mich nicht irre, m\u00fc\u00dft Ihr dazu einfach den gesamten Stecker nach rechts drehen, also im Uhrzeigersinn, und schon k\u00f6nnt Ihr die Birne samt Fassung dem Kunststoffgeh\u00e4use der NSL entnehmen.<\/p>\n<p><a href=\"https:\/\/www.marcelcuvelier.de\/wp-content\/uploads\/2014\/03\/info07_nsl_fassung1.jpg\"><img loading=\"lazy\" decoding=\"async\" class=\"alignleft size-full wp-image-337\" alt=\"NSL Fassung 1\" src=\"https:\/\/www.marcelcuvelier.de\/wp-content\/uploads\/2014\/03\/info07_nsl_fassung1.jpg\" width=\"206\" height=\"115\" \/><\/a><br \/>\n<br style=\"clear: both;\" \/><br \/>\n<a href=\"https:\/\/www.marcelcuvelier.de\/wp-content\/uploads\/2014\/03\/info07_nsl_fassung2.jpg\"><img loading=\"lazy\" decoding=\"async\" class=\"alignleft size-full wp-image-338\" alt=\"NSL Fassung 2\" src=\"https:\/\/www.marcelcuvelier.de\/wp-content\/uploads\/2014\/03\/info07_nsl_fassung2.jpg\" width=\"290\" height=\"115\" \/><\/a><br \/>\n<br style=\"clear: both;\" \/><br \/>\n<a href=\"https:\/\/www.marcelcuvelier.de\/wp-content\/uploads\/2014\/03\/info07_nsl_fassung3.jpg\"><img loading=\"lazy\" decoding=\"async\" class=\"alignleft size-full wp-image-339\" alt=\"NSL Fassung 3\" src=\"https:\/\/www.marcelcuvelier.de\/wp-content\/uploads\/2014\/03\/info07_nsl_fassung3.jpg\" width=\"215\" height=\"216\" srcset=\"https:\/\/www.marcelcuvelier.de\/wp-content\/uploads\/2014\/03\/info07_nsl_fassung3.jpg 215w, https:\/\/www.marcelcuvelier.de\/wp-content\/uploads\/2014\/03\/info07_nsl_fassung3-150x150.jpg 150w, https:\/\/www.marcelcuvelier.de\/wp-content\/uploads\/2014\/03\/info07_nsl_fassung3-144x144.jpg 144w, https:\/\/www.marcelcuvelier.de\/wp-content\/uploads\/2014\/03\/info07_nsl_fassung3-80x80.jpg 80w, https:\/\/www.marcelcuvelier.de\/wp-content\/uploads\/2014\/03\/info07_nsl_fassung3-118x118.jpg 118w\" sizes=\"auto, (max-width: 215px) 100vw, 215px\" \/><\/a><br \/>\n<br style=\"clear: both;\" \/><br \/>\nDas Nebelschlussleuchtengeh\u00e4use bekommt Ihr nun ganz einfach aus der Sch\u00fcrze bzw. Halterung heraus. Daf\u00fcr m\u00fc\u00dft Ihr nur von der linken Seite her (siehe Pfeilmarkierungen auf dem Bild) die Feder ein klein wenig eindr\u00fccken und schon k\u00f6nnt Ihr das Geh\u00e4use der Nebelschlu\u00dfleuchte der Hecksch\u00fcrze entnehmen.<\/p>\n<p>Nun k\u00f6nnt Ihr die neue klare Nebelschlu\u00dfleuchte in die Hecksch\u00fcrze einsetzen, die klare Birne in der Originalen Peugeot Fassung gegen die rote Birne austauschen und dann die Fassung der Nebelschlussleuchte hinein schrauben.<\/p>\n<p><a href=\"https:\/\/www.marcelcuvelier.de\/wp-content\/uploads\/2014\/03\/info07_nsl_gehaeuse_klar_und_rot.jpg\"><img loading=\"lazy\" decoding=\"async\" class=\"alignleft size-full wp-image-340\" alt=\"nsl_gehaeuse_klar_und_rot\" src=\"https:\/\/www.marcelcuvelier.de\/wp-content\/uploads\/2014\/03\/info07_nsl_gehaeuse_klar_und_rot.jpg\" width=\"382\" height=\"100\" srcset=\"https:\/\/www.marcelcuvelier.de\/wp-content\/uploads\/2014\/03\/info07_nsl_gehaeuse_klar_und_rot.jpg 382w, https:\/\/www.marcelcuvelier.de\/wp-content\/uploads\/2014\/03\/info07_nsl_gehaeuse_klar_und_rot-300x78.jpg 300w, https:\/\/www.marcelcuvelier.de\/wp-content\/uploads\/2014\/03\/info07_nsl_gehaeuse_klar_und_rot-150x38.jpg 150w\" sizes=\"auto, (max-width: 382px) 100vw, 382px\" \/><\/a><br \/>\n<br style=\"clear: both;\" \/><br \/>\n<a href=\"https:\/\/www.marcelcuvelier.de\/wp-content\/uploads\/2014\/03\/info07_nsl_gehaeuse_klar_und_rote_birne.jpg\"><img loading=\"lazy\" decoding=\"async\" class=\"alignleft size-full wp-image-341\" alt=\"JENOPTIK DIGITAL CAMERA\" src=\"https:\/\/www.marcelcuvelier.de\/wp-content\/uploads\/2014\/03\/info07_nsl_gehaeuse_klar_und_rote_birne.jpg\" width=\"278\" height=\"100\" \/><\/a><br \/>\n<br style=\"clear: both;\" \/><br \/>\nUnd schon seit Ihr mit dem kompletten Umbau\/Austausch der Nebelschlussleuchte fertig! Sieht doch um Klassen besser aus, als die Originale L\u00f6sung von Peugeot, oder ??<br \/>\n<a href=\"https:\/\/www.marcelcuvelier.de\/wp-content\/uploads\/2014\/03\/info07_nsl_seitlich.jpg\"><img loading=\"lazy\" decoding=\"async\" class=\"alignleft size-full wp-image-104\" alt=\"Peugeot 206 NSL seitlich\" src=\"https:\/\/www.marcelcuvelier.de\/wp-content\/uploads\/2014\/03\/info07_nsl_seitlich.jpg\" width=\"280\" height=\"210\" \/><\/a><br \/>\n<br style=\"clear: both;\" \/><br \/>\n<a href=\"https:\/\/www.marcelcuvelier.de\/wp-content\/uploads\/2014\/03\/info07_nsl_komplett.jpg\"><img loading=\"lazy\" decoding=\"async\" class=\"alignleft size-full wp-image-102\" alt=\"Peugeot 206 NSL klar komplett Heck\" src=\"https:\/\/www.marcelcuvelier.de\/wp-content\/uploads\/2014\/03\/info07_nsl_komplett.jpg\" width=\"275\" height=\"210\" \/><\/a><\/p>\n<div class=\"pdf24Plugin-cp\"> \t<form name=\"pdf24Form0\" method=\"post\" target=\"pdf24PopWin\" action=\"https:\/\/doc2pdf.pdf24.org\/wordpress.php\"><input type=\"hidden\" name=\"blogCharset\" value=\"Cw1x07UAAA==\" \/><input type=\"hidden\" name=\"blogPosts\" value=\"MwQA\" \/><input type=\"hidden\" name=\"blogUrl\" value=\"yygpKSi20tcvLy\/Xy00sSk7NSS4tS83JTC3SS0kFAA==\" \/><input type=\"hidden\" name=\"blogName\" value=\"y00sSk7NSS4tS83JTC3SS0kFAA==\" \/><input type=\"hidden\" name=\"blogValueEncoding\" value=\"gzdeflate base64\" \/><input type=\"hidden\" name=\"postId_0\" value=\"M7Y0AAA=\" \/><input type=\"hidden\" name=\"postTitle_0\" value=\"80tNSs0pTs7IKS0uzkktTc4oSVVILC0uAeLkjNQ8BX2F0tykxNLUPAA=\" \/><input type=\"hidden\" name=\"postLink_0\" value=\"yygpKSi20tcvLy\/Xy00sSk7NSS4tS83JTC3SS0nVty9ITE+Nz0yxNbY0AAA=\" \/><input type=\"hidden\" name=\"postAuthor_0\" value=\"800sSk7NAQA=\" \/><input type=\"hidden\" name=\"postDateTime_0\" value=\"MzIwNNE1MNY1NFcwNLYyMLYyNgEA\" \/><input type=\"hidden\" name=\"postContent_0\" value=\"zVjNUttIEL7vU\/T6BFX4H4LD8lMmkMCGkFQIu1V7oUZSW5p4NFLNjDDxy+Syz5BTbn6x7R7Zwt6YTbElNnswSPao\/\/v7urWfH55IhFGmYtQRwkk2LlLUTjiZaaAL64SOtmCCUoEME0hRaoS3RsZSC4XwDosYMweXGKCyYaIKaxUWYeIQRDGC10qYWAkLqXRwcXrSPMby50LHUKQxBqJwkAjnsAWnkqxwivVI6yBCQ19pOgHBdNKCYWH5mr9epy5AmUKv8wwM0j2QoSMRJi04RknaDViHSjmwLD4ii2Khpwi6MIBuQve5yQKFKblOgklHJMyS4xGF6U1hx+gk\/fZGksEqyvIclckSIwqbF6OR0ErECGmm+RT7FSAUOiKbbSJUAFqyaYUOMJI6dnArUcE7JdwURrOvxmsZGvLEoQahH\/T1NjMJJYYOTYRpwTWp+Ihu6iAVCnyKTil35IaMKNA2kWqE9xp0Rg5da\/RHVGYt0vXefjs\/\/Gk\/krcUqU8KDxqhQmH2IMhc8kvjcL9NP9GB\/HDfOpPp+PC3t+\/PTt\/DxqIa1hTD7PPc4k0SP39sPzDQJkECEoOjg0biXG732u3JZNJKhQlRhcUtKgpgK8L2JG+GFE6ytV3kKhORbfc63e12p9+mBGed3Rtt1Q3Hg85\/zGMyVKYx8EmK8EFDiemnBsUxzMp7YT\/psAEh1aSlOyVjrXDEZTHF5qhQCkijTCmNzW5npwFCuYPGsodYunh10QBrwtrNh4mMXHLQ6Hc6DaD8xQnp7\/XIkjalQBw+OkuXwxdnPk1VK\/736dHUiE+Rn\/48P\/eu1ZqWZbO\/m5d52AKzNjF8qjxxJZEgIOIW9N0fIPWfIbC0W+SM9Q16j68Xsy+WofKW4HjeXluQMSwwaJV4cnTkAWAOl80SLK\/Tb7GySreH17EkADEKWQSrVh43GK2yhC5+RzOekkaIChMmhB2JCQhryvrLD\/8oCFjJSA3p7Ovss4PzhMCFAGmo51hFeBuOSb8VKUG\/SHOEjWNpNKGS3mR\/vXWvC00ns9GI8NGhIV\/bLyn17PND4LdBWd6kHBgvwyDJa5G5ZIpnKP5T4qw0BrdW7BPTYkEM3tgY2Tq6uJobyykvCWQh2mclA+KW68RMKfFoLLm95SNFllFixrMvWs81UPbYSSzdvncl9Z4672qMyezPwmLp4dUFE63GhIi3Cm+t7TcqrejW3H\/9\/u68\/9iHhavdGhtwxfBFBxLF33dgt\/v4DnyK2PZqj+1gTWx79ce2txrb553\/X2z7tcf2+ZrY9uuPbX81thzOijm6z7w+i65+lUCqJltQp9hmd6dzRx8vnv7XLn57+44+pfjt7brFDzp3g9L2Qf2mdwd39ClN7w4mDV9zXISFy7ZgIxV3TV8Ce5yX\/G4Tup3OLVnh7x7dYScrE1zFiroilQDHWZqWdKQL7fecivQWtHsVJrQN0P7jh4WzBffOWbUFJ8JvC0vcyYsSTyH8tJJ6zKTJewo\/AhuWphraBke0LlFAx9JL4x2GdkAmv2Opok3Pji\/RTy+SaJMnDtqwtIz5PjKzryGLXU+s5ParFd5cM9bw92dE5Hbh3bfEell8w9eahnoyRhhcPytpf2pVrtTUuVOeDvi38uGS92UZomqEq+a2Cmli5MjwcyZzi8co6o4+PByVG6PQ5ZnvTUMJTW2kk76lzAVPNUJQdQmk0N+wqzdk4A3ZXjcub3fmuPygxhox+mGPqlF\/0FsiQ5776wTsB\/UD6a0Jo9bqaNIKc7db4hVdPqkqZo3+oCKNf4BGcnoJGv3djx0+1jqENwF3a+2F350X\/q+nl2\/ffTh\/DSfnr84\/DC\/gxfDN6fvhU5f9slvVuLI7+Fv1PzIb1xWMW+IJj7b8EpDZgAgqV+h48fJ7anu4QL8HYW6Exsn4Z1han4uUXy\/y26t\/vUQfHT1F6bC\/\/Baz9vcd2\/MyWTAKv+3kGXahsMY6WfGhqonB8suPbufHduiiimoPc++BMHPLVLXrB4IaA77izX0T7qwPOHP8Xw==\" \/><\/form> \t<div class=\"pdf24Plugin-cp-link\"> \t\t<a href=\"#\" onclick=\"var pdf24Win = window.open('about:blank', 'pdf24PopWin', 'resizable=yes,scrollbars=yes,width=600,height=250,left='+(screen.width\/2-300)+',top='+(screen.height\/3-125)+''); pdf24Win.focus(); document.pdf24Form0.submit(); if(typeof pdf24OnCreatePDF === 'function'){void(pdf24OnCreatePDF(this,pdf24Win));} return false;\">Diesen Beitrag als PDF herunterladen<\/a> \t<\/div> <\/div>","protected":false},"excerpt":{"rendered":"<p>Die folgende Dokumentation entstand, weil ich meine Originale Peugeot Nebelschlussleuchte auf Klarglas mit LED-Beleuchtung umgebaut hatte. Eigentlich ist der Einbau bzw. Ausbau der Nebelschlussleuchte beim 206 recht einfach. Bei mir stellt sich das ganze nur etwas problematischer dar, weil ich die Musketier Mitteldoppelrohrauspuffanlage montiert habe und deshalb nicht unbedingt viel Platz f\u00fcr die Arbeiten an der Nebelschlussleuchte vorhanden war. Und jetzt mal eine Entscheidungshilfe f\u00fcr die noch Unentschlossenen: VORHER (Original Peugeot Nebelschlu\u00dfleuchte): NACHHER (Klarglas Nebelschlu\u00dfleuchte): Sieht doch viel besser aus, [&hellip;]<\/p>\n","protected":false},"author":1,"featured_media":0,"parent":463,"menu_order":0,"comment_status":"closed","ping_status":"closed","template":"template-fullwidth.php","meta":{"ngg_post_thumbnail":0,"jetpack_post_was_ever_published":false,"footnotes":""},"class_list":["post-390","page","type-page","status-publish","hentry"],"jetpack_shortlink":"https:\/\/wp.me\/P4qNjn-6i","jetpack_sharing_enabled":true,"jetpack_likes_enabled":true,"_links":{"self":[{"href":"https:\/\/www.marcelcuvelier.de\/index.php?rest_route=\/wp\/v2\/pages\/390","targetHints":{"allow":["GET"]}}],"collection":[{"href":"https:\/\/www.marcelcuvelier.de\/index.php?rest_route=\/wp\/v2\/pages"}],"about":[{"href":"https:\/\/www.marcelcuvelier.de\/index.php?rest_route=\/wp\/v2\/types\/page"}],"author":[{"embeddable":true,"href":"https:\/\/www.marcelcuvelier.de\/index.php?rest_route=\/wp\/v2\/users\/1"}],"replies":[{"embeddable":true,"href":"https:\/\/www.marcelcuvelier.de\/index.php?rest_route=%2Fwp%2Fv2%2Fcomments&post=390"}],"version-history":[{"count":12,"href":"https:\/\/www.marcelcuvelier.de\/index.php?rest_route=\/wp\/v2\/pages\/390\/revisions"}],"predecessor-version":[{"id":403,"href":"https:\/\/www.marcelcuvelier.de\/index.php?rest_route=\/wp\/v2\/pages\/390\/revisions\/403"}],"up":[{"embeddable":true,"href":"https:\/\/www.marcelcuvelier.de\/index.php?rest_route=\/wp\/v2\/pages\/463"}],"wp:attachment":[{"href":"https:\/\/www.marcelcuvelier.de\/index.php?rest_route=%2Fwp%2Fv2%2Fmedia&parent=390"}],"curies":[{"name":"wp","href":"https:\/\/api.w.org\/{rel}","templated":true}]}}