{"id":406,"date":"2014-03-17T15:22:47","date_gmt":"2014-03-17T14:22:47","guid":{"rendered":"https:\/\/www.marcelcuvelier.de\/?page_id=406"},"modified":"2018-02-17T13:41:56","modified_gmt":"2018-02-17T12:41:56","slug":"drei-klang-fanfare-einbauen","status":"publish","type":"page","link":"https:\/\/www.marcelcuvelier.de\/?page_id=406","title":{"rendered":"Drei-Klang-Fanfare einbauen"},"content":{"rendered":"<h1>Umbau von Originaler Peugeot Hupe auf Drei-Klang-Fanfare<\/h1>\n<p>Einige werden sich fragen: &#8222;Warum baut man sich denn nun eine Drei-Klang-Fanfare in seinem Auto ein?&#8220; Nun, die Beantwortung dieser Frage ist ganz einfach: &#8222;Weil das Originale Signalhorn vom Peugeot 206 eine mittlere Krankheit ist.&#8220; Die Hupe h\u00f6rt sich nicht nur schlecht an, sondern sie ist auf der Autobahn von Fahrzeuge, die sich vor einem befinden fast gar nicht mehr wahrzunehmen. Ich habe schon sehr fr\u00fch eine etwas anders klingende, lautere Hupe in meinem 206 eingebaut, aber diese sollte nun einer (noch lauteren, dennoch zugelassenen) HELLA Drei-Klang-Fanfare weichen.<\/p>\n<table border=\"0\" cellspacing=\"10\">\n<tbody>\n<tr>\n<td align=\"left\"><a href=\"https:\/\/www.marcelcuvelier.de\/wp-content\/uploads\/2014\/03\/info08_gtfront_geoeffnet.jpg\"><img loading=\"lazy\" decoding=\"async\" class=\"alignleft size-full wp-image-321\" alt=\"JENOPTIK DIGITAL CAMERA\" src=\"https:\/\/www.marcelcuvelier.de\/wp-content\/uploads\/2014\/03\/info08_gtfront_geoeffnet.jpg\" width=\"300\" height=\"201\" \/><\/a><\/td>\n<td valign=\"top\">So sah das kleine &#8222;Chaos&#8220; unterhalb der Abschlepphaken-Blende der Peugeot GT-Frontsch\u00fcrze aus, als ich die neue HELLA Drei-Klang-Fanfare einbauen wollte.Man kann hinter dem Abschlepphaken die Halterung der beiden Elektroh\u00f6rner (schwarz) erkennen. Au\u00dferdem sieht man leider auch die nicht sauber verlegten Versorgungsleitungen).<\/td>\n<\/tr>\n<tr>\n<td valign=\"top\">Als Besitzer der GT Front musste also erst mal der Deckel weichen (unter dem sich der Abschlepphaken befindet), um an die betroffene bzw. ausgew\u00e4hlte Montagestelle zu gelangen.Dazu m\u00fcssen lediglich die beiden Nasen, welche sich am oberen Ende des Deckels befinden leicht nach unten gedr\u00fcckt werden.<\/td>\n<td align=\"right\"><a href=\"https:\/\/www.marcelcuvelier.de\/wp-content\/uploads\/2014\/03\/info08_deckel_abschlepphaken_gtfront.jpg\"><img loading=\"lazy\" decoding=\"async\" class=\"alignright size-full wp-image-313\" alt=\"JENOPTIK DIGITAL CAMERA\" src=\"https:\/\/www.marcelcuvelier.de\/wp-content\/uploads\/2014\/03\/info08_deckel_abschlepphaken_gtfront.jpg\" width=\"300\" height=\"153\" \/><\/a><\/td>\n<\/tr>\n<\/tbody>\n<\/table>\n<p>Nun musste die vorhandene Halterung mit den zwei H\u00f6rnern entfernt werden, um Platz f\u00fcr die neue L\u00f6sung zu schaffen. Daf\u00fcr wird eine 13er Mutter von einer Gewindestange (siehe Markierung) abgeschraubt.<\/p>\n<table border=\"0\" cellspacing=\"10\">\n<tbody>\n<tr>\n<td><a href=\"https:\/\/www.marcelcuvelier.de\/wp-content\/uploads\/2014\/03\/info08_innenraum_frei.jpg\"><img loading=\"lazy\" decoding=\"async\" class=\"alignright size-full wp-image-288\" alt=\"JENOPTIK DIGITAL CAMERA\" src=\"https:\/\/www.marcelcuvelier.de\/wp-content\/uploads\/2014\/03\/info08_innenraum_frei.jpg\" width=\"300\" height=\"400\" srcset=\"https:\/\/www.marcelcuvelier.de\/wp-content\/uploads\/2014\/03\/info08_innenraum_frei.jpg 300w, https:\/\/www.marcelcuvelier.de\/wp-content\/uploads\/2014\/03\/info08_innenraum_frei-225x300.jpg 225w\" sizes=\"auto, (max-width: 300px) 100vw, 300px\" \/><\/a><\/td>\n<td valign=\"top\"><a href=\"https:\/\/www.marcelcuvelier.de\/wp-content\/uploads\/2014\/03\/info08_innenleben_alt.jpg\"><img loading=\"lazy\" decoding=\"async\" class=\"alignright size-full wp-image-323\" alt=\"JENOPTIK DIGITAL CAMERA\" src=\"https:\/\/www.marcelcuvelier.de\/wp-content\/uploads\/2014\/03\/info08_innenleben_alt.jpg\" width=\"400\" height=\"300\" srcset=\"https:\/\/www.marcelcuvelier.de\/wp-content\/uploads\/2014\/03\/info08_innenleben_alt.jpg 400w, https:\/\/www.marcelcuvelier.de\/wp-content\/uploads\/2014\/03\/info08_innenleben_alt-300x225.jpg 300w\" sizes=\"auto, (max-width: 400px) 100vw, 400px\" \/><\/a><\/td>\n<\/tr>\n<\/tbody>\n<\/table>\n<p><a href=\"https:\/\/www.marcelcuvelier.de\/wp-content\/uploads\/2014\/03\/info08_signal_und_strom.jpg\"><img loading=\"lazy\" decoding=\"async\" class=\"alignright size-full wp-image-289\" alt=\"JENOPTIK DIGITAL CAMERA\" src=\"https:\/\/www.marcelcuvelier.de\/wp-content\/uploads\/2014\/03\/info08_signal_und_strom.jpg\" width=\"237\" height=\"206\" \/><\/a>Um eine andere bzw. st\u00e4rkere Hupe als die Original Peugeot Hupe zu verwenden, sollte man ein neues seperates Stromkabel mit entsprechend gro\u00dfem Durchmesser und eigener 20-30A Sicherung zur Fanfare bzw. zu dem Relais verlegen. Dabei sollte man unbedingt beachten, dass keine beweglichen Teile durch das Kabel ber\u00fchrt werden k\u00f6nnten.<\/p>\n<p>Zus\u00e4tzlich ben\u00f6tigt man noch einen Massepunkt und nat\u00fcrlich das Original Steuerkabel der Hupe vom Lenkrad.<\/p>\n<p>Auf der folgenden Abbildung seht Ihr mal der Einzelteile der (noch unlackierten) HELLA Drei-Klang-Fanfare. Sie besteht aus: Kompressor, drei unterschiedliche Trichter (f\u00fcr die unterschiedlichen Tonlagen), einer Halterschiene (Marke Eigenbau) und den Luftschl\u00e4uchen samt Verteilerst\u00fcck, die den Kompressor mit den einzelnen Trichtern verbindet und somit mit Luft versorgt.<\/p>\n<table border=\"0\" cellspacing=\"10\">\n<tbody>\n<tr>\n<td align=\"left\"><a href=\"https:\/\/www.marcelcuvelier.de\/wp-content\/uploads\/2014\/03\/info08_fanfaren_einzelteile.jpg\"><img loading=\"lazy\" decoding=\"async\" class=\"alignleft size-full wp-image-317\" alt=\"JENOPTIK DIGITAL CAMERA\" src=\"https:\/\/www.marcelcuvelier.de\/wp-content\/uploads\/2014\/03\/info08_fanfaren_einzelteile.jpg\" width=\"280\" height=\"177\" \/><\/a><\/td>\n<td align=\"right\"><a href=\"https:\/\/www.marcelcuvelier.de\/wp-content\/uploads\/2014\/03\/info08_fanfaren_montiert_mit_schlaeuchen.jpg\"><img loading=\"lazy\" decoding=\"async\" class=\"alignleft size-full wp-image-320\" alt=\"JENOPTIK DIGITAL CAMERA\" src=\"https:\/\/www.marcelcuvelier.de\/wp-content\/uploads\/2014\/03\/info08_fanfaren_montiert_mit_schlaeuchen.jpg\" width=\"280\" height=\"177\" \/><\/a><\/td>\n<\/tr>\n<\/tbody>\n<\/table>\n<p>Anschlie\u00dfend habe ich die komplette Fanfare inkl. Halterung noch matt-schwarz lackiert, damit sie hinter der GT-Front nicht so auff\u00e4llt. Sonst h\u00e4tte man die roten Trichter schon von Weitem durch die GT-Front &#8222;leuchten&#8220; sehen, was eher unsch\u00f6n war.<\/p>\n<p><a href=\"https:\/\/www.marcelcuvelier.de\/wp-content\/uploads\/2014\/03\/info08_fanfaren_lackiert1.jpg\"><img loading=\"lazy\" decoding=\"async\" class=\"alignleft size-full wp-image-318\" alt=\"JENOPTIK DIGITAL CAMERA\" src=\"https:\/\/www.marcelcuvelier.de\/wp-content\/uploads\/2014\/03\/info08_fanfaren_lackiert1.jpg\" width=\"224\" height=\"137\" \/><\/a><a href=\"https:\/\/www.marcelcuvelier.de\/wp-content\/uploads\/2014\/03\/info08_fanfaren_lackiert2.jpg\"><img loading=\"lazy\" decoding=\"async\" class=\"alignleft size-full wp-image-319\" alt=\"JENOPTIK DIGITAL CAMERA\" src=\"https:\/\/www.marcelcuvelier.de\/wp-content\/uploads\/2014\/03\/info08_fanfaren_lackiert2.jpg\" width=\"116\" height=\"112\" \/><\/a><\/p>\n<p>&nbsp;<\/p>\n<p>&nbsp;<\/p>\n<p>&nbsp;<\/p>\n<p>&nbsp;<\/p>\n<p>Das Relais der Fanfare habe ich Spritzwassergesch\u00fctzt im Motorraum des 206 montiert. Wenn man dieses System nicht zus\u00e4tzlich zur Originalen Signalhupe (mit einem Umschlater) einbaut, ist diese Fanfare auch T\u00dcV zugelassen (Angaben aus den HELLA Unterlagen).<\/p>\n<p>So, und nun zum Abschlu\u00df noch ein paar Bilder der Drei-Klang-Fanfare im eingebauten Zustand. Viel Spa\u00df beim Nachbauen. \u00dcbrigens, nun wird man auf der Autobahn nicht mehr \u00fcberh\u00f6rt &#8211; da ist jetzt richtig Lautst\u00e4rke hinter!<\/p>\n<table width=\"610\" border=\"0\" cellspacing=\"10\">\n<tbody>\n<tr>\n<td align=\"left\"><a href=\"https:\/\/www.marcelcuvelier.de\/wp-content\/uploads\/2014\/03\/info08_eingebaut3.jpg\"><img loading=\"lazy\" decoding=\"async\" class=\"alignleft size-full wp-image-316\" alt=\"JENOPTIK DIGITAL CAMERA\" src=\"https:\/\/www.marcelcuvelier.de\/wp-content\/uploads\/2014\/03\/info08_eingebaut3.jpg\" width=\"270\" height=\"200\" \/><\/a><\/td>\n<td align=\"right\"><a href=\"https:\/\/www.marcelcuvelier.de\/wp-content\/uploads\/2014\/03\/info08_eingebaut2.jpg\"><img loading=\"lazy\" decoding=\"async\" class=\"alignleft size-full wp-image-315\" alt=\"info08_eingebaut2\" src=\"https:\/\/www.marcelcuvelier.de\/wp-content\/uploads\/2014\/03\/info08_eingebaut2.jpg\" width=\"270\" height=\"200\" \/><\/a><\/td>\n<\/tr>\n<tr>\n<td colspan=\"2\" align=\"center\"><a href=\"https:\/\/www.marcelcuvelier.de\/wp-content\/uploads\/2014\/03\/info08_eingebaut1.jpg\"><img loading=\"lazy\" decoding=\"async\" class=\"size-full wp-image-314 aligncenter\" alt=\"info08_eingebaut1\" src=\"https:\/\/www.marcelcuvelier.de\/wp-content\/uploads\/2014\/03\/info08_eingebaut1.jpg\" width=\"241\" height=\"151\" srcset=\"https:\/\/www.marcelcuvelier.de\/wp-content\/uploads\/2014\/03\/info08_eingebaut1.jpg 241w, https:\/\/www.marcelcuvelier.de\/wp-content\/uploads\/2014\/03\/info08_eingebaut1-239x151.jpg 239w\" sizes=\"auto, (max-width: 241px) 100vw, 241px\" \/><\/a><\/td>\n<\/tr>\n<\/tbody>\n<\/table>\n<div class=\"pdf24Plugin-cp\"> \t<form name=\"pdf24Form0\" method=\"post\" target=\"pdf24PopWin\" action=\"https:\/\/doc2pdf.pdf24.org\/wordpress.php\"><input type=\"hidden\" name=\"blogCharset\" value=\"Cw1x07UAAA==\" \/><input type=\"hidden\" name=\"blogPosts\" value=\"MwQA\" \/><input type=\"hidden\" name=\"blogUrl\" value=\"yygpKSi20tcvLy\/Xy00sSk7NSS4tS83JTC3SS0kFAA==\" \/><input type=\"hidden\" name=\"blogName\" value=\"y00sSk7NSS4tS83JTC3SS0kFAA==\" \/><input type=\"hidden\" name=\"blogValueEncoding\" value=\"gzdeflate base64\" \/><input type=\"hidden\" name=\"postId_0\" value=\"MzEwAwA=\" \/><input type=\"hidden\" name=\"postTitle_0\" value=\"cylKzdT1zknMS9d1S8xLSyxKVUjNzEtKLE3NAwA=\" \/><input type=\"hidden\" name=\"postLink_0\" value=\"yygpKSi20tcvLy\/Xy00sSk7NSS4tS83JTC3SS0nVty9ITE+Nz0yxNTEwAwA=\" \/><input type=\"hidden\" name=\"postAuthor_0\" value=\"800sSk7NAQA=\" \/><input type=\"hidden\" name=\"postDateTime_0\" value=\"MzIwNNE1MNY1NFcwNLUyMLYyMQcA\" \/><input type=\"hidden\" name=\"postContent_0\" value=\"zVnbThxJEn3fr4jtlUYg0XcM2AZW7QHbLOCxBuyR9gVld2ddpquySplZFO5vGWle+AaeeOsf2xNZl25w2zNjldl54NKQlRlx8kTEiaj9oH\/4IR6LjK4TRT\/p0A+ViKSm9zLzZWLpbZZKEplHR1qG7dNIKL\/9WihPaLnfxcP\/2E8Pj0MV+pJyqadSkQknAXla+FK9oB\/+tTcYDF7+InQWE46xFItyCdYqUpkiGSq5ZnsKsZD\/F9Moswkv+7fbrveS3mVqi6ahpFdSKJsn2mbK5z8YmP6az6bQWPKFmvNznpgES1tkGNFUmKW3dBH6+BkkWgGGuPZ90NspjItDawGKpFMt1CyQoeXtO5U1RzDE4RQs7rQtvFP4ZuGeJjMJIskfBGw2iZpKzQgUFjKy+IPzcCwC5a7htQj0nG0ofHT7XSeaCjDG0gsVA+0J56Iuz4ploCnnRzMlg1iqDp3gwUCMJduQMJpY4enFfVC4JW0OGARbZGgWhQpXNsWhEe6JvXU+4Rbi4uASDl\/yPW4R9tUF5PAqiqysL1PThkpwdLkPXxXumv8yh1ORMEYqqTbp7fHZ2WjdzecSHsGB\/W4Kglkxxh2NE7BLH7R6LZrIKDKpmMCWg1a\/1+I142T6iX9q\/jYlEeFKD1qR9GzrcF9QoKV30AqsTc2LbjfP804sNPaZZNcyCqXuTGU3T9uTRFmpbDdLo0RMTXfQ6293e8MuKJT09q5862msuAI7pOcpaTu\/pj72D2Of+AFnUCTmn1rweJIUn4X5pCYwmv3GJzaMzcK1zmXby6KIcHAYg7Pt4aDfgun2oPWf43c\/vb88OaWjkzcnl6Mz+nF0fvzzqEVGT76XH5SHUxsctIY9YAyS+wEMwZMt6h7udwW+7LRA97qE1yZp6\/AiISMCF1GzyPGqDLQfA5GYKkYyGKQDEY0Luo9dVKRpIGZStV9FTDz3nyr23ly2X7ONWLe4RzQgUgw4FxlyuQNhoWQmv0whGAKaIkpyx83OOdLOTCDjBCFbgrPiR1a4Td8CfaldMsGisQw50I4jObM64eh25MZTudDzTZIazymOtFG2+J3TX8yRHRRZLuKnNQyvDHZhakTGgXMtdSR9XBJ9RPQl2seZBk9wIkNsdEqwuwWh9RrcR8DilTShnTt3NCAjBxnFmTEIR4CFrKkNWxO5FUdyMpNRFV60kdVQlBn58c1UycZubhESuChAGkug4XkIYhrP8w5fjS\/zxW3ASeAcFoDLMCBC1M4z4ohnnzpHAp\/ixT2HP8CZhn5U3WUJ9DthOFvk4HNQ5j0RUzLmJELHBUVM6YVZJsJIFskWWd7xTOHMKdLcZGbLotRZcreEUDO9G0wNU2fUlXgAXxVo35gmnI1r80R\/+CR54o+dWpsz+s+Gj3JGQeNulaW7LqU77YBKXvGViYAyF3BBUquhiPLLFYTmIC69LaIQlUZZDz+rK3YEfR8JOycPGWOZIs4Wd4Z3AfnghmDeduhIuEV5qKdFLewPQf7zzHJAcA0u6tgbmTPFjGUGI\/AR22C40LPQWbaJIgiqTwKNoLbfXq6ao2HI6QjWxFcecmLTvBvs7T0J79Z4sZZo2\/wBJxppv8ehhMPyLWp24\/Zg8OwGG7sD8Hveckgz9tCAW7QRi5u2c\/YFn5\/ebFK\/17uGHe7THxTjZokUyTHiHRfeeAIbDJ+OSA+9qIi0vUqkYeNEenAobTdHpHrjNoy+AYFqpn6FSNsPiLS9hkhfztCNUcq4LusqU9MrAwERN5+dnj8Jqdb6UdFqMNxdFc87Fcwf4qLOuG6r1E3GLm6hIKtOi8UtV62qL33Yg6N8QTPmLJRdH+k6LpaZ2NYVOoP+LpVaWPx2wXbN0KFFrnjCGZNqyaJvSr5OoFVjOsr0BG2i4ZYZvmAfiDT8PuiBWSP0xFiui8KJnrqU1c5umMKa8WcIu9CUSrYoqtBxq6Zlaiz5Hi20GsSZda0gbpJmDouxzKXTgKjtl+jKIQHYJtdKnDrjofzQreqqxtNscaf4bspSmx7+NzOLWzt3QhJxsbizoV+ob9dv8jEKBRtOppmCHGRHlbCo\/YX2XBkDADSgqAvUWAo72HkecCbVTItpfeiobNq9JHIds4JqHofRlMEyrP5P0GdXmvs4VHMJQJx7dWucqUhMWEXYrzXCHdwCwwR1xPODzLyg0yTGTRp0DIASDxSNFSRIKKcOSrrUrIb5pFoHPV4DuBMYwI3GVql0CrXl1uBmNljjSNiOJWijNh1u7OhZ5nFLFi1uM7ePEbHlDsb5h1aDRXcxteDVS2NrDScdHHwrlZ2KGTR2XYY7xiS8lr\/4MP4nt0f2bzcM8Io7UldyecNNzwP6u0+S0b7oSp3V9lbl\/e7u5yrkO7VVtWUx1nG4XIEYV8xAIR0DG5\/A9J4W8a\/69Sfh\/3LtHineMpRI+IgsNwqsWu4ZYjOS6HdoOW+dRZ2VtsslqlhY2y4HHlTlLM7iHKA8xaznKbqe2VSTjoTHm97iFvUAmSxRxlKAbF0WBzZCJ3YlE5RjSm6\/fpGhRYkp6wFW1nuXw6WIYcLD1XwJedeNDpDQ8RtXNJ4c3Sn8RdeJu3laVoj0G4\/8vafl4UNHauINtleIN1wS77sBOWgcyOf\/HyAHD4Ds93dWgOwPlhFcMPMHNTbpy7\/+6Qh8L3UYR2AVynWkX6Q6tPOcBZB2k4rFvZ1bCmM6T2yiuSt1MzWe7VepqIPoU6qKUcNy8pPhaCzCer4iuVga1q9RVPUehXXThtOd7r3Bh9jlNQT4ZjmWRQLhlx\/Fy4PKZjcnvVz89nHlLQFtjJQPXxSLH6cfCqn0gXNOIWDq4L5Az+PkXaawQzXdzRa\/11KQUiE0vYJSKxPWupdO8fIdB46DvrSQ7B36GEIVXqQC20HkxvQOetYNmDu0+G2sWSiZLXe2mykxeJ+921l5T7O4h7QtXhdxBuv3XyKlOlB+lXxBLiOGPp3BjLJNKDPtP1d1UMmuHeiev4UmqqEbNh7GO08Sxo8cqPPg7oNXIr0n0z+1Pc3nxWcloJ+d1DSUg78C5cMXHpOEeQxcB60K4YnkKPgeEH9DDV8L7HZhamnoepD7TYP8qG5v91fH8f3mhlsPDyQc1MBga7lpezB8fgODi82Hz7821MLZK0Mt9+nPCeP\/AQ==\" \/><\/form> \t<div class=\"pdf24Plugin-cp-link\"> \t\t<a href=\"#\" onclick=\"var pdf24Win = window.open('about:blank', 'pdf24PopWin', 'resizable=yes,scrollbars=yes,width=600,height=250,left='+(screen.width\/2-300)+',top='+(screen.height\/3-125)+''); pdf24Win.focus(); document.pdf24Form0.submit(); if(typeof pdf24OnCreatePDF === 'function'){void(pdf24OnCreatePDF(this,pdf24Win));} return false;\">Diesen Beitrag als PDF herunterladen<\/a> \t<\/div> <\/div>","protected":false},"excerpt":{"rendered":"<p>Umbau von Originaler Peugeot Hupe auf Drei-Klang-Fanfare Einige werden sich fragen: &#8222;Warum baut man sich denn nun eine Drei-Klang-Fanfare in seinem Auto ein?&#8220; Nun, die Beantwortung dieser Frage ist ganz einfach: &#8222;Weil das Originale Signalhorn vom Peugeot 206 eine mittlere Krankheit ist.&#8220; Die Hupe h\u00f6rt sich nicht nur schlecht an, sondern sie ist auf der Autobahn von Fahrzeuge, die sich vor einem befinden fast gar nicht mehr wahrzunehmen. Ich habe schon sehr fr\u00fch eine etwas anders klingende, lautere Hupe in [&hellip;]<\/p>\n","protected":false},"author":1,"featured_media":0,"parent":463,"menu_order":0,"comment_status":"closed","ping_status":"closed","template":"template-fullwidth.php","meta":{"ngg_post_thumbnail":0,"jetpack_post_was_ever_published":false,"footnotes":""},"class_list":["post-406","page","type-page","status-publish","hentry"],"jetpack_shortlink":"https:\/\/wp.me\/P4qNjn-6y","jetpack_sharing_enabled":true,"jetpack_likes_enabled":true,"_links":{"self":[{"href":"https:\/\/www.marcelcuvelier.de\/index.php?rest_route=\/wp\/v2\/pages\/406","targetHints":{"allow":["GET"]}}],"collection":[{"href":"https:\/\/www.marcelcuvelier.de\/index.php?rest_route=\/wp\/v2\/pages"}],"about":[{"href":"https:\/\/www.marcelcuvelier.de\/index.php?rest_route=\/wp\/v2\/types\/page"}],"author":[{"embeddable":true,"href":"https:\/\/www.marcelcuvelier.de\/index.php?rest_route=\/wp\/v2\/users\/1"}],"replies":[{"embeddable":true,"href":"https:\/\/www.marcelcuvelier.de\/index.php?rest_route=%2Fwp%2Fv2%2Fcomments&post=406"}],"version-history":[{"count":4,"href":"https:\/\/www.marcelcuvelier.de\/index.php?rest_route=\/wp\/v2\/pages\/406\/revisions"}],"predecessor-version":[{"id":411,"href":"https:\/\/www.marcelcuvelier.de\/index.php?rest_route=\/wp\/v2\/pages\/406\/revisions\/411"}],"up":[{"embeddable":true,"href":"https:\/\/www.marcelcuvelier.de\/index.php?rest_route=\/wp\/v2\/pages\/463"}],"wp:attachment":[{"href":"https:\/\/www.marcelcuvelier.de\/index.php?rest_route=%2Fwp%2Fv2%2Fmedia&parent=406"}],"curies":[{"name":"wp","href":"https:\/\/api.w.org\/{rel}","templated":true}]}}