{"id":413,"date":"2014-03-17T15:26:17","date_gmt":"2014-03-17T14:26:17","guid":{"rendered":"https:\/\/www.marcelcuvelier.de\/?page_id=413"},"modified":"2019-09-23T11:33:19","modified_gmt":"2019-09-23T10:33:19","slug":"klarglasseitenblinkereinbau","status":"publish","type":"page","link":"https:\/\/www.marcelcuvelier.de\/?page_id=413","title":{"rendered":"Klarglasseitenblinkereinbau"},"content":{"rendered":"<h1>Einbau von Klarglasseitenblinkern<\/h1>\n<p>Glaubt man dem Peugeot Serviceheft, soll der Ein- bzw. Ausbau der Seitenblinker sehr einfach sein. Der Original Wortlaut lautet ungef\u00e4hr wie folgt: &#8222;Nach vorne oder hinten schieben und dann die Lampe heraus nehmen&#8220;. Klingt doch wirklich easy, ist es aber nicht. Bei meinem L\u00f6wen lie\u00df sich die Lampe weder nach vorne (also in Fahrtrichtung), noch nach hinten (also entgegen der Fahrtrichtung) verschieben. Naja, vielleicht klappt das ja bei einem nagelneuen Modell, aber meine Seitenblinker wollten nicht von Ihrer Position entfernt werden, wo sie sich nun ja auch schon seit ein paar Tagen befinden.<\/p>\n<p>Da ich nun aber schon einige Male an meinem Peugeot &#8222;gebastelt&#8220; habe, konnte ich mich noch ganz gut erinnern, dass man den Anschlussstecker des Blinkers von innen sehen kann und versuchte, den Blinker nun von innen zu l\u00f6sen und von dort dann heraus zu dr\u00fccken. Dazu musste erst einmal der Systemstecker, der die T\u00fcrelektronik mit dem Hauptchassis verbindet, abgedreht bzw. abgezogen werden, um den n\u00f6tigen Platz f\u00fcr die Aktion zu erhalten. Ich erreichte nun zwar mit meiner Hand den Stecker von hinten, konnte Ihn aber leider auch auf diesem Weg nicht l\u00f6sen. Nun musste ich also zu anderen Mitteln greifen und etwas &#8222;riskieren&#8220;.<\/p>\n<table border=\"0\" width=\"610\" cellspacing=\"20\">\n<tbody>\n<tr>\n<td align=\"right\"><a href=\"https:\/\/www.marcelcuvelier.de\/wp-content\/uploads\/2014\/03\/info09_kgb_innen2stecker.jpg\"><img loading=\"lazy\" decoding=\"async\" class=\"alignleft size-full wp-image-293\" src=\"https:\/\/www.marcelcuvelier.de\/wp-content\/uploads\/2014\/03\/info09_kgb_innen2stecker.jpg\" alt=\"JENOPTIK DIGITAL CAMERA\" width=\"240\" height=\"320\" srcset=\"https:\/\/www.marcelcuvelier.de\/wp-content\/uploads\/2014\/03\/info09_kgb_innen2stecker.jpg 240w, https:\/\/www.marcelcuvelier.de\/wp-content\/uploads\/2014\/03\/info09_kgb_innen2stecker-225x300.jpg 225w\" sizes=\"auto, (max-width: 240px) 100vw, 240px\" \/><\/a><\/td>\n<td align=\"left\"><a href=\"https:\/\/www.marcelcuvelier.de\/wp-content\/uploads\/2014\/03\/info09_kgb_innen1.jpg\"><img loading=\"lazy\" decoding=\"async\" class=\"alignleft size-full wp-image-292\" src=\"https:\/\/www.marcelcuvelier.de\/wp-content\/uploads\/2014\/03\/info09_kgb_innen1.jpg\" alt=\"JENOPTIK DIGITAL CAMERA\" width=\"206\" height=\"319\" srcset=\"https:\/\/www.marcelcuvelier.de\/wp-content\/uploads\/2014\/03\/info09_kgb_innen1.jpg 206w, https:\/\/www.marcelcuvelier.de\/wp-content\/uploads\/2014\/03\/info09_kgb_innen1-193x300.jpg 193w\" sizes=\"auto, (max-width: 206px) 100vw, 206px\" \/><\/a><\/td>\n<\/tr>\n<\/tbody>\n<\/table>\n<p>Ich nahm mir einen kleinen Schlitzschraubendreher und hebelte vorsichtig (damit der Lack auch nichts abbekommt) den Blinker heraus. Das ging mit ein wenig Gef\u00fchl auch ganz simpel !! Mein Tip: Nehmt beim rechten Blinker die rechte obere Seite daf\u00fcr, dann geht das Ganze fast, wie von selber. Au\u00dferdem solltet Ihr zwischen Schraubendreher und Kotfl\u00fcgel ein nicht zu dickes Tuch legen, um den Lack zus\u00e4tzlich zu schonen.<\/p>\n<p>Auf den folgenden Abbildungen seht Ihr den herausgezogenen Blinker. Nun h\u00e4lt man den Blinker-Anschlussstecker fest und dreht das Blinkergeh\u00e4use eine halbe Drehung. Schon kann man es ganz einfach von der Fassung abziehen.<\/p>\n<table border=\"0\" width=\"610\" cellspacing=\"20\">\n<tbody>\n<tr>\n<td align=\"right\"><a href=\"https:\/\/www.marcelcuvelier.de\/wp-content\/uploads\/2014\/03\/info09_kgb_herausgezogen1.jpg\"><img loading=\"lazy\" decoding=\"async\" class=\"alignleft size-full wp-image-290\" src=\"https:\/\/www.marcelcuvelier.de\/wp-content\/uploads\/2014\/03\/info09_kgb_herausgezogen1.jpg\" alt=\"JENOPTIK DIGITAL CAMERA\" width=\"331\" height=\"260\" srcset=\"https:\/\/www.marcelcuvelier.de\/wp-content\/uploads\/2014\/03\/info09_kgb_herausgezogen1.jpg 331w, https:\/\/www.marcelcuvelier.de\/wp-content\/uploads\/2014\/03\/info09_kgb_herausgezogen1-300x235.jpg 300w\" sizes=\"auto, (max-width: 331px) 100vw, 331px\" \/><\/a><\/td>\n<td align=\"left\"><a href=\"https:\/\/www.marcelcuvelier.de\/wp-content\/uploads\/2014\/03\/info09_kgb_herausgezogen2.jpg\"><img loading=\"lazy\" decoding=\"async\" class=\"alignleft size-full wp-image-291\" src=\"https:\/\/www.marcelcuvelier.de\/wp-content\/uploads\/2014\/03\/info09_kgb_herausgezogen2.jpg\" alt=\"JENOPTIK DIGITAL CAMERA\" width=\"239\" height=\"260\"><\/a><\/td>\n<\/tr>\n<\/tbody>\n<\/table>\n<p>In der gleichen Art und Weise (nun umgekehrt) l\u00e4\u00dft sich nun nat\u00fcrlich auch das neue klare Blinkergeh\u00e4use anbringen. Ich habe mir die Klarglasblinker von JOM gekauft, welche wie sich dann herausstellte nicht 100%ig passgenau waren. Ich habe dann mit einer Feile nachgeholfen und schon passte das gute St\u00fcck auch in meinen Kotfl\u00fcgel vern\u00fcnftig hinein.<\/p>\n<p><a href=\"https:\/\/www.marcelcuvelier.de\/wp-content\/uploads\/2014\/03\/info09_kgb_klar_und_original1.jpg\"><img loading=\"lazy\" decoding=\"async\" class=\"alignleft size-full wp-image-294\" src=\"https:\/\/www.marcelcuvelier.de\/wp-content\/uploads\/2014\/03\/info09_kgb_klar_und_original1.jpg\" alt=\"JENOPTIK DIGITAL CAMERA\" width=\"184\" height=\"60\"><\/a>Mit Hilfe der linken Abbildung und der Abbildungen unten hat man noch mal eine Vergleichm\u00f6glichkeit, um die Entscheidung zu vereinfachen, ob sich ein Umstieg auf Klarglasseitenblinker lohnt oder nicht.<\/p>\n<table border=\"0\" width=\"610\" cellspacing=\"20\">\n<tbody>\n<tr>\n<td align=\"right\"><a href=\"https:\/\/www.marcelcuvelier.de\/wp-content\/uploads\/2014\/03\/info09_kgb_klar_und_original2.jpg\"><img loading=\"lazy\" decoding=\"async\" class=\"alignleft size-full wp-image-295\" src=\"https:\/\/www.marcelcuvelier.de\/wp-content\/uploads\/2014\/03\/info09_kgb_klar_und_original2.jpg\" alt=\"JENOPTIK DIGITAL CAMERA\" width=\"278\" height=\"215\"><\/a><\/td>\n<td align=\"left\"><a href=\"https:\/\/www.marcelcuvelier.de\/wp-content\/uploads\/2014\/03\/info09_kgb_klarhalterungen.jpg\"><img loading=\"lazy\" decoding=\"async\" class=\"alignleft size-full wp-image-296\" src=\"https:\/\/www.marcelcuvelier.de\/wp-content\/uploads\/2014\/03\/info09_kgb_klarhalterungen.jpg\" alt=\"JENOPTIK DIGITAL CAMERA\" width=\"201\" height=\"215\"><\/a><\/td>\n<\/tr>\n<\/tbody>\n<\/table>\n<div class=\"pdf24Plugin-cp\"> \t<form name=\"pdf24Form0\" method=\"post\" target=\"pdf24PopWin\" action=\"https:\/\/doc2pdf.pdf24.org\/wordpress.php\"><input type=\"hidden\" name=\"blogCharset\" value=\"Cw1x07UAAA==\" \/><input type=\"hidden\" name=\"blogPosts\" value=\"MwQA\" \/><input type=\"hidden\" name=\"blogUrl\" value=\"yygpKSi20tcvLy\/Xy00sSk7NSS4tS83JTC3SS0kFAA==\" \/><input type=\"hidden\" name=\"blogName\" value=\"y00sSk7NSS4tS83JTC3SS0kFAA==\" \/><input type=\"hidden\" name=\"blogValueEncoding\" value=\"gzdeflate base64\" \/><input type=\"hidden\" name=\"postId_0\" value=\"MzE0BgA=\" \/><input type=\"hidden\" name=\"postTitle_0\" value=\"885JLErPSSwuTs0sSc1LysnMy04tSs3MS0osBQA=\" \/><input type=\"hidden\" name=\"postLink_0\" value=\"yygpKSi20tcvLy\/Xy00sSk7NSS4tS83JTC3SS0nVty9ITE+Nz0yxNTE0BgA=\" \/><input type=\"hidden\" name=\"postAuthor_0\" value=\"800sSk7NAQA=\" \/><input type=\"hidden\" name=\"postDateTime_0\" value=\"MzIwNNE1MNY1NFcwNLUyMLYyNAcA\" \/><input type=\"hidden\" name=\"postContent_0\" value=\"zVhNbxs3EL33V0xVtEgAfSt249QO4DZp6iZOgtptjgFXonYZcbkCybUS\/Zlc\/Bty8k1\/rG+GK0tOmiIB5KIHy9oVOTMcPs57w8Ni8PCxcZmq6aJy9NQqn1sVgjZRu8waN9PeHfYw6pvD+cMnVtVZpFI5muiSXuo611WkM+0vzFgXehrbFCpr8asnmO1Qtlx06bgO7IBfnm0bpqALT9q4qRoXeDCuS4\/w+oU3uXHK0qvKR7iMxB86Uu1yPV1dYtLCaJpWNo8P6Ifv7g+Hw5+es42LyjtNFXsqjIMnCuPC6AxfajehiXKIHFOfqXKuqdBe1YGcLkrtxEz\/py5yYFweaVLB3sL4mTX4olV41yYTIulAKoN9h9exSz9rQyUiRzqerT4s4MgavXpPgWdtXC00x+Q2Md5RNlRkHP2qCh89G8Pq7rbJsV8Z2KwgjdQu5jrXTrJ4cw5daL9eZpeeqzeqTRdGW6t5BM2sms+xHhXojaIM8aZwncq1dbqGzVNkzNp2Wpis5qONWmBTORZZtCDlpPB4\/7IKJho8IrwpkBKxUD\/Rro0ZSIFOaXC1Y9eq5l0eFxjO+OIwaK6Up3PFC8v01DjM7R725oK2R4rWsyWwNBWzTK7pVFlNwGGT+zUUGzDkOlMhahubXaUCFto0qxxSKlZLMc25zpVbUg6QaW+cwyLanKvQoNzRsYNjW4cAg2NOxgQQ+DklJkgueBqvqcDnjCHGWONNwYIj3LKVZoKsZjNnWZNdfQgNPPn9BJBPOG3QiSETv7qCZz4dCo9lzaEg3CA5LFU6b2fv8LZsgmzLK8bf+erKa6tn0VfOzLDuKGf3N1XP47jAQk3gWDPOfWQI5HriNXZZji4\/LivenvXG1qWsx60+RMPvX1oVlzSFF3F3PBM8IEztC8Wg6dIJHyDvBY5aMrBcYNs5FNk+j2j4dMLaWZNjTkXC\/\/WunRQNDoBrXpzASdVTdhuwolc6b\/CZUoqjAE9Nsni35RwhMPjSnlFvIiDiKEdk02YLdFzgnDQo8ibMDA9d14aEzKgyYC+rkA9\/1Oq3UCUmsThq7Q\/wfYyDFOZqjBpy1Br2Wzw+qybv+L\/njwniMLk7aqHIFbH18FARjtL0qFXEOA8Per3FYtEtlYehcX2hUU18d6J7i3lnXHE+Yq+e20pNQm\/YH9zr9Uc91M+qf\/B6lmevBVXDBgPdN\/Mc9k2ZE0+QiKxavmsh0+MqPaOsuTGi5pqPJ47Moozj3C51Z1qjlMOxKXFAO8ODUYuCH99WpMhLPGr9\/vj5i5fnJ0\/p0cmTk\/PjZ\/TL8enjP46vkzy8hyQXmnN31BohwRxS0PGWoiL4W7Rp57Y7w+He21G\/n3wM9xYtSTnvQR2rNt0p1duOLPkBhzB\/e5cG\/f4FQpGnFvUeHvYU\/uLkBqh4824DU4Odg2m4azANvgZF\/f0tFA0ObgFFg7S1\/f1dwmfQGRyMrnGD7\/+Km\/7+Nm746SPc9KQk9dYFqieVTbj3RERIUaJIi0JjZrPp\/xnY0MQlSBH8BMnBbIFyzNWzgARByWeJw8QPgqA7E5Uox0MJjWepakuZZh2V6VlVlvHuDYpMxMdkFwg6MBeiYLEAdQWLTyABrwqbLAl5BwOJZenbb+mUh52b+QN6DlEXWe2U5DXzzsY+01R6RxX4pNE6IF0msXYi35wZkCXTEziA1ISaaIvovBD1YjGPde3qPbNiKaKXBSpUEbjNIDcpUZ9k6GkVp3Z1BeUlK0p8xRRvUBUCnfOaLOu8a6KVrC3rsLqMS5GiGC1KaEspHTMLYiwrYu1EtGSZsRPWyyJMUmT8Q0puQ+qbpCSyLFaXNl4Ln+anzicCaKpDTHrar9PUjEXaVpd10AIZiC7kiR5hEALpcj6qRiCxCyxXdm+t\/0X9iLgNAeOBjqVhSfX\/Z90bOd19pezvsFL+Q6hfVjFHo8GmYg73d8y7n4ZFcLijynnTeAfV8+1wtJec9Pv\/VkERw1YFlaf\/knlvBD7cOa4Gt4Wr4dcw8ejgJq6+kJ9Srcilx+V651NFeqUNqs8d7jHqMtczjUb5LhqCy9X7uGlGnYoo9VJNhUW4gnEnzL0y+ODjYqZchtYwX7cy3EsKLzKRrG9M1p0yV7HfX5yCQGboTZg0kM5CC3ekO4FNb8cdKtNlYgGg7HvQ2xxbB1eqJvRIN1zKzIYLuU5qg4LINwUItLLrDiZ1yWxFOC1wawuKi9xCptWapmt222yEFtCtrtyUORuNF9\/FrNllp5jmDL9GnK+r5pJn9\/Xy3g5x\/Zlwvwzbg\/v3NtheQxtdJ\/1msF0CYEHNFl0nWsUP2wReyz1QoRI1y6UFN\/3CsX8Bp3IIytWHnBE9g5hJ4gGIe+wiaxEjpiEcsMsN3bLCqLIESVYif5YhGnTQ3FD\/4y0gNqdwMd2tpbuv\/z0vf7J5u6+he7eJta+qoz\/e36qjg73Wf8ZSHLbc9HhB685TvL\/jFH8c65d2jIPP5\/czPPU3\" \/><\/form> \t<div class=\"pdf24Plugin-cp-link\"> \t\t<a href=\"#\" onclick=\"var pdf24Win = window.open('about:blank', 'pdf24PopWin', 'resizable=yes,scrollbars=yes,width=600,height=250,left='+(screen.width\/2-300)+',top='+(screen.height\/3-125)+''); pdf24Win.focus(); document.pdf24Form0.submit(); if(typeof pdf24OnCreatePDF === 'function'){void(pdf24OnCreatePDF(this,pdf24Win));} return false;\">Diesen Beitrag als PDF herunterladen<\/a> \t<\/div> <\/div>","protected":false},"excerpt":{"rendered":"<p>Einbau von Klarglasseitenblinkern Glaubt man dem Peugeot Serviceheft, soll der Ein- bzw. Ausbau der Seitenblinker sehr einfach sein. Der Original Wortlaut lautet ungef\u00e4hr wie folgt: &#8222;Nach vorne oder hinten schieben und dann die Lampe heraus nehmen&#8220;. Klingt doch wirklich easy, ist es aber nicht. Bei meinem L\u00f6wen lie\u00df sich die Lampe weder nach vorne (also in Fahrtrichtung), noch nach hinten (also entgegen der Fahrtrichtung) verschieben. Naja, vielleicht klappt das ja bei einem nagelneuen Modell, aber meine Seitenblinker wollten nicht von [&hellip;]<\/p>\n","protected":false},"author":1,"featured_media":0,"parent":463,"menu_order":0,"comment_status":"closed","ping_status":"closed","template":"","meta":{"ngg_post_thumbnail":0,"jetpack_post_was_ever_published":false,"footnotes":""},"class_list":["post-413","page","type-page","status-publish","hentry"],"jetpack_shortlink":"https:\/\/wp.me\/P4qNjn-6F","jetpack_sharing_enabled":true,"jetpack_likes_enabled":true,"_links":{"self":[{"href":"https:\/\/www.marcelcuvelier.de\/index.php?rest_route=\/wp\/v2\/pages\/413","targetHints":{"allow":["GET"]}}],"collection":[{"href":"https:\/\/www.marcelcuvelier.de\/index.php?rest_route=\/wp\/v2\/pages"}],"about":[{"href":"https:\/\/www.marcelcuvelier.de\/index.php?rest_route=\/wp\/v2\/types\/page"}],"author":[{"embeddable":true,"href":"https:\/\/www.marcelcuvelier.de\/index.php?rest_route=\/wp\/v2\/users\/1"}],"replies":[{"embeddable":true,"href":"https:\/\/www.marcelcuvelier.de\/index.php?rest_route=%2Fwp%2Fv2%2Fcomments&post=413"}],"version-history":[{"count":3,"href":"https:\/\/www.marcelcuvelier.de\/index.php?rest_route=\/wp\/v2\/pages\/413\/revisions"}],"predecessor-version":[{"id":1049,"href":"https:\/\/www.marcelcuvelier.de\/index.php?rest_route=\/wp\/v2\/pages\/413\/revisions\/1049"}],"up":[{"embeddable":true,"href":"https:\/\/www.marcelcuvelier.de\/index.php?rest_route=\/wp\/v2\/pages\/463"}],"wp:attachment":[{"href":"https:\/\/www.marcelcuvelier.de\/index.php?rest_route=%2Fwp%2Fv2%2Fmedia&parent=413"}],"curies":[{"name":"wp","href":"https:\/\/api.w.org\/{rel}","templated":true}]}}