{"id":422,"date":"2014-03-17T15:35:25","date_gmt":"2014-03-17T14:35:25","guid":{"rendered":"https:\/\/www.marcelcuvelier.de\/?page_id=422"},"modified":"2018-02-17T13:43:41","modified_gmt":"2018-02-17T12:43:41","slug":"montage-aluminium-handbremsgriff","status":"publish","type":"page","link":"https:\/\/www.marcelcuvelier.de\/?page_id=422","title":{"rendered":"Montage Aluminium Handbremsgriff"},"content":{"rendered":"<h1>Montage eines Aluminium Handbremsgriff mit WRC-Gravur<\/h1>\n<p>Mindestens genauso lange, wie ich hinter der Echtleder Mittelarmlehne her war, war ich auch von diesem wundersch\u00f6nen Handbremsgriff mit WRC-Gravur von Peugeot am schw\u00e4rmen. Auf der Motorshow 2003 in Essen war ich schon einmal kurz davor, mir diesen auf dem Peugeot-Stand zu kaufen, da er dort mit 60,&#8211; \u20ac als Messepreis recht g\u00fcnstig zu erhalten war. Doch jetzt habe ich bei einer eBay-Auktion einen noch niedrigeren Preis f\u00fcr dieses Schmuckst\u00fcck bezahlt.<\/p>\n<p><a href=\"https:\/\/www.marcelcuvelier.de\/wp-content\/uploads\/2014\/03\/info11_original1.jpg\"><img loading=\"lazy\" decoding=\"async\" class=\"alignleft size-full wp-image-269\" alt=\"JENOPTIK DIGITAL CAMERA\" src=\"https:\/\/www.marcelcuvelier.de\/wp-content\/uploads\/2014\/03\/info11_original1.jpg\" width=\"291\" height=\"163\" \/><\/a>Dieser Handbremsgriff hier auf dem linken Bild d\u00fcrfte euch allen ja schon bestens bekannt sein. Gehalten wird dieser &#8222;Kunststoff\u00fcberzug&#8220; nicht durch irgendwelche Verschraubungen oder Halterungen, sondern der Griff ist lediglich auf die Mechanik aufgesteckt, wie es auch der Peugeot Schaltknauf ist.<\/p>\n<p><a href=\"https:\/\/www.marcelcuvelier.de\/wp-content\/uploads\/2014\/03\/info11_original2.jpg\"><img loading=\"lazy\" decoding=\"async\" class=\"size-full wp-image-270 alignright\" alt=\"JENOPTIK DIGITAL CAMERA\" src=\"https:\/\/www.marcelcuvelier.de\/wp-content\/uploads\/2014\/03\/info11_original2.jpg\" width=\"215\" height=\"98\" \/><\/a>Also muss man diesen Kunststoff\u00fcberzug der Handbremse durch kr\u00e4ftiges gleichm\u00e4\u00dfiges Ziehen von der Mechanik l\u00f6sen. Ich habe dabei immer oben ein St\u00fcck an den Griff gezogen und anschlie\u00dfend unten (siehe Markierungen auf der Abbildung) nachgef\u00fchrt. Das Abziehen ging dann recht Problemlos.<\/p>\n<p><a href=\"https:\/\/www.marcelcuvelier.de\/wp-content\/uploads\/2014\/03\/info11_kunststoffueberzug.jpg\"><img loading=\"lazy\" decoding=\"async\" class=\"alignright size-full wp-image-267\" alt=\"info11_kunststoffueberzug\" src=\"https:\/\/www.marcelcuvelier.de\/wp-content\/uploads\/2014\/03\/info11_kunststoffueberzug.jpg\" width=\"228\" height=\"79\" \/><\/a>Dann hat der Kunststoff\u00fcberzug der Handbremse auch schon verloren und l\u00e4\u00dft sich vollst\u00e4ndig von der Mechanik l\u00f6sen. Rechts sieht man, wie dieser dann im abgezogenen Zustand aussieht.<\/p>\n<p><a href=\"https:\/\/www.marcelcuvelier.de\/wp-content\/uploads\/2014\/03\/info11_handbremsmechanik.jpg\"><img loading=\"lazy\" decoding=\"async\" class=\"alignright size-full wp-image-309\" alt=\"JENOPTIK DIGITAL CAMERA\" src=\"https:\/\/www.marcelcuvelier.de\/wp-content\/uploads\/2014\/03\/info11_handbremsmechanik.jpg\" width=\"187\" height=\"108\" \/><\/a>Hier sieht man nun einmal den Handbremsgriff im &#8222;nacktem&#8220; Zustand, sprich ohne Kunststoff\u00fcberzug.<\/p>\n<p>&nbsp;<\/p>\n<p>Um nun den neuen Aluminium-Handbremsgriff zu montieren schraubt man zuerst einmal beide nach innen gedrehten Imbusschrauben soweit heraus, dass der neue Handbremsgriff \u00fcber die Mechanik gleiten kann. Deshalb sollte man den Ledersack auch nicht vorher schon zur\u00fcck klappen, da man sonst nicht mehr an die entsprechenden Imbusschrauben heran kommt. Auf den n\u00e4chsten Abbildungen kann man erkennen, wo sich die Imbuschrauben versteckt haben.<\/p>\n<table width=\"610\" border=\"0\" cellspacing=\"10\">\n<tbody>\n<tr>\n<td valign=\"top\"><a href=\"https:\/\/www.marcelcuvelier.de\/wp-content\/uploads\/2014\/03\/info11_imbusschrauben_innen.jpg\"><img loading=\"lazy\" decoding=\"async\" class=\"alignleft size-full wp-image-266\" alt=\"JENOPTIK DIGITAL CAMERA\" src=\"https:\/\/www.marcelcuvelier.de\/wp-content\/uploads\/2014\/03\/info11_imbusschrauben_innen.jpg\" width=\"147\" height=\"122\" \/><\/a><\/td>\n<td valign=\"top\"><a href=\"https:\/\/www.marcelcuvelier.de\/wp-content\/uploads\/2014\/03\/info11_imbusschrauben_aussen.jpg\"><img loading=\"lazy\" decoding=\"async\" class=\"alignleft size-full wp-image-265\" alt=\"JENOPTIK DIGITAL CAMERA\" src=\"https:\/\/www.marcelcuvelier.de\/wp-content\/uploads\/2014\/03\/info11_imbusschrauben_aussen.jpg\" width=\"213\" height=\"122\" \/><\/a><\/td>\n<td valign=\"top\"><a href=\"https:\/\/www.marcelcuvelier.de\/wp-content\/uploads\/2014\/03\/info11_neu_aufgeschoben.jpg\"><img loading=\"lazy\" decoding=\"async\" class=\"alignleft size-full wp-image-268\" alt=\"JENOPTIK DIGITAL CAMERA\" src=\"https:\/\/www.marcelcuvelier.de\/wp-content\/uploads\/2014\/03\/info11_neu_aufgeschoben.jpg\" width=\"232\" height=\"122\" \/><\/a><\/td>\n<\/tr>\n<\/tbody>\n<\/table>\n<p>Man sollte unbedingt bei der Montage auf die richtige Position des neuen Griffs achten, denn ansonsten steht unter Umst\u00e4nden der WRC-Schriftzug bzw. die Gravur auf dem Kopf.<\/p>\n<p>Nun muss man die beiden Imbusschrauben mit dem beiliegendem Imbusschl\u00fcssel nur noch festziehen. Aber Vorsicht: Bedenkt immer, nach FEST kommt LOSE! Also mit Gef\u00fchl festziehen und nicht \u00fcbertreiben, denn sonst war das Ganze ein sehr kurzer Spa\u00df.<\/p>\n<p>Anschlie\u00dfend kann man den Ledersack nach hinten st\u00fclpen und in die Handbremsgriff-F\u00fchrung hereinstopfen. Zur Sicherheit sollte man nun noch eine Funktionspr\u00fcfung durchf\u00fchren, denn was n\u00fctzt einem der sch\u00f6nste Handbremsgriff, wenn die Bremse selber nicht mehr funktioniert?<\/p>\n<p>Als Resultat erh\u00e4lt man nach vollendeter Arbeit dann folgendes:<\/p>\n<table width=\"610\" border=\"0\" cellspacing=\"10\">\n<tbody>\n<tr>\n<td valign=\"top\"><a href=\"https:\/\/www.marcelcuvelier.de\/wp-content\/uploads\/2014\/03\/info11_hbg_fertig1.jpg\"><img loading=\"lazy\" decoding=\"async\" class=\"alignleft size-full wp-image-310\" alt=\"JENOPTIK DIGITAL CAMERA\" src=\"https:\/\/www.marcelcuvelier.de\/wp-content\/uploads\/2014\/03\/info11_hbg_fertig1.jpg\" width=\"287\" height=\"150\" \/><\/a><\/td>\n<td valign=\"top\"><a href=\"https:\/\/www.marcelcuvelier.de\/wp-content\/uploads\/2014\/03\/info11_hbg_fertig2.jpg\"><img loading=\"lazy\" decoding=\"async\" class=\"alignleft size-full wp-image-311\" alt=\"JENOPTIK DIGITAL CAMERA\" src=\"https:\/\/www.marcelcuvelier.de\/wp-content\/uploads\/2014\/03\/info11_hbg_fertig2.jpg\" width=\"314\" height=\"150\" srcset=\"https:\/\/www.marcelcuvelier.de\/wp-content\/uploads\/2014\/03\/info11_hbg_fertig2.jpg 314w, https:\/\/www.marcelcuvelier.de\/wp-content\/uploads\/2014\/03\/info11_hbg_fertig2-300x143.jpg 300w\" sizes=\"auto, (max-width: 314px) 100vw, 314px\" \/><\/a><\/td>\n<\/tr>\n<\/tbody>\n<\/table>\n<div class=\"pdf24Plugin-cp\"> \t<form name=\"pdf24Form0\" method=\"post\" target=\"pdf24PopWin\" action=\"https:\/\/doc2pdf.pdf24.org\/wordpress.php\"><input type=\"hidden\" name=\"blogCharset\" value=\"Cw1x07UAAA==\" \/><input type=\"hidden\" name=\"blogPosts\" value=\"MwQA\" \/><input type=\"hidden\" name=\"blogUrl\" value=\"yygpKSi20tcvLy\/Xy00sSk7NSS4tS83JTC3SS0kFAA==\" \/><input type=\"hidden\" name=\"blogName\" value=\"y00sSk7NSS4tS83JTC3SS0kFAA==\" \/><input type=\"hidden\" name=\"blogValueEncoding\" value=\"gzdeflate base64\" \/><input type=\"hidden\" name=\"postId_0\" value=\"MzEyAgA=\" \/><input type=\"hidden\" name=\"postTitle_0\" value=\"883PK0lMT1VwzCnNzczLLM1V8EjMS0kqSs0tTi\/KTEsDAA==\" \/><input type=\"hidden\" name=\"postLink_0\" value=\"yygpKSi20tcvLy\/Xy00sSk7NSS4tS83JTC3SS0nVty9ITE+Nz0yxNTEyAgA=\" \/><input type=\"hidden\" name=\"postAuthor_0\" value=\"800sSk7NAQA=\" \/><input type=\"hidden\" name=\"postDateTime_0\" value=\"MzIwNNE1MNY1NFcwNLUyMLYyMgUA\" \/><input type=\"hidden\" name=\"postContent_0\" value=\"zVjLctw2Ft3PV9zpqUolVZL6IVuWbUlT7VhWFFuJynIyVd64QBIk4QbBLgBU272cH\/FGy1lnpV3\/yXzJnAuQ1MvOPKqtzMJtkd3AfZ17zgX2yvHBSW28KCRJZaSjqW4qZVRT0Q\/CZImVlSusynOqlKe\/vf5+88iK88buDbHyT3vzgxNlMum8NI4KaUTjatLCFHKDFkqSSksqlfHSUoZ\/h2npteS\/TpT3UgtbaVkaSSVeLYTd4I+wSDT4OK8NZUo6WdGigRnr0nL1m5Hm930L605lU8jak6gIqxarC1tJs0XTJg+enNS+tq6sFzQZjbZJGTp0Dht39rEGmyAlldA0a+ySMnFew8FK2eiTgY+8V9WZ2jzz8IqWDc3wjTQbWEIceG198HBntPHNX3Yn4\/FT+uff\/0FCOzqRsDq3UjmyEsmhYnVpnFcFbyNtKbSPTm3R8xpuvZd+6akUSUxtIlUomyX5THzcnDYzr6LbWGV4gVEys6qQFi9Og518ddlG4OgsLasmnTm\/ukxn2G0pSu239obzUNo9QaWV+f6g9H7ungyHi8ViqxI2lTptzqVW0m5lcriYb6aAkDR+2Mx1LTI3nIzGD4aj7aEyeT0ev6vhgTJCj7fez4vBwZ6qCuIfKlPsD7RYfhwgj2kdn4X7aNIBpVo4hyetCqNl7smppdzMG60JBlUFxG5Odh4PkEa\/P\/jx8KefT98cv6Tnx0fHb6av6PvpyeHr6YCcTdftP4Cd+XJ\/MHk8HgC4qijhwHhne0DDg72hOHjOubW3IVrCWo8YrcwMBXmmdEYZ6pF7tB8jXmiN9+9Fi7+k7axEzoQxyAEqu0VHssOFslkspSVG1mTy9GUD+Dhf5yhzIu2yKcIXo6dAAuMrayzMKItezRbIQynp19BXVjRJg741VGfBe1iw4cUGuZqbz4TGOQrRKOcJjawKHZs1ZzeA5rQURs34RcGupzMfeQBYCx3NO3SdCfDByMzwauz39WA3+e9h9zmwPRpRQKPlit8r7iY3cTd+eIW7x7sd7KYa1Fs1zlElTEdRd+FA2XVsyhYQM7u6yEE7qFOhJWparS5Wn8LzWyVL7BS4mImzq7Fe\/eaYUY+Z4pmQMsF0pKoKv6oTGWiIziK1sEd4E8FTyGXNQAOl4wtgDxlZfQIg8YZh\/a1jk3Qi7Ey1GGw7x9I0SdA0ePcdGZGWhURgpfWgRwHtSpbRWWQNgaJlWlY9tXWiZaVrt36UzfoUNzKm+H9kuYCrz9PcoxZuXzS5JsB9IZYeeZPdK+Q9etwTHie6FD4U6N8jLhBB5LdzaXVtWyhohhwnICi\/1lClCwOK+TL0XnNxHTFcPKM+ck1LiKH8qiKRtHiDmbeNCxqNMSUsWj8ayi7OqnV23WDYHt2P5n0+kA4J491H17Rv1JPQD6xyfT3INP0Mld2d2lCcVrXQyjMvq06q2jJBeOaW0VDziHgXWH31vjGJmz\/tnn6pgl02aGSDz36k3bzlAGasCllQYTpqNTA6vmwgir7zHbyWycA3GBQZRwWGKsSIv46rBFiKS3mTeiEx6WGcBcR4AAQdM3TZkdvhhzBu6iZzL+\/Kag9Kkw4KmWBTDTGOtI4vX\/EA7QSzahMmPGY4zKY8Q8e2WjY2sO5Mi\/m8HUR5NXQcQcUFlSwtRaEgwACZhhPg4LsxcTBwqa4q383PyOzqIi15OLli5NbvYElazDeGTS\/q2NFsJ2zc73vOKeYRIciHaavpBZi6g9nOeDSgpLYIeH+AP4Fi7eYiDV2D7\/j3SZ195P8tf2R0Htpnf+Dr+WB9ba1upORdQMHah9mde2nsL4bS9\/aD6709mXS9vTf02T3mmDn6KyT54R+R5GuxXE1x239IlsFE7+J4DqpIvkKCd+8lwZ8No8\/t9uT3cjsMXDHsmGMYKCdeZgSSDGzbmERy9D4csuOVQbwn6U47LE08MtNp7VQ4d2cYl6PkhEEXZ56URWKDGdPwqMv8yyrhWSCbcC3ySxXnHBlnHL7FwMEIyz2PTslysRWMtTcb3QHyZT3Pe\/n7CWp3ffCPenWHx\/kKgtfiW+SZD4B46H6jV5eAqIZy2nhxkOP8FqdpkD4L1a+1ZSL3T+gZBMiAtsOovxF18cXh2ZuoEfTq57PDP1M8jsDkURjR9bUNw7QXVShooLdSJX2aokjxPQzUk46EWYarKZx9IVh8EwNfzuZi9amPf3rjDNFr0E2tDF6GqyjO\/+pSz1tHVMzZTXHefMHHCogaqx+sY+6Y55yKt8jPGVyXkFsEd02aeeYImePbF3rRmHAXA11dXea8UThohdNKH+oCAZrVJV\/p8KIqICDecQEit1yClPIa9vVZHKRRLy7MNT3PW6toI\/\/XPj3aYVJ2jfYY0eH36kK305loJ22GAmNxahMOKkzOea0DRNyT\/2ddLpPiXY5gVbHuu6VtDvE+5uxbEfQcdmPCfji6L3248mey9oyO7zmjN+9NtscPbmUU5pz0a7dIsLTYoDXuilPf6MP4wXbcfTRaDEKCOeONrzfo20p82AxhPmHj8w\/f0Xg0OocT4ek\/079\/AQ==\" \/><\/form> \t<div class=\"pdf24Plugin-cp-link\"> \t\t<a href=\"#\" onclick=\"var pdf24Win = window.open('about:blank', 'pdf24PopWin', 'resizable=yes,scrollbars=yes,width=600,height=250,left='+(screen.width\/2-300)+',top='+(screen.height\/3-125)+''); pdf24Win.focus(); document.pdf24Form0.submit(); if(typeof pdf24OnCreatePDF === 'function'){void(pdf24OnCreatePDF(this,pdf24Win));} return false;\">Diesen Beitrag als PDF herunterladen<\/a> \t<\/div> <\/div>","protected":false},"excerpt":{"rendered":"<p>Montage eines Aluminium Handbremsgriff mit WRC-Gravur Mindestens genauso lange, wie ich hinter der Echtleder Mittelarmlehne her war, war ich auch von diesem wundersch\u00f6nen Handbremsgriff mit WRC-Gravur von Peugeot am schw\u00e4rmen. Auf der Motorshow 2003 in Essen war ich schon einmal kurz davor, mir diesen auf dem Peugeot-Stand zu kaufen, da er dort mit 60,&#8211; \u20ac als Messepreis recht g\u00fcnstig zu erhalten war. Doch jetzt habe ich bei einer eBay-Auktion einen noch niedrigeren Preis f\u00fcr dieses Schmuckst\u00fcck bezahlt. Dieser Handbremsgriff hier [&hellip;]<\/p>\n","protected":false},"author":1,"featured_media":0,"parent":463,"menu_order":0,"comment_status":"closed","ping_status":"closed","template":"template-fullwidth.php","meta":{"ngg_post_thumbnail":0,"jetpack_post_was_ever_published":false,"footnotes":""},"class_list":["post-422","page","type-page","status-publish","hentry"],"jetpack_shortlink":"https:\/\/wp.me\/P4qNjn-6O","jetpack_sharing_enabled":true,"jetpack_likes_enabled":true,"_links":{"self":[{"href":"https:\/\/www.marcelcuvelier.de\/index.php?rest_route=\/wp\/v2\/pages\/422","targetHints":{"allow":["GET"]}}],"collection":[{"href":"https:\/\/www.marcelcuvelier.de\/index.php?rest_route=\/wp\/v2\/pages"}],"about":[{"href":"https:\/\/www.marcelcuvelier.de\/index.php?rest_route=\/wp\/v2\/types\/page"}],"author":[{"embeddable":true,"href":"https:\/\/www.marcelcuvelier.de\/index.php?rest_route=\/wp\/v2\/users\/1"}],"replies":[{"embeddable":true,"href":"https:\/\/www.marcelcuvelier.de\/index.php?rest_route=%2Fwp%2Fv2%2Fcomments&post=422"}],"version-history":[{"count":4,"href":"https:\/\/www.marcelcuvelier.de\/index.php?rest_route=\/wp\/v2\/pages\/422\/revisions"}],"predecessor-version":[{"id":426,"href":"https:\/\/www.marcelcuvelier.de\/index.php?rest_route=\/wp\/v2\/pages\/422\/revisions\/426"}],"up":[{"embeddable":true,"href":"https:\/\/www.marcelcuvelier.de\/index.php?rest_route=\/wp\/v2\/pages\/463"}],"wp:attachment":[{"href":"https:\/\/www.marcelcuvelier.de\/index.php?rest_route=%2Fwp%2Fv2%2Fmedia&parent=422"}],"curies":[{"name":"wp","href":"https:\/\/api.w.org\/{rel}","templated":true}]}}