{"id":470,"date":"2018-02-17T14:03:34","date_gmt":"2018-02-17T13:03:34","guid":{"rendered":"https:\/\/www.marcelcuvelier.de\/?page_id=470"},"modified":"2018-02-17T14:13:16","modified_gmt":"2018-02-17T13:13:16","slug":"demontage-der-heckschuerze","status":"publish","type":"page","link":"https:\/\/www.marcelcuvelier.de\/?page_id=470","title":{"rendered":"Demontage der Hecksch\u00fcrze"},"content":{"rendered":"<p>F\u00fcr diejenigen unter euch, die mal die Hecksch\u00fcrze des Peugeot 206 demontieren m\u00fcssen (aus welchem Grund auch immer) habe ich hier eine passende Demontageanleitung als Unterst\u00fctzung bereit gestellt. Diese Dokumentation stammt von meinem Kollege aus dem Peugeotforum Deutschland Sebastian Ro.<\/p>\n<p>Als erstes muss der Innenradkasten demontiert werden. Dazu wird von unten die Schraube gel\u00f6st, die den Kasten mit der Hecksch\u00fcrze verbindet (siehe Bild links, n\u00e4he Reifen von unten). Anschlie\u00dfend muss der Clips, welcher sich zwischen der Karrosserie und dem Reifen befindet, herausgenommen werden (siehe Abbildung rechts).<\/p>\n<table>\n<tbody>\n<tr>\n<td><a href=\"https:\/\/www.marcelcuvelier.de\/wp-content\/uploads\/2018\/02\/info12_innenradkasten1.jpg\"><img loading=\"lazy\" decoding=\"async\" class=\"size-full wp-image-471\" src=\"https:\/\/www.marcelcuvelier.de\/wp-content\/uploads\/2018\/02\/info12_innenradkasten1.jpg\" alt=\"\" width=\"293\" height=\"220\"><\/a><\/td>\n<td><a href=\"https:\/\/www.marcelcuvelier.de\/wp-content\/uploads\/2018\/02\/info12_innenradkasten2.jpg\"><img loading=\"lazy\" decoding=\"async\" class=\"size-full wp-image-472\" src=\"https:\/\/www.marcelcuvelier.de\/wp-content\/uploads\/2018\/02\/info12_innenradkasten2.jpg\" alt=\"\" width=\"293\" height=\"220\"><\/a><\/td>\n<\/tr>\n<\/tbody>\n<\/table>\n<p>Auf dem folgenden Bild seht Ihr das Resultat im ausgebautem Zustand.<\/p>\n<p><a href=\"https:\/\/www.marcelcuvelier.de\/wp-content\/uploads\/2018\/02\/info12_innenradkasten3.jpg\"><img loading=\"lazy\" decoding=\"async\" class=\"size-full wp-image-477\" src=\"https:\/\/www.marcelcuvelier.de\/wp-content\/uploads\/2018\/02\/info12_innenradkasten3.jpg\" alt=\"\" width=\"293\" height=\"220\"><\/a><\/p>\n<p>Als n\u00e4chstes sollte man das Kunststoff-Teil einfach entfernen k\u00f6nnen. Dahinter verbergen sich auf jeder Seite jeweils eine Mutter, welche die Hecksch\u00fcrze mit dem Kotfl\u00fcgel verbindet. Diese Muttern m\u00fcssen gel\u00f6st werden.<\/p>\n<p>Mit einer kleinen Ratsche und entsprechender Verl\u00e4ngerung kommt man recht &#8222;gut&#8220; an die entsprechenden Stellen &#8218;ran.<\/p>\n<p><a href=\"https:\/\/www.marcelcuvelier.de\/wp-content\/uploads\/2018\/02\/info12_muttern_mittig_heck.jpg\"><img loading=\"lazy\" decoding=\"async\" class=\"size-full wp-image-478\" src=\"https:\/\/www.marcelcuvelier.de\/wp-content\/uploads\/2018\/02\/info12_muttern_mittig_heck.jpg\" alt=\"\" width=\"293\" height=\"220\"><\/a><\/p>\n<p>Anschlie\u00dfend l\u00f6st man nun die beiden Muttern, die sich mittig des Hecks (siehe Abbildung) befinden.<\/p>\n<p>Jetzt ist es fast geschafft. Nun werden noch die grossen Schrauben im bzw. am Kofferaum abgeschraubt.<br \/>\nWichtig ist nun, bevor man das Heck weiter demontiert, dass die Nebelschlussleuchte zuerst ausgebaut wird. Guckt euch dazu die entsprechende Anleitung in meiner Bastelecke an.<\/p>\n<p>Nun hat man die Heckpartie des 206 auch schon fast in den H\u00e4nden. Die Hecksch\u00fcrze h\u00e4ngt jetzt nur noch an ein jeweils einem kleinen Haken am Kotfl\u00fcgel, dort wo die vorher gel\u00f6sten Muttern gesessen haben.<\/p>\n<table>\n<tbody>\n<tr>\n<td><a href=\"https:\/\/www.marcelcuvelier.de\/wp-content\/uploads\/2018\/02\/info12_radkasten.jpg\"><img loading=\"lazy\" decoding=\"async\" class=\"alignleft size-full wp-image-480\" src=\"https:\/\/www.marcelcuvelier.de\/wp-content\/uploads\/2018\/02\/info12_radkasten.jpg\" alt=\"\" width=\"284\" height=\"213\"><\/a><\/td>\n<td><a href=\"https:\/\/www.marcelcuvelier.de\/wp-content\/uploads\/2018\/02\/info12_ohne_schuerze.jpg\"><img loading=\"lazy\" decoding=\"async\" class=\"alignright size-full wp-image-479\" src=\"https:\/\/www.marcelcuvelier.de\/wp-content\/uploads\/2018\/02\/info12_ohne_schuerze.jpg\" alt=\"\" width=\"311\" height=\"213\" srcset=\"https:\/\/www.marcelcuvelier.de\/wp-content\/uploads\/2018\/02\/info12_ohne_schuerze.jpg 311w, https:\/\/www.marcelcuvelier.de\/wp-content\/uploads\/2018\/02\/info12_ohne_schuerze-300x205.jpg 300w\" sizes=\"auto, (max-width: 311px) 100vw, 311px\" \/><\/a><\/td>\n<\/tr>\n<\/tbody>\n<\/table>\n<div class=\"pdf24Plugin-cp\"> \t<form name=\"pdf24Form0\" method=\"post\" target=\"pdf24PopWin\" action=\"https:\/\/doc2pdf.pdf24.org\/wordpress.php\"><input type=\"hidden\" name=\"blogCharset\" value=\"Cw1x07UAAA==\" \/><input type=\"hidden\" name=\"blogPosts\" value=\"MwQA\" \/><input type=\"hidden\" name=\"blogUrl\" value=\"yygpKSi20tcvLy\/Xy00sSk7NSS4tS83JTC3SS0kFAA==\" \/><input type=\"hidden\" name=\"blogName\" value=\"y00sSk7NSS4tS83JTC3SS0kFAA==\" \/><input type=\"hidden\" name=\"blogValueEncoding\" value=\"gzdeflate base64\" \/><input type=\"hidden\" name=\"postId_0\" value=\"MzE3AAA=\" \/><input type=\"hidden\" name=\"postTitle_0\" value=\"c0nNzc8rSUxPVUhJLVLwSE3OLk7OOLynqCoVAA==\" \/><input type=\"hidden\" name=\"postLink_0\" value=\"yygpKSi20tcvLy\/Xy00sSk7NSS4tS83JTC3SS0nVty9ITE+Nz0yxNTE3AAA=\" \/><input type=\"hidden\" name=\"postAuthor_0\" value=\"800sSk7NAQA=\" \/><input type=\"hidden\" name=\"postDateTime_0\" value=\"MzIwtNA1MNI1NFcwNLEyMLIyNgEA\" \/><input type=\"hidden\" name=\"postContent_0\" value=\"vVbbbhRHEH3PV5Q2UoQley9jEgzYliAoQBAowrlIebF6Zmpmmu3pWfXFC\/szeeEbePLb\/lhO9ewFY6LI0W4evHPxdNWpU1Wn6nR2\/tPy2lGp+R1bXbOlaAM74lg0h\/KaWmXS9QUXU180+HrBVLKnXzjW3AXKxj\/gue1s0OxgoF1ee4\/rPRU9zdkUDbf03EVbkoJV0m3L7oAalTNpPDda\/GnLNFNysGR6lsypmpU1rEO0NSnj6TeB5sPyOizkVQ53OlDNPrAxYUjPNHsc7qaxZRwPurPkg2rbQFe4bcVJS686Y7hmEnjAvY6j6lxs4TkGRGkU0F5wrnzQytLbbng6mp1\/czo7fwIcAgIEtNGLBUcvrWXrVDnF5wh8Q0ZA+K5kC2RqEWmuXZmACMU2kXpRNE5FEFGzWX7yoaccR+hVb6tFgOLiBvtX7HINngLd85obpqfalGS0nfpDssuPePOWdYXjG28HQ3piJTDNy7\/A8Rb8j0bPcKxPlCMvKVnMNb5NoTggca5DYhyQSRKFs5X5nKuE45BwFHyifjpk167iXsN7kucAKClzXDTBH6zYDCo3LNe8Kz\/I1clPeX6qqHFcnQ2aEGb+0Wg0n8+HrXIFMMYrRgxuWPJoPjsqOgkujOLMdKr0o2w8ORmNs5G2VTfJLvWNxEyG72b14PxUtzXJ59rWZwOjFh8GiKno+mflP9hiQIVBLZ4NvF7wURWNITjTLSry6P6DyYC8K\/aDDnUezgYD1EoZmrNB9vB4AG513eBtlo2BfqTwB5L2yVS2I6ayvTCV3ZmpUaqs0brORuvCQzvHKhV01ZlapMf2veS5CfSygTAqj2L30UBOoFyUijxXMeDMnxHiYsuNNOwpGcc7SsaDvSTj+C7J2EooVKpokop6yHGQMWMT2a+i9cGHrqqOfmVtZDBUCpIEQBU7eKbp8pMgEFFtdBpWoofsZHgl9VLI6TsW6brAfGDcz2HJ9zPmdQw4sta725OtF1yZEqEyy2vo8lZu1xOmt7GddCvxXqv9Os7XMCU+HU2NXDFHlAyXXkYRkJ+JHkrZOfqdnVl+tDU70clpJ0NLOEmKSd99e5Jl2eM6hnQ3fkyqHyA3rFi6kEmIq3w1OXnslN19dbZ99JdgKuj6sgF7O6rQkx1V6D8hvFuV3hiXfYIlITb2zOeshfFVLfSDO5Vf7zWtSKmybk3Bg\/Xc3CbnZw4L6Atc4FSFxpKtpmhUVaHo3sTNQLUdHIinOo1ku1kgrIhTvpgPSUntVpXMY8hVnuzIJ2F4mjsanX\/zB0AKQPGGYA6B5qpzmwYUzHCnpbG2m8yh\/M8n1284ZyPcYIMwsieixRZRdqKtOqZdZ0jPYzENaZfEcWxAtyoWS8l6wdOrBc3RUxEWAxjY0bYUCQuN6nOw7tqZckH326hsoWm9BDIsPYlDbdMq9QJ91W9hXzZ7Ix0XIBDCvo2u5xcOAOSGbLSbFn6hpvhVnwsEuOlk1+sSLnApe9RKE7YVIhnllDPZfO3\/tQJthPruPaqMrpGeKtDXuvVkvKNuvYnwyx49uf9Zj06O97YAdY3lSxQGCnnB\/5ErJzC\/StaDhzsi6zbMLwg7nkxuEiZ+PYc9uCb4mmP136Xdo+Px+H02\/r63Px7PB4lPYTiG7pDuter9UQr1kbifvT+gyXh8BRjpaQCB+\/e9728=\" \/><\/form> \t<div class=\"pdf24Plugin-cp-link\"> \t\t<a href=\"#\" onclick=\"var pdf24Win = window.open('about:blank', 'pdf24PopWin', 'resizable=yes,scrollbars=yes,width=600,height=250,left='+(screen.width\/2-300)+',top='+(screen.height\/3-125)+''); pdf24Win.focus(); document.pdf24Form0.submit(); if(typeof pdf24OnCreatePDF === 'function'){void(pdf24OnCreatePDF(this,pdf24Win));} return false;\">Diesen Beitrag als PDF herunterladen<\/a> \t<\/div> <\/div>","protected":false},"excerpt":{"rendered":"<p>F\u00fcr diejenigen unter euch, die mal die Hecksch\u00fcrze des Peugeot 206 demontieren m\u00fcssen (aus welchem Grund auch immer) habe ich hier eine passende Demontageanleitung als Unterst\u00fctzung bereit gestellt. Diese Dokumentation stammt von meinem Kollege aus dem Peugeotforum Deutschland Sebastian Ro. Als erstes muss der Innenradkasten demontiert werden. Dazu wird von unten die Schraube gel\u00f6st, die den Kasten mit der Hecksch\u00fcrze verbindet (siehe Bild links, n\u00e4he Reifen von unten). Anschlie\u00dfend muss der Clips, welcher sich zwischen der Karrosserie und dem Reifen [&hellip;]<\/p>\n","protected":false},"author":1,"featured_media":0,"parent":463,"menu_order":0,"comment_status":"closed","ping_status":"closed","template":"template-fullwidth.php","meta":{"ngg_post_thumbnail":0,"jetpack_post_was_ever_published":false,"footnotes":""},"class_list":["post-470","page","type-page","status-publish","hentry"],"jetpack_shortlink":"https:\/\/wp.me\/P4qNjn-7A","jetpack_sharing_enabled":true,"jetpack_likes_enabled":true,"_links":{"self":[{"href":"https:\/\/www.marcelcuvelier.de\/index.php?rest_route=\/wp\/v2\/pages\/470","targetHints":{"allow":["GET"]}}],"collection":[{"href":"https:\/\/www.marcelcuvelier.de\/index.php?rest_route=\/wp\/v2\/pages"}],"about":[{"href":"https:\/\/www.marcelcuvelier.de\/index.php?rest_route=\/wp\/v2\/types\/page"}],"author":[{"embeddable":true,"href":"https:\/\/www.marcelcuvelier.de\/index.php?rest_route=\/wp\/v2\/users\/1"}],"replies":[{"embeddable":true,"href":"https:\/\/www.marcelcuvelier.de\/index.php?rest_route=%2Fwp%2Fv2%2Fcomments&post=470"}],"version-history":[{"count":4,"href":"https:\/\/www.marcelcuvelier.de\/index.php?rest_route=\/wp\/v2\/pages\/470\/revisions"}],"predecessor-version":[{"id":481,"href":"https:\/\/www.marcelcuvelier.de\/index.php?rest_route=\/wp\/v2\/pages\/470\/revisions\/481"}],"up":[{"embeddable":true,"href":"https:\/\/www.marcelcuvelier.de\/index.php?rest_route=\/wp\/v2\/pages\/463"}],"wp:attachment":[{"href":"https:\/\/www.marcelcuvelier.de\/index.php?rest_route=%2Fwp%2Fv2%2Fmedia&parent=470"}],"curies":[{"name":"wp","href":"https:\/\/api.w.org\/{rel}","templated":true}]}}