{"id":509,"date":"2018-02-17T16:58:16","date_gmt":"2018-02-17T15:58:16","guid":{"rendered":"https:\/\/www.marcelcuvelier.de\/?page_id=509"},"modified":"2019-01-15T13:24:09","modified_gmt":"2019-01-15T12:24:09","slug":"smart-bastelecke","status":"publish","type":"page","link":"https:\/\/www.marcelcuvelier.de\/?page_id=509","title":{"rendered":"Smart Bastelecke"},"content":{"rendered":"<p>Hier findet ihr eine kleine Sammlung meiner Umbau-Erfahrungen mit dem Smart ForTwo.&nbsp; Einfach eines der hier unten aufgef\u00fchrten Themen ausw\u00e4hlen und dann die zugeh\u00f6rigen Informationen anschauen. Unter anderem erl\u00e4utere ich, wie die Smart T\u00fcrpanele ausgebaut bzw. ausgetauscht werden k\u00f6nnen, wie man das Autoradio austauscht und eine Anleitung zum Austausch der Originalen Lautsprecher findet Ihr hier auch.<\/p>\n<ul>\n<li><a href=\"https:\/\/www.marcelcuvelier.de\/?page_id=514\">Standard Smart Autoradio durch Fremdherstellerradio ersetzen<\/a><\/li>\n<li><a href=\"https:\/\/www.marcelcuvelier.de\/?page_id=544\">Smart T\u00fcrpanele ausbauen oder austauschen<\/a><\/li>\n<li><a href=\"https:\/\/www.marcelcuvelier.de\/?page_id=776\">Smart Frontlautsprecher austauschen<\/a><\/li>\n<\/ul>\n<div class=\"pdf24Plugin-cp\"> \t<form name=\"pdf24Form0\" method=\"post\" target=\"pdf24PopWin\" action=\"https:\/\/doc2pdf.pdf24.org\/wordpress.php\"><input type=\"hidden\" name=\"blogCharset\" value=\"Cw1x07UAAA==\" \/><input type=\"hidden\" name=\"blogPosts\" value=\"MwQA\" \/><input type=\"hidden\" name=\"blogUrl\" value=\"yygpKSi20tcvLy\/Xy00sSk7NSS4tS83JTC3SS0kFAA==\" \/><input type=\"hidden\" name=\"blogName\" value=\"y00sSk7NSS4tS83JTC3SS0kFAA==\" \/><input type=\"hidden\" name=\"blogValueEncoding\" value=\"gzdeflate base64\" \/><input type=\"hidden\" name=\"postId_0\" value=\"MzWwBAA=\" \/><input type=\"hidden\" name=\"postTitle_0\" value=\"C85NLCpRcEosLknNSU3OTgUA\" \/><input type=\"hidden\" name=\"postLink_0\" value=\"yygpKSi20tcvLy\/Xy00sSk7NSS4tS83JTC3SS0nVty9ITE+Nz0yxNTWwBAA=\" \/><input type=\"hidden\" name=\"postAuthor_0\" value=\"800sSk7NAQA=\" \/><input type=\"hidden\" name=\"postDateTime_0\" value=\"MzIwtNA1MNI1NFcwNLMyMLIyNAMA\" \/><input type=\"hidden\" name=\"postContent_0\" value=\"pZGxTuRADIb7ewqLgupIdBJ3SFzIiYIVSEhX7FIjb8bJjJhxImeGSPs8PAMVXV4MT3YRFFTQzMSO7e\/3P9VQXzsSaB0biuCsADkmePDLtcYQfOIOQg4F7sIW08mVtGhF08QQXARDAdYBJcKql83UF8e8HYe\/cOW4xcYuE0etErCZlThqI6a2o3Z+sZKjjaWwJMdpfrJePxMbMMgMxhHsUkd2fhaXkTfc9hIwup5zC4+NxURcwJ0OFk0oSRWR+PkpaYbANfYnTDonz9or3cwvMiCTpwztSPeKsN1NxT6MejY2wkRiFPIwP7PC9kMCqigc4TLFXtC4Pre8NWTZi3WXrBbG7N0uBa09VCw2\/NdFHGNe81a54yDU2PdXuLEHpzA1tqjKof5RJa+Hd3WFYIXaiyMb4zCel+U0TYVu1JBv0iN5bSsMlf8G7OjemYvfv06P6nVUU1DMYfd34SaJSlqpXUb5YyTvSfa\/NKS4I65KrKtSyV\/Dn2b8J45v85NBb5YtD958F3Z29ucNtpKeo\/\/o7eeUMvv6Cg==\" \/><\/form> \t<div class=\"pdf24Plugin-cp-link\"> \t\t<a href=\"#\" onclick=\"var pdf24Win = window.open('about:blank', 'pdf24PopWin', 'resizable=yes,scrollbars=yes,width=600,height=250,left='+(screen.width\/2-300)+',top='+(screen.height\/3-125)+''); pdf24Win.focus(); document.pdf24Form0.submit(); if(typeof pdf24OnCreatePDF === 'function'){void(pdf24OnCreatePDF(this,pdf24Win));} return false;\">Diesen Beitrag als PDF herunterladen<\/a> \t<\/div> <\/div>","protected":false},"excerpt":{"rendered":"<p>Hier findet ihr eine kleine Sammlung meiner Umbau-Erfahrungen mit dem Smart ForTwo.&nbsp; Einfach eines der hier unten aufgef\u00fchrten Themen ausw\u00e4hlen und dann die zugeh\u00f6rigen Informationen anschauen. Unter anderem erl\u00e4utere ich, wie die Smart T\u00fcrpanele ausgebaut bzw. ausgetauscht werden k\u00f6nnen, wie man das Autoradio austauscht und eine Anleitung zum Austausch der Originalen Lautsprecher findet Ihr hier auch. Standard Smart Autoradio durch Fremdherstellerradio ersetzen Smart T\u00fcrpanele ausbauen oder austauschen Smart Frontlautsprecher austauschen Diesen Beitrag als PDF herunterladen<\/p>\n","protected":false},"author":1,"featured_media":751,"parent":369,"menu_order":0,"comment_status":"closed","ping_status":"closed","template":"","meta":{"ngg_post_thumbnail":0,"jetpack_post_was_ever_published":false,"footnotes":""},"class_list":["post-509","page","type-page","status-publish","has-post-thumbnail","hentry"],"jetpack_shortlink":"https:\/\/wp.me\/P4qNjn-8d","jetpack_sharing_enabled":true,"jetpack_likes_enabled":true,"_links":{"self":[{"href":"https:\/\/www.marcelcuvelier.de\/index.php?rest_route=\/wp\/v2\/pages\/509","targetHints":{"allow":["GET"]}}],"collection":[{"href":"https:\/\/www.marcelcuvelier.de\/index.php?rest_route=\/wp\/v2\/pages"}],"about":[{"href":"https:\/\/www.marcelcuvelier.de\/index.php?rest_route=\/wp\/v2\/types\/page"}],"author":[{"embeddable":true,"href":"https:\/\/www.marcelcuvelier.de\/index.php?rest_route=\/wp\/v2\/users\/1"}],"replies":[{"embeddable":true,"href":"https:\/\/www.marcelcuvelier.de\/index.php?rest_route=%2Fwp%2Fv2%2Fcomments&post=509"}],"version-history":[{"count":5,"href":"https:\/\/www.marcelcuvelier.de\/index.php?rest_route=\/wp\/v2\/pages\/509\/revisions"}],"predecessor-version":[{"id":809,"href":"https:\/\/www.marcelcuvelier.de\/index.php?rest_route=\/wp\/v2\/pages\/509\/revisions\/809"}],"up":[{"embeddable":true,"href":"https:\/\/www.marcelcuvelier.de\/index.php?rest_route=\/wp\/v2\/pages\/369"}],"wp:featuredmedia":[{"embeddable":true,"href":"https:\/\/www.marcelcuvelier.de\/index.php?rest_route=\/wp\/v2\/media\/751"}],"wp:attachment":[{"href":"https:\/\/www.marcelcuvelier.de\/index.php?rest_route=%2Fwp%2Fv2%2Fmedia&parent=509"}],"curies":[{"name":"wp","href":"https:\/\/api.w.org\/{rel}","templated":true}]}}