{"id":514,"date":"2018-02-18T13:29:50","date_gmt":"2018-02-18T12:29:50","guid":{"rendered":"https:\/\/www.marcelcuvelier.de\/?page_id=514"},"modified":"2018-02-18T14:01:48","modified_gmt":"2018-02-18T13:01:48","slug":"smart-autoradio-gegen-fremdherstellerradio-austauschen","status":"publish","type":"page","link":"https:\/\/www.marcelcuvelier.de\/?page_id=514","title":{"rendered":"Smart Autoradio durch Fremdherstellerradio ersetzen"},"content":{"rendered":"<p>Unser Smart Cabrio war lediglich mit einem Standard Smart Radio, Typ Radio 9, ausgestattet. Da es von den Funktionen her eher mager ausgestattet war und speziell keine MP3-Unterst\u00fctzung bot, haben wir uns f\u00fcr ein neues Autoradio entschieden, genauer gesagt f\u00fcr das Blaupunkt Hamburg MP68. Das Hamburg MP68 verf\u00fcgt \u00fcber eine integrierte Bluetooth Freisprecheinrichtung, verwaltet bis zu 500 Telefonbucheintr\u00e4ge und verf\u00fcgt neben der Bluetooth-Schnittstelle f\u00fcr kabellose Verbindungen auch noch zus\u00e4tzlich \u00fcber einen USB-Steckplatz f\u00fcr externe Datenspeicher.<\/p>\n<p>Die folgende Anleitung beschreibt, wie man das Original Smart Autoradio ausbaut und gegen ein Fremdherstellerradio austauscht. F\u00fcr den Ausbau wird als Werkzeug lediglich ein Torxschraubendreher ben\u00f6tigt.<\/p>\n<p>Hier mal ein kleiner Vorher\/Nachher-Vergleich:<\/p>\n<table>\n<tbody>\n<tr>\n<td><a href=\"https:\/\/www.marcelcuvelier.de\/wp-content\/uploads\/2018\/02\/info01_vorher01.jpg\"><img loading=\"lazy\" decoding=\"async\" class=\"alignleft size-full wp-image-515\" src=\"https:\/\/www.marcelcuvelier.de\/wp-content\/uploads\/2018\/02\/info01_vorher01.jpg\" alt=\"\" width=\"292\" height=\"300\"><\/a><\/td>\n<td><a href=\"https:\/\/www.marcelcuvelier.de\/wp-content\/uploads\/2018\/02\/info01_nachher01.jpg\"><img loading=\"lazy\" decoding=\"async\" class=\"alignright size-full wp-image-516\" src=\"https:\/\/www.marcelcuvelier.de\/wp-content\/uploads\/2018\/02\/info01_nachher01.jpg\" alt=\"\" width=\"295\" height=\"300\"><\/a><\/td>\n<\/tr>\n<\/tbody>\n<\/table>\n<p>Um das Originalradio entfernen zu k\u00f6nnen muss grunds\u00e4tzlich die Mittelkonsolenverkleidung demontiert werden. Diese ist prim\u00e4r mit Clips gehalten, jedoch auch noch mit EINER Torxschraube. Um an diese zu gelangen muss man dann jedoch zuvor die kleine Schalterleiste, in der sich unter anderem der Warnblinker- und die Zentralverriegelungsschalter befinden, unterhalb der Mittelkonsole entfernen.<\/p>\n<p><a href=\"https:\/\/www.marcelcuvelier.de\/wp-content\/uploads\/2018\/02\/info01_schalterleiste_abziehen.jpg\"><img loading=\"lazy\" decoding=\"async\" class=\"alignright size-full wp-image-517\" src=\"https:\/\/www.marcelcuvelier.de\/wp-content\/uploads\/2018\/02\/info01_schalterleiste_abziehen.jpg\" alt=\"\" width=\"293\" height=\"149\"><\/a>Diese kleine Schalterleiste wird ausschlie\u00dflich durch Clips in der Mittelkonsole bzw. im Armaturenbrett gehalten, wodurch diese &#8222;ganz einfach&#8220; abzuziehen ist. Durch einen entsprechenden gleichzeitigen Ruck auf der rechten wie auch auf der linken Seite der Leiste, l\u00e4sst sich diese recht simpel abziehen. Keine Angst dabei. Einfach mal vorsichtig versuchen.<\/p>\n<p>Wenn man nun die Leiste abgezogen hat, sollte man diese aus Sicherheitsgr\u00fcnden von dem angeklemmten Systemstecker abziehen und &#8222;in Sicherheit&#8220; bringen, damit diese nicht versehentlich verkratzt oder auf irgend einer anderen Art und Weise in Mitleidenschaft gezogen wird. Das sollte man grunds\u00e4tzlich mit jedem demontierten Teil machen, um sich unn\u00f6tigen \u00c4rger zu ersparen.<\/p>\n<p>Der Systemstecker ist von hinten in der Schalterleiste eingesteckt und durch einen kleinen grauen mechanischen Hebel in der selben fixiert. Zum L\u00f6sen muss man lediglich diesen Hebel nach links schieben (siehe Abbildung).<\/p>\n<p>&nbsp;<\/p>\n<table>\n<tbody>\n<tr>\n<td><a href=\"https:\/\/www.marcelcuvelier.de\/wp-content\/uploads\/2018\/02\/info01_schalterleiste_abgezogen.jpg\"><img loading=\"lazy\" decoding=\"async\" class=\"alignleft size-full wp-image-523\" src=\"https:\/\/www.marcelcuvelier.de\/wp-content\/uploads\/2018\/02\/info01_schalterleiste_abgezogen.jpg\" alt=\"\" width=\"300\" height=\"225\"><\/a><\/td>\n<td><a href=\"https:\/\/www.marcelcuvelier.de\/wp-content\/uploads\/2018\/02\/info01_schalterleiste_stecker_abziehen.jpg\"><img loading=\"lazy\" decoding=\"async\" class=\"alignright size-full wp-image-524\" src=\"https:\/\/www.marcelcuvelier.de\/wp-content\/uploads\/2018\/02\/info01_schalterleiste_stecker_abziehen.jpg\" alt=\"\" width=\"300\" height=\"225\"><\/a><\/td>\n<\/tr>\n<\/tbody>\n<\/table>\n<p>Nun gelangt man an der bereits angesprochenen Schraube, die die Mittelkonsolenverkleidung an das Armaturenbrett fixiert. Hier sollte man mit einem magnetischen Torxschraubendreher arbeiten, damit die Schraube nicht versehentlich ins Innere des Armaturenbretts verschwinden kann. Diese Schraube muss entfernt werden, um dann anschlie\u00dfend die Verkleidung &#8222;abziehen&#8220; zu k\u00f6nnen.<\/p>\n<table>\n<tbody>\n<tr>\n<td><a href=\"https:\/\/www.marcelcuvelier.de\/wp-content\/uploads\/2018\/02\/info01_mittelkonsolenbefestigung_schraube.jpg\"><img loading=\"lazy\" decoding=\"async\" class=\"alignleft size-full wp-image-525\" src=\"https:\/\/www.marcelcuvelier.de\/wp-content\/uploads\/2018\/02\/info01_mittelkonsolenbefestigung_schraube.jpg\" alt=\"\" width=\"300\" height=\"225\"><\/a><\/td>\n<td><a href=\"https:\/\/www.marcelcuvelier.de\/wp-content\/uploads\/2018\/02\/info01_mittelkonsolenbefestigung_schraube_loesen.jpg\"><img loading=\"lazy\" decoding=\"async\" class=\"alignright size-full wp-image-526\" src=\"https:\/\/www.marcelcuvelier.de\/wp-content\/uploads\/2018\/02\/info01_mittelkonsolenbefestigung_schraube_loesen.jpg\" alt=\"\" width=\"300\" height=\"225\"><\/a><\/td>\n<\/tr>\n<tr>\n<td><a href=\"https:\/\/www.marcelcuvelier.de\/wp-content\/uploads\/2018\/02\/info01_mkverkleidung_abziehen_links.jpg\"><img loading=\"lazy\" decoding=\"async\" class=\"alignleft size-full wp-image-527\" src=\"https:\/\/www.marcelcuvelier.de\/wp-content\/uploads\/2018\/02\/info01_mkverkleidung_abziehen_links.jpg\" alt=\"\" width=\"300\" height=\"400\" srcset=\"https:\/\/www.marcelcuvelier.de\/wp-content\/uploads\/2018\/02\/info01_mkverkleidung_abziehen_links.jpg 300w, https:\/\/www.marcelcuvelier.de\/wp-content\/uploads\/2018\/02\/info01_mkverkleidung_abziehen_links-225x300.jpg 225w\" sizes=\"auto, (max-width: 300px) 100vw, 300px\" \/><\/a><\/td>\n<td><a href=\"https:\/\/www.marcelcuvelier.de\/wp-content\/uploads\/2018\/02\/info01_mkverkleidung_abziehen_rechts.jpg\"><img loading=\"lazy\" decoding=\"async\" class=\"alignright size-full wp-image-528\" src=\"https:\/\/www.marcelcuvelier.de\/wp-content\/uploads\/2018\/02\/info01_mkverkleidung_abziehen_rechts.jpg\" alt=\"\" width=\"300\" height=\"400\" srcset=\"https:\/\/www.marcelcuvelier.de\/wp-content\/uploads\/2018\/02\/info01_mkverkleidung_abziehen_rechts.jpg 300w, https:\/\/www.marcelcuvelier.de\/wp-content\/uploads\/2018\/02\/info01_mkverkleidung_abziehen_rechts-225x300.jpg 225w\" sizes=\"auto, (max-width: 300px) 100vw, 300px\" \/><\/a><\/td>\n<\/tr>\n<\/tbody>\n<\/table>\n<p>Auf den folgenden beiden Abbildungen sieht man, wie die Mittelkonsolenverkleidung abgezogen aussieht und an welchen Stellen dieses mit der Armaturentafel verbunden ist.<\/p>\n<table>\n<tbody>\n<tr>\n<td>\n<a href=\"https:\/\/www.marcelcuvelier.de\/wp-content\/uploads\/2018\/02\/info01_mkv_abgezogen.jpg\"><img loading=\"lazy\" decoding=\"async\" class=\"alignleft size-full wp-image-530\" src=\"https:\/\/www.marcelcuvelier.de\/wp-content\/uploads\/2018\/02\/info01_mkv_abgezogen.jpg\" alt=\"\" width=\"300\" height=\"350\" srcset=\"https:\/\/www.marcelcuvelier.de\/wp-content\/uploads\/2018\/02\/info01_mkv_abgezogen.jpg 300w, https:\/\/www.marcelcuvelier.de\/wp-content\/uploads\/2018\/02\/info01_mkv_abgezogen-257x300.jpg 257w\" sizes=\"auto, (max-width: 300px) 100vw, 300px\" \/><\/a>\n<\/td>\n<td>\n<a href=\"https:\/\/www.marcelcuvelier.de\/wp-content\/uploads\/2018\/02\/info01_mkv_allein.jpg\"><img loading=\"lazy\" decoding=\"async\" class=\"alignright size-full wp-image-531\" src=\"https:\/\/www.marcelcuvelier.de\/wp-content\/uploads\/2018\/02\/info01_mkv_allein.jpg\" alt=\"\" width=\"300\" height=\"350\" srcset=\"https:\/\/www.marcelcuvelier.de\/wp-content\/uploads\/2018\/02\/info01_mkv_allein.jpg 300w, https:\/\/www.marcelcuvelier.de\/wp-content\/uploads\/2018\/02\/info01_mkv_allein-257x300.jpg 257w\" sizes=\"auto, (max-width: 300px) 100vw, 300px\" \/><\/a>\n<\/td>\n<\/tr>\n<\/tbody>\n<\/table>\n<p>Und so sieht dann die Armaturentafel ohne die Mittelkonsolenverkleidung aus:<\/p>\n<p><a href=\"https:\/\/www.marcelcuvelier.de\/wp-content\/uploads\/2018\/02\/info01_armaturentafel_ohne_mkv.jpg\"><img loading=\"lazy\" decoding=\"async\" src=\"https:\/\/www.marcelcuvelier.de\/wp-content\/uploads\/2018\/02\/info01_armaturentafel_ohne_mkv.jpg\" alt=\"\" width=\"610\" height=\"458\" class=\"aligncenter size-full wp-image-532\" srcset=\"https:\/\/www.marcelcuvelier.de\/wp-content\/uploads\/2018\/02\/info01_armaturentafel_ohne_mkv.jpg 610w, https:\/\/www.marcelcuvelier.de\/wp-content\/uploads\/2018\/02\/info01_armaturentafel_ohne_mkv-300x225.jpg 300w\" sizes=\"auto, (max-width: 610px) 100vw, 610px\" \/><\/a><\/p>\n<table>\n<tr>\n<td>\n<a href=\"https:\/\/www.marcelcuvelier.de\/wp-content\/uploads\/2018\/02\/info01_radioschrauben_links.jpg\"><img decoding=\"async\" src=\"https:\/\/www.marcelcuvelier.de\/wp-content\/uploads\/2018\/02\/info01_radioschrauben_links.jpg\" \/><\/a>\n<\/td>\n<td>\n<a href=\"https:\/\/www.marcelcuvelier.de\/wp-content\/uploads\/2018\/02\/info01_radioschrauben_rechts.jpg\"><img decoding=\"async\" src=\"https:\/\/www.marcelcuvelier.de\/wp-content\/uploads\/2018\/02\/info01_radioschrauben_rechts.jpg\" \/><\/a>\n<\/td>\n<td>\nNun kann man das Radio auch schon fast der Mittelkonsole entnehmen. Daf\u00fcr m\u00fcssen lediglich die vier Torxschrauben, die den Doppel-DIN-Schacht an der Konsole fixieren gel\u00f6st werden.<\/p>\n<p>Auf den Abbildungen links sind die entsprechenden Schrauben markiert.\n<\/td>\n<\/tr>\n<\/table>\n<p>Jetzt ist der Weg frei, das Original Smart Radio zu entfernen. Nun braucht man es lediglich nach vorne zu ziehen, die drei Steckverbindungen abzuklemmen, um dann das Ger\u00e4t in den H\u00e4nden zu halten.<\/p>\n<table>\n<tr>\n<td>\n<a href=\"https:\/\/www.marcelcuvelier.de\/wp-content\/uploads\/2018\/02\/info01_radio_herausgezogen.jpg\"><img loading=\"lazy\" decoding=\"async\" src=\"https:\/\/www.marcelcuvelier.de\/wp-content\/uploads\/2018\/02\/info01_radio_herausgezogen.jpg\" alt=\"\" width=\"300\" height=\"225\" class=\"alignleft size-full wp-image-539\" \/><\/a>\n<\/td>\n<td>\n<a href=\"https:\/\/www.marcelcuvelier.de\/wp-content\/uploads\/2018\/02\/info01_radio_anschlussstecker.jpg\"><img loading=\"lazy\" decoding=\"async\" src=\"https:\/\/www.marcelcuvelier.de\/wp-content\/uploads\/2018\/02\/info01_radio_anschlussstecker.jpg\" alt=\"\" width=\"300\" height=\"225\" class=\"alignright size-full wp-image-540\" \/><\/a>\n<\/td>\n<\/tr>\n<\/table>\n<p>Nun steht dem Einbau des neuen Autoradios nichts mehr im Wege. Im Smart lassen sich nun nat\u00fcrlich auch Doppel-DIN-Rahmen-Radios einbauen. Wir haben uns aber f\u00fcr ein Einzelschachtradio, genauer gesagt f\u00fcr das Blaupunkt Hamburg MP68 entschieden. Um ein Einzelschachtradio in dem Doppel-DIN-Rahmen zu verbauen ben\u00f6tigt man einen entsprechenden Adapter, den man im gut sortierten Autozubeh\u00f6r f\u00fcr unter 20,&#8211; Euro erh\u00e4lt. In diesem Preis befindet sich dann sogar schon der zweite Einbauschacht, der als neue zus\u00e4tzliche Ablage genutzt werden kann. Oder man nutzt den zweiten Schachteinschub z.B. f\u00fcr die Montage eines TFT-Displays (z.B. beim Einbau eines Car-PC&#8217;s oder Navigationssystems).<\/p>\n<p>Zudem rate ich jedem zum Kauf eines Kabeladapters, der die vorhandene Original Smartverkabelung entsprechend verl\u00e4ngert und die M\u00f6glichkeit bietet, die Leitungen korrekt zu tauschen, so dass diese zum neuen &#8222;Fremd-&#8222;Radio passen. Somit muss man nicht die Originalen Leitungen ver\u00e4ndern, abknipsen und \u00e4hnliches. Den angesprochenen Adapter erh\u00e4lt man in jedem guten Car-Hifi-Markt f\u00fcr ca. 6,&#8211; Euro.<br \/>\n&nbsp;<br \/>\n<a href=\"https:\/\/www.marcelcuvelier.de\/wp-content\/uploads\/2018\/02\/info01_blaupunkt_hamburg_mp68_eingebaut.jpg\"><img loading=\"lazy\" decoding=\"async\" src=\"https:\/\/www.marcelcuvelier.de\/wp-content\/uploads\/2018\/02\/info01_blaupunkt_hamburg_mp68_eingebaut.jpg\" alt=\"\" width=\"610\" height=\"386\" class=\"aligncenter size-full wp-image-541\" srcset=\"https:\/\/www.marcelcuvelier.de\/wp-content\/uploads\/2018\/02\/info01_blaupunkt_hamburg_mp68_eingebaut.jpg 610w, https:\/\/www.marcelcuvelier.de\/wp-content\/uploads\/2018\/02\/info01_blaupunkt_hamburg_mp68_eingebaut-300x190.jpg 300w\" sizes=\"auto, (max-width: 610px) 100vw, 610px\" \/><\/a><br \/>\nDas von mir eingebaute Radio beinhaltet eine Bluetooth Freisprecheinrichtung, wodurch ich noch ein Mikrofon im Wageninneren anbringen musste. Dieses habe ich zun\u00e4chst direkt links neben dem Autoradio angebracht, wobei ich mittlerweile \u00fcberlege, dieses wieder an die A-S\u00e4ule zu montieren, da Gespr\u00e4chspartner am anderen Ende der Verbindung durch den aktuellen Montageort, das Blinkerrelais w\u00e4hrend eines Telefonats st\u00f6rend laut h\u00f6ren.<\/p>\n<div class=\"pdf24Plugin-cp\"> \t<form name=\"pdf24Form0\" method=\"post\" target=\"pdf24PopWin\" action=\"https:\/\/doc2pdf.pdf24.org\/wordpress.php\"><input type=\"hidden\" name=\"blogCharset\" value=\"Cw1x07UAAA==\" \/><input type=\"hidden\" name=\"blogPosts\" value=\"MwQA\" \/><input type=\"hidden\" name=\"blogUrl\" value=\"yygpKSi20tcvLy\/Xy00sSk7NSS4tS83JTC3SS0kFAA==\" \/><input type=\"hidden\" name=\"blogName\" value=\"y00sSk7NSS4tS83JTC3SS0kFAA==\" \/><input type=\"hidden\" name=\"blogValueEncoding\" value=\"gzdeflate base64\" \/><input type=\"hidden\" name=\"postId_0\" value=\"MzU0AQA=\" \/><input type=\"hidden\" name=\"postTitle_0\" value=\"C85NLCpRcCwtyS9KTMnMV0gpLUrOUHArSs1NyUgtKi5JzclJLYJIAbmpJVWpeQA=\" \/><input type=\"hidden\" name=\"postLink_0\" value=\"yygpKSi20tcvLy\/Xy00sSk7NSS4tS83JTC3SS0nVty9ITE+Nz0yxNTU0AQA=\" \/><input type=\"hidden\" name=\"postAuthor_0\" value=\"800sSk7NAQA=\" \/><input type=\"hidden\" name=\"postDateTime_0\" value=\"MzIwtNA1MNI1tFAwNLYyMLIyNQAA\" \/><input type=\"hidden\" name=\"postContent_0\" value=\"xVrLctvGEt37K6Z0q1JJFV+iLFl+Vil+xL5OnJTlRFXZqAbkEJgQGLBmBqLM9f2Pu9E3eOUdf+ye7hmApJ5WLqQsRBEgMP2Y7tM93f1s9uJ345QVh4W0XryUidWlmEsrcjXWaa5HmSi0F0obVYhDL81Y2nF8+qMc67IjPn2eha\/icUfIyqXKeem98j3xSgrlxElpxFgZ8aYyU69Lg68ZSCr6KGSKz\/W3mHplxsLN1EKrPBdToi5++W2n+7vxyjq\/\/OoXlUlFUvqOyGSCBeeaXnJisvxqiVthVAXSB5UvLfOmjHejTCsw0hGpMrICXRCVqQ8vjaUTP+aymhGX4q0sksqmoLq3T3K4jTviRFm8hFeXXxPFBJXQYC61WlmvsFClfFn6TLyxSruZVaMMD1no04PzDi0wlzmJm2gnFpXYHQzEJ5WrSWmSih\/2dnmWKlZFQ84oEnYMkg2F7uEoM9p756ErFWSZQid5Xjol\/lA20WYMmnhPYmFhSnwsKrc88wve35UIRvx++GP30KvRdJZLv4jaPIXSId8r6ZXBpuAdZXvP+rMXD57NXrzSoFnmWH6sxIHJlfa8NQrahugJdmiORwppWMO\/Wp1qI\/NoQqv9gQkksvIsbqqIW9pFaK8YZ7TnJJxtHvX4gyp74g1vHZ4+4PfJDsZC5k4cKTtdqCpdM2Ra8FNpT4kzWUGRY8s2iG\/LL16nvhHqrWbTzPmVaU66seKP0uLp\/gc5yvC\/C82mOSnjSXjLyyRX9D8px5\/pv6WP8YtnUkARk+dbmfcz96Tfn8\/nPQg\/UvmoOlE5SPXGqj+fdUclLMj4fjXLSzl2\/eFge78\/GPa1mZSD7eMTpj\/Y7v01S7dePNMFZMNz2qTPt3K5+LwFPYzKcC3dZzPaEqNcOoerXKfYmYkXTi9Ud1LBqUBPk\/N1d7d3t4Szo5YZxCb451tb2JCxz55vDR8Pt+D1Os1wd2cwgAB9iT8oqF0tmbA9f1tNlli8XE97Lelpk8ULitq9WlF9Nqp+bWL92uaA4sWGezWYNyHXNQQw0+UXQ1+LyjmRWvjZCgLG8NBfgCEqn5bGlbkyQByyewIO6KuAQARsYq4snA2AqBXARTsvZlYXyzPLUeJlrmdYW2WEbIDZv9SYwGYFO\/TQ63cfXn\/c8MOeAPeED7woWE1VLhmwmNcAHcbUyy0qGBqzHDxTAACJoMUVcKIDIGaEdCRZRREDi+MGAhjdPpLWJLk2U\/gwow2t9CdUZWUOqQHgIA+xnYvLAh8mgFASiFfD3YRX2tDYStkNirRm025DwGOZIC5mINS6hT9qycKvY\/iCve+s7H374eNg78G+Lt3fCPEV7Q84Wv43WHBl8RkMMO7\/5vYki3lP6EIc2EL6yiqTWOX9mrHOy7BGsMLv\/rU\/HA6fptIsKAhM4LJ8a\/BUQJoqyEMOAF\/g10L8pCwjBHsyGBECxAIxUZM5f6xGU3A+YfboKc+ZiwoeUv\/AtmnEId5SfOPnaNf58sw5H+w6cMlr4EYxU7lotCzes9oOYMMenpMo3ROvgwwc1OA+tAZ4osTCUbaxMtojBU8jlzMVe2SkjtVTtShJikwipkOnUFvwTWYFGyIOOTXAZnqX2uVXVkFI\/si\/U4X9LAqS+fAzliwcJRrknZFx9saoeOzharVa80hOCRY6EIqQJBA2JAoLQmt4tgZCL4sExotyzOnlRGhLKYoIoTzgAZIGGxKOI8hICRzZDKEe8hzY3ITMI8hMNhfSwDXBz4EosQSIYpipAROvflI6x+OkZABIUcNSSDnw+\/I\/llJgwB5EmEm7thevKDHfUBUhLmk0o2TT1JZ+zkEUaYnfCNKN1ww0uBTxjgQYGw0DkkY74k68RXKZN+ipcko1J\/qU5OiJP8H6z8svbh2VV6kVb0W9AsU3tmJoi1JuWud7R1ssDpJE5xRUfmiE\/M4kbvb0nnKoC8AUN7jtnGq4c1dIus7wOSilbKGB0uFw985yrHNMReO8u7g0fHg32ryU8dso9ep87APQM6Qxnl1FBq\/CSYvQkdEQgaIkvyM8jJlQhxH3+mwsHqTOxbHGT\/nosgZSq9M7dGmUj75+2TlI2oRizjq+NpxdCrMaB+53SCotxanzLDl+eJTNOXfCkdQ0eWOzKCNJTJzq5JJBkvM9aeoQr2Ka9seaHmKgqPeujhGrTLd3T5hSbGwVkkVgr07B4nGT4LaNLm2d2L6R9X8KZ25m7zgvKfC0jzh796bhdRFujz3tW\/N0DWwaZDzmcN66Hbd13riR6esU+5AuwIZT\/u45ESA974i7JNOFpZyCDJPD9\/kWK592o\/JlR3xfyNMuK+IJcTM7\/UFsDwYn4IqvtkT\/zvz5cq75FOPa9+H9u7WuNbb\/afNasXK39hXotGtgV+dQB3wgNk152SB90lzrrU8R+E7nCk6xQp35htypOcRS\/YDfpAMS0qQ5NER50SEXmuOh1nH2RHlbk9p4OcEJB2smFXNEFYDr84wHbbrP3Z1Ydgbtecstjik7u+16xybp9rxhtW53uPtoZf27j\/6m9T9Y4WvLFpLTEb91NN3ZbtM+Vjzer3E0dNu0DF60ZbO4ptJPrdEy4h6fkwjzzgFUmZkbsbByT1qvVMsNNo6JDdLRLayxFRu7jo1zBre3vR6rd\/c3\/WGkuH9wqUMM27PNa\/gVYLAFQ72CQhfGd4oQ3rjENVYLRtaslq9WoXwjArYe+bid1ZQrLhxG7saIriR6lwh+juiF1PheRF3PbC\/KSqUtquY0Pf2PsSs\/yqjeWyJhk85f3iEzKiu4fyh5tKBYfnVUN94oJIsTKmFtFKhiXQxPvipnM5V3X737QHMPkmpSsbT2PlIJlTDF5bflF9f0LGusq7PK9SQyFqt1LDOd6+LU5SqS2E65zHYepht0\/reiroOO8h+pVEys0p3LZh+C2qju33QOBek2saTKUDZECrrSDdfVT0qaxcBbISWPmgENwXMbJxvzHsmi4p7LelWNOPlJ2eWZD6V+I94uz1hOLBqaYb178efjTFke\/LltPtueyV\/Cwk0lmG\/Mph\/fPUoch\/ooDjKxjv3PqPBSLm6lxauTzoeDq\/KijUI7KFMupApqc9IUEFWjaQDMrAaMXKhg40inMkuNYPim6ol3RfRG4oePk+RoWNNID4Riv2NkWwOej5JArPsxLKuYJDnvkbZxGo0m0SRNVTXjaGBsoXIXIMuGwbnbTaGtT7DxxMTlywanLi7yS+5N6MB9v2bkKaDMZb3rg7GcIffpMETQU9BZWmGfSlu3Nkm5CwBjtvwSRQ3jFsNBh8rx29tPxevKlkLZbHmWe2g7HqwL8RuNxdWTFXVPm+DJlam0MY4QhC7m3AcPGxsF7fAvNOVFm7w+zEYdxhymQ7qtCIkD+Mfuw69jHuui3jb9xpjHyzPG08rQBGhUiVj0fuzFHaEsGo5Aq5KinPj05lP3lXazXH524nt+MlG6Mb7w0Etpu7+9ZDU8eupCH\/qDPNGppBFI50Jbd9UG\/bOiXbMSspIuQiN5AdB+T93rsOZ7GuuTYV9cUALHy9Jm1NFGXNgMMZTu0yuU7q\/vLtlBDtBPVex\/s4zLLxxmplCISLTyynfqAQAf4sm0tFbBLGFJYQCP4grOIjBa10zvFNHzYn+GJ\/i68SKEvBm7Wk8cllReabrJocNEFGspsMqK+AnFLOrbg6ZMpkbPXBwZWJ5lhjffIbGgsLfZXIuGXFthsGUTNQyLxiO0WW\/1RHd\/QYCPnjiSPbG3Yce9Z4kFHD2IHetw0RqmJ7XXH2fB64+L2d7+MTfzaTLyvtH9m\/i57jC1s7\/3zYeph9vtHaa+hfGWTlU3keLj1fbjwf97vAqmRuMnNPxRaCsaEirmkUAgk4WJYp7+uXECuZ530vVwnuL5l6ktJyWD\/RF2xmhu75JPxeEb9levYivXccDjNRaVWZ6NMsp8NaNESKrrieVifdaXeLcByeclOBdxfsbnygKQkcXzUHKOEN2pS7Fzinw2zgmKg+7h8qzKOROOwzahcY3cFsIyJzNAIE\/7FM3Az2uaUqZlVnPRcTyGgoGc+iqUfyPgI9R1YkjmgUEL+EXYmgNxbD1N5OqxbYnkwnmEQvolp1nmjC8CxP8P\" \/><\/form> \t<div class=\"pdf24Plugin-cp-link\"> \t\t<a href=\"#\" onclick=\"var pdf24Win = window.open('about:blank', 'pdf24PopWin', 'resizable=yes,scrollbars=yes,width=600,height=250,left='+(screen.width\/2-300)+',top='+(screen.height\/3-125)+''); pdf24Win.focus(); document.pdf24Form0.submit(); if(typeof pdf24OnCreatePDF === 'function'){void(pdf24OnCreatePDF(this,pdf24Win));} return false;\">Diesen Beitrag als PDF herunterladen<\/a> \t<\/div> <\/div>","protected":false},"excerpt":{"rendered":"<p>Unser Smart Cabrio war lediglich mit einem Standard Smart Radio, Typ Radio 9, ausgestattet. Da es von den Funktionen her eher mager ausgestattet war und speziell keine MP3-Unterst\u00fctzung bot, haben wir uns f\u00fcr ein neues Autoradio entschieden, genauer gesagt f\u00fcr das Blaupunkt Hamburg MP68. Das Hamburg MP68 verf\u00fcgt \u00fcber eine integrierte Bluetooth Freisprecheinrichtung, verwaltet bis zu 500 Telefonbucheintr\u00e4ge und verf\u00fcgt neben der Bluetooth-Schnittstelle f\u00fcr kabellose Verbindungen auch noch zus\u00e4tzlich \u00fcber einen USB-Steckplatz f\u00fcr externe Datenspeicher. Die folgende Anleitung beschreibt, wie [&hellip;]<\/p>\n","protected":false},"author":1,"featured_media":0,"parent":509,"menu_order":0,"comment_status":"closed","ping_status":"closed","template":"template-fullwidth.php","meta":{"ngg_post_thumbnail":0,"jetpack_post_was_ever_published":false,"footnotes":""},"class_list":["post-514","page","type-page","status-publish","hentry"],"jetpack_shortlink":"https:\/\/wp.me\/P4qNjn-8i","jetpack_sharing_enabled":true,"jetpack_likes_enabled":true,"_links":{"self":[{"href":"https:\/\/www.marcelcuvelier.de\/index.php?rest_route=\/wp\/v2\/pages\/514","targetHints":{"allow":["GET"]}}],"collection":[{"href":"https:\/\/www.marcelcuvelier.de\/index.php?rest_route=\/wp\/v2\/pages"}],"about":[{"href":"https:\/\/www.marcelcuvelier.de\/index.php?rest_route=\/wp\/v2\/types\/page"}],"author":[{"embeddable":true,"href":"https:\/\/www.marcelcuvelier.de\/index.php?rest_route=\/wp\/v2\/users\/1"}],"replies":[{"embeddable":true,"href":"https:\/\/www.marcelcuvelier.de\/index.php?rest_route=%2Fwp%2Fv2%2Fcomments&post=514"}],"version-history":[{"count":10,"href":"https:\/\/www.marcelcuvelier.de\/index.php?rest_route=\/wp\/v2\/pages\/514\/revisions"}],"predecessor-version":[{"id":543,"href":"https:\/\/www.marcelcuvelier.de\/index.php?rest_route=\/wp\/v2\/pages\/514\/revisions\/543"}],"up":[{"embeddable":true,"href":"https:\/\/www.marcelcuvelier.de\/index.php?rest_route=\/wp\/v2\/pages\/509"}],"wp:attachment":[{"href":"https:\/\/www.marcelcuvelier.de\/index.php?rest_route=%2Fwp%2Fv2%2Fmedia&parent=514"}],"curies":[{"name":"wp","href":"https:\/\/api.w.org\/{rel}","templated":true}]}}