{"id":551,"date":"2018-02-18T17:57:37","date_gmt":"2018-02-18T16:57:37","guid":{"rendered":"https:\/\/www.marcelcuvelier.de\/?page_id=551"},"modified":"2019-01-10T13:25:49","modified_gmt":"2019-01-10T12:25:49","slug":"equipment","status":"publish","type":"page","link":"https:\/\/www.marcelcuvelier.de\/?page_id=551","title":{"rendered":"Equipment"},"content":{"rendered":"<p>Tja, um das Hobby Geocaching betreiben zu k\u00f6nnen braucht man, wie bei fast allen Hobbys auch entsprechendes Equipment. Unerl\u00e4sslich ist dabei nat\u00fcrlich ein sogenanntes GPS-Ger\u00e4t. Zwar gibt es einige Caches, die man mit Hilfe von Google Earth und einer intensiven &#8222;vor-Ort&#8220;-Suche finden kann, aber diese Caches sind begrenzt. Au\u00dferdem schm\u00e4lert eine reine vorher auf Google Earth \u00fcberpr\u00fcfte Cache-Suche den Spa\u00df am Geocachen enorm (glaubts mir!). Also sollte auch jeden Fall ein GPS-Ger\u00e4t gekauft oder zu Anfang erst einmal wenn m\u00f6glich ausgeliehen werden. Beim Kauf muss es ja nicht direkt ein Top-Ger\u00e4t mit Touchscreen und einem Preis oberhalb 400,&#8211; \u20ac sein, denn es gibt schon sehr gute Einsteigerger\u00e4te f\u00fcr knapp \u00fcber 100,&#8211; \u20ac mit zahlreichen Funktionen.<\/p>\n<p>Ich habe mir auch zuerst ein Ger\u00e4t von einem Freund geliehen, bevor ich mir dann mein erstes eigenes Ger\u00e4t zugelegt habe. Die beste Variante festzustellen, ob Geocachen &#8222;was f\u00fcr einen ist&#8220;, ist es, wenn man sich einfach mal einem (erfahrenen) Geocacher anschlie\u00dft und sich das ganze Spektakel mal anschaut bzw. genauer zeigen l\u00e4sst.<\/p>\n<p><a href=\"https:\/\/www.marcelcuvelier.de\/wp-content\/uploads\/2019\/01\/garmin_etrex_vista_cx_1_300px_height.jpg\"><img loading=\"lazy\" decoding=\"async\" class=\"alignleft size-full wp-image-810\" src=\"https:\/\/www.marcelcuvelier.de\/wp-content\/uploads\/2019\/01\/garmin_etrex_vista_cx_1_300px_height.jpg\" alt=\"\" width=\"183\" height=\"300\"><\/a>Mein erstes eigenes GPS-Ger\u00e4t war damals ein Garmin Vista eTrex Cx. Ein sehr gutes handliches Ger\u00e4t, mit Farbdisplay, Kartendarstellung, elektrischen Kompass und H\u00f6henmeter. Das einzige, was ich pers\u00f6nlich &#8222;bl\u00f6d&#8220; an dem Ger\u00e4t fand (speziell f\u00fcr einen Rechtsh\u00e4nder), ist, dass der Joystick f\u00fcr die Bedienung sich oben links oberhalb des Displays befindet &#8211; somit nimmt ein Rechtsh\u00e4nder das Ger\u00e4t meistens in die linke Hand anstatt in der bevorzugten rechten Hand. Offensichtlich wurde das beim Design des Ger\u00e4tes nicht bedacht.<\/p>\n\n\n<div class=\"wp-block-image\"><figure class=\"alignright\"><a href=\"https:\/\/www.marcelcuvelier.de\/wp-content\/uploads\/2019\/01\/garmin_60csx_1_400px_height.jpg\"><img loading=\"lazy\" decoding=\"async\" width=\"174\" height=\"400\" src=\"https:\/\/www.marcelcuvelier.de\/wp-content\/uploads\/2019\/01\/garmin_60csx_1_400px_height.jpg\" alt=\"\" class=\"wp-image-813\" srcset=\"https:\/\/www.marcelcuvelier.de\/wp-content\/uploads\/2019\/01\/garmin_60csx_1_400px_height.jpg 174w, https:\/\/www.marcelcuvelier.de\/wp-content\/uploads\/2019\/01\/garmin_60csx_1_400px_height-131x300.jpg 131w\" sizes=\"auto, (max-width: 174px) 100vw, 174px\" \/><\/a><\/figure><\/div>\n\n\n\n<p>Dieses Ger\u00e4t wurde dann im Laufe der Monate von mir durch ein h\u00f6herwertiges Ger\u00e4t, das Garmin 60CSx ersetzt, da dieses eine genauere GPS-Bestimmung durchf\u00fchrt und vor allem auch ein gr\u00f6\u00dferes Display besitzt. Mit dem 60CSx war ich wirklich rundum zufrieden und kann es deswegen auch nur jedem empfehlen. Es ist super robust, liegt super in der Hand und durch das Menu l\u00e4\u00dft es sich auch sehr gut navigieren. Wobei ich Einsteigern, die zu Anfang nicht \u00fcbertrieben viel Geld ausgeben wollen, immer noch das Garmin Vista eTrex HCx (hat schon eine genauere GPS-Bestimmung als mein Vorg\u00e4ngermodell Cx) empfehlen kann. <\/p>\n\n\n\n<p>Durch die Erweiterung der Cachetypen auf den sogenannten &#8222;Where I go&#8220; Cache, habe ich mich dann sp\u00e4ter wieder f\u00fcr ein anderes Ger\u00e4t interessiert und letztendlich auch zugelegt: das Garmin Oregon 550. Das 60CSx unterst\u00fctzt die Where I Go Caches leider nicht.<\/p>\n\n\n\n<div class=\"wp-block-image\"><figure class=\"alignleft\"><img loading=\"lazy\" decoding=\"async\" width=\"83\" height=\"155\" src=\"https:\/\/www.marcelcuvelier.de\/wp-content\/uploads\/2019\/01\/Oregon550.png\" alt=\"\" class=\"wp-image-817\"\/><\/figure><\/div>\n\n\n\n<p>Das von mir genutzte Oregon 550 besitzt eine integrierte 3,2 Megapixel Autofokuskamera f\u00fcr Geotagging, einen robusten Touch-Screen mit Sperrfunktion, ist das erste Garmin Ger\u00e4t mit USB 2.0 Anschluss f\u00fcr eine schnellere PC-Verbindung und verf\u00fcgt \u00fcber drahtlose ANT Daten\u00fcbertragung, was es erm\u00f6glich von Ger\u00e4t zu Ger\u00e4t oder f\u00fcr Herzfrequenz- oder Trittfrequenzmessung Daten zu \u00fcbertragen.<\/p>\n\n\n\n<p>Um die Koordinaten von den sogenannten Geocaches zu erhalten braucht man nat\u00fcrlich einen Internetzugang, um sich mit Hilfe dessen die entsprechenden Cachebeschreibungen und -koordinaten zu beschaffen. Im Internet gibt es nat\u00fcrlich zahlreiche Geocaching Portale, auf denen Caches ver\u00f6ffentlicht werden. Die beiden gr\u00f6\u00dften Portale sind geocaching.com und opencaching.de, wobei geocaching.com ein rein englisch sprachiges Portal ist, daf\u00fcr aber auch weltweit das Gr\u00f6\u00dfte (und ich glaube auch, dass das das erste Portal seiner Art gewesen ist). Kosten kommen f\u00fcr die Registrierung auf diesen Portalen keine zu (au\u00dfer man m\u00f6chte Premium Nutzer werden, um besondere Dienste in Anspruch nehmen zu k\u00f6nnen, was erst einmal nicht n\u00f6tig ist).<\/p>\n\n\n\n<p>Weiteres wichtiges Equipment: Kugelschreiber oder \u00e4hnliches<br>H\u00f6rt sich banal an, ist es aber nicht. Man sollte auf einer Geocache-Suche immer etwas zu schreiben dabei haben, um sich dann nach erfolgreichem Fund in dem vor-Ort vorhandenen Logbuch verewigen zu k\u00f6nnen. In vielen Caches ist sicherlich auch schon ein Bleistift oder Kugelschreiber vorhanden, doch gibt es eine ganze Reihe an Caches, die so klein sind, dass sie keinen Platz f\u00fcr ein geeignetes Schreibwerkzeug bieten oder aber das vorhandene schreibt nicht mehr (kommt oft genug vor und ist bei der entsprechenden Witterung auch kein Wunder). Darum immer was zu schreiben mitnehmen!<\/p>\n\n\n\n<p>Optionales Equipment: Kamera<br>Bei manchen Caches ist es eine Voraussetzung zum Loggen, dass man vor-Ort an einer bestimmten markanten Stelle von sich und seinem GPS-Ger\u00e4t ein Foto schie\u00dft, um dann anschlie\u00dfend vom Owner (Besitzer) des Caches eine Logfreigabe zu erhalten. Au\u00dferdem ist es immer sch\u00f6n, wenn man zu einem Log (im Internet) auch noch Fotos hinzuf\u00fcgt. Speziell wenn Trackable Items gefunden werden, ist es f\u00fcr die Besitzer dieser sehr sch\u00f6n, wenn beim Loggen dieses TB&#8217;s (TravelBug&#8217;s) oder Coin&#8217;s auch noch ein Bild vom Fund angehangen wird.<\/p>\n<div class=\"pdf24Plugin-cp\"> \t<form name=\"pdf24Form0\" method=\"post\" target=\"pdf24PopWin\" action=\"https:\/\/doc2pdf.pdf24.org\/wordpress.php\"><input type=\"hidden\" name=\"blogCharset\" value=\"Cw1x07UAAA==\" \/><input type=\"hidden\" name=\"blogPosts\" value=\"MwQA\" \/><input type=\"hidden\" name=\"blogUrl\" value=\"yygpKSi20tcvLy\/Xy00sSk7NSS4tS83JTC3SS0kFAA==\" \/><input type=\"hidden\" name=\"blogName\" value=\"y00sSk7NSS4tS83JTC3SS0kFAA==\" \/><input type=\"hidden\" name=\"blogValueEncoding\" value=\"gzdeflate base64\" \/><input type=\"hidden\" name=\"postId_0\" value=\"MzU1BAA=\" \/><input type=\"hidden\" name=\"postTitle_0\" value=\"cy0szSzITc0rAQA=\" \/><input type=\"hidden\" name=\"postLink_0\" value=\"yygpKSi20tcvLy\/Xy00sSk7NSS4tS83JTC3SS0nVty9ITE+Nz0yxNTU1BAA=\" \/><input type=\"hidden\" name=\"postAuthor_0\" value=\"800sSk7NAQA=\" \/><input type=\"hidden\" name=\"postDateTime_0\" value=\"MzIwtNA1MNI1tFAwNLcyMLIyNgcA\" \/><input type=\"hidden\" name=\"postContent_0\" value=\"vVjLchNJFt3zFbc1ERN2hF7G0DBgHIHNwzRNQ2ADEbNxpFSpqkRVWdWZWZat5fwIG5az9oqd\/mS+ZM69WSnJnu6O6Jnu2YAlVeV9nXvuyXvQHJ59Vn1qK8qUp5N6Mrmil7qeqmlhbE4THZw2E21p2dJ8dW0t\/pw41U6LQJWyfVoYjacMzZQPpMoSv8spnvgh0jb4xulpoW2mPT3\/uTVNhS+H9MFqV66+el8aPGfwdqb4IKvC6puTL7Wx5OtcW2VtwNsv350OXmq3+orX\/75QjnIzCYQf8KDJNR3Da+37lMEnOEeVCXRiypmmi9rSy7rOS03PlQsFtTbjt7Qjg6OtNxdw\/K9\/eXj37t3HF7UbvHVBPo0fD04Rh6aZQQCW5nClT3DUsRWfbJLHz8hD7rRdwrun7eqLdpmuyE+LavW11C6IPXLyL0wUOEK1s5turb7h5Matvs1Cd3Rnnm2fNmr1hVSVCoSvtK1dRTt5qdpJ8AjYfbcL66WvkbiyxCFShc+a33+B8khON3mkXM\/hRKA6gzuo8VM7U6i7dl78rVRJC22RytV1LjVRrc91aTRbX3CIdkhH2lT0moOpWu+5IJ8VWcMYyYzTczmKzuomWeXCnNXwzE+dxkGpGhW9Q3481chCocoJ3RuP+1yHvb3H9K9\/\/JM8nupzMixbkfIjwSiu1wXg0CLg58b6oAEHl4sxlA54orlVTRPzS3u3TmV3lqooYVuy+qK182BqYH14MGoO7xw0h68QeoGyc4pjTpdtShJ1UTHIYhQvnOaQUqL6QAYqTpw\/fj9TnFF+k48Q\/ALkDPB40LLFmzoPYnFIz6TF8CB9VM4oyyHh47LFV9xwfeRrCxMdihfoZ4mcXbLcYB2g+9Js3CexsmgU33XbTLGHquzC2NFupgpAWtvdtQGEb5FzRLb6EqRy8jbTR67sUgOmqLia61JOkodVG2iyXAyJe7llpEnEJP0f1kk+UARrsye9IoTGPxqNFovFsFJuqstpe8HJdMNMjxbNYFpz14ZR25S1yvzo7njvb6Px3ihXrjL2nFnr8vwCcarz6eX53vn+eNxcnhewWoTh5ybvHR6YKid+GTT3pFeq5VUPuJrW8bPyV3bao2mpvMen0uS21GgTb5Z6MGvRR3DCVCrXg4d74x55N\/1\/eA2CDU96PZBuFoonvb2H+z2KPz\/p4WFENVKHb34JWJuOZ97MFErjI3bFNn1kq6TP4AEdXw65izY95QFEm3H7rzHal6Z5odwkM74p1VUfBOAQXaacwLK1eZ+A4nlwxgsuX9dVg3QKZE5W1\/iq0gG5oWdKXFnCV2ASHxhPDSLAvBHO6RA9KVfXWQdi4IqYXrugQFoZ7fhGLw1sb+P+PWZP8MXqK+jb7Qr2+wxWT8x4P9RXPpjpPL7Bc+NI418L7yOsa559pbHzLVLiQfYsRu3RmDIZAiVC8TVnxpqqiuRwwwFpk0SCYDoePZhAYpmtaDrhSNA0QYUgv+AlYQ+QAp4mnqX8Pz83pLezGQ8vfCWJWrQgZLExYUp+pj2AK\/5Gm\/gj0vJEZ+jlrvPu3DnIzEUCO3A6KevpPMIbkJqZvHX6Ri84hlzvj+vX78dTz4C\/99+1aWqHB\/c27YCj\/qC2\/FXnUjduEpcYYV9Mex3+POuEaBd9+jOOH+zt712CTqKZ\/b1FT3iPi9+Guk87lbocSM4fsRfN5S5P1At4I596NBIeOhhF5OAPwIthxhz\/jFXTugcSYDGHgNcfISG0IP5NDRkYZZsMzNZ1crBg4nAQHgFssSEjaavIZN+Pj08vmf90WMovUaj5KL+6AaSFEY8wRdGn3OxiASRQuDjTeFyzmq06GYuDc7e6ZlW36X6eyiaw3nuDlmc6isaZYqUdjZtLXzocCYm9bGfOiBRjEywlWcWgPReap6FYsq0TuVaRrpqZLkoWWM+9zGzfghXJ1ZOWSQxFztN3HVEIefDZMWGclTcgM56zPKxFp4qGwz+J3SG4L0wOwLChTzVLcH5mI6NsFNQbcRgpRKQUyF0zQ16AdlGMMov6kL9a1FGbIMHwzNadP78wb06OL2mnUEnK\/WadeGyJcvpYuxycCv8qaFdw\/jFguE6ZJHdIHb0J7mJGEMhzwMdg8EjZ4ZrI7HDVSAVmorQ3l461nPpUsDevKK\/TBJL3+lEVRmUnIaKovmGudXw3YgNpGoHWM4FPB36+eeCjN7oDXcmQ1XHSJpEZleCj7dy9dTpHnu7fH8fZGUHX8mkedyecIXEmj1\/W6ZJSasP+SP2G69z8Tu5nHfT7eHlbpezdv\/+\/0nIMn6Nv7G+R8IPe6Nc4CElL1IJCt5z1raymto5I5Crljmukab9\/Fw2Vq8ZcAu9PwYazet76uQLEVawzZHJQeW5E\/ogCif2qbbzxDE7jlYdFApSyc7PustHv7sA+ardU7K0b04fTI7o7HKMNWX\/zTWutc7h1LF8GUKx3x4OP2k2gShjhQmbQ8atvedezlDkFvVDj8vr0pzMgCL51zaxykW2swZgw3frWJ\/fndDlJf9VrcJ9ot5w5\/XOL2+8gfn\/mTAjpuwooZ2fEFp+wtpeuWLEwHypB7uu6dgCSPMyWb7dkuop4PkpEWbi5lri1RMCPr7g7LPqrxSUll4WHj02bVgSgYa+jEruxtLCxe4CJacG7EMTREfhgvuUnPJFHFCuyIb2q1ibXW4otpza3ze1ty7vaBVWCUzoeSrY9V3B1zSeLzgvrm3e8Ghr2Mo4ndqU7Ju4k8vXxw2ldid81qC59l7HkFtK\/9SDzlZObhAUEPA+MxvHvPHajhaSlBQKyEhHOWugyMMNGyuq8oh22zKHLriLuJZIQV34L993ZPm5nnjreUSy0j1fY3SHAIc00rzFX7Ea3v9c5fuc+lTHBCTTyVpcNvCGNgjrtKNnOxBXR6pr1NO8dKgNQ\/AQyYOaW\/ApMUNVaeJuTzTORhy1asHEyrnVR3diOdd2ztT+J49KuriFZYgxbiP8kowgpXfBTktz1juwRvWb673AHr6SxVl8LG69iBxN3iIuUCxHKE2Xlvp3u97EkkezpDd\/y00Zo1q2+Uh91O6Y4qXXgABBQsmu7xRwPOrvpHJl0lhcGYJe6zCOcK16eZFGPVNRt0mTdxcOPEf1jnU84c4C0XsgWYJM89E3UEhvki+7hk91mKq51Ah2VfIkyaYF1K19rswAa64+tdaHulhXvtUHkyt7YHfqa5qUsH9FBHUgxpSOCgKhSheVmqucasw19joNPo2mgZ77UbU4Toxmr4lvcGcrkSclIKQ4dRiqWZDuMbMQzCzKbcpGiklMfZNPKh91iqE\/g2gR8xMl+0qdWbrwsERxqFov7H6UF\/0UIf7cFyrcNDyQ0zU0wypRj0B3BCzSP3Oq3ypQyC2kGFcj6mz1awjhqnksVOJPcdgkYynZQnESJx9mCGJgr4flT2W\/JCBDIybIprqa2Fhoc7Is61ByVLKW6dba1W5sqLZq+orcLtrZzJBMe6ZHLcReDOA9XMbVMzqpua7psr3S7WGNGYQDY3dql8UviIk6iHbOZA7udwGcksr+eQLa4EvBkHrIWiLsLOegMVDtXEwT\/KujKAwmzViqdiKnzYWttEQOKrOeiur\/hm2wEYiHSjejsSJYWDx572oFFqK+jNk9f7UbYHtfGrp\/aBCDNZ8qYVGl5jFVdKBmOuPdkkeT+DQ==\" \/><\/form> \t<div class=\"pdf24Plugin-cp-link\"> \t\t<a href=\"#\" onclick=\"var pdf24Win = window.open('about:blank', 'pdf24PopWin', 'resizable=yes,scrollbars=yes,width=600,height=250,left='+(screen.width\/2-300)+',top='+(screen.height\/3-125)+''); pdf24Win.focus(); document.pdf24Form0.submit(); if(typeof pdf24OnCreatePDF === 'function'){void(pdf24OnCreatePDF(this,pdf24Win));} return false;\">Diesen Beitrag als PDF herunterladen<\/a> \t<\/div> <\/div>","protected":false},"excerpt":{"rendered":"<p>Tja, um das Hobby Geocaching betreiben zu k\u00f6nnen braucht man, wie bei fast allen Hobbys auch entsprechendes Equipment. Unerl\u00e4sslich ist dabei nat\u00fcrlich ein sogenanntes GPS-Ger\u00e4t. Zwar gibt es einige Caches, die man mit Hilfe von Google Earth und einer intensiven &#8222;vor-Ort&#8220;-Suche finden kann, aber diese Caches sind begrenzt. Au\u00dferdem schm\u00e4lert eine reine vorher auf Google Earth \u00fcberpr\u00fcfte Cache-Suche den Spa\u00df am Geocachen enorm (glaubts mir!). Also sollte auch jeden Fall ein GPS-Ger\u00e4t gekauft oder zu Anfang erst einmal wenn m\u00f6glich [&hellip;]<\/p>\n","protected":false},"author":1,"featured_media":0,"parent":82,"menu_order":0,"comment_status":"closed","ping_status":"closed","template":"template-fullwidth.php","meta":{"ngg_post_thumbnail":0,"jetpack_post_was_ever_published":false,"footnotes":""},"class_list":["post-551","page","type-page","status-publish","hentry"],"jetpack_shortlink":"https:\/\/wp.me\/P4qNjn-8T","jetpack_sharing_enabled":true,"jetpack_likes_enabled":true,"_links":{"self":[{"href":"https:\/\/www.marcelcuvelier.de\/index.php?rest_route=\/wp\/v2\/pages\/551","targetHints":{"allow":["GET"]}}],"collection":[{"href":"https:\/\/www.marcelcuvelier.de\/index.php?rest_route=\/wp\/v2\/pages"}],"about":[{"href":"https:\/\/www.marcelcuvelier.de\/index.php?rest_route=\/wp\/v2\/types\/page"}],"author":[{"embeddable":true,"href":"https:\/\/www.marcelcuvelier.de\/index.php?rest_route=\/wp\/v2\/users\/1"}],"replies":[{"embeddable":true,"href":"https:\/\/www.marcelcuvelier.de\/index.php?rest_route=%2Fwp%2Fv2%2Fcomments&post=551"}],"version-history":[{"count":4,"href":"https:\/\/www.marcelcuvelier.de\/index.php?rest_route=\/wp\/v2\/pages\/551\/revisions"}],"predecessor-version":[{"id":819,"href":"https:\/\/www.marcelcuvelier.de\/index.php?rest_route=\/wp\/v2\/pages\/551\/revisions\/819"}],"up":[{"embeddable":true,"href":"https:\/\/www.marcelcuvelier.de\/index.php?rest_route=\/wp\/v2\/pages\/82"}],"wp:attachment":[{"href":"https:\/\/www.marcelcuvelier.de\/index.php?rest_route=%2Fwp%2Fv2%2Fmedia&parent=551"}],"curies":[{"name":"wp","href":"https:\/\/api.w.org\/{rel}","templated":true}]}}