{"id":553,"date":"2018-02-18T17:58:46","date_gmt":"2018-02-18T16:58:46","guid":{"rendered":"https:\/\/www.marcelcuvelier.de\/?page_id=553"},"modified":"2019-09-20T11:20:38","modified_gmt":"2019-09-20T10:20:38","slug":"faq","status":"publish","type":"page","link":"https:\/\/www.marcelcuvelier.de\/?page_id=553","title":{"rendered":"Geocaching FAQ"},"content":{"rendered":"<p>Viele Leute haben schon mal von irgendwo her den Begriff <strong>Geocaching<\/strong> geh\u00f6rt, aber was es alles mit den Fachbegriffen, wie z.B. Muggels, Nano und First-To-Find auf sich hat, wei\u00df man nicht. Aus diesem Grund habe ich an dieser Stelle hier einmal den einen oder anderen Fachbegriff zusammen getragen und erl\u00e4utert.<\/p>\r\n\r\n<h3 class=\"wp-block-heading\">Was sind sogenannte Trackables?<\/h3>\r\n\r\n\r\n\r\n<p>Beim Geocaching gibt es h\u00e4ufig in den Caches auch Tauschgegenst\u00e4nde. Neben allt\u00e4glichen Tauschobjekten, die prim\u00e4r f\u00fcr Kinder in den Caches abgelegt werden, gibt es auch sogenannte Trackables, wie Travel Bugs und Geocoins. Dies sind Gegenst\u00e4nde, die von Geocachern von einem Cache zu einem anderen transportiert werden und deren dabei zur\u00fcckgelegter Weg auf speziellen Internetseiten protokolliert wird. Zu diesem Zweck ist jedes Trackable Item \u00fcber eine eindeutige Identifikationsnummer oder Buchstabenfolge identifizierbar. Der Besitzer eines Trackable Items kann zus\u00e4tzlich zum einfachen Reisen spezielle Aufgaben f\u00fcr den Travel Bug \/ den Geocoin definieren (wie z.B. nur in einem bestimmten Land aufhalten, ein bestimmtes Ziel erreichen oder bevorzugt nur an bestimmten Orten abgelegt werden).<\/p>\r\n\r\n\r\n\r\n<h3 class=\"wp-block-heading\">Was sind Travelbugs?<\/h3>\r\n\r\n\r\n\r\n<p><img loading=\"lazy\" decoding=\"async\" class=\"alignleft size-full wp-image-956\" src=\"https:\/\/www.marcelcuvelier.de\/wp-content\/uploads\/2019\/09\/travelbug1_100px.jpg\" alt=\"\" width=\"137\" height=\"100\">Der Travelbug (englisch &#8222;bitten by the travel bug&#8220; = &#8222;vom Reisefieber gepackt&#8220;) ist ein sogenanntes Trackable Item. Jeder Travel Bug verf\u00fcgt \u00fcber eine eindeutige Zahlenkombination und ist damit auch eindeutig identifizierbar. Diese Nummer ist (bei den Exemplaren von geocaching.com) auf zwei Alu-Marken gepr\u00e4gt, wie sie in \u00e4hnlicher Form vom Milit\u00e4r verwendet werden (&#8222;Dog Tag &#8211; Hundemarke&#8220;). Eine dieser Marken bleibt immer beim Besitzer (Owner) des Travel Bugs, die andere wird an einem Gegenstand befestigt. Anhand der Caches, in denen der Travel Bug landet, wird die Distanz berechnet, die der Travel Bug zur\u00fcckgelegt hat (Luftlinie). TravelBugs von Geocaching.com sind nur durch den kostenpflichtigen Erwerb eines Dog Tag registriert und somit trackbar (verfolgbar).<\/p>\r\n\r\n\r\n\r\n<h3 class=\"wp-block-heading\">Was sind Geocoins?<\/h3>\r\n\r\n\r\n\r\n<p><img loading=\"lazy\" decoding=\"async\" class=\"alignleft size-full wp-image-958\" src=\"https:\/\/www.marcelcuvelier.de\/wp-content\/uploads\/2019\/09\/geocoin1_100px.jpg\" alt=\"\" width=\"105\" height=\"100\">Eine spezielle Variante von Travel Bugs sind so genannte Geocoins. Diese meist aufw\u00e4ndig produzierten und zum Teil recht individuell gestalteten M\u00fcnzen\/Medaillen sind seltener und daher begehrter als die herk\u00f6mmlichen Travel Bugs. Geocoins gelten folglich als besonderes Sammel- und Tauschobjekt.<\/p>\r\n\r\n\r\n\r\n<h3 class=\"wp-block-heading\">Was sind Muggels?<\/h3>\r\n\r\n\r\n\r\n<p>Muggels sind alle au\u00dfenstehenden, unwissende Menschen, die Geocaching (noch) nicht kennen. Der Begriff stammt aus den Harry-Potter-B\u00fcchern und bezieht sich dort auf die nicht-magie-begabten Personen. Es besteht immer die Gefahr, dass Caches von &#8222;Unwissenden&#8220; (zuf\u00e4llig) gefunden und versehentlich oder sogar mutwillig zerst\u00f6rt oder gepl\u00fcndert werden. Um die Gefahr des unbeabsichtigten Auffindens zu vermeiden, gilt der Geocacher Grundsatz, einen Cache m\u00f6glichst nur dann aufzusuchen, wenn keine Muggels in der N\u00e4he sind.<\/p>\r\n\r\n\r\n\r\n<h3 class=\"wp-block-heading\">Was ist ein Traditional Cache?<\/h3>\r\n\r\n\r\n\r\n<p><img loading=\"lazy\" decoding=\"async\" class=\"alignleft size-full wp-image-960\" src=\"https:\/\/www.marcelcuvelier.de\/wp-content\/uploads\/2019\/09\/icon_traditional_cache.gif\" alt=\"\" width=\"80\" height=\"80\">Die einfachste und naheliegendste Kategorie eines Geocaches ist der einfache und sogenannte Traditional Cache. Die im Internet ver\u00f6ffentlichten Koordinaten zeigen m\u00f6glichst genau auf die Stelle, an der der Cachebeh\u00e4lter zu finden ist. In den meisten F\u00e4llen handelt es sich dabei um markante Punkte, die der erfahrene Geocacher schon aus etwas gr\u00f6\u00dferer Entfernung ausmachen kann. Alleine die Bezeichnung eines &#8222;einfachen&#8220; Caches bedeutet jedoch noch lange nicht, dass das letztendliche Auffinden genauso einfach ist. So kann der Beh\u00e4lter vielleicht zwischen Baumwurzeln, in einem Loch in einer Wand oder unter einem Steinhaufen versteckt sein, aber es kann auch vorkommen, dass dieses vergleichsweise einfache Versteck erst durch eine tagelange W\u00fcstenexpedition, einen schwei\u00dftreibenden Bergaufstieg oder einen Tauchgang erreicht werden kann. Bei manchen Caches kann man mit dem Auto bis auf wenige Meter heranfahren (diese werden scherzeshalber als Drive-In bezeichnet) und man muss nicht lange suchen. Die ersten Caches waren solche einfachen Caches, weshalb sie auch Traditional genannt werden.<\/p>\r\n\r\n\r\n\r\n<h3 class=\"wp-block-heading\">Was ist ein Multi Cache?<\/h3>\r\n\r\n\r\n\r\n<p><img loading=\"lazy\" decoding=\"async\" class=\"alignleft size-full wp-image-961\" src=\"https:\/\/www.marcelcuvelier.de\/wp-content\/uploads\/2019\/09\/icon_multi_cache.gif\" alt=\"\" width=\"80\" height=\"80\">Ein Multi Cache ist ein Cache mit mehreren Stationen\/Stages, die einem dann zum endg\u00fcltige Versteck hinf\u00fchren. Die Schwierigkeit wird hier in Abh\u00e4ngigkeit von den unterwegs zu l\u00f6senden Aufgaben oder von der Art der zu findenden Hinweise und nat\u00fcrlich in Abh\u00e4ngigkeit vom letztendlichen Versteck bestimmt. Es kann haupts\u00e4chlich zwischen zwei Arten von Multi-Caches unterschieden werden. Bei der einen Variante sind die Koordinaten der einzelnen Stationen in der Beschreibung angegeben und an diesen erh\u00e4lt man Hinweise, die zusammengesetzt die Koordinate des finalen Cache-Beh\u00e4lters angeben. Bei der anderen Variante wird nur die erste Station angegeben, an der sich ein Hinweis auf die zweite Station befindet. Dort l\u00e4sst sich dann die dritte herausfinden und so weiter. An den jeweiligen Stationen k\u00f6nnen Hinweise versteckt worden sein, aber auch vorhandene Landschaftsmarken als Hinweis genutzt werden (z.B.: an Station 2 steht eine Infotafel &#8211; Wie viele Tiere sind auf dieser abgebildet?).<\/p>\r\n\r\n\r\n\r\n<h3 class=\"wp-block-heading\">Was ist ein Mystery Cache?<\/h3>\r\n\r\n\r\n\r\n<p><img loading=\"lazy\" decoding=\"async\" class=\"alignleft size-full wp-image-962\" src=\"https:\/\/www.marcelcuvelier.de\/wp-content\/uploads\/2019\/09\/icon_mystery_cache.gif\" alt=\"\" width=\"80\" height=\"80\">Ein Mystery-Cache, auch Puzzle- oder R\u00e4tsel-Cache genannt, ist ein Cache bei dem man zun\u00e4chst ein R\u00e4tsel l\u00f6sten muss, aus dem sich der Startpunkt der Suche oder direkt die finale Cache Koordinate ergibt. Die auf der Webseite angegebene Koordinate ist nicht der Startpunkt oder die finale Cache Koordinate. Sie sollte aber in der N\u00e4he der gelisteten Koordinate liegen (in maximal 3 km Entfernung), um den Cache regional richtig zuordnen zu k\u00f6nnen. Das R\u00e4tsel kann sehr unterschiedlich sein. Es gibt mathematische R\u00e4tsel, trigonometrische Aufgaben, Literaturaufgaben, Google-Recherchen, Sudokus, Bilderr\u00e4tsel und vieles vieles mehr. Der Phantasie ist hier keine Grenzen gesetzt. Die eigentliche Suche beginnt mit der Koordinate, die sich aus der L\u00f6sung des R\u00e4tsels ergeben kann. Diese Koordinate kann schon der Cache selbst sein, wie beim Traditional-Cache. Es kann sich aber auch um den Beginn eines Multi-Caches handeln.<\/p>\r\n\r\n\r\n\r\n<h3 class=\"wp-block-heading\">Was ist ein Virtual Cache?<\/h3>\r\n\r\n\r\n\r\n<p><img loading=\"lazy\" decoding=\"async\" class=\"alignleft size-full wp-image-963\" src=\"https:\/\/www.marcelcuvelier.de\/wp-content\/uploads\/2019\/09\/icon_virtual_cache.gif\" alt=\"\" width=\"80\" height=\"80\">Virtual (virtuelle) Caches sind Caches, bei denen weder Beh\u00e4lter noch Logbuch vorhanden sind, so beispielsweise virtuelle Caches, Locationless Caches (ortlos), Earthcaches und Webcam Caches. Virtuelle Caches, Webcam-Caches, und so weiter werden heute auf der Seite von geocaching.com nicht mehr neu freigeschaltet. Bestandsgeocaches sind aber immer noch logbar.<\/p>\r\n\r\n\r\n\r\n<h3 class=\"wp-block-heading\">Was ist ein Earth-Cache?<\/h3>\r\n\r\n\r\n\r\n<p><img loading=\"lazy\" decoding=\"async\" class=\"alignleft size-full wp-image-964\" src=\"https:\/\/www.marcelcuvelier.de\/wp-content\/uploads\/2019\/09\/icon_earth_cache.gif\" alt=\"\" width=\"80\" height=\"80\">Earth-Caches sind virtuelle Geocaches. Das hei\u00dft, an den angegebenen Koordinaten ist weder ein Beh\u00e4lter noch ein Logbuch zu finden. Statt dessen f\u00fchrt ein Earth-Cache die Suchenden an eine geologisch interessante Stelle, die Einblicke in die Erdgeschichte er\u00f6ffnet. Um den Fund eines Earth-Cache zu dokumentieren, ist es f\u00fcr gew\u00f6hnlich notwendig, sich selbst mit seinem GPS-Empf\u00e4nger an der angegebenen Stelle zu fotografieren und dieses Bild dann im Internet zur Ansicht zu stellen. Da der Besuch eines Earth-Cache zudem einen Lernaspekt haben soll, sind dar\u00fcber hinaus noch bestimmte Aufgaben zu l\u00f6sen, z.B durch die Beantwortung einer oder mehrerer Fragen, und deren L\u00f6sung per eMail an den Besitzer des Caches zu schicken. Die Begutachtung und Freischaltung eines Earth-Cache geschieht durch die Geological Society of America.<\/p>\r\n\r\n\r\n\r\n<h3 class=\"wp-block-heading\">Was bedeuten die unterschiedlichen Cache Gr\u00f6\u00dfen?<\/h3>\r\n\r\n\r\n\r\n<h4 class=\"wp-block-heading\">Cachegr\u00f6\u00dfe Nano<\/h4>\r\n\r\n\r\n\r\n<p>Winziger Cachebeh\u00e4lter, dessen Durchmesser meist unter 1 cm betr\u00e4gt und der lediglich einen kleinen Zettel als Logbuch enth\u00e4lt. Oft magnetisch, damit er an Denkm\u00e4lern oder \u00e4hnlichem unauff\u00e4llig versteckt werden kann.<\/p>\r\n<p><img loading=\"lazy\" decoding=\"async\" class=\"alignleft size-full wp-image-966\" src=\"https:\/\/www.marcelcuvelier.de\/wp-content\/uploads\/2019\/09\/cache_nano1_200px.jpg\" alt=\"\" width=\"200\" height=\"200\" srcset=\"https:\/\/www.marcelcuvelier.de\/wp-content\/uploads\/2019\/09\/cache_nano1_200px.jpg 200w, https:\/\/www.marcelcuvelier.de\/wp-content\/uploads\/2019\/09\/cache_nano1_200px-150x150.jpg 150w\" sizes=\"auto, (max-width: 200px) 100vw, 200px\" \/><\/p>\r\n\r\n\r\n\r\n<h4 class=\"wp-block-heading\">&nbsp;<\/h4>\r\n<h4>&nbsp;<\/h4>\r\n<h4>&nbsp;<\/h4>\r\n<h4>&nbsp;<\/h4>\r\n<h4>&nbsp;<\/h4>\r\n<h4>Cachegr\u00f6\u00dfe Micro<\/h4>\r\n\r\n\r\n\r\n<p>Sehr kleiner Cache-Beh\u00e4lter (oft eine Filmdose), die in der Regel ein kleines schmales Logbuch oder einzelne Zettel und einen Stift enthalten. Diese Cachegr\u00f6\u00dfe wird auch gerne als Zwischenstationen bei Multi-Caches eingesetzt.<\/p>\r\n<p><img loading=\"lazy\" decoding=\"async\" class=\"alignleft size-full wp-image-970\" src=\"https:\/\/www.marcelcuvelier.de\/wp-content\/uploads\/2019\/09\/cache_micro1_200px.jpg\" alt=\"\" width=\"200\" height=\"200\" srcset=\"https:\/\/www.marcelcuvelier.de\/wp-content\/uploads\/2019\/09\/cache_micro1_200px.jpg 200w, https:\/\/www.marcelcuvelier.de\/wp-content\/uploads\/2019\/09\/cache_micro1_200px-150x150.jpg 150w\" sizes=\"auto, (max-width: 200px) 100vw, 200px\" \/><\/p>\r\n\r\n\r\n\r\n<h4 class=\"wp-block-heading\">&nbsp;<\/h4>\r\n<h4>&nbsp;<\/h4>\r\n<h4>&nbsp;<\/h4>\r\n<h4>&nbsp;<\/h4>\r\n<h4>&nbsp;<\/h4>\r\n<h4>Cachegr\u00f6\u00dfe Small<\/h4>\r\n\r\n\r\n\r\n<p>Kleine Beh\u00e4lter (kleine Plastikbeh\u00e4lter, z.B. Tupperdosen), die neben einem Logbuch noch Platz f\u00fcr kleinere (Tausch-)Gegenst\u00e4nde bieten.<\/p>\r\n\r\n\r\n\r\n<h4 class=\"wp-block-heading\">Cachegr\u00f6\u00dfe Regular<\/h4>\r\n\r\n\r\n\r\n<p>Die eigentliche Standard-Gr\u00f6\u00dfe eines Caches, der auch Platz f\u00fcr mehrere Travelbugs oder Tauschgegenst\u00e4nde bietet. Beh\u00e4lter dieser Gr\u00f6\u00dfe (wiederverschlie\u00dfbare Plastikbeh\u00e4lter, Munitionskisten und \u00e4hnliches) k\u00f6nnen von einem Liter bis zu mehreren Litern Inhalt fassen.<\/p>\r\n\r\n\r\n\r\n<h4 class=\"wp-block-heading\">Cachegr\u00f6\u00dfe Large<\/h4>\r\n\r\n\r\n\r\n<p>(Sehr) Gro\u00dfe Beh\u00e4lter (Kisten, Tresore und \u00e4hnliches), die ein Maximum an Platz bieten und somit auch au\u00dfergew\u00f6hnliche Tauschobjekte fassen k\u00f6nnen.<\/p>\r\n<p><img loading=\"lazy\" decoding=\"async\" class=\"alignleft size-full wp-image-969\" src=\"https:\/\/www.marcelcuvelier.de\/wp-content\/uploads\/2019\/09\/cache_large1_200px.jpg\" alt=\"\" width=\"249\" height=\"200\" srcset=\"https:\/\/www.marcelcuvelier.de\/wp-content\/uploads\/2019\/09\/cache_large1_200px.jpg 249w, https:\/\/www.marcelcuvelier.de\/wp-content\/uploads\/2019\/09\/cache_large1_200px-230x185.jpg 230w\" sizes=\"auto, (max-width: 249px) 100vw, 249px\" \/><\/p>\r\n\r\n\r\n\r\n<h3 class=\"wp-block-heading\">&nbsp;<\/h3>\r\n<h3>&nbsp;<\/h3>\r\n<h3>&nbsp;<\/h3>\r\n<h3>&nbsp;<\/h3>\r\n<h3>&nbsp;<\/h3>\r\n<h3>&nbsp;<\/h3>\r\n<h3>Was sind sogenannte &#8222;Lost Places&#8220;?<\/h3>\r\n\r\n\r\n\r\n<p>Lost Places sind wie der Name schon sagt verlassene \/ vergessene Orte. Dabei kann es sich um ein ganzes verlassenes Gel\u00e4nde oder um lediglich ein Geb\u00e4ude handeln. H\u00e4ufig sind diese Lost Places Ruinen, oft in der unmittelbaren N\u00e4he von Orten an denen man h\u00e4ufig vorbei gekommen ist, ohne von diesen zu wissen. Bei Lost Places Caches gibt es h\u00e4ufig viel zu sehen, wobei man auch in den meisten F\u00e4llen sehr vorsichtig sein muss und nicht immer gekl\u00e4rt ist, ob man sich tats\u00e4chlich auf dem Gel\u00e4nde oder in dem Geb\u00e4ude aufhalten darf. Ein Lost Place sollte nicht \u00f6ffentlich kommuniziert werden, da er dann schnell kein &#8222;Lost&#8220; Place mehr ist.<\/p>\r\n<div class=\"pdf24Plugin-cp\"> \t<form name=\"pdf24Form0\" method=\"post\" target=\"pdf24PopWin\" action=\"https:\/\/doc2pdf.pdf24.org\/wordpress.php\"><input type=\"hidden\" name=\"blogCharset\" value=\"Cw1x07UAAA==\" \/><input type=\"hidden\" name=\"blogPosts\" value=\"MwQA\" \/><input type=\"hidden\" name=\"blogUrl\" value=\"yygpKSi20tcvLy\/Xy00sSk7NSS4tS83JTC3SS0kFAA==\" \/><input type=\"hidden\" name=\"blogName\" value=\"y00sSk7NSS4tS83JTC3SS0kFAA==\" \/><input type=\"hidden\" name=\"blogValueEncoding\" value=\"gzdeflate base64\" \/><input type=\"hidden\" name=\"postId_0\" value=\"MzU1BgA=\" \/><input type=\"hidden\" name=\"postTitle_0\" value=\"c0\/NT05MzsjMS1dwcwwEAA==\" \/><input type=\"hidden\" name=\"postLink_0\" value=\"yygpKSi20tcvLy\/Xy00sSk7NSS4tS83JTC3SS0nVty9ITE+Nz0yxNTU1BgA=\" \/><input type=\"hidden\" name=\"postAuthor_0\" value=\"800sSk7NAQA=\" \/><input type=\"hidden\" name=\"postDateTime_0\" value=\"MzIwtNA1MNI1tFAwNLcyMLIyMQMA\" \/><input type=\"hidden\" name=\"postContent_0\" value=\"3VrbbhtHEn0PkH9oaIFAAkhKsuzEji8La32J15JjWE4M+MWY4fTMdDgXortHtPkzedE3+Mlv\/LE9VdU9HFJO4DjSLrAPosi5dHfdTp2q7nvzB78aXWl1ojuvVZmkulFuWraNqpNKneO\/sYVuskWrSm1VhtvHurAmz9U9523bFA+e6naaTEvTFPf2wyVV6HL10fqRwoBWLRKntFNJVeGzNp6HeYJ3UhlKNyO1MFotJ8cTddoVha7cSL1ImlZ1TaaeGOv8+HU7fmLwK+ly5cy0xGIx\/kKb1e9Ya6MaXPMT9bBzKjPa6Vo9tfQ2yaToeTzDN6w68xpLUaXBd20akpRWhK\/4bDNcTRp8bi5SLTuX1DUuFtrbBErhxWlbrS6gO+sn9\/bnD7795ttv7pVHalolzt3fWczHadVOZ+NSJxk0tPPgDXThSA7XYoikaaD21zaZzpIU2vnnvf3yiAfhgeYPjrWBIL2GVWFST7osMWluCmUaXvq\/cJs03EHO10kHCxYawzu\/uoAkE\/VCk2FhAFwoKmgDv+S5Nv1NzzxZAMpRc2vq1YVV+eqTVc8NaWF7ihTW0YWH5m1Gr8UV8dyfFUqMi9\/nulLHXeFYcSRUaxo3UY9gFdHJ08GiZUHkgUF8bRv+SWaqZTmwSfgZDQbLNG7eWg\/bxjXydHI7gzMYvGVXn6YzEQQSvtGFuNVcLw25RqOeQQTbaO+0gXKgl9a3s7aqZFhjs4l620VHe7vQ05kyzqvfdAZZetHVM4\/bq0+pOJqmjwyRZgrcwsq8yc0s8aZtXNPBt6x43zFU6TzFYt5WeNSER7E4myYWGqOHtDN+GQbentOpGaxALru68EsyOL7X9GiesPFfaeMo1KPEiJu84Ohn05PW1gZT+3whWAzfc9MY1uduH7ZNx54i1ki186auSXMnicRsmVTsZXhgfdupt5gdMWS1+CSLn+rz1i47+BgNmjTD4X629LnlhHt96H15+Il0KbzxUszdM3WhqpbfuL9TJcsPO5B52srvxH1opjtxhqQyRVPp3GPUpR7nXVUpzGpqAMT4zq3vd5Sz0\/s7pfdz9+P+\/mKxmNSJnepq2mF6KHGS6X28MG3hcI3f7+Y0sdu\/cXB4Z\/\/gzr6Pyzx8d3hwMH8\/+W1e7CCQ\/f2dHfhh5sv7O4dHP+wAnU1R4iqe2nlA\/tELqHZ1g5hHrKvv\/nH7xo0bd1PjSYvpB+URQzKFwpN8++Cuuh8fPG9r8ZTcaPLhQs\/hZT48t8cuTwZdh\/22I07Uv3XWr4ad6Vxb+BiM9\/m4eJuUCMBZW6em4dDg8KWZsoRyB+NM\/\/xnYoNiUr2QcKLXdinkyX8fv9f1vErIbwlHih5VJ9O23mMEWCKfqIdVNz5N7Iyhfm6BmF4gzOEP0q4uyoYx1Konra0VaenUVMYTckK6BfKl7sFnN+jyUVsAcgtW7eHhXfUTxNI1TRPVOVGPSRchSYUVQJEEsIbFSSkb9IG\/+\/Oi0XZPBciJ6CrAKYDIUEUhJHEZ8JVCMtU5RVVBKbMpE0HIAPKjgPkEmJu2q2hY1gaGpWkeGRpuieGsnpYN3aPLW69tAC4lbrV70uW+IhiB2PIkZ4YB3gfDSLgSEmSdhelJp7PWwYHnOVmBnAa2hdZtGrAwqtrqAsuzjNkdp1xyIE8OCldRu+SJAFh8\/xoEiQnsOvHj9t\/Fj0IW+WfocXBrCz3YC9eZ4dfEmoQyOtlmmMUDjVF9yt9M6VrVmuIPcbWgjI5gRRrNOopUH7IyJaXX2lSKvAdejqfOTdZhXowKz0LOoEdPV5+apW72T3WWGM7PMremnAJX4wSflBwhoJ6WknpSMREk2jpbfazryHrWAkz6BWMyGkmRN3CypJeRdVoOIqfOiPhVY55nSJu+wmsCvb3kNOG6PERMGXpb\/U7RqkvCE6TOrlkY5+iHOsUNEkeibcAPd5t2Wu4JGVbAD8RwpAvCYqFUZFIM7jiSfkqs\/TB+2SIh2PExgpRpVscAAUOVXrh2BkbFAEnT8eBjeKjRY+g7SUl1L7WFumi2x6w6T+8KaskS86S0WC70E6kk+VMAx1960ZqYhHaXXb66AOMq9mCenNBSFoaodaQTz5ZixoD8g3iuO78w9IICOoJFogCR20DxCh6UrSnhRP1SD9bFENo1qU5SJ5BCIoES5ZRn4B\/gmZgW\/hwob+UZ4npmKrWGS\/xyFMoI4af16iM7lBMukxEpgxrByzoxH3IF4IxzYPQAI6j7AmlGszv8NS+LORmOnhnKn6hueDHXiFPfH\/xdnDK48c6vl\/yO9TopTL6NV7cP1nB1m7iO0ZHXwunYQxpAAeakupUuPU+8Llorz8HQ0Wqiq0w4CPPikCWGNcymDhnZ4NZ9fUBusfpIJSy7I7nN87a1GXEXfF9qzk4DN6Cxuz6UpBIdcW3K5XVIwSnq54uKYAyeJ05Ii51gXg5bRlaqTylC8J8SOCBMcSFF8cp1DsCVCAaD98uuQZm3zs5IfXB8oOfAiaXwJ2jQnmr2AqIBgyxuPW58DoG7hiolV0sRQTUG6ANWEHgLUGZJTJ6fE2WHAO8rjxjeAQNSTTxOc+UE5FIEX8QyigAzATHwoSrtl5A5YyBfB6doFGkoTCF6OmulAuJyqlfmOWc0xsblwjCCquOkqxedXeqqGa0rmBNaR\/iFApH4EUNJR3YPz8B4BtSpy4lQEuKgCkR84GLoe+hQhjFlRU0DUlszZrNIlCIdvVjwktyCiPbaFX8NIyr6H7gP69kj5ERDb1afyAv0+7kWN43gA8m4MeJRV6WMqlCCLbBUUD4Uu21weukCTMsiIXtJFdYTV7HuMfyoThpWVbAZy0QtF2nl1LCFb1VqHLs1EI1o\/KkmRcGrkkYcTe2yxHF0Uj6U7lAXpiFbP7LmXI+fUb0nXqT9Hkckz9VBZ5LWRHhBUAlIVlW\/vgVTfNdWpMZ1yRu57UImZTYvDZNBlIfQj2niq5D3tKu8uX7MPbwSzK1psV+Oto835etlDukODlGDf3Fv4Mxz+QbadkYuG+oSCZ1MuhO1gnMWq08VV369x4PJoEIkpxHznsGdIY4pkCil+yK9O8z7MEVsN0W4RYxCaIKnMqzgxF2tPgqzWPc42P\/lYaseWkkCPdIyLzKNxKPkE7\/6ZJlufGbKehOZmrUcsW\/BnIijBmgx9251MS2lJxNBSOpOpsW0LNbwOLgzC4PHjKaFRf5yzEVtjOKeozN9JD0Ps1B4jiBuaJfINFBQTktCCkb3hjqHaeBasWcKILQMohyLUTli0dgXhYlJD1uzM7WCXpMqhuC4x2PHs6VDcWIfrxeIrc3cKcZ5FGC91D5\/cu4jdwwr7PMs6XfwZqrZ0jDMIyK21erCuch0OWtQkrTUJWEE61xINUIPFA9mqXBmb\/tN40LFiX6tW9QcRL7XjrTOEItWEHCdKGKC4DQOiKemGWyS5N7V0gYgfIxCYaKOFB0bDNR\/+5FUEMW7oYR+c7p41uStT3LUPLHz8Ib6qtz1f01dvFByiKao80DdtdRU0M8\/974SAT9gAfbD9WPgjavBQFnuX0RBeUmidCQmfNktl5UeC768Wl14VKjyQEwsoy3ElN5UzWG17BpChnA\/vM7wRUFMCXAU6rY6+CrvZSTWz4ncyU\/KijJ\/ZqyeSThK\/IUpB7EJTmBSLyDLDsDN8JSb3uvw2niFli9peGv2MOcfTgZORi20tqpo7DRuLMRCR+q0imjtJolWwuTVriHS8d7Qbs2RmtUDSro3Iqrbb1Jw34ezuZViDprFaBSNwPgQmBAaDhuVzOCMqtIO0ZYhmqKU8Zv3OerElxofDNvx7ZHyyE1t09YaX1xgp5xpRuqEoCLxHVAkXnratqB841eaKJCUgWdd1s462PeY4s7asCwudylSXfxH2VUK+pcAC59wSxIm4XwodeRT4OeSeTHjcWBIBE9eqLP4CCp3Q0xHSJwdaFxgnT1M3M2qEzghZQcC8yC1I+\/hRCFEUVo+A7uJTrmk6OsaatmkLpJk6qlyS3PAwMahzooZU5bRg2Sw8zEvPpQYG9lSKqGvZG6\/Guu7\/0a9fHQluHUuy\/1y3Iry7fKbVAvtRdLMSSBS5NAxZ7qxWUFxfXbSFulGxuK3R5Qa8aabw1VDNdPP0w+NwoqTFJy5bwTtIglXrUMYPwaclNPIezICo2kSNvvcROyzMZw8MI4\/NxJ0TJAl721HfDtjcLu8ARBQjQJMNRpc0FLMUBamJiQxFG6cu6LvHkjeZCTjPpfUri31k7\/O\/Vj68bU7380rcT5Ni\/0LKXMtW9Dc2jf6hoyAcsmlayB1A5q31VshrYl7ku62XJQuRTftif2EGRLBHfUaFdcYlzQvfRkuLmV2oVEwO0zLu2iGUgSGYH4aOzj0FmhBCoid8S4RX7AZuxB3hpR0ihpypl8Exp7wCQIGseEKsGBKBzXtbBEbDqTByd5soRerj7IDBVk97TaZYiRAGeCVMN2FLZ+XZ+PH9TynkoX5daDZa52G0xCkpda3hU1y2dvtpJKgJgVlJWHGw9bXEqz8YeOkndIR56ReFNkwlhVhq+6SeMRgpHA5wVCJmxNRCYdPQBBGoYxJrGwRIkQpEbFh+73gdTXX13gj2oqO20TcjYKJwLZ9bEeF\/fVQolr1hM9xjAYHBGKim5NbnSamil7Y77pRCgxuTEKTcWexUEVa6jzu8YR8dAUgIhCy7ogNVSHeQVx9veqn4mlT4PRZOzXaf1Btrh4CYXDtrwFL6K6JM24xm54tPZUuX7MFOeXNPx6bXwzdQT6ng1dvDtHqDapNU1zqZo5i6D0iaWv6bsMukTTWDtWUTg943nSNZkF9DQ+vQm1HhKOS\/281KrSKa6MY6wgZnmuifs6JrhVwVLLAKOweSwg80s2sxmO018Ee0W\/p1pgUmSLsPAyLtkFTTGxwtaD8t08KMIK+Q5HRHr678UebfbixhmX+gUlBE696XoVvi5G6ukHHh7cO3uOPB8f\/xQ6rkfTa+XakdlEajFnIHxW\/sKcODw7OsQb+taP2H2xGzp9493dN6uZ3g0vjySu5sBEyp2ZqL8XMGTEPcW273SkBRcpDPf\/EVHXWOr0nOScUUa8A5xWnMhnBETKhVNLr0GiHbaAYOzEBURowNAXih0\/qREK\/sW45TUCDFZQCOPLehh6W61sfxB43ODkmiMXINYTODwdXEzo1GeV\/ETvbE19N8AxH\/f+KnjP4dbUdPc9lE2oQMRII6iUW6s1skIP4vNrrbo4cT4HUhEhquJiN2z8SM0w5MIJfCvcK4anVrhwDGO8Njyyq1FDzYvLFutoQCyHcVYndFuxS9U5VSGKzccjbgVXECiiLlfJg1YHvDM68CRhcPikqEnC1E\/UYmoJxNjrxh3fPmUrAGVe\/o9z5nJZPu4ZLejeTrUpCmj7Nur2+Qbo+0smtEt5HArHqtxH4Kh3IJFxSeUL84Ss1fJLYQm\/rd5dwdw\/ytfTIwH+e87pH0Jp2rdXbAvTbGeqUulIdnUENShc3GBw5YoPweQ47YO968whukK1vUF0Hy7hzNVBZkSL\/DCpv3rkeqNyeWGGmvw+Vw1HHN44AlbdvyehHfw6VN+8MoZJ+XYbKoy+AyiOGuaPrufC5E+dhV\/6kBfOGz061C\/vyl\/oOg0dklEU4QPAiqXVo77mk4IMQFTuwVvu8q63lB53YpZqQWAF39OIZBTmPrIoEjMQNXqcDGpWgkWy515sFAG6nqwvUkH2vT\/0UTsPH3S\/wluG6X3XEcEaKOFTgS11T0\/ZOlfJesbSgCYnC+eJ4\/JHa8vGo\/XlrSYZCyzY+1eQYsmzkxbBNBuSSk0yypTVcRSBD2yf4qbHLlaSWA0FtKjvuAhrm8+c9uFWNBYXTSlzsyxY571dySS5NKSwXyrQ+LDfloVn\/4GvrnUjpjtVbqufZ67XC+3PcVJvnfF51IGJs7sv0g1MxijSGdLAcHMqngoyqsSx0iRs680cN7KFvxsMiMjy35uh0hwTYfwA=\" \/><\/form> \t<div class=\"pdf24Plugin-cp-link\"> \t\t<a href=\"#\" onclick=\"var pdf24Win = window.open('about:blank', 'pdf24PopWin', 'resizable=yes,scrollbars=yes,width=600,height=250,left='+(screen.width\/2-300)+',top='+(screen.height\/3-125)+''); pdf24Win.focus(); document.pdf24Form0.submit(); if(typeof pdf24OnCreatePDF === 'function'){void(pdf24OnCreatePDF(this,pdf24Win));} return false;\">Diesen Beitrag als PDF herunterladen<\/a> \t<\/div> <\/div>","protected":false},"excerpt":{"rendered":"<p>Viele Leute haben schon mal von irgendwo her den Begriff Geocaching geh\u00f6rt, aber was es alles mit den Fachbegriffen, wie z.B. Muggels, Nano und First-To-Find auf sich hat, wei\u00df man nicht. Aus diesem Grund habe ich an dieser Stelle hier einmal den einen oder anderen Fachbegriff zusammen getragen und erl\u00e4utert. Was sind sogenannte Trackables? Beim Geocaching gibt es h\u00e4ufig in den Caches auch Tauschgegenst\u00e4nde. Neben allt\u00e4glichen Tauschobjekten, die prim\u00e4r f\u00fcr Kinder in den Caches abgelegt werden, gibt es auch sogenannte [&hellip;]<\/p>\n","protected":false},"author":1,"featured_media":0,"parent":82,"menu_order":0,"comment_status":"closed","ping_status":"closed","template":"","meta":{"ngg_post_thumbnail":0,"jetpack_post_was_ever_published":false,"footnotes":""},"class_list":["post-553","page","type-page","status-publish","hentry"],"jetpack_shortlink":"https:\/\/wp.me\/P4qNjn-8V","jetpack_sharing_enabled":true,"jetpack_likes_enabled":true,"_links":{"self":[{"href":"https:\/\/www.marcelcuvelier.de\/index.php?rest_route=\/wp\/v2\/pages\/553","targetHints":{"allow":["GET"]}}],"collection":[{"href":"https:\/\/www.marcelcuvelier.de\/index.php?rest_route=\/wp\/v2\/pages"}],"about":[{"href":"https:\/\/www.marcelcuvelier.de\/index.php?rest_route=\/wp\/v2\/types\/page"}],"author":[{"embeddable":true,"href":"https:\/\/www.marcelcuvelier.de\/index.php?rest_route=\/wp\/v2\/users\/1"}],"replies":[{"embeddable":true,"href":"https:\/\/www.marcelcuvelier.de\/index.php?rest_route=%2Fwp%2Fv2%2Fcomments&post=553"}],"version-history":[{"count":12,"href":"https:\/\/www.marcelcuvelier.de\/index.php?rest_route=\/wp\/v2\/pages\/553\/revisions"}],"predecessor-version":[{"id":1006,"href":"https:\/\/www.marcelcuvelier.de\/index.php?rest_route=\/wp\/v2\/pages\/553\/revisions\/1006"}],"up":[{"embeddable":true,"href":"https:\/\/www.marcelcuvelier.de\/index.php?rest_route=\/wp\/v2\/pages\/82"}],"wp:attachment":[{"href":"https:\/\/www.marcelcuvelier.de\/index.php?rest_route=%2Fwp%2Fv2%2Fmedia&parent=553"}],"curies":[{"name":"wp","href":"https:\/\/api.w.org\/{rel}","templated":true}]}}