{"id":558,"date":"2019-01-08T15:02:26","date_gmt":"2019-01-08T14:02:26","guid":{"rendered":"https:\/\/www.marcelcuvelier.de\/?page_id=558"},"modified":"2019-01-08T15:10:46","modified_gmt":"2019-01-08T14:10:46","slug":"umbau-der-lufthutze","status":"publish","type":"page","link":"https:\/\/www.marcelcuvelier.de\/?page_id=558","title":{"rendered":"Umbau der Lufthutze"},"content":{"rendered":"\n<p>F\u00fcr die Peugeotfahrer unter euch, denen die 0-8-15 Standard Lufthutze am Peugeot 206 nicht (mehr) gef\u00e4llt und die Motorhaube etwas individueller gestalten wollen, habe ich hier genau das richtige: eine genaue Anleitung ( <br>von Sebastian Ro) vom Umbau der Lufthutze.<\/p>\n\n\n\n<p>Die Original Peugeot Lufthutze auf den folgenden Bildern d\u00fcrfte euch wohl gut bekannt sein. So sieht es also im &#8222;Normalen-\/Original&#8220; Zustand bei unseren 206ern aus:<\/p>\n\n\n\n<ul class=\"wp-block-gallery columns-3 is-cropped wp-block-gallery-1 is-layout-flex wp-block-gallery-is-layout-flex\"><li class=\"blocks-gallery-item\"><figure><img loading=\"lazy\" decoding=\"async\" width=\"192\" height=\"113\" src=\"https:\/\/www.marcelcuvelier.de\/wp-content\/uploads\/2019\/01\/info13_lufthutze_original1.jpg\" alt=\"\" data-id=\"560\" data-link=\"https:\/\/www.marcelcuvelier.de\/?attachment_id=560\" class=\"wp-image-560\"\/><\/figure><\/li><li class=\"blocks-gallery-item\"><figure><img loading=\"lazy\" decoding=\"async\" width=\"152\" height=\"113\" src=\"https:\/\/www.marcelcuvelier.de\/wp-content\/uploads\/2019\/01\/info13_lufthutze_original2.jpg\" alt=\"\" data-id=\"561\" data-link=\"https:\/\/www.marcelcuvelier.de\/?attachment_id=561\" class=\"wp-image-561\" srcset=\"https:\/\/www.marcelcuvelier.de\/wp-content\/uploads\/2019\/01\/info13_lufthutze_original2.jpg 152w, https:\/\/www.marcelcuvelier.de\/wp-content\/uploads\/2019\/01\/info13_lufthutze_original2-150x113.jpg 150w\" sizes=\"auto, (max-width: 152px) 100vw, 152px\" \/><\/figure><\/li><li class=\"blocks-gallery-item\"><figure><img loading=\"lazy\" decoding=\"async\" width=\"108\" height=\"113\" src=\"https:\/\/www.marcelcuvelier.de\/wp-content\/uploads\/2019\/01\/info13_lufthutze_original3.jpg\" alt=\"\" data-id=\"562\" data-link=\"https:\/\/www.marcelcuvelier.de\/?attachment_id=562\" class=\"wp-image-562\"\/><\/figure><\/li><\/ul>\n\n\n\n<p>Sinn der Lufthutze: Luftzuf\u00fchrung f\u00fcr den Innenraum des 206, denn kurz hinter der Lufthutze innerhalb des Motorraums ist auch der Pollenfilter zu finden. <\/p>\n\n\n\n<p>Aber nat\u00fcrlich l\u00e4sst sich die Motorhaube noch etwas optisch ver\u00e4ndern bzw. verbessern und das zudem auch noch ohne gro\u00dfen Kostenaufwand. Ben\u00f6tigt wird etwas (schnell trocknenden) Silikon, Kabelbinder (nur vor\u00fcbergehend zur Fixierung) und das entsprechende &#8222;Racing-Gitter&#8220; Deiner Wahl, welches man f\u00fcr unter 5,&#8211; \u20ac erhalten kann. <\/p>\n\n\n\n<p>Und nun zur Durchf\u00fchrung der Umbauaktion: Als erstes muss nat\u00fcrlich die Motorhaube ge\u00f6ffnet werden. Nun mit Hilfe eines Schraubendrehers, o.\u00e4. Werkzeug den Kunststoff-Halteclip der Hutze von der Innenseite der Motorhaube wie dargestellt l\u00f6sen. <\/p>\n\n\n\n<ul class=\"wp-block-gallery columns-2 is-cropped wp-block-gallery-2 is-layout-flex wp-block-gallery-is-layout-flex\"><li class=\"blocks-gallery-item\"><figure><img loading=\"lazy\" decoding=\"async\" width=\"240\" height=\"156\" src=\"https:\/\/www.marcelcuvelier.de\/wp-content\/uploads\/2019\/01\/info13_clips_entfernen.jpg\" alt=\"\" data-id=\"563\" data-link=\"https:\/\/www.marcelcuvelier.de\/?attachment_id=563\" class=\"wp-image-563\"\/><\/figure><\/li><li class=\"blocks-gallery-item\"><figure><img loading=\"lazy\" decoding=\"async\" width=\"220\" height=\"156\" src=\"https:\/\/www.marcelcuvelier.de\/wp-content\/uploads\/2019\/01\/info13_hutze_innen.jpg\" alt=\"\" data-id=\"564\" data-link=\"https:\/\/www.marcelcuvelier.de\/?attachment_id=564\" class=\"wp-image-564\"\/><\/figure><\/li><\/ul>\n\n\n\n<p>\n\nAnschlie\u00dfend kann die Hutze problemlos entnommen werden.\n\n<\/p>\n\n\n\n<figure class=\"wp-block-image\"><img loading=\"lazy\" decoding=\"async\" width=\"209\" height=\"197\" src=\"https:\/\/www.marcelcuvelier.de\/wp-content\/uploads\/2019\/01\/info13_hutze_entnehmen.jpg\" alt=\"\" class=\"wp-image-565\"\/><\/figure>\n\n\n\n<p>Bevor man nun mit dem Einkleben bzw. Aufbringen des Silikons beginnt, sollte die Hutze&nbsp;und&nbsp;die entsprechenden Stellen an der Motorhaube mit Kunststoffreiniger, Alkohol oder \u00e4hnlichem L\u00f6sungsmittel gr\u00fcndlich gereinigt werden, damit der Silikon auch seine volle Klebewirkung entfalten kann und das Gitter somit einen guten Halt hat. Die Klebestelle muss fettfrei und trocken sein. <\/p>\n\n\n\n<p>Nun das im Baumarkt gekaufte Gitter auf die entsprechende Gr\u00f6\u00dfe schneiden. Dazu kann nat\u00fcrlich die gute alte Lufthutze als Schablone herhalten. Einfach die Hutze auf das Gitter legen, mit einem wasserfesten Stift die Umrandung nachziehen und das Gitter z.B. mit einem Seitenschneider oder Blechschere ausschneiden. Anschlie\u00dfend das herausgeschnittene St\u00fcck Gitter von innen an die entsprechende Position halten und \u00fcberpr\u00fcfen, ob die Ma\u00dfe stimmen. Gegebenenfalls k\u00f6nnen dann noch kleine Korrekturen vorgenommen werden. <\/p>\n\n\n\n<figure class=\"wp-block-image\"><img loading=\"lazy\" decoding=\"async\" width=\"260\" height=\"281\" src=\"https:\/\/www.marcelcuvelier.de\/wp-content\/uploads\/2019\/01\/info13_racegitter.jpg\" alt=\"\" class=\"wp-image-568\"\/><\/figure>\n\n\n\n<p> Nun einen Silikonstreifen auf der Innenseite der Motorhaube auftragen. Anschlie\u00dfend das Gitter einsetzen. Dabei sollte man jedoch h\u00f6chst sorgf\u00e4ltig vorgehen, um sich unn\u00f6tige Arbeit zu ersparen, denn verrutscht das Gitter muss man dieses wieder entnehmen und erst einmal das verschmierte Silikon entfernen. Also einfach mit Ruhe anbringen. Das Gitter l\u00e4sst sich dann, wie dargestellt, vor\u00fcbergehend mit Kabelbindern fixieren, um ein nachtr\u00e4gliches Wegrutschen zu verhindern. Anschlie\u00dfend sollte man zur besseren Haftung noch etwas Silikon oder Scheibenkleber an den R\u00e4ndern auftragen, so dass der Rand gut im Kleber sitzt. F\u00fcr den Einbau ist von der Nutzung von Hei\u00dfkleber eher abzuraten, da dieser nicht besonders gut, wegen seiner Hitzebest\u00e4ndigkeit (Sonneneinwirkung auf der Motorhaube) geeignet ist. Den Silikon bzw. Kleber sollte man gut trocknen lassen (mind. 1-3 Tage). Anschlie\u00dfend k\u00f6nnen dann die Kabelbinder entfernt werden. <\/p>\n\n\n\n<figure class=\"wp-block-image\"><img loading=\"lazy\" decoding=\"async\" width=\"271\" height=\"210\" src=\"https:\/\/www.marcelcuvelier.de\/wp-content\/uploads\/2019\/01\/info13_racegitter_eingeklebt.jpg\" alt=\"\" class=\"wp-image-569\"\/><\/figure>\n\n\n\n<p>Zum Abschluss sollte man noch den Zubringerschlauch f\u00fcr die Wischwasseranlage mit ein\/zwei Punkten Kleber fixieren, damit dieser nicht beim Schlie\u00dfen der Motorhaube versehentlich eingeklemmt wird. <\/p>\n\n\n\n<figure class=\"wp-block-image\"><img loading=\"lazy\" decoding=\"async\" width=\"256\" height=\"192\" src=\"https:\/\/www.marcelcuvelier.de\/wp-content\/uploads\/2019\/01\/info13_wasserschlauch.jpg\" alt=\"\" class=\"wp-image-570\"\/><\/figure>\n\n\n\n<p> Anbei mal ein paar Bilder vom Zustand bzw. von der Optik direkt nach dem Einkleben (jedoch noch mit den Kabelbindern als Fixierung): <\/p>\n\n\n\n<ul class=\"wp-block-gallery columns-2 is-cropped wp-block-gallery-3 is-layout-flex wp-block-gallery-is-layout-flex\"><li class=\"blocks-gallery-item\"><figure><img loading=\"lazy\" decoding=\"async\" width=\"320\" height=\"190\" src=\"https:\/\/www.marcelcuvelier.de\/wp-content\/uploads\/2019\/01\/info13_neue_hutze_eingebaut1-1.jpg\" alt=\"\" data-id=\"572\" data-link=\"https:\/\/www.marcelcuvelier.de\/?attachment_id=572\" class=\"wp-image-572\" srcset=\"https:\/\/www.marcelcuvelier.de\/wp-content\/uploads\/2019\/01\/info13_neue_hutze_eingebaut1-1.jpg 320w, https:\/\/www.marcelcuvelier.de\/wp-content\/uploads\/2019\/01\/info13_neue_hutze_eingebaut1-1-300x178.jpg 300w\" sizes=\"auto, (max-width: 320px) 100vw, 320px\" \/><\/figure><\/li><li class=\"blocks-gallery-item\"><figure><img loading=\"lazy\" decoding=\"async\" width=\"250\" height=\"190\" src=\"https:\/\/www.marcelcuvelier.de\/wp-content\/uploads\/2019\/01\/info13_neue_hutze_eingebaut2.jpg\" alt=\"\" data-id=\"573\" data-link=\"https:\/\/www.marcelcuvelier.de\/?attachment_id=573\" class=\"wp-image-573\"\/><\/figure><\/li><\/ul>\n\n\n\n<p> Und hier noch zwei Fotos vom Endresultat, also nach dem Entfernen der Fixier-Kabelbinder: <\/p>\n\n\n\n<ul class=\"wp-block-gallery columns-2 is-cropped wp-block-gallery-4 is-layout-flex wp-block-gallery-is-layout-flex\"><li class=\"blocks-gallery-item\"><figure><img loading=\"lazy\" decoding=\"async\" width=\"384\" height=\"288\" src=\"https:\/\/www.marcelcuvelier.de\/wp-content\/uploads\/2019\/01\/info13_neue_hutze_eingebaut3.jpg\" alt=\"\" data-id=\"574\" data-link=\"https:\/\/www.marcelcuvelier.de\/?attachment_id=574\" class=\"wp-image-574\" srcset=\"https:\/\/www.marcelcuvelier.de\/wp-content\/uploads\/2019\/01\/info13_neue_hutze_eingebaut3.jpg 384w, https:\/\/www.marcelcuvelier.de\/wp-content\/uploads\/2019\/01\/info13_neue_hutze_eingebaut3-300x225.jpg 300w\" sizes=\"auto, (max-width: 384px) 100vw, 384px\" \/><\/figure><\/li><li class=\"blocks-gallery-item\"><figure><img loading=\"lazy\" decoding=\"async\" width=\"384\" height=\"288\" src=\"https:\/\/www.marcelcuvelier.de\/wp-content\/uploads\/2019\/01\/info13_neue_hutze_eingebaut4.jpg\" alt=\"\" data-id=\"575\" data-link=\"https:\/\/www.marcelcuvelier.de\/?attachment_id=575\" class=\"wp-image-575\" srcset=\"https:\/\/www.marcelcuvelier.de\/wp-content\/uploads\/2019\/01\/info13_neue_hutze_eingebaut4.jpg 384w, https:\/\/www.marcelcuvelier.de\/wp-content\/uploads\/2019\/01\/info13_neue_hutze_eingebaut4-300x225.jpg 300w\" sizes=\"auto, (max-width: 384px) 100vw, 384px\" \/><\/figure><\/li><\/ul>\n\n\n\n<blockquote class=\"wp-block-quote is-layout-flow wp-block-quote-is-layout-flow\"><p> <br>Quelle: Sebastian Ro<\/p><\/blockquote>\n<div class=\"pdf24Plugin-cp\"> \t<form name=\"pdf24Form0\" method=\"post\" target=\"pdf24PopWin\" action=\"https:\/\/doc2pdf.pdf24.org\/wordpress.php\"><input type=\"hidden\" name=\"blogCharset\" value=\"Cw1x07UAAA==\" \/><input type=\"hidden\" name=\"blogPosts\" value=\"MwQA\" \/><input type=\"hidden\" name=\"blogUrl\" value=\"yygpKSi20tcvLy\/Xy00sSk7NSS4tS83JTC3SS0kFAA==\" \/><input type=\"hidden\" name=\"blogName\" value=\"y00sSk7NSS4tS83JTC3SS0kFAA==\" \/><input type=\"hidden\" name=\"blogValueEncoding\" value=\"gzdeflate base64\" \/><input type=\"hidden\" name=\"postId_0\" value=\"MzW1AAA=\" \/><input type=\"hidden\" name=\"postTitle_0\" value=\"C81NSixVSEktUvApTSvJKC2pSgUA\" \/><input type=\"hidden\" name=\"postLink_0\" value=\"yygpKSi20tcvLy\/Xy00sSk7NSS4tS83JTC3SS0nVty9ITE+Nz0yxNTW1AAA=\" \/><input type=\"hidden\" name=\"postAuthor_0\" value=\"800sSk7NAQA=\" \/><input type=\"hidden\" name=\"postDateTime_0\" value=\"MzIwtNQ1MNQ1sFAwNLUyMLQyMgMA\" \/><input type=\"hidden\" name=\"postContent_0\" value=\"zVpNbxvJEb37VzQYYCEB4rdoSrKsQILXdqCN17FiGPDFaJI9nF729DDdPaLMY\/7IXnzMWSff+E\/yS\/KqhkMOKUreQKSwPsgaTn\/Vq6r3qpp6djo+ez377sRAK\/FeZUOVhkjGTjmR2YCfKuvHB2KgrLI8plE9qjY74ipIO5BuIH7JohBnYaqETIoFRKvxXFjdj4PYS1Ts9sVQRbNvxgQsOuBl\/p6G1MUy6ymhwkR6oe1AX+tBpozBrkPlgzQBe05SfGAPRCwxFEuKWPN7KzMxwDxH2+ihOhFKW5W\/UOLcGqVDZodiT5z23Nl1asWV6kkftLTiQ7ovrtNEfEx6tArWW1hRO62Pz57hH3B5hXP+6vRQW2kWppXszSLCRUSpwa7024U2WAw4AdAoKMYOBsRGDLMgemokrQ3C46A1cZUKrxUQUl5I41OhE\/HTX45ardaLd6lLJIyu1ovd+UXjhficecIdS2kg6ZXDpsCa9pSZP1mcPTOib6T3LyuTcbVn0v6oOpQE7FfRT02WWF9tC+2rfZeOx2og1kdVm\/TWyK9pFqqRUTd3R6y+r5ydGl3syQP9cmRQCd5Hepg5dXaqk6EwqRxoO3xZMXL6tQIU+2n+LP1X26+IiR6E+GWledyqiFjpYRzw0GxXhHf9l5U4hLE\/qdcnk0ktka6vTD+7VgZxURuoOk7aTxG6NtSzMW3k661G87jeaNa1jdJm+4spXPglnePbrP02HlbgB+yD48ggq3rwstJ53pg\/GW1HP9r4rzIE2Y8T7PwFs3ny0gs6kUNVpQ\/rZ6f1Aoy60btBrvNEyLXuQ675GOSam5BrshFehZ3ZIQDbBFSz\/dVBmY0b+GG+S2MCW\/RUwUCZhfQANClvquy7EzrE+GZfNBuNaxyGnyriSYKmcfQ0QdO+L2hajwma1qagad1Nt3pmCoa\/0tau8v8J\/zrNotn32JF+RCyO4Nm\/WUigk1mCJ0+sy6poxShzU4gSi+XKUpA0q6BxpsczWPFoPrTOB\/A1tIHGv2eBi7ShBaaZiDRpSU2UhOi8h1dWBhzFkASa2TePJTz9viamNsVnuaKm46A9nq6Vm32zLEy96aRGzz3lPT2zGmPoNBuoJD8SL5DGJKUunf0Owy9TH0hVowmkpyYulJ3dQnEDwgb6n++1h40spFsEh2C0LIf74kobPUoh3pcQb9Mjw5zYs5mD+rrZd1g1VDHGYn8nXusbeBaQ7y+OBdf6sVN9GqMKdfwg+4jd6hsdAFghjK9I\/J34JGNzICYIlBiIJ5B6dl9eyXQOaHSz+UL899\/\/EewZKjBIlFfQ\/ojdbWb5UK8y148XsUDH55pBjoJO7Yk4NzikAzzYLPO+7KM1vwzV7DaKrAJqyrF\/32GLRAfxVptIcfHixVU\/djTcDhyAcf5ApLXZt5r4pNxoigKEA\/ESyh98SKOo+pZM6Bs95qO95aijUoeeOF5Ra6AOocfSWSY4Gmo3qrEU1WRmdutXIu4PlA+tB8uH1p+ifGgdNkp81nm+JT4jvP0XDIiQQsDtHi5rP4bL2pu4rP0kpQPyaReo5QpAlHgvYoePQexwE2KHD7L\/s2fnFryFJYnnBswEnLd5Io1d2jMqMSkTkU2ThNqRPHsxv0iWfPU7CcNHqPx\/yDeOS8gfd7eKPJmgCK8V9O9C1ilDNgfqQoGvmU7tnLRILn6Gm4wCWeWycp5FPQerqE8kKsu536NXgebbcCA8hI7IqAD4J9vz4xfg+vwX+nyF8NGxET\/hf2nXKYzOsORBB\/ZEC+gOQMijNE6NSGn87FtsiYtx1l9AcWBwn5BqoB2D+tgB8zSm8eyCmKHqMrfQFTbkwui5v7wmtRaXZDfkb0SqQEywlJKFeOUCBatpNZprqQvETyJttLOhJqjB5KWYiFWuIZEKgSzihVhOMSfvGUsiRepBu6BrvEBNId0owJQRVBoQz7fmBnUdVfHGzW4R74IVW7MUvZKoO\/jwawJGB6ZQUeW217BOSYQ58IgLHa1RPERyPvHtskNeQmHUkPAt8EgEKgeUIRGZT87WUeDJHxOHSoOgtVhvqqlGWId1WruolVa6Ip2zhUku9\/+Fgc34DB6m9rhk8Gre07IYhCGQRAyiHWDaFaDoj4oNSVaZvTga76D6PvWaagIxryrouFzhjBFqEZmd9vKaQDL4QROd1MQbYNKjyxWEEIAdzW55jwE7g0oxpBjF3SVqRzUKGXX8SEYAucJHYhd09LwkBK2j5pboyMk+GIEw\/QETHW1gIq6a8mQqCCYgVyJyC1\/HPFT3UHI4rL0xAOZuxtroMKd5VtA1y5y1iPx+UwPySDy7RVih\/IYb6FYLtXDukpjcjP6A6\/LM5mWyEucotxGoSDFUdGPpmGOoc0Ah7rLg6ZqsdAImgSQPMg8iRbVGdiz4m0OLik46ayINz8VSWCeBE3DWgraWJQoVqimN5wSltPmQxQDEzhmbjF2mabm7QBwerBeMB+vlO7PxssRH1c21\/BwObMuJHNCGDJmPPQraYW66ojqbjh\/nU9ddU4Kf6vG8cWESjfh6r9TvFGZz7oOhlEZisUK5XEGs+FA0QotQIFkiBD0Hywe6XKO7OtDqZT4TaT0FVb8u2kCwHF0aUgtXVNrvQHZ0Fnp+q\/Ts9\/mmVMIL2cO5ZciFJfepm9+NwpiUjuNpS2pbhnOmp1oe27Iw0In1cEQRtHeVUmxjQCE9Rcwvg5yuWpGy1GjgiPDrMlNymS7MWuJK9hZtm6AsxH97iaZer1lti38Cpv11t6zwFNFaucObx13YKTl1myVyaja2Tk5fFGUGeTL8gKeON\/DUZ8T9eY8Qo2wugc3xSnH0Octzj\/LWcIERFdfwn6htz7VRWoNNCqGrTydgpPeZHZHEzD25zLV54bIaYojkq4Xj1hmRaINSOLDiFxYnSd7b78Zx1FEsi9zWlhyXw1Vg+bDHuo1NynJuie6JUImwxlK6+X0+f1WwuHnnG5R54v86DnoEwEmZmeLW6uK9uWKw0\/Oi0q4SJRVTy4uPky224O0\/RQveXmkmj7eVplZlquhrKGjByKFZve8Wv\/uYa8XupmvFbmt7d9EP2CIA3xbuo+\/ZodpuNG6a3aN8p8aDd9I4SOlOmp+e5k661XmyALrvq4zuY25yuptucrrtB+8lBN1A8tecTBxM+q9B2p6Z6Ge6HPSZCRI1A39zuGSeouBjdsp5pVrim23yy+Gfg1+ODss9ytEOw+O+Ly26j7m26m66tqIPd8ku+bdQgG5H3NJmZmm1On+IWY4Oy8xCT0\/DLE8YOof3hU7nMaHT2RQ6nd2GzuGOQ+dw+6GzIFaOnH9labhbx+aflgkrnYjVt9XVt4g5EDX9ack\/+E9WTlb+vIRo9rS+3PDs2f8A\" \/><\/form> \t<div class=\"pdf24Plugin-cp-link\"> \t\t<a href=\"#\" onclick=\"var pdf24Win = window.open('about:blank', 'pdf24PopWin', 'resizable=yes,scrollbars=yes,width=600,height=250,left='+(screen.width\/2-300)+',top='+(screen.height\/3-125)+''); pdf24Win.focus(); document.pdf24Form0.submit(); if(typeof pdf24OnCreatePDF === 'function'){void(pdf24OnCreatePDF(this,pdf24Win));} return false;\">Diesen Beitrag als PDF herunterladen<\/a> \t<\/div> <\/div>","protected":false},"excerpt":{"rendered":"<p>F\u00fcr die Peugeotfahrer unter euch, denen die 0-8-15 Standard Lufthutze am Peugeot 206 nicht (mehr) gef\u00e4llt und die Motorhaube etwas individueller gestalten wollen, habe ich hier genau das richtige: eine genaue Anleitung ( von Sebastian Ro) vom Umbau der Lufthutze. Die Original Peugeot Lufthutze auf den folgenden Bildern d\u00fcrfte euch wohl gut bekannt sein. So sieht es also im &#8222;Normalen-\/Original&#8220; Zustand bei unseren 206ern aus: Sinn der Lufthutze: Luftzuf\u00fchrung f\u00fcr den Innenraum des 206, denn kurz hinter der Lufthutze innerhalb [&hellip;]<\/p>\n","protected":false},"author":1,"featured_media":0,"parent":463,"menu_order":0,"comment_status":"closed","ping_status":"closed","template":"template-fullwidth.php","meta":{"ngg_post_thumbnail":0,"jetpack_post_was_ever_published":false,"footnotes":""},"class_list":["post-558","page","type-page","status-publish","hentry"],"jetpack_shortlink":"https:\/\/wp.me\/P4qNjn-90","jetpack_sharing_enabled":true,"jetpack_likes_enabled":true,"_links":{"self":[{"href":"https:\/\/www.marcelcuvelier.de\/index.php?rest_route=\/wp\/v2\/pages\/558","targetHints":{"allow":["GET"]}}],"collection":[{"href":"https:\/\/www.marcelcuvelier.de\/index.php?rest_route=\/wp\/v2\/pages"}],"about":[{"href":"https:\/\/www.marcelcuvelier.de\/index.php?rest_route=\/wp\/v2\/types\/page"}],"author":[{"embeddable":true,"href":"https:\/\/www.marcelcuvelier.de\/index.php?rest_route=\/wp\/v2\/users\/1"}],"replies":[{"embeddable":true,"href":"https:\/\/www.marcelcuvelier.de\/index.php?rest_route=%2Fwp%2Fv2%2Fcomments&post=558"}],"version-history":[{"count":7,"href":"https:\/\/www.marcelcuvelier.de\/index.php?rest_route=\/wp\/v2\/pages\/558\/revisions"}],"predecessor-version":[{"id":585,"href":"https:\/\/www.marcelcuvelier.de\/index.php?rest_route=\/wp\/v2\/pages\/558\/revisions\/585"}],"up":[{"embeddable":true,"href":"https:\/\/www.marcelcuvelier.de\/index.php?rest_route=\/wp\/v2\/pages\/463"}],"wp:attachment":[{"href":"https:\/\/www.marcelcuvelier.de\/index.php?rest_route=%2Fwp%2Fv2%2Fmedia&parent=558"}],"curies":[{"name":"wp","href":"https:\/\/api.w.org\/{rel}","templated":true}]}}