{"id":586,"date":"2019-01-08T15:25:09","date_gmt":"2019-01-08T14:25:09","guid":{"rendered":"https:\/\/www.marcelcuvelier.de\/?page_id=586"},"modified":"2019-01-08T17:05:15","modified_gmt":"2019-01-08T16:05:15","slug":"montage-angeleyes","status":"publish","type":"page","link":"https:\/\/www.marcelcuvelier.de\/?page_id=586","title":{"rendered":"Montage Angeleyes"},"content":{"rendered":"\n<p>Auf der folgenden Abbildung sieht man die Angeleyes f\u00fcr den Peugeot 206. Nun m\u00fcssen die Prachtst\u00fccke &#8222;nur&#8220; noch an dem L\u00f6wen korrekt montiert werden. Also, fangen wir mal ganz vorne mit der Demontage der vorhandenen Original Peugeot Beleuchtungseinrichtung an. <\/p>\n\n\n\n<figure class=\"wp-block-image\"><img loading=\"lazy\" decoding=\"async\" width=\"271\" height=\"107\" src=\"https:\/\/www.marcelcuvelier.de\/wp-content\/uploads\/2019\/01\/info15_angeleyes_in_karton.jpg\" alt=\"\" class=\"wp-image-587\"\/><\/figure>\n\n\n\n<p>Dazu wird die Motorhaube ge\u00f6ffnet und dann der Grill entfernt. Daf\u00fcr m\u00fcssen die Kunststoffclips (siehe Abbildung\/Markierung) entfernt werden. Am besten mit einem Schraubendreher unter den Kopf des jeweiligen Clips gehen und diesen vorsichtig anheben. Mit einer flachen Spitzzange lassen sich die Clips ebenfalls recht gut entfernen. <\/p>\n\n\n\n<figure class=\"wp-block-image\"><img loading=\"lazy\" decoding=\"async\" width=\"384\" height=\"204\" src=\"https:\/\/www.marcelcuvelier.de\/wp-content\/uploads\/2019\/01\/info15_grillclips.jpg\" alt=\"\" class=\"wp-image-588\" srcset=\"https:\/\/www.marcelcuvelier.de\/wp-content\/uploads\/2019\/01\/info15_grillclips.jpg 384w, https:\/\/www.marcelcuvelier.de\/wp-content\/uploads\/2019\/01\/info15_grillclips-300x159.jpg 300w\" sizes=\"auto, (max-width: 384px) 100vw, 384px\" \/><\/figure>\n\n\n\n<p>Nun die Torx-Schraube und die 10er Sechskantschraube aus der Scheinwerferhalterung herausdrehen. <\/p>\n\n\n\n<figure class=\"wp-block-image\"><img loading=\"lazy\" decoding=\"async\" width=\"384\" height=\"247\" src=\"https:\/\/www.marcelcuvelier.de\/wp-content\/uploads\/2019\/01\/info15_torx_und_sechskantschraube.jpg\" alt=\"\" class=\"wp-image-591\" srcset=\"https:\/\/www.marcelcuvelier.de\/wp-content\/uploads\/2019\/01\/info15_torx_und_sechskantschraube.jpg 384w, https:\/\/www.marcelcuvelier.de\/wp-content\/uploads\/2019\/01\/info15_torx_und_sechskantschraube-300x193.jpg 300w\" sizes=\"auto, (max-width: 384px) 100vw, 384px\" \/><\/figure>\n\n\n\n<p>Als n\u00e4chstes wird die Grillleiste entfernt. Daf\u00fcr muss diese mit einem kleinen Holzkeil oder einer \u00e4hnlichen Utensilie vorsichtig ausgehebelt werden. Wie man den folgenden Abbildungen entnehmen kann, ist diese Leiste jeweils mit zwei wei\u00dfen Clips am Rand fixiert (siehe Markierungen). Es ist darauf zu achten, dass das &#8222;Aushebel-Werkzeug&#8220; nicht zu hart ist, um den Lack nicht zu besch\u00e4digen. <\/p>\n\n\n\n<ul class=\"wp-block-gallery columns-2 is-cropped wp-block-gallery-1 is-layout-flex wp-block-gallery-is-layout-flex\"><li class=\"blocks-gallery-item\"><figure><img loading=\"lazy\" decoding=\"async\" width=\"300\" height=\"225\" src=\"https:\/\/www.marcelcuvelier.de\/wp-content\/uploads\/2019\/01\/info15_leiste1.jpg\" alt=\"\" data-id=\"592\" data-link=\"https:\/\/www.marcelcuvelier.de\/?attachment_id=592\" class=\"wp-image-592\"\/><\/figure><\/li><li class=\"blocks-gallery-item\"><figure><img loading=\"lazy\" decoding=\"async\" width=\"300\" height=\"225\" src=\"https:\/\/www.marcelcuvelier.de\/wp-content\/uploads\/2019\/01\/info15_leiste2.jpg\" alt=\"\" data-id=\"593\" data-link=\"https:\/\/www.marcelcuvelier.de\/?attachment_id=593\" class=\"wp-image-593\"\/><\/figure><\/li><\/ul>\n\n\n\n<p>Nun wird die kleine Kunststoffverkleidung bzw. Kunststoffleiste gel\u00f6st, indem auch hier wieder ein Clip (nach oben beschriebenem Verfahren) entfernt wird: <\/p>\n\n\n\n<figure class=\"wp-block-image\"><img loading=\"lazy\" decoding=\"async\" width=\"384\" height=\"288\" src=\"https:\/\/www.marcelcuvelier.de\/wp-content\/uploads\/2019\/01\/info15_lampenhalterung2.jpg\" alt=\"\" class=\"wp-image-595\" srcset=\"https:\/\/www.marcelcuvelier.de\/wp-content\/uploads\/2019\/01\/info15_lampenhalterung2.jpg 384w, https:\/\/www.marcelcuvelier.de\/wp-content\/uploads\/2019\/01\/info15_lampenhalterung2-300x225.jpg 300w\" sizes=\"auto, (max-width: 384px) 100vw, 384px\" \/><\/figure>\n\n\n\n<p>Unter dieser Verkleidung versteckt sich dann noch eine weitere zehner Sechskantschraube, die ebenfalls gel\u00f6st und entfernt werden muss (siehe Bild). <\/p>\n\n\n\n<figure class=\"wp-block-image\"><img loading=\"lazy\" decoding=\"async\" width=\"382\" height=\"185\" src=\"https:\/\/www.marcelcuvelier.de\/wp-content\/uploads\/2019\/01\/info15_lampenhalterung3.jpg\" alt=\"\" class=\"wp-image-596\" srcset=\"https:\/\/www.marcelcuvelier.de\/wp-content\/uploads\/2019\/01\/info15_lampenhalterung3.jpg 382w, https:\/\/www.marcelcuvelier.de\/wp-content\/uploads\/2019\/01\/info15_lampenhalterung3-300x145.jpg 300w\" sizes=\"auto, (max-width: 382px) 100vw, 382px\" \/><\/figure>\n\n\n\n<p>Nun die zehner Sechskantschraube unterhalb des Scheinwerfers herausdrehen. <\/p>\n\n\n\n<figure class=\"wp-block-image\"><img loading=\"lazy\" decoding=\"async\" width=\"381\" height=\"215\" src=\"https:\/\/www.marcelcuvelier.de\/wp-content\/uploads\/2019\/01\/info15_lampenhalterung1.jpg\" alt=\"\" class=\"wp-image-597\" srcset=\"https:\/\/www.marcelcuvelier.de\/wp-content\/uploads\/2019\/01\/info15_lampenhalterung1.jpg 381w, https:\/\/www.marcelcuvelier.de\/wp-content\/uploads\/2019\/01\/info15_lampenhalterung1-300x169.jpg 300w\" sizes=\"auto, (max-width: 381px) 100vw, 381px\" \/><\/figure>\n\n\n\n<p>Anschlie\u00dfend kann der Scheinwerfer dann vollst\u00e4ndig abgeklemmt werden. Daf\u00fcr m\u00fcssen dann einfach alle Stecker vom Scheinwerfer abgezogen werden. Nun kann der Originale Scheinwerfer der Peugeot Front entnommen werden. <\/p>\n\n\n\n<p>Der Originale Blinker und das Standlicht m\u00fcssen nun aus der &#8222;alten&#8220; Lampe ausgebaut werden und in den neuen Angeleyes-Scheinwerfer eingebaut werden. Anschlie\u00dfend k\u00f6nnen die beiden Lampen auch schon wieder angeklemmt werden. Der Einbau des Blinkers ist allerdings ein wenig &#8222;Fummelei&#8220;, aber auch zu bew\u00e4ltigen. <\/p>\n\n\n\n<figure class=\"wp-block-image\"><img loading=\"lazy\" decoding=\"async\" width=\"288\" height=\"295\" src=\"https:\/\/www.marcelcuvelier.de\/wp-content\/uploads\/2019\/01\/info15_scheinwerfer_ausgebaut.jpg\" alt=\"\" class=\"wp-image-598\"\/><\/figure>\n\n\n\n<p>Auf dem folgenden Bild sieht man, wie man das Standlicht anklemmt und wie die Angeleyes angeklemmt werden m\u00fcssen. <\/p>\n\n\n\n<figure class=\"wp-block-image\"><img loading=\"lazy\" decoding=\"async\" width=\"357\" height=\"235\" src=\"https:\/\/www.marcelcuvelier.de\/wp-content\/uploads\/2019\/01\/info15_kabelverbindungen2.jpg\" alt=\"\" class=\"wp-image-599\" srcset=\"https:\/\/www.marcelcuvelier.de\/wp-content\/uploads\/2019\/01\/info15_kabelverbindungen2.jpg 357w, https:\/\/www.marcelcuvelier.de\/wp-content\/uploads\/2019\/01\/info15_kabelverbindungen2-300x197.jpg 300w\" sizes=\"auto, (max-width: 357px) 100vw, 357px\" \/><\/figure>\n\n\n\n<p><strong>Scheinwerfer Kabelbelegung:<\/strong> Das Gelb\/Gr\u00fcne Kabel ist auf der linken Seite (in Fahrtrichtung) der Minuspol bzw. Masse, Rot ist der Pluspol. Auf der rechten Seite werden leider teilweise andere Farben verwendet. Dort ist aber ebenfalls das Gelb\/Gr\u00fcne Kabel der Minuspol bzw. die Masse. <\/p>\n\n\n\n<p>Zum Verbinden der neuen Leitungen wurden die rechts abgebildeten Kabelverbinder verwendet. Die Nutzung dieser Verbinder stellt sich recht praktisch dar, da sie ohne Werkzeug benutzt werden k\u00f6nnen. Es werden einfach beide Kabelenden eingef\u00fchrt, der Verbinder zusammengedr\u00fcckt bzw. verschlossen und fertig ist die Verbindung. <\/p>\n\n\n\n<figure class=\"wp-block-image\"><img loading=\"lazy\" decoding=\"async\" width=\"232\" height=\"208\" src=\"https:\/\/www.marcelcuvelier.de\/wp-content\/uploads\/2019\/01\/info15_kabelverbindungen1.jpg\" alt=\"\" class=\"wp-image-600\"\/><\/figure>\n\n\n\n<p>Nun wird noch das Abblendlicht und das Fernlicht angeklemmt (siehe Abbildung). Auf der linken Seite (Fahrtrichtung) ist das Graue Kabel vom Stecker das Fernlicht. Dieses wird mit dem Roten Kabel der Angeleyes verbunden (kann Produktionsbedingt auch eine andere Farbe sein). Es sollte auf jeden Fall das Kabel genutzt werden, dass von der Lampe OHNE Linse kommt. Das Orange Kabel (zur Lampe gehend) wird mit dem Blauem Kabel der neuen Lampe verbunden (Abblendlicht). Das Gelb\/Gr\u00fcne Kabel ist erneut der Minuspol bzw. die Masse. Wenn man sich bei der Verkablung nicht 100%ig sicher ist, sollte man immer vorher mit einem Multimeter die Spannung am jeweiligen Kabel messen, um so eine falsche Verkabelung und evtl. Kurzschluss zu vermeiden. Sind alle Leitungen angeschlossen kann die Lampe montiert werden. Daf\u00fcr wird einfach der oben beschriebene Demontagevorgang r\u00fcckw\u00e4rts durchgef\u00fchrt. <\/p>\n\n\n\n<p>\n\nAnschlie\u00dfend sollte man unbedingt die Leuchtweite einstellen oder noch besser in einer Werkstatt einstellen lassen, damit man im Stra\u00dfenverkehr den entgegenkommenden Verkehr nicht beeinflusst.<br>Au\u00dferdem sollte man beim Durchmessen darauf achten, dass man nur Abblendlicht einschaltet, weil bei Fernlicht, das Abblendlicht ebenfalls aktiviert ist.\n\n<\/p>\n\n\n\n<figure class=\"wp-block-image\"><img loading=\"lazy\" decoding=\"async\" width=\"409\" height=\"336\" src=\"https:\/\/www.marcelcuvelier.de\/wp-content\/uploads\/2019\/01\/info15_stecker.jpg\" alt=\"\" class=\"wp-image-601\" srcset=\"https:\/\/www.marcelcuvelier.de\/wp-content\/uploads\/2019\/01\/info15_stecker.jpg 409w, https:\/\/www.marcelcuvelier.de\/wp-content\/uploads\/2019\/01\/info15_stecker-300x246.jpg 300w\" sizes=\"auto, (max-width: 409px) 100vw, 409px\" \/><\/figure>\n\n\n\n<p>Sollte man versehentlich die \u00dcbersicht \u00fcber die Steckverbindungen verloren haben, hier nochmals eine kleine Hilfe:<br><\/p>\n\n\n\n<p>(1) &#8211; Blinker<br>(2) &#8211; Abblendlicht und Fernlicht<br>(3) &#8211; Leuchtweitenregulierung *<br>(4) &#8211; Standlicht<br><\/p>\n\n\n\n<p>*) kann nicht mehr verwendet werden <\/p>\n\n\n\n<p><strong>Tipp zum Abblend-\/Fernlicht-Stecker:<\/strong>Wenn man den Stecker so dreht, dass man links Gelb\/Gr\u00fcn hat, dann ist die mittlere Leitung Fernlicht und die rechte Leitung das Abblendlicht. <\/p>\n\n\n\n<p>Und so sieht dann der fertige Angeleyes-Einbau im Peugeot 206 letztendlich aus: <\/p>\n\n\n\n<ul class=\"wp-block-gallery columns-2 is-cropped wp-block-gallery-2 is-layout-flex wp-block-gallery-is-layout-flex\"><li class=\"blocks-gallery-item\"><figure><img loading=\"lazy\" decoding=\"async\" width=\"280\" height=\"225\" src=\"https:\/\/www.marcelcuvelier.de\/wp-content\/uploads\/2019\/01\/info15_angleeyes_fertig1.jpg\" alt=\"\" data-id=\"603\" data-link=\"https:\/\/www.marcelcuvelier.de\/?attachment_id=603\" class=\"wp-image-603\"\/><\/figure><\/li><li class=\"blocks-gallery-item\"><figure><img loading=\"lazy\" decoding=\"async\" width=\"300\" height=\"225\" src=\"https:\/\/www.marcelcuvelier.de\/wp-content\/uploads\/2019\/01\/info15_angleeyes_fertig2.jpg\" alt=\"\" data-id=\"604\" data-link=\"https:\/\/www.marcelcuvelier.de\/?attachment_id=604\" class=\"wp-image-604\"\/><\/figure><\/li><\/ul>\n\n\n\n<blockquote class=\"wp-block-quote is-layout-flow wp-block-quote-is-layout-flow\"><p>Quelle: Sebastian Ro<\/p><\/blockquote>\n<div class=\"pdf24Plugin-cp\"> \t<form name=\"pdf24Form0\" method=\"post\" target=\"pdf24PopWin\" action=\"https:\/\/doc2pdf.pdf24.org\/wordpress.php\"><input type=\"hidden\" name=\"blogCharset\" value=\"Cw1x07UAAA==\" \/><input type=\"hidden\" name=\"blogPosts\" value=\"MwQA\" \/><input type=\"hidden\" name=\"blogUrl\" value=\"yygpKSi20tcvLy\/Xy00sSk7NSS4tS83JTC3SS0kFAA==\" \/><input type=\"hidden\" name=\"blogName\" value=\"y00sSk7NSS4tS83JTC3SS0kFAA==\" \/><input type=\"hidden\" name=\"blogValueEncoding\" value=\"gzdeflate base64\" \/><input type=\"hidden\" name=\"postId_0\" value=\"M7UwAwA=\" \/><input type=\"hidden\" name=\"postTitle_0\" value=\"883PK0lMT1VwzEtPzUmtTC0GAA==\" \/><input type=\"hidden\" name=\"postLink_0\" value=\"yygpKSi20tcvLy\/Xy00sSk7NSS4tS83JTC3SS0nVty9ITE+Nz0yxNbUwAwA=\" \/><input type=\"hidden\" name=\"postAuthor_0\" value=\"800sSk7NAQA=\" \/><input type=\"hidden\" name=\"postDateTime_0\" value=\"MzIwtNQ1MNQ1sFAwNLUyMLQysAQA\" \/><input type=\"hidden\" name=\"postContent_0\" value=\"1VrbbttIEn3PVzS02IU9sG6U77G9cCZxAsTOZOPJBNgXg5JaFEfNppbdtBx9ywL7km\/IU970Y3uqmhRJSbazCD3YGWQQSWx2V1edOnW6Os9Opmfn6UgMZSJGsQqkHkotzvv9UA1THQgTyrEVka\/FMJTiXAdSyc\/SiNHiWyJo6HuZBjK2wuvst8S7VIto8c0Y6ca\/T\/zB2Bq7+DaYSPG3vxx6nvdcpwl\/6jwXOh6MBc0tI3G5+DrDa5M4SeQES8bahjKxYiYTrNMS58rEO2LkwwQtZmECo5QIfD0Xt3GipYhCy7t4KelVP5D8Dc\/GPu0JL\/2ShEGo8VZu8wtsJoWB2KiRoU5C9xkWtcRJe3r2DP+djMIgTaQYKN+Y08Zs2uyreDBphhGWaJydhFEgVOwPQx2cNpQ\/\/9zAuoPYfffNZz1owNqhHZ82vINuQ4xlGIztaaPbOWgIkwxOG2Nrp+a43Z7NZq3ITwZSDdJbqbD51lC2seAA+5HattMpLWTaXqd71O5026Eexd29Gz8Pyk2obyZ+YmPd+n0aNISvsE6jZDnb3Nw7PGi0z07abmNuk9Ozl\/48JbcOOXBXsSXHpX0pArn4OhppaUWq8dDXmh37OgmVEjBrJBNtW+Klz5AoR\/9tqg2CH49GAxVOjdgiMMkCXO0rP5lgm\/i4vZypiHck+tJg4xxZhAcYuR6MEzJKDxPMlMAiKx0M38ZTArERv8uZDFVIIPmZVw0wUjvbQ0mmARKGIh1SoMeyT4tdZUsgCRQgi1HX09DO5+RbQf7DL\/QS78vNSy+OfKWMSCRmE0Fq803Ip8FP73C3wI\/X2a0JPwFFkiP0CGwOeUEjbd1rCuxstiPqm7TZ63TuuntHbvJOZwbLw7nEdvzUgkW2Iv+uyV49prWnd9ui2+ncwgb+1hDr+UHURsH\/NU7umjkOc1jhbUDnGjgwE19bkz\/2U8PJgvFAF5ANdIzhX8Y8QolRhqH8RwBmty7CATXc3WDnN2Z1ww8D6KhbH4AetqEmQN2\/iAPYUa9GgKG+Cb34goUsaGzJxMyzSob4dQPbpsY4WiuR5ETR31q8idV8Ai4UMUHQsdviy1irkAnuI3ZuwJSyQoipIb7sS1UQ8ScMYQGAlzZIBHyGXVqOI6reKA87AsZmVl06wx0pGzZyjo+YO1z8Z0nRfiQ+oEiLUXjHJT8rFEV5kHq7JV4ZN7GPCIwEqhVpC4nlhj55wTe5wDhPDW+h+Ukmkzlq\/VJu0C7pzTGqJE22I9KI93XpDybFY9SdwXjxZUhVpJSYqVpLygAFQCafxSBWaaRN08OszUEST6dyKFZHNbv0VPmf49Q2R0rerY+oPke2qzBfkweaYqSVEZ5nGPqfWKHTKbGCt1cTKziMdisUMPSt3wyHp429Iy\/7pkI9eWyxv\/vWIrgAlL3B2\/zyOpt4ZRVz0lbhn89b3n3e6v2It3qbvNVb91Y7VeXqtqQcRyAl+XaLPMJvfCDoz2et0qOMmaBAF18pn0JNWt6HqhZj2IdJZcY+nOtiS8NUEUM7uSxLQtJReOU3FEd\/nCDTS1IQFh0\/fWHMhE0NQfWjqdTLAu89Ug736iuHm1auqQiuTs2lD4lQY+n76GQ8VYyEgLAEG4AHdA1wHHTimw4ffGZkgKKI4D0p5nKsN8mvHUZzodMzkLJoWzluuEqa1Z0XKGzbTyTIvNIJ8HDvaXDXewR3+0+Gu0wPHXr1467nJNfud+LOq+DOe1jT3wcgd76ECX0+WpZVvPkj1HupXeB1nwgs3UfAcvBkYOlmYOnWD5auA8v+dx4AuxWwdO\/R5xqwgEWkW4csdNeOdo6gbmOQjV180UMS1P1Ags6iqNDTq50SegdTjKgwklwR10R53LuKqtPTZPOY+1\/ZXITgpSl5f0uuGIX\/847XRQI\/sl6Po6g0zxK+07OXlZlekALhTsuQJfa1hVBXLJTzDWjYkB90MwVOcdC56r6k2LiTRR\/ezxmXZgzdqULLlE4UeR+rWTEfnyovtsRKJBZftc46Tn3UDVbzhAanQjA01rkMoXbOajTw86tQYwHO8Wy\/7qjB4pFS07CAmUmNiGZbvEjhQNSpbJc7CA4tQEvyCWK2+KLsygGixlYiaZYlNxzVxQ2m5PibZcQeYYjDDd1E11KOSudFKqpFN3mHIuJOlVVQ+TqLD8GDxlTbzmsBzFH4NAy8d1Dycq8uL08AFQVp04dY5sPtY0LxqD4O3ry2wE5rYOH1ybM+ycF38fDeQZmH6dsmHj4xFiQWnFVI4i2tjD8ywLrHJ+1sDLjWiNd40n6dLL7RmYbGudzOLj043zVqP7Sk2EKWX+AUYvOrgG0ecxXq1Exj5Q4\/V9QO3hEfYuv6EUSvip+DmrJZuSW8nDaDKqlaPLMyVJCuBpyIzABSL\/yEzkNw3Ixyhdo7setPOFIpFOxw43bWTeQWPplZYfZ\/pnzMouhIVzEc8V7CSNfImaVsKL3OOzBccqjRI2k3b0vxpfpUMhhvvEvtnER7oeOzcZDwSmUS3vXKp4k\/saFhSZ9QA4eYQcRQYSLv2YBCNSZc5nlG89wGyn7KiyazvjPOcQ2XDBRZBHKH91nYMk+NT5UvkMOEbqWscxgdNFBTYi5oRD0AFfXDsk5WPgG29zR03vPKnf3DpyKah8XefqfT2CySuTXABy9C4Hm\/T452hJ0LgwucpnIKX3L06o3PdpEh1bxbSTrX5wPWIbFzlLMaypRRZUFGn8l7pu4aMKL0zBHL6xU1hBySMk62WDq9T+JhCjjG2vQlRce6Ms5nzHKKCrokdI1IA41nJZPI75KmukB+slluxaAC3qxFeRu7rHOC6Jc3716Jy1CDByYQY9zUNVBefOXkZtmap\/lovsUablf3+ELBPVFpk1k+8xulbZYDtt16gBTp7iq1DxPKJwmfUeXmfEbu5RkGtCnKf9dGBY3\/NQx4EB5zrzVzGr0bIgfd5Sz+KlrXVyk0UySzboC4niI+fCEble\/1nL2RpGTlDq6JXbBAkqRgMmMkW8OH\/VurqGmVzCnJ6aQPiQb\/RCwXW+Ia+eGkd0GFFIaCEpzGhknOt2uX05mm5+jktERuWWt0FdfT2HyARQTTENRiArYdpslgnFNXhbufPauq3pIvU53Dlg3kG21ujZAlzL2wge8AOIP75LeEpLe7EiDCNda3tjzcXXkSbik4LmLIvsSn1akdKMfu3hXsE0j4a8LnCfrlt+ypg0FfkjvI57Z10k8gDDFDQuAt7QAgisRL2rsLat7jrzT4aaBGPlTYh0we8LEP+CKAMCCX1LCzzldFMaUSdMtRBDpb8HL9vL7bOSp4vdfbr0umOxp8hMxrvG0rLSiwpxqkYjajaybu7n+PPsTCJX3I3zbpw+sCV1TViTetyq\/uF\/+GoOLLLrH41s9phmwpl0l6UcUJPoxBIwAgt7IpeyIwjOOarEn+JlQjeUzILiXrVnebj4nd7vP8QEkjtrzi57UausQsj+wVI0sJrRPoW+WuxMRPPHC3GFicolbM+Wnb8ZfLyIiScyndci1VGp4L7F\/D6RREGeW2NttLG5tZIS6U9rIq0GR5mQYvU3\/MljKYvFGuPvAwP8bbudYC41hFRTcj45K0yK\/bnbxeDlhN8gpzfmS2zI6ey3++4vRd6WjZzJoAYKLSP2mCZkcZz+alHsZxjdeB3v\/FdaB3+CQXXChtSvK\/SnKuvudicL\/zA1dd\/PI68fX+zBeDq37z7vPb7o\/4bXeT33YfuCJkt\/0rhaheA737tQzVeCaqT5vVp3D49OwfKUmNY5wA+r6xIbjhQ0y5ddIu1jp79l8=\" \/><\/form> \t<div class=\"pdf24Plugin-cp-link\"> \t\t<a href=\"#\" onclick=\"var pdf24Win = window.open('about:blank', 'pdf24PopWin', 'resizable=yes,scrollbars=yes,width=600,height=250,left='+(screen.width\/2-300)+',top='+(screen.height\/3-125)+''); pdf24Win.focus(); document.pdf24Form0.submit(); if(typeof pdf24OnCreatePDF === 'function'){void(pdf24OnCreatePDF(this,pdf24Win));} return false;\">Diesen Beitrag als PDF herunterladen<\/a> \t<\/div> <\/div>","protected":false},"excerpt":{"rendered":"<p>Auf der folgenden Abbildung sieht man die Angeleyes f\u00fcr den Peugeot 206. Nun m\u00fcssen die Prachtst\u00fccke &#8222;nur&#8220; noch an dem L\u00f6wen korrekt montiert werden. Also, fangen wir mal ganz vorne mit der Demontage der vorhandenen Original Peugeot Beleuchtungseinrichtung an. Dazu wird die Motorhaube ge\u00f6ffnet und dann der Grill entfernt. Daf\u00fcr m\u00fcssen die Kunststoffclips (siehe Abbildung\/Markierung) entfernt werden. Am besten mit einem Schraubendreher unter den Kopf des jeweiligen Clips gehen und diesen vorsichtig anheben. Mit einer flachen Spitzzange lassen sich die [&hellip;]<\/p>\n","protected":false},"author":1,"featured_media":0,"parent":463,"menu_order":0,"comment_status":"closed","ping_status":"closed","template":"template-fullwidth.php","meta":{"ngg_post_thumbnail":0,"jetpack_post_was_ever_published":false,"footnotes":""},"class_list":["post-586","page","type-page","status-publish","hentry"],"jetpack_shortlink":"https:\/\/wp.me\/P4qNjn-9s","jetpack_sharing_enabled":true,"jetpack_likes_enabled":true,"_links":{"self":[{"href":"https:\/\/www.marcelcuvelier.de\/index.php?rest_route=\/wp\/v2\/pages\/586","targetHints":{"allow":["GET"]}}],"collection":[{"href":"https:\/\/www.marcelcuvelier.de\/index.php?rest_route=\/wp\/v2\/pages"}],"about":[{"href":"https:\/\/www.marcelcuvelier.de\/index.php?rest_route=\/wp\/v2\/types\/page"}],"author":[{"embeddable":true,"href":"https:\/\/www.marcelcuvelier.de\/index.php?rest_route=\/wp\/v2\/users\/1"}],"replies":[{"embeddable":true,"href":"https:\/\/www.marcelcuvelier.de\/index.php?rest_route=%2Fwp%2Fv2%2Fcomments&post=586"}],"version-history":[{"count":6,"href":"https:\/\/www.marcelcuvelier.de\/index.php?rest_route=\/wp\/v2\/pages\/586\/revisions"}],"predecessor-version":[{"id":610,"href":"https:\/\/www.marcelcuvelier.de\/index.php?rest_route=\/wp\/v2\/pages\/586\/revisions\/610"}],"up":[{"embeddable":true,"href":"https:\/\/www.marcelcuvelier.de\/index.php?rest_route=\/wp\/v2\/pages\/463"}],"wp:attachment":[{"href":"https:\/\/www.marcelcuvelier.de\/index.php?rest_route=%2Fwp%2Fv2%2Fmedia&parent=586"}],"curies":[{"name":"wp","href":"https:\/\/api.w.org\/{rel}","templated":true}]}}