{"id":82,"date":"2014-03-14T13:18:16","date_gmt":"2014-03-14T12:18:16","guid":{"rendered":"https:\/\/www.marcelcuvelier.de\/?page_id=82"},"modified":"2019-09-23T15:28:42","modified_gmt":"2019-09-23T13:28:42","slug":"geocaching","status":"publish","type":"page","link":"https:\/\/www.marcelcuvelier.de\/?page_id=82","title":{"rendered":"Geocaching"},"content":{"rendered":"<p><img loading=\"lazy\" decoding=\"async\" class=\"aligncenter size-full wp-image-953\" src=\"https:\/\/www.marcelcuvelier.de\/wp-content\/uploads\/2019\/09\/banner_geocaching_allgemeines.jpg\" alt=\"\" width=\"660\" height=\"231\" srcset=\"https:\/\/www.marcelcuvelier.de\/wp-content\/uploads\/2019\/09\/banner_geocaching_allgemeines.jpg 660w, https:\/\/www.marcelcuvelier.de\/wp-content\/uploads\/2019\/09\/banner_geocaching_allgemeines-300x105.jpg 300w, https:\/\/www.marcelcuvelier.de\/wp-content\/uploads\/2019\/09\/banner_geocaching_allgemeines-230x81.jpg 230w, https:\/\/www.marcelcuvelier.de\/wp-content\/uploads\/2019\/09\/banner_geocaching_allgemeines-350x123.jpg 350w, https:\/\/www.marcelcuvelier.de\/wp-content\/uploads\/2019\/09\/banner_geocaching_allgemeines-480x168.jpg 480w\" sizes=\"auto, (max-width: 660px) 100vw, 660px\" \/><\/p>\n<p>Geocaching, auch als GPS-Schnitzeljagd bekannt, ist eine Art elektronische Schatzsuche. Die Verstecke, sogenannte (Geo-)Caches werden anhand geographischer Koordinaten im Internet ver\u00f6ffentlicht und k\u00f6nnen anschlie\u00dfend mit Hilfe eines GPS-Empf\u00e4ngers \u00fcberall auf der ganzen Welt gesucht werden. Ein Geocache ist in den meisten F\u00e4llen ein wasserdichter Beh\u00e4lter, in dem sich ein Logbuch sowie verschiedene Tauschgegenst\u00e4nde befinden. Jeder Besucher tr\u00e4gt sich in dieses Logbuch vor Ort ein, um seine erfolgreiche Suche (ein sogennantes &#8222;Find&#8220;) zu dokumentieren. Anschlie\u00dfend wird der Geocache wieder an der Stelle versteckt, an der er zuvor gefunden wurde. Der Fund wird dann aber auch im Internet auf der zugeh\u00f6rigen Seite (<a href=\"https:\/\/www.geocaching.com\/\" target=\"_blank\" rel=\"noopener noreferrer\">www.geocaching.com<\/a>) vermerkt und gegebenenfalls durch Fotos erg\u00e4nzt. So k\u00f6nnen auch andere Personen &#8211; insbesondere der Verstecker (auch &#8222;Owner&#8220; genannt) &#8211; die Geschehnisse rund um den Geocache verfolgen. Die Suche und das sogenannte &#8222;Heben&#8220; des Caches sollte so erfolgen, dass nicht beteiligte Personen, also Anwohner, Passanten u.\u00e4. davon nichts mitbekommen, damit der Geocache nicht von diesen Personen gefunden und unter Umst\u00e4nden zerst\u00f6rt wird.<\/p>\n<p><a href=\"https:\/\/www.geocaching.com\/profile\/?guid=55cb6845-c851-4f82-a8df-4de3341dff44\" target=\"_blank\" rel=\"noopener noreferrer\"><img decoding=\"async\" title=\"JeMaCu's Geocaching Profile\" src=\"https:\/\/img.geocaching.com\/stats\/img.aspx?txt=Geocaching+makes+fun+!!&amp;uid=55cb6845-c851-4f82-a8df-4de3341dff44&amp;bg=1\" alt=\"JeMaCu's Geocaching Profile\" align=\"center\" border=\"0\" hspace=\"8\"><\/a><\/p>\n<p>Der kleine Kasten hier oben zeigt immer unseren aktuellen &#8222;Found&#8220;-Stand und wie viele Caches wir selber versteckt haben.<\/p>\n<p>Geocaching ist eine Freizeitbesch\u00e4ftigung f\u00fcr die ganze Familie. Es kombiniert Abenteuer, Spa\u00df, manchmal auch Spannung, Spazierg\u00e4nge (in der Natur) und Technik in einem Hobby. Oder wie schreiben es so viele Geocacher \u00fcberaus passend:<br \/>\n&#8222;<i>Ich benutze f\u00fcr mein Hobby milliarden Dollar teure, amerikanische Satellitensysteme, um im Wald versteckte Tupperdosen aufzusp\u00fcren. Und was machst Du so?<\/i>&#8222;<\/p>\n<div class=\"pdf24Plugin-cp\"> \t<form name=\"pdf24Form0\" method=\"post\" target=\"pdf24PopWin\" action=\"https:\/\/doc2pdf.pdf24.org\/wordpress.php\"><input type=\"hidden\" name=\"blogCharset\" value=\"Cw1x07UAAA==\" \/><input type=\"hidden\" name=\"blogPosts\" value=\"MwQA\" \/><input type=\"hidden\" name=\"blogUrl\" value=\"yygpKSi20tcvLy\/Xy00sSk7NSS4tS83JTC3SS0kFAA==\" \/><input type=\"hidden\" name=\"blogName\" value=\"y00sSk7NSS4tS83JTC3SS0kFAA==\" \/><input type=\"hidden\" name=\"blogValueEncoding\" value=\"gzdeflate base64\" \/><input type=\"hidden\" name=\"postId_0\" value=\"szACAA==\" \/><input type=\"hidden\" name=\"postTitle_0\" value=\"c0\/NT05MzsjMSwcA\" \/><input type=\"hidden\" name=\"postLink_0\" value=\"yygpKSi20tcvLy\/Xy00sSk7NSS4tS83JTC3SS0nVty9ITE+Nz0yxtTACAA==\" \/><input type=\"hidden\" name=\"postAuthor_0\" value=\"800sSk7NAQA=\" \/><input type=\"hidden\" name=\"postDateTime_0\" value=\"MzIwNNE1MNY1NFEwNLYyMLYyNAMA\" \/><input type=\"hidden\" name=\"postContent_0\" value=\"tVbbbts4EH3vV0y1QDdBfU8cuK2dots2ve1uA6TdPhaUNJJZS5RAUnHin+lLvqFPffOP7RnKl16ARfchgAFTlDhzZubMGU7r06kucyoqlWqTz6JCra4jSjmp2mflrk0SUVIo5\/BU6NwkbDxbcnrF3awpClrWXV2qnLsPxkcROZvMorn3tXvY7y+Xy16pbMJF0lxyodn2Uu7jQFLBiPH9phbXrj8aDB\/0Bw\/6sTKG7cecq0Qlc0D4qIoi55K1Ydf7VOcRqcLPooiWOvXzWXRyMohozjqfY3d0NAwAHPvbxEBwuuzQ7TjoHg0GV8PBODjC+vYcjY4GV5Nh8IPlLQY0RkCjozag8S06Op7A0ckkOMJ6GQWSCm8bX3XooFRX3UCbh1LB+uqQhoPBJfCEp4j6p9N+fXpnWp++2DnokGqSOUjn6MX5RfcimRvtV1x8UnlKMS8AyHdIO0+CgZ5YLApeeFsZ7ZI5E04ov3Iwwj16ppn+Yes8JwvukKtyNmKB6QAuu4dP4ZQdLdmmbEiZuTIpIdrcqnoe7Fl6U1UWzamQINIlvZJuNOzpku36S5YhbYVO5p4aHF2svyBhYglnkd\/1Z8ZuqT291EXGAXMb2POyztY3Jgc4Wn+N2SKxCD2DFljKlVnBygcuPNBILH6DsUfPtaFNujjkAc8CHjVxAvFsfVMU+IcrWkJFcEzgweofPMc7rDrtmRLlQqrlwz+rPJa0u2qJjCEywNcMs0zvVIOHnJE554E4ZZQh0yaAec1pMBzSbcnb9U3uW7PiQrNDuFvjl5WltzYUrkMNvIcKss2qIresQ\/HEDh0IpFArFMvDwr3fJqPR6NEZvIbl4NEhrRpKq0VTIv\/gsYB58l3Sl9qmIZm7ZC11QKtM2L7wjDyFWIUdINXmBX6rRrDmnDUSJi0bpB5kwpuzZmcaPCIVi0EJ7ltmbMu4anKk\/IvViIQuWAvtpormlrPv5XLfX72kKvsReWVz0dSPcaHMIiLLxSwyVVWjIpZMBQtsLdvo9Ofj0746PZS4SraLlpZSvRhHTQaWOUobC8Rnla8cos1R1JXv0UW1p29oQcRumc6RoEo2JfPD4SMU1sWMrfBWwtw1mKWDcHJTrrdLgN3UizaNd7gzA3KgNNJi6HDQlKwgBS0k47uaXbb0kPJKL7f8kA9T5b5t543LlxLm1mUK5mwa3FUFiI8\/2trriAVHJrRuzJ41Zq3fh9sRCarAqWU1N9Iy5\/hc2Gio6a1vejh+WZn2vJMOhzZVZdkalob\/jnqtGzkQesLss7ojWYg+TPr35abRDK0ktWCQD5zrbeXyV0hU2yrTBfcf541OZ+NxEp9MjsfdZDIedo+zyairJmnWPU756Oh4mGbZ8fH\/oV24xfx0bfHaFzyLXvNf6mnzu6O9rNN5C+eH+wqs\/IjbeeVdeKFcffXYX\/nZ3sz9Ui3Y3UfK7t+9e0+V9aNfDS58HOez4eZC858Yw71rFrU3r4hiDAC2s0huPq5WCUKcIAXos21BRBoWRdCzNyrIMOTTUhWHGoJY0Ae0IwrsRKtILXzDQaa30lY1O23rXngVyCBKgxbQGHBbIoMG0M1CZGenXDSHDJnez7N0PybPoK\/AAZKi4dY3mdd5g\/fZ+qsNjRgGDp2BuNBPzBhHIHOsDYLw9CSWPDTSBBe1Wn\/uUKlMMi9V0QoFNo1pZHRjtdKtouTQOt0K6t\/KN\/YwxPOOZZ4vZDgIrpJeVnF83aO38p0EC3iAKmkLXbsJfttHdjMqG0e1jDaTPpzGFveIO5s0TvXpKyDC+QaXhjY+uay0ftCmRaFVmPXPoAgKE4sbi4uBQnE07habK4SS2QC5Nu4aKS45jCso\/AdVpPu8YzY2dY35WrmgmdmqcTU8ili9l+JBokrARhGeNQjm8bSvT7dApVj\/Ag==\" \/><\/form> \t<div class=\"pdf24Plugin-cp-link\"> \t\t<a href=\"#\" onclick=\"var pdf24Win = window.open('about:blank', 'pdf24PopWin', 'resizable=yes,scrollbars=yes,width=600,height=250,left='+(screen.width\/2-300)+',top='+(screen.height\/3-125)+''); pdf24Win.focus(); document.pdf24Form0.submit(); if(typeof pdf24OnCreatePDF === 'function'){void(pdf24OnCreatePDF(this,pdf24Win));} return false;\">Diesen Beitrag als PDF herunterladen<\/a> \t<\/div> <\/div>","protected":false},"excerpt":{"rendered":"<p>Geocaching, auch als GPS-Schnitzeljagd bekannt, ist eine Art elektronische Schatzsuche. Die Verstecke, sogenannte (Geo-)Caches werden anhand geographischer Koordinaten im Internet ver\u00f6ffentlicht und k\u00f6nnen anschlie\u00dfend mit Hilfe eines GPS-Empf\u00e4ngers \u00fcberall auf der ganzen Welt gesucht werden. Ein Geocache ist in den meisten F\u00e4llen ein wasserdichter Beh\u00e4lter, in dem sich ein Logbuch sowie verschiedene Tauschgegenst\u00e4nde befinden. Jeder Besucher tr\u00e4gt sich in dieses Logbuch vor Ort ein, um seine erfolgreiche Suche (ein sogennantes &#8222;Find&#8220;) zu dokumentieren. Anschlie\u00dfend wird der Geocache wieder an der [&hellip;]<\/p>\n","protected":false},"author":1,"featured_media":953,"parent":0,"menu_order":0,"comment_status":"closed","ping_status":"closed","template":"page-templates\/page_fullwidth.php","meta":{"ngg_post_thumbnail":0,"jetpack_post_was_ever_published":false,"footnotes":""},"class_list":["post-82","page","type-page","status-publish","has-post-thumbnail","hentry"],"jetpack_shortlink":"https:\/\/wp.me\/P4qNjn-1k","jetpack_sharing_enabled":true,"jetpack_likes_enabled":true,"_links":{"self":[{"href":"https:\/\/www.marcelcuvelier.de\/index.php?rest_route=\/wp\/v2\/pages\/82","targetHints":{"allow":["GET"]}}],"collection":[{"href":"https:\/\/www.marcelcuvelier.de\/index.php?rest_route=\/wp\/v2\/pages"}],"about":[{"href":"https:\/\/www.marcelcuvelier.de\/index.php?rest_route=\/wp\/v2\/types\/page"}],"author":[{"embeddable":true,"href":"https:\/\/www.marcelcuvelier.de\/index.php?rest_route=\/wp\/v2\/users\/1"}],"replies":[{"embeddable":true,"href":"https:\/\/www.marcelcuvelier.de\/index.php?rest_route=%2Fwp%2Fv2%2Fcomments&post=82"}],"version-history":[{"count":10,"href":"https:\/\/www.marcelcuvelier.de\/index.php?rest_route=\/wp\/v2\/pages\/82\/revisions"}],"predecessor-version":[{"id":1103,"href":"https:\/\/www.marcelcuvelier.de\/index.php?rest_route=\/wp\/v2\/pages\/82\/revisions\/1103"}],"wp:featuredmedia":[{"embeddable":true,"href":"https:\/\/www.marcelcuvelier.de\/index.php?rest_route=\/wp\/v2\/media\/953"}],"wp:attachment":[{"href":"https:\/\/www.marcelcuvelier.de\/index.php?rest_route=%2Fwp%2Fv2%2Fmedia&parent=82"}],"curies":[{"name":"wp","href":"https:\/\/api.w.org\/{rel}","templated":true}]}}