{"id":87,"date":"2014-03-14T13:22:42","date_gmt":"2014-03-14T12:22:42","guid":{"rendered":"https:\/\/www.marcelcuvelier.de\/?page_id=87"},"modified":"2023-01-12T10:36:53","modified_gmt":"2023-01-12T09:36:53","slug":"kontakt","status":"publish","type":"page","link":"https:\/\/www.marcelcuvelier.de\/?page_id=87","title":{"rendered":"Kontakt"},"content":{"rendered":"<p>Um mit mir in Kontakt zu treten brauchen Sie lediglich das folgende Kontaktformular m\u00f6glichst vollst\u00e4ndig auszuf\u00fcllen. Ich werde mich dann zeitnah zur\u00fcckmelden. Nat\u00fcrlich k\u00f6nnen Sie mir auf diesem Wege auch konstruktive Kritik, zus\u00e4tzliche Informationen zu einem Beitrag oder W\u00fcnsche zukommen lassen.<\/p>\n<div class=\"wpforms-container wpforms-container-full\" id=\"wpforms-3704\"><form id=\"wpforms-form-3704\" class=\"wpforms-validate wpforms-form wpforms-ajax-form\" data-formid=\"3704\" method=\"post\" enctype=\"multipart\/form-data\" action=\"\/index.php?rest_route=%2Fwp%2Fv2%2Fpages%2F87\" data-token=\"260205f8ec5fe38844512e5a0ed4456d\" data-token-time=\"1777431861\"><noscript class=\"wpforms-error-noscript\">Bitte aktiviere JavaScript in deinem Browser, um dieses Formular fertigzustellen.<\/noscript><div class=\"wpforms-field-container\"><div id=\"wpforms-3704-field_0-container\" class=\"wpforms-field wpforms-field-name\" data-field-id=\"0\"><label class=\"wpforms-field-label\">Name <span class=\"wpforms-required-label\">*<\/span><\/label><div class=\"wpforms-field-row wpforms-field-medium\"><div class=\"wpforms-field-row-block wpforms-first wpforms-one-half\"><input type=\"text\" id=\"wpforms-3704-field_0\" class=\"wpforms-field-name-first wpforms-field-required\" name=\"wpforms[fields][0][first]\" required><label for=\"wpforms-3704-field_0\" class=\"wpforms-field-sublabel after\">Vorname<\/label><\/div><div class=\"wpforms-field-row-block wpforms-one-half\"><input type=\"text\" id=\"wpforms-3704-field_0-last\" class=\"wpforms-field-name-last wpforms-field-required\" name=\"wpforms[fields][0][last]\" required><label for=\"wpforms-3704-field_0-last\" class=\"wpforms-field-sublabel after\">Nachname<\/label><\/div><\/div><\/div><div id=\"wpforms-3704-field_1-container\" class=\"wpforms-field wpforms-field-email\" data-field-id=\"1\"><label class=\"wpforms-field-label\" for=\"wpforms-3704-field_1\">E-Mail <span class=\"wpforms-required-label\">*<\/span><\/label><input type=\"email\" id=\"wpforms-3704-field_1\" class=\"wpforms-field-medium wpforms-field-required\" name=\"wpforms[fields][1]\" spellcheck=\"false\" required><\/div><div id=\"wpforms-3704-field_2-container\" class=\"wpforms-field wpforms-field-textarea\" data-field-id=\"2\"><label class=\"wpforms-field-label\" for=\"wpforms-3704-field_2\">Kommentar oder Nachricht <span class=\"wpforms-required-label\">*<\/span><\/label><textarea id=\"wpforms-3704-field_2\" class=\"wpforms-field-medium wpforms-field-required\" name=\"wpforms[fields][2]\" required><\/textarea><\/div><\/div><!-- .wpforms-field-container --><div class=\"wpforms-recaptcha-container wpforms-is-hcaptcha\" ><div class=\"h-captcha\" data-sitekey=\"1b40207f-3048-49f9-ad19-d4aa20d0fe91\"><\/div><input type=\"text\" name=\"g-recaptcha-hidden\" class=\"wpforms-recaptcha-hidden\" style=\"position:absolute!important;clip:rect(0,0,0,0)!important;height:1px!important;width:1px!important;border:0!important;overflow:hidden!important;padding:0!important;margin:0!important;\" data-rule-hcaptcha=\"1\"><\/div><div class=\"wpforms-submit-container\" ><input type=\"hidden\" name=\"wpforms[id]\" value=\"3704\"><input type=\"hidden\" name=\"page_title\" value=\"\"><input type=\"hidden\" name=\"page_url\" value=\"https:\/\/www.marcelcuvelier.de\/index.php?rest_route=\/wp\/v2\/pages\/87\"><input type=\"hidden\" name=\"url_referer\" value=\"\"><button type=\"submit\" name=\"wpforms[submit]\" id=\"wpforms-submit-3704\" class=\"wpforms-submit\" data-alt-text=\"Senden\u2026\" data-submit-text=\"Absenden\" aria-live=\"assertive\" value=\"wpforms-submit\">Absenden<\/button><img loading=\"lazy\" decoding=\"async\" src=\"https:\/\/www.marcelcuvelier.de\/wp-content\/plugins\/wpforms-lite\/assets\/images\/submit-spin.svg\" class=\"wpforms-submit-spinner\" style=\"display: none;\" width=\"26\" height=\"26\" alt=\"Wird geladen\"><\/div><\/form><\/div>  <!-- .wpforms-container -->\n<div class=\"pdf24Plugin-cp\"> \t<form name=\"pdf24Form0\" method=\"post\" target=\"pdf24PopWin\" action=\"https:\/\/doc2pdf.pdf24.org\/wordpress.php\"><input type=\"hidden\" name=\"blogCharset\" value=\"Cw1x07UAAA==\" \/><input type=\"hidden\" name=\"blogPosts\" value=\"MwQA\" \/><input type=\"hidden\" name=\"blogUrl\" value=\"yygpKSi20tcvLy\/Xy00sSk7NSS4tS83JTC3SS0kFAA==\" \/><input type=\"hidden\" name=\"blogName\" value=\"y00sSk7NSS4tS83JTC3SS0kFAA==\" \/><input type=\"hidden\" name=\"blogValueEncoding\" value=\"gzdeflate base64\" \/><input type=\"hidden\" name=\"postId_0\" value=\"szAHAA==\" \/><input type=\"hidden\" name=\"postTitle_0\" value=\"887PK0nMLgEA\" \/><input type=\"hidden\" name=\"postLink_0\" value=\"yygpKSi20tcvLy\/Xy00sSk7NSS4tS83JTC3SS0nVty9ITE+Nz0yxtTAHAA==\" \/><input type=\"hidden\" name=\"postAuthor_0\" value=\"800sSk7NAQA=\" \/><input type=\"hidden\" name=\"postDateTime_0\" value=\"MzIwNNE1MNY1NFEwNLYyMLYyMQIA\" \/><input type=\"hidden\" name=\"postContent_0\" value=\"rVfdbts2FL7vU7ACBmxDFdmO0ySe7WEFVqAtlptg60URBLR0JHGmSI48spNc7WGKPUKvcuc32ZPsUD+O7NjJ3A1BZPHw\/PE7Pzwam+mvBSsE0r9lQrEPWiGfI7srGVpAUGxmeRnn9HIpgElIRCZFnLOEO5ZqmYFKoJVKtS1KyS0rVl8qLodsoaV0uPqsSJDx0t2V6epeSlBH7B2pWYIl+aLWqBS7A4GK52Tfru7jeQEy8awXHFf3tjI8X31RqnHHO83LlCUCHBTsI2TAvLdsrpVDW85RLMg7K1DMX5FOt\/qMd14LsHfKe8tRaK+MjgtCkYo3ZN\/yjOkELPu4ulfOM9+Vc10UxCe5c+TPODLTF+NELFjsKZNgabw2F8YeCFJk2SNKmJZSBkwkD9zHp71hMB37xQbdP+vNbf0LLkXCEViXdb3gv\/ObihIQmMirV6+3VlUA5ppWRjsMGKgYbw1MAooYCsMtRpVZLxgwHntgJkEkKLw3RyY3P1pweG11iTD5ZvB2aeixGNDD8Awc\/Z6dNlZRz4FEB697g95JegbxSQrHZ2fD4Ul\/ACe8Bwm9vk663CGKglzpn56eDo\/7Z6\/7hIrSLrbC4DYEYK22YbsbTN8IJDy4D7UAC+w9X\/DLWpLyOWnCavXSgX3FyqJOFsfetsmagkWRUXIgVHk5jlrl010hTgXl5ENYg5ppO6w123Wvw7hTEdtUq3gBbfAqgtfbIxuSz0DudqXaCqYXJMrGznC1zWbhj1JYWHN+P44823QcVYQnTkmobTlYUAMoi+BpmXAmdTzvSFpqBO2K6i3MuUxJh1CmRFanIcINBnth3A1eBdeW+saJ5sgB8yxrsU\/Vrrv61Lv6VIldBaxlbTEmxoN8cOWsFuQp+nT4TVtvcw1uREgdBNdXAUSx9VW9HyW\/fzhIXuoQjJ5yYxuoCx7nO5DqPp+orP6BlQUFF\/JRafX\/TWntPS5J\/xz+Qnq\/su664W3823faPZjW5XhgXPsUUWeo2dHVFs8nQcqlg26QnwV\/cCD4Pne5Bf4I\/8F\/wp+kP1T3Mimvb2yfU5bud\/zKiLSO7j34\/xmHwUZlRa3tzRJ4GYbsaM\/dw8JwZ2exEHODcc53zCPChXmzG7AN6Txc06soOYEwh1sqktmQrvLTNDzuDc\/C4Xl6HvKkfx4mQ84HvaSXwrmvo9rfxy2rPnzW8SoXCU11wX63WwaHtxKqiUX4eWTEZ05LmkBeisJoi1zhD7EUZkSS+G3vVfX3XWczB5HlOOqbmw5xKRLMt2gzTWOoHfU6JL0Am0q9HNXOdHYMTxKhsg3ugttMqA1SA6MtJawhrzvO3iuBWiTN4t3i2gS0xWUzn0RCiUSTYQnNqPeUkB\/XrlGghLXM8\/yllWvuHNG4URQtl8sjOnUMMi4XIGn2Okpg97wYLU20GETVpBjRnPiUPTJ1bYFmMn\/6BwdnJaJWjUQN0zYMNfVqs4c2iO4cpls1VZi4xKpNTYJL\/0mj\/v7zr7YOahX15k8zV23TiGwFDyV9X0wC\/1Fg\/afG2uMtE9NWbBzVByEEioxJzX0iTQLJ727JGsS6XnN3q2JKfxs\/h\/fSVNlCLTAysqQUdFFrW1L9Rt41dJEoKuybozgj1JFbZHsQqfar7GvqLxHOSH47YopmE8rrqoL8hB+wusLqd4JwEnwUNmEZSO5BWrcyr75ZMLbZ0za62Yt\/AA==\" \/><\/form> \t<div class=\"pdf24Plugin-cp-link\"> \t\t<a href=\"#\" onclick=\"var pdf24Win = window.open('about:blank', 'pdf24PopWin', 'resizable=yes,scrollbars=yes,width=600,height=250,left='+(screen.width\/2-300)+',top='+(screen.height\/3-125)+''); pdf24Win.focus(); document.pdf24Form0.submit(); if(typeof pdf24OnCreatePDF === 'function'){void(pdf24OnCreatePDF(this,pdf24Win));} return false;\">Diesen Beitrag als PDF herunterladen<\/a> \t<\/div> <\/div>","protected":false},"excerpt":{"rendered":"<p>Um mit mir in Kontakt zu treten brauchen Sie lediglich das folgende Kontaktformular m\u00f6glichst vollst\u00e4ndig auszuf\u00fcllen. Ich werde mich dann zeitnah zur\u00fcckmelden. Nat\u00fcrlich k\u00f6nnen Sie mir auf diesem Wege auch konstruktive Kritik, zus\u00e4tzliche Informationen zu einem Beitrag oder W\u00fcnsche zukommen lassen. Diesen Beitrag als PDF herunterladen<\/p>\n","protected":false},"author":1,"featured_media":0,"parent":0,"menu_order":0,"comment_status":"closed","ping_status":"closed","template":"page-templates\/page_fullwidth.php","meta":{"ngg_post_thumbnail":0,"jetpack_post_was_ever_published":false,"footnotes":""},"class_list":["post-87","page","type-page","status-publish","hentry"],"jetpack_shortlink":"https:\/\/wp.me\/P4qNjn-1p","jetpack_sharing_enabled":false,"jetpack_likes_enabled":false,"_links":{"self":[{"href":"https:\/\/www.marcelcuvelier.de\/index.php?rest_route=\/wp\/v2\/pages\/87","targetHints":{"allow":["GET"]}}],"collection":[{"href":"https:\/\/www.marcelcuvelier.de\/index.php?rest_route=\/wp\/v2\/pages"}],"about":[{"href":"https:\/\/www.marcelcuvelier.de\/index.php?rest_route=\/wp\/v2\/types\/page"}],"author":[{"embeddable":true,"href":"https:\/\/www.marcelcuvelier.de\/index.php?rest_route=\/wp\/v2\/users\/1"}],"replies":[{"embeddable":true,"href":"https:\/\/www.marcelcuvelier.de\/index.php?rest_route=%2Fwp%2Fv2%2Fcomments&post=87"}],"version-history":[{"count":6,"href":"https:\/\/www.marcelcuvelier.de\/index.php?rest_route=\/wp\/v2\/pages\/87\/revisions"}],"predecessor-version":[{"id":3707,"href":"https:\/\/www.marcelcuvelier.de\/index.php?rest_route=\/wp\/v2\/pages\/87\/revisions\/3707"}],"wp:attachment":[{"href":"https:\/\/www.marcelcuvelier.de\/index.php?rest_route=%2Fwp%2Fv2%2Fmedia&parent=87"}],"curies":[{"name":"wp","href":"https:\/\/api.w.org\/{rel}","templated":true}]}}