{"id":914,"date":"2019-09-20T10:21:47","date_gmt":"2019-09-20T09:21:47","guid":{"rendered":"https:\/\/www.marcelcuvelier.de\/?page_id=914"},"modified":"2019-09-20T10:47:28","modified_gmt":"2019-09-20T09:47:28","slug":"gcphha-oles-wattwurm","status":"publish","type":"page","link":"https:\/\/www.marcelcuvelier.de\/?page_id=914","title":{"rendered":"GCPHHA &#8211; Oles Wattwurm"},"content":{"rendered":"<p>Es ist August 2009 und wir befinden uns im wohlverdienten Urlaub an der Nordseek\u00fcste in Deutschland. Genauer gesagt in Duhnen, das liegt direkt neben Cuxhaven und das Wattenmeer dort geh\u00f6rt nun seit diesem Jahr auch zum UNESCO Weltkulturerbe. Nat\u00fcrlich haben wir w\u00e4hrend unseres Urlaubs, bei unseren Sightseeingtouren durch die verschiedenen St\u00e4dte und w\u00e4hrend unseren Radtouren viele Caches gesucht und gefunden. Aber einen der knapp sechzig Caches, die wir w\u00e4hrend unseres Urlaubs gefunden haben, gilt es hier hervorzuheben. Wir sprechen von Oles Wattwurm, einen &#8222;normalen&#8220; Traditional Cache &#8211; wobei NORMAL hierbei eigentlich relativ ist. Der Cache liegt Mitten im Wattenmeer, sprich vier Kilometer Luftlinie vom Festland entfernt. Zu Heben ist dieser Cache also nur, wenn es die Gezeiten zulassen, sprich zu Wattwanderzeiten. Viel mehr, als zum Cache zu wandern, diesen zu heben und dann wieder zur\u00fcck zu kehren, sollte man sich also wegen dem Wiederkommenden Meer nicht vornehmen.<\/p>\n<p>ngg_shortcode_0_placeholderDer Cache ist in einer sogenannten Rettungsinsel versteckt oder sagen wir besser mal befestigt, denn den Beh\u00e4lter kann man schon von einiger Entfernung als Cacher gut erkennen. Die Rettungsinsel dient als Notbehausung, wenn einmal Wattwanderer den R\u00fcckweg nicht mehr schaffen (k\u00f6nnen). Oben auf der Insel findet man dann in einem Kasten eine Leuchtpistole und eine Flasche Rum. Mit der Pistole kann man dann Hilfe herbeirufen. Diese kostet dann mindestens 500,&#8211; \u20ac. Also IMMER die Wattwanderzeiten beachten &#8211; auch wenn Ihr mal vorhabt, diesen Cache zu heben. Nie die Zeit aus dem Auge verlieren! Man vertut sich da ganz schnell.<\/p>\n<p>Au\u00dferdem solltet Ihr auch unbedingt den Rat des Owners ber\u00fccksichtigen und nicht barfu\u00df zu Ole marschieren, sondern geeignete Schuhe\/Sandalen anziehen. Wir haben den Rat nicht befolgt und uns einige gute Schnittwunden durch die scharfkantigen Muscheln an den F\u00fc\u00dfen herbeigezogen. Durch das sich zur\u00fcckziehende Meer kann man mansche &#8222;Muschelb\u00e4nke&#8220; erst gar nicht sehen und SP\u00dcRT sie dann schmerzlich an den F\u00fc\u00dfen, wenn es schon zu sp\u00e4t ist.<\/p>\n<div class=\"pdf24Plugin-cp\"> \t<form name=\"pdf24Form0\" method=\"post\" target=\"pdf24PopWin\" action=\"https:\/\/doc2pdf.pdf24.org\/wordpress.php\"><input type=\"hidden\" name=\"blogCharset\" value=\"Cw1x07UAAA==\" \/><input type=\"hidden\" name=\"blogPosts\" value=\"MwQA\" \/><input type=\"hidden\" name=\"blogUrl\" value=\"yygpKSi20tcvLy\/Xy00sSk7NSS4tS83JTC3SS0kFAA==\" \/><input type=\"hidden\" name=\"blogName\" value=\"y00sSk7NSS4tS83JTC3SS0kFAA==\" \/><input type=\"hidden\" name=\"blogValueEncoding\" value=\"gzdeflate base64\" \/><input type=\"hidden\" name=\"postId_0\" value=\"szQ0AQA=\" \/><input type=\"hidden\" name=\"postTitle_0\" value=\"c3cO8PBwVFBTtjAyNLRW8M9JLVYITywpKS8tygUA\" \/><input type=\"hidden\" name=\"postLink_0\" value=\"yygpKSi20tcvLy\/Xy00sSk7NSS4tS83JTC3SS0nVty9ITE+Nz0yxtTQ0AQA=\" \/><input type=\"hidden\" name=\"postAuthor_0\" value=\"800sSk7NAQA=\" \/><input type=\"hidden\" name=\"postDateTime_0\" value=\"MzIwtNQ1sNQ1MlAwNLAysLQyMQcA\" \/><input type=\"hidden\" name=\"postContent_0\" value=\"fVVNayNHEL3nV1QIhASEVmsIJNgYHK+966wlL\/JuDHsxLU1pplFPj+gPa9ExvyOQi48578m3+Sf5JXlVPZJxDjkYeWaq6+O9V69PNqcXkWxMdJbrjJ+jyeQXyr6irQ204JX1FXu8QFBL265xDxwqyz7h7afgTF6Q8VRxoFkXqsi87p9iYrKe3nBOcdk446sxvWVvMqJqjqZO+jk3nv2IKhPJWcbLygZeJ\/K8QPLz\/KUxD1q70pg7k1C0ZSSpupCQqem\/4tdnT5GtHOfILf1mmkAmLxva5ZY+zS5uz2\/ojl1aZ5dy4LDgMc1M6p+Cs4hqjJSTcbf9YxMY5TAuB47DgHEEIOzw0tOtrZuEQa2vU5flTZUD8qA8ARxMbBmYSWTqHytgoXC+zO1pbqrh+INlx3Rulg1KAh+0nvRMzass8I\/pbIGpUZEL1GtvNhsMvWx2th5OjrSB\/xvjkK+MPKLaukT4joYDNRweurDLjaA\/pjskipuAEtJh5+nGceFgm0M7Gpr5\/rufj46Ojn0XWuPY6+PkmD4GU9lkO29c6U4DX78+hoIEytnNfHp2rXXlkW0NQSkZgZ1J9kEUOYaAwnC86GNqRQEixGctjKRLOfkgQ7y3rms54b\/rvEJGL5x0LV1yTKJDQp0VB4\/knzO9U6GJ+FU6+2LGxQ6qQuotey8ACbJveQeRIX6XnYlR8Bsq73LBBfk5lKAx\/Q5SqeUGWZBPpViyI7pE+lEpKxlJUR+k7kWNLDzvcuiflmsJWLNwipqdc5BUi6WLUlyb3XKtygAwenDdtS0r01NZF29FUWDXc4P345NXm9NvTjanvq7vY4NdWnYV30\/uN84suekcMjxDL\/BgW4VvKKJDITQoOMw5pezraKEyp8pPvMT6dtI5lnxYqgVHgRb6EDsBD7ZOmFyQlQZ\/xRY\/OmFsLYPrXMumK5pDUUgj0EVhDdUUTG0MVpKh3rBGJgH8DTh62ZLalB6YdWnBjckRH\/esWi8tPRMntiJTCeDAcwBNGJSGzGqFjz+s+69S7ccx3QhfJq90H6+0nnpl0hGUxAG1lt6bKIDJA12zrPcGqHauOIO+voSmBO15bseic037YYg6IKNp31m3YllXrE7Iq2H2iLAOZVIJaqUXqRrpp8lktF+\/f\/74G2YikrmaTi\/mKuz\/ahc0Ad80bLecUjNV1K6awiS0BA9JBwUfpD24xwx5Jfdn8WXgrtrEDaMOiWWGlL+lKSbCYwKNKuXKUG38TuD27NxBpme5\/wuXDjIU8SdtQ5vKfsGVGHHhzshvpJsttBoxh26P5E7iMIp2oXVhwgpZpWP4GkYqtj1smG4n3BK+5GEmdLtsYIuvbgGSuBwuvJ3lZu+S5f7Y1x\/y86pzdXFxuTuLkEWxms1bsVFd0Oe7Q1QWVuC6NDvNIgjny\/Xq6bJ\/Agx+IL7mnawiqC\/ncT\/G4kU6c+mv4rL\/B\/3gL+7dGLY9lFj0j37Ne++WPQYPe9eIkkjnuP3Q\/zn\/iDJcJIazLTSjtv2yx2fjLKsMlOOmf0zq6srqvw==\" \/><\/form> \t<div class=\"pdf24Plugin-cp-link\"> \t\t<a href=\"#\" onclick=\"var pdf24Win = window.open('about:blank', 'pdf24PopWin', 'resizable=yes,scrollbars=yes,width=600,height=250,left='+(screen.width\/2-300)+',top='+(screen.height\/3-125)+''); pdf24Win.focus(); document.pdf24Form0.submit(); if(typeof pdf24OnCreatePDF === 'function'){void(pdf24OnCreatePDF(this,pdf24Win));} return false;\">Diesen Beitrag als PDF herunterladen<\/a> \t<\/div> <\/div>","protected":false},"excerpt":{"rendered":"<p>Es ist August 2009 und wir befinden uns im wohlverdienten Urlaub an der Nordseek\u00fcste in Deutschland. Genauer gesagt in Duhnen, das liegt direkt neben Cuxhaven und das Wattenmeer dort geh\u00f6rt nun seit diesem Jahr auch zum UNESCO Weltkulturerbe. Nat\u00fcrlich haben wir w\u00e4hrend unseres Urlaubs, bei unseren Sightseeingtouren durch die verschiedenen St\u00e4dte und w\u00e4hrend unseren Radtouren viele Caches gesucht und gefunden. Aber einen der knapp sechzig Caches, die wir w\u00e4hrend unseres Urlaubs gefunden haben, gilt es hier hervorzuheben. Wir sprechen von [&hellip;]<\/p>\n","protected":false},"author":1,"featured_media":0,"parent":850,"menu_order":30,"comment_status":"closed","ping_status":"closed","template":"page-templates\/page_fullwidth.php","meta":{"ngg_post_thumbnail":0,"jetpack_post_was_ever_published":false,"footnotes":""},"class_list":["post-914","page","type-page","status-publish","hentry"],"jetpack_shortlink":"https:\/\/wp.me\/P4qNjn-eK","jetpack_sharing_enabled":true,"jetpack_likes_enabled":true,"_links":{"self":[{"href":"https:\/\/www.marcelcuvelier.de\/index.php?rest_route=\/wp\/v2\/pages\/914","targetHints":{"allow":["GET"]}}],"collection":[{"href":"https:\/\/www.marcelcuvelier.de\/index.php?rest_route=\/wp\/v2\/pages"}],"about":[{"href":"https:\/\/www.marcelcuvelier.de\/index.php?rest_route=\/wp\/v2\/types\/page"}],"author":[{"embeddable":true,"href":"https:\/\/www.marcelcuvelier.de\/index.php?rest_route=\/wp\/v2\/users\/1"}],"replies":[{"embeddable":true,"href":"https:\/\/www.marcelcuvelier.de\/index.php?rest_route=%2Fwp%2Fv2%2Fcomments&post=914"}],"version-history":[{"count":4,"href":"https:\/\/www.marcelcuvelier.de\/index.php?rest_route=\/wp\/v2\/pages\/914\/revisions"}],"predecessor-version":[{"id":952,"href":"https:\/\/www.marcelcuvelier.de\/index.php?rest_route=\/wp\/v2\/pages\/914\/revisions\/952"}],"up":[{"embeddable":true,"href":"https:\/\/www.marcelcuvelier.de\/index.php?rest_route=\/wp\/v2\/pages\/850"}],"wp:attachment":[{"href":"https:\/\/www.marcelcuvelier.de\/index.php?rest_route=%2Fwp%2Fv2%2Fmedia&parent=914"}],"curies":[{"name":"wp","href":"https:\/\/api.w.org\/{rel}","templated":true}]}}