{"id":916,"date":"2019-09-20T10:23:05","date_gmt":"2019-09-20T09:23:05","guid":{"rendered":"https:\/\/www.marcelcuvelier.de\/?page_id=916"},"modified":"2019-09-20T10:46:48","modified_gmt":"2019-09-20T09:46:48","slug":"gc115z5-rittergut-lorsbeck","status":"publish","type":"page","link":"https:\/\/www.marcelcuvelier.de\/?page_id=916","title":{"rendered":"GC115Z5 &#8211; Rittergut Lorsbeck"},"content":{"rendered":"<p>M\u00e4rz 2009 &#8211; Heute mache ich mich auf zu meinem ersten &#8222;Geocaching-Marathon&#8220;. Ich habe mir eine recht gro\u00dfe Route an Caches herausgeschrieben, die ich heute den ganzen Tag \u00fcber finden m\u00f6chte. Wie sich im Nachhinein herausstellte, wurde aus dem sch\u00f6nen sonnigen Morgen dann zum sp\u00e4ten Nachmittag hin dann doch noch ein verregneter kalter Tag. Aber irgendwie passte das Wetter zu diesem Cache hier, den ich dann auch als letzten Cache anging. Die Location befindet sich ein gutes St\u00fcck entfernt von der letzten bewohnten Behausung in der N\u00e4he von J\u00fclich, also eher Mitten im Feld, umgeben von einem See. Kein Mensch weit und breit &#8211; kein Ger\u00e4usch, au\u00dfer einzelne Tierlaute und Ger\u00e4usche von Str\u00e4uchern, die sich durch den Wind bewegten.<\/p>\n<p><img loading=\"lazy\" decoding=\"async\" class=\"aligncenter size-full wp-image-917\" src=\"https:\/\/www.marcelcuvelier.de\/wp-content\/uploads\/2019\/09\/rittergut_lorsbeck.jpg\" alt=\"\" width=\"610\" height=\"346\" srcset=\"https:\/\/www.marcelcuvelier.de\/wp-content\/uploads\/2019\/09\/rittergut_lorsbeck.jpg 610w, https:\/\/www.marcelcuvelier.de\/wp-content\/uploads\/2019\/09\/rittergut_lorsbeck-300x170.jpg 300w, https:\/\/www.marcelcuvelier.de\/wp-content\/uploads\/2019\/09\/rittergut_lorsbeck-230x130.jpg 230w, https:\/\/www.marcelcuvelier.de\/wp-content\/uploads\/2019\/09\/rittergut_lorsbeck-350x199.jpg 350w, https:\/\/www.marcelcuvelier.de\/wp-content\/uploads\/2019\/09\/rittergut_lorsbeck-480x272.jpg 480w\" sizes=\"auto, (max-width: 610px) 100vw, 610px\" \/><\/p>\n<p>Vor Ort erwartete mich dann ein verlassenes Landgut, welches \u00fcber eine Br\u00fccke erreicht werden konnte. Das GPS leitete mich links an dem Geb\u00e4ude vorbei, durch dicke Str\u00e4ucher durch, an der Hauswand entlang. W\u00e4hrend ich dem Pfeil meines GPS folgte konnte ich durch die zerschlagenen Fenster in das Geb\u00e4ude hinein sehen. Teilweise lagen wild Gegenst\u00e4nde verteilt in den R\u00e4umen, teilweise waren sie leer. Viele Fenster waren durch H\u00f6lzer beschlagen, so dass ins Geb\u00e4ude auch kein Licht hinein scheinen konnte. Der Weg um das Geb\u00e4ude herum war recht Abenteuerlich. \u00dcberall lag irgendetwas auf dem Boden, man musste sich unter gro\u00dfe \u00c4ste der B\u00e4ume und Str\u00e4ucher wegducken und zudem noch aufpassen, dass man nicht versehentlich gegen ein vorstehendes Stahlrohr an der Wand prallte. Ich folgte einige Zeit lang meinem GPS und versuchte drau\u00dfen das Cacheversteck zu finden. Aber immer wieder zeigte das GPS ins Innere des Geb\u00e4udes.<\/p>\n<p>Nun ja, dann ist es wohl so. Da ich nun alleine im Nirgendwo stand und ich nicht wusste, was mich nun im Inneren erwartet, stieg auch mein Adrenalinspiegel etwas. Man wei\u00df ja nie, ob ein wahnsinniger Drogenabh\u00e4ngiger oder Penner dort drin auf einem lauert (ist jetzt zwar ma\u00dflos \u00fcbertrieben, aber man wei\u00df ja wirklich nie). Also untersuchte ich die nahe liegenden Geb\u00e4udeseiten nach einen entsprechenden Eingang, den ich dann auch in Form einer schweren Stahlt\u00fcr fand. Ich ging also in das Rittergut hinein, schaltete die Beleuchtung (Xenon Licht) meines Sony K850i Mobiltelefons ein und begang langsam den ersten Raum, der durch das zerst\u00f6rte Fenster dann doch noch etwas Tageslicht von au\u00dfen abbekam, abzusuchen (prim\u00e4r erst einmal, ob ich hier tats\u00e4chlich alleine sei &#8211; sekund\u00e4r dann mit Blick auf meine GPS). Ich untersuchte die gesamte Etage, also das Erdgeschoss und konnte weder Bewohner noch Cache finden. OK, dann muss ich wohl eine Etage h\u00f6her.<\/p>\n<p>Ich betrat das tiefschwarze Treppenhaus &#8211; kein Licht weit und breit, au\u00dfer das meines Mobiltelefons. Die Treppe knarrte &#8211; ob die mich wohl h\u00e4lt? Im ersten Obergeschoss angekommen suchte ich dann meinem GPS folgend auch zuerst einmal die R\u00e4umlichkeiten ab. Nichts&#8230; Au\u00dfer wild herumliegende Gegenst\u00e4nde und dunkle R\u00e4ume. Wobei hier nicht jeder Raum dunkel war. Auch hier gab es Fenster, die von au\u00dfen Licht ins Innere lie\u00dfen. So suchte ich weiter und weiter, ging die n\u00e4chste Etage hoch, bis ich mich dann unter dem Dach wiederfand. Immer wieder lauschte ich der Ruhe. Ich scheine hier wirklich alleine zu sein. Unter dem Dach, welches nicht mehr ganz bedeckt war, konnte man auch ganz gut ohne Lampe den Raum absuchen. Nach der Untersuchung eines Stahlofens, der eine praktische Ru\u00dfschublade hatte, in der man gut einen Cache h\u00e4tte verstecken k\u00f6nnen und dessen Brennraum nat\u00fcrlich auch ein gutes Versteck gewesen w\u00e4re f\u00fchrte mich mein Cache dann doch noch in eine dunkle Ecke. Dort soll er sein? Ja, dort war er dann auch. Unter einer Dachpfanne, direkt im \u00dcbergang zwischen Mauer und Dachkonstruktion war er versteckt. Schnell noch geloggt und \u00fcber den Fund gefreut. Was f\u00fcr eine klasse Location. Nach dem Wiederverstecken habe ich dann den R\u00fcckweg angetreten, bin durch das Treppenhaus wieder in die unterste Etage und habe das Geb\u00e4ude dann wieder verlassen. Dieser Lost Place hat wirklich Spa\u00df gemacht, wobei ich denke, dass der Nervenkitzel speziell durch die Witterung und durch den Umstand, dass ich alleine unterwegs war, entstanden ist.<\/p>\n<p>Wenn Ihr euch meinen R\u00fcckweg vom Dachgeschoss zum Feldweg mal ansehen wollt, dann guckt euch doch einfach mal das folgende Video an:<\/p>\n<div style=\"width: 320px;\" class=\"wp-video\"><video class=\"wp-video-shortcode\" id=\"video-916-1\" width=\"320\" height=\"240\" preload=\"metadata\" controls=\"controls\"><source type=\"video\/mp4\" src=\"https:\/\/www.marcelcuvelier.de\/wp-content\/uploads\/2019\/09\/rittergut_lorsbeck.mp4?_=1\" \/><a href=\"https:\/\/www.marcelcuvelier.de\/wp-content\/uploads\/2019\/09\/rittergut_lorsbeck.mp4\">https:\/\/www.marcelcuvelier.de\/wp-content\/uploads\/2019\/09\/rittergut_lorsbeck.mp4<\/a><\/video><\/div>\n<div class=\"pdf24Plugin-cp\"> \t<form name=\"pdf24Form0\" method=\"post\" target=\"pdf24PopWin\" action=\"https:\/\/doc2pdf.pdf24.org\/wordpress.php\"><input type=\"hidden\" name=\"blogCharset\" value=\"Cw1x07UAAA==\" \/><input type=\"hidden\" name=\"blogPosts\" value=\"MwQA\" \/><input type=\"hidden\" name=\"blogUrl\" value=\"yygpKSi20tcvLy\/Xy00sSk7NSS4tS83JTC3SS0kFAA==\" \/><input type=\"hidden\" name=\"blogName\" value=\"y00sSk7NSS4tS83JTC3SS0kFAA==\" \/><input type=\"hidden\" name=\"blogValueEncoding\" value=\"gzdeflate base64\" \/><input type=\"hidden\" name=\"postId_0\" value=\"szQ0AwA=\" \/><input type=\"hidden\" name=\"postTitle_0\" value=\"c3c2NDSNMlVQU7YwMjS0VgjKLClJLUovLVHwyS8qTkpNzgYA\" \/><input type=\"hidden\" name=\"postLink_0\" value=\"yygpKSi20tcvLy\/Xy00sSk7NSS4tS83JTC3SS0nVty9ITE+Nz0yxtTQ0AwA=\" \/><input type=\"hidden\" name=\"postAuthor_0\" value=\"800sSk7NAQA=\" \/><input type=\"hidden\" name=\"postDateTime_0\" value=\"MzIwtNQ1sNQ1MlAwNLAysLQyMAUA\" \/><input type=\"hidden\" name=\"postContent_0\" value=\"tVjLbttKEt3fr2hogEECyJJs5+XEdhBPnjdxEsRJPJjNRUtsUR2RTaG7acZaz2cMkI2\/Iavs9GNzTjVJy8EsPRubItlVp16nqni4Oj7dXPm12ptMDtTf\/\/Zob3f3iXpt6mhUqWcLo+xsoUr+0fVcrWtVGutMqYwP0Tg5sbf35JWpZnjbunznVHsdF5WTJ5MnI\/UGZxd6CnnWKx5W3swWUeW+2vww6lNFXdqpf1BdUAvjdR1yE2YLb83UuKHKbIKxEFgZ1ObarfHvs87V5tfUeDW3jvfLzU+INiN1jiOBZ2yp3kMwoEF1KxzIiyKaoWpqn0F3HSC0VNC4+ekgJVTO2RwXp5Xnv0w7B9PxxmpzRaspsbQxQj0Ep+dZBW2Of6jownhvcmcisC11wX8AO1LPCNZSatYA4koTDAQEdW4i34KHYW4AHPEH5Bs\/FJtpjWjSNaNRBFWYuCac9KZ2Ofw\/Us8h9x3CEW3l1NSIZ2JyBpHl8GFQZ3Hza7ZUxsW58S6qC7ybQX0ncmqaauF4dWIWcFDtcmXTK+83V9DGA39ufhUQOySYShk4V53CK8RaqpemyIaqLnPGUF5PiXNmEJ63RHJqHFyuGmOjql2mpp5XXQ4u+cor4zdXdRAdNbJFEmhtCiTRZzim0EwInu1fTMjOIn\/il2\/TR8zPas+\/gHNuqc80Jgfa0eF4dfzH4er40Ja5KiqdwY9Hg0KvLwd4e1al3zpcutlAzQrEDL8Km7sZ\/AdMwa7NzrwuCtWsdmypc7NzsPtwoIKfHQ0WMa7C4\/G4aZpRqf3MFLP6whRAP8rMGAdmFf0cx\/WKqsN4b7J7MJ4cjD1d6RGuv4rKh6mZLUffVvkAzo5Hg4FqbBYXR4MHu5MB0trmC9zdv\/dAtAYTb12xgqZmqG5R6s7+ZPJ99+FEpOP6lqXv7UP6fpKO69vGfh\/SDw4S9vu3Lf3eo8n3vYd7Ih3XzUByjGlXx2qo7pT6+44kwGOGZfX9rtqdTC4AQn4N1Pi4y+mvlVcffARfN9pHQ1rviaQlKia0cSCFd9plgAFeBHZyceJW4ewTT8IwirxmSd+N8aykJbiShPscFPbq4xkIxF5rKaxbBnI76fWVmaImMxaonxo77MrRUux1wabbw3TKq9cgnwa4SFWFJr+dg388+DMRIgR\/nBtbpL6UMMyrAnXdQlNblQ8iWKNxzRYFapRM\/xIUxAoWEg\/XENt2EcBpbqQ+Qz5YKhgl51B6BRkn5+HNlaNJBr61RUwc6dQniCnZumJ\/FO5nawGEwiAl1FdrCtMDSE8TzNebnwVggp86pEO0JAIMkL+FUhqB8OQ7CUmHGm60bjs2EHZucpDxb1Yaj1tQ3XZkNCe8XyMjIG6kNv9B9DVYDRjanmViAwGcBOj4kyojthKhKqWrJpqthRTb9r75tzQ43DgRnwhbb0UbFJzVyAAnD9Y15UoXhZKVJOYwWU4tTsyEsyUwkTBVzjikVK44kywIkw1OLwpfLXyXSOdMohXtoUs4lLRpgqNo9upfbD7MsG7CYSYRE9XVnCpU5qUJpVyRpnshYxAaKdp2GkG6Fl+WNM4aql6DntsuT6GM4RvnjKdfrsMR+j70vnbqmx6mIrUBxRsU2nGBLGChSUY7vANbpDY547QzRaVCpKF1Wx\/JY41EB3UNBGV3GqcSCteTA\/IsWiSKJBbdoJ5leI5e58IKD0yhJANG6hReRV5vfgAolEB2NZUgNHrhgpX5yavnvgIqPV2gSnK5U9EfHw31YmICL2XeOkmo5HR0dJSSukOrv3EWUWvmZ6k3P4qqJaTYzYWani63kTTWL4tkt7mLUHAukXRsI2hbFnAag0JBi2Rs7ENA8kKa6TQr0TMuhhWrI734ApMAUuR\/DWQw42XlSznnWYONuFbyEMMWRlTEJSUe57Q0M7W886nrAG0JD3meUyOzBnBPQBU0gFPYnX8aV7UVf7djvbPKXaq3j+5PLGbWKYgIB+YV8owhkdnKELfkd9ClwG8n+E+6LodSIS1JAg9JMm5+IiV6gvp9xhUiwEhrQpGKsnKqrQ49nZqlLhmfdU3H496dlbclFg3RSlSlLiRnZK5Hj1RRx7C5AuHJrtFmNgLSD4TBLGEJZQgWzN\/qBC8vJXvED6yuu8nF20GnB4FTl7h+gZndtAMrLX3hM1k1KjAM\/dT2jEbq9kSGYFyIyWnK7qr8w9u2Psl8YoVUqMAQJQrLBAiuL2qimpqI5UgUo87mTBLt15hlvVmtjOOgfXP+fde22u0JuR+FKaaN\/42gpxUgyVRLpz3j2ImFy+mPskeM2iziU\/WmX+k+oKp6nyBfzLICmaGtbJWQGH5Nk2RSdmQphHW9FWNRJt2QcV2m+tLTEQgL0gJR7U+eqGfJImms0pW62rzZZumDrHbLopXJRa\/CLJEyKHHdNwkds1peBWXBx6CCuku0XE9JqG1ip\/VgK3uTy7c4GlD4YIQi2\/YBgwJphJQuh6muhV6YyCH2mVBxoJnacL1MiwdTo2THe07GSd2ipYnt\/gFSDNe+p3X1ou1hba9PlvXs15UPuhIqCNC\/3NB0PeAll5Vm4WWlRoJi31lGumzY1QIJVgIrb5CkWBQYFstVWsbF13qaKn0ky7Gg\/NLVIGmr5SmyYTWH6xPlCEo05WW0srt9QgxwUU8LzflER3atdu8kDmpPxNxux9jHo4xf0oY582CFd+00AUIP3GDBw84TpNNk4uSi+sY+\/LVr5DmWQh5qQDSo9s2vhe+mWWmISe9vbGjTctvl5gsgQRGyvYUK8xP7AZ4\/VX+yqfM2e1pHqkTSRSg1D8ZohTxwhtnpDQKCZi3jmLD4uhFvYYNmtxRTeQTxCtHXS1n8Ww2dZyLSd4awAY0gRiuv8jyxSpryGcmX\/JmbuTc1DpyDX+bsXGLbUtaE\/stCH+eS31oQn60YyNeePsvTPIzloeFkAT6JHn3NsSDcVs\/Z5sA27\/ncmpbL+2oiRtFwY5YVVe25fqcRJgy4864CI30s9EyS6rpQzlYYLGAxP3Vx7xEySVUG6mgnT\/noQQPd0sY1CCWszNrSlddrxbl0cCZ64qjuQ8OXUuaxVtJ2bYpVcElIxcZBg28amfj6rnGO1FVvUJ6mG8m2vXlRpYLu6ZofqfjhhQ\/JvtrJpAzDMPa2DSuvWeEiL2s\/V80ZSmFrhjyRucGGkpkKIh4nMJm9wHh4WZijQbt67u9h2XzSfxLBinvBI4PjQ\/n\/+\/2dsEDuzzACDpTNjgbp5sHug53d\/nMGRF5\/zti7hx+YvrguHw1KE3Wmo4Y+LNK+KiC6u4LKUMHpRsXLlWlFj8vVvf\/DRxhIffrX0a4s2VphFZ3fuvzB8S0LPBzr48OxeAX\/EcnjP\/4L\" \/><\/form> \t<div class=\"pdf24Plugin-cp-link\"> \t\t<a href=\"#\" onclick=\"var pdf24Win = window.open('about:blank', 'pdf24PopWin', 'resizable=yes,scrollbars=yes,width=600,height=250,left='+(screen.width\/2-300)+',top='+(screen.height\/3-125)+''); pdf24Win.focus(); document.pdf24Form0.submit(); if(typeof pdf24OnCreatePDF === 'function'){void(pdf24OnCreatePDF(this,pdf24Win));} return false;\">Diesen Beitrag als PDF herunterladen<\/a> \t<\/div> <\/div>","protected":false},"excerpt":{"rendered":"<p>M\u00e4rz 2009 &#8211; Heute mache ich mich auf zu meinem ersten &#8222;Geocaching-Marathon&#8220;. Ich habe mir eine recht gro\u00dfe Route an Caches herausgeschrieben, die ich heute den ganzen Tag \u00fcber finden m\u00f6chte. Wie sich im Nachhinein herausstellte, wurde aus dem sch\u00f6nen sonnigen Morgen dann zum sp\u00e4ten Nachmittag hin dann doch noch ein verregneter kalter Tag. Aber irgendwie passte das Wetter zu diesem Cache hier, den ich dann auch als letzten Cache anging. Die Location befindet sich ein gutes St\u00fcck entfernt von [&hellip;]<\/p>\n","protected":false},"author":1,"featured_media":0,"parent":850,"menu_order":60,"comment_status":"closed","ping_status":"closed","template":"page-templates\/page_fullwidth.php","meta":{"ngg_post_thumbnail":0,"jetpack_post_was_ever_published":false,"footnotes":""},"class_list":["post-916","page","type-page","status-publish","hentry"],"jetpack_shortlink":"https:\/\/wp.me\/P4qNjn-eM","jetpack_sharing_enabled":true,"jetpack_likes_enabled":true,"_links":{"self":[{"href":"https:\/\/www.marcelcuvelier.de\/index.php?rest_route=\/wp\/v2\/pages\/916","targetHints":{"allow":["GET"]}}],"collection":[{"href":"https:\/\/www.marcelcuvelier.de\/index.php?rest_route=\/wp\/v2\/pages"}],"about":[{"href":"https:\/\/www.marcelcuvelier.de\/index.php?rest_route=\/wp\/v2\/types\/page"}],"author":[{"embeddable":true,"href":"https:\/\/www.marcelcuvelier.de\/index.php?rest_route=\/wp\/v2\/users\/1"}],"replies":[{"embeddable":true,"href":"https:\/\/www.marcelcuvelier.de\/index.php?rest_route=%2Fwp%2Fv2%2Fcomments&post=916"}],"version-history":[{"count":4,"href":"https:\/\/www.marcelcuvelier.de\/index.php?rest_route=\/wp\/v2\/pages\/916\/revisions"}],"predecessor-version":[{"id":951,"href":"https:\/\/www.marcelcuvelier.de\/index.php?rest_route=\/wp\/v2\/pages\/916\/revisions\/951"}],"up":[{"embeddable":true,"href":"https:\/\/www.marcelcuvelier.de\/index.php?rest_route=\/wp\/v2\/pages\/850"}],"wp:attachment":[{"href":"https:\/\/www.marcelcuvelier.de\/index.php?rest_route=%2Fwp%2Fv2%2Fmedia&parent=916"}],"curies":[{"name":"wp","href":"https:\/\/api.w.org\/{rel}","templated":true}]}}