{"id":972,"date":"2019-09-20T11:01:45","date_gmt":"2019-09-20T10:01:45","guid":{"rendered":"https:\/\/www.marcelcuvelier.de\/?page_id=972"},"modified":"2019-09-20T11:19:41","modified_gmt":"2019-09-20T10:19:41","slug":"geocaching-download","status":"publish","type":"page","link":"https:\/\/www.marcelcuvelier.de\/?page_id=972","title":{"rendered":"Geocaching Download"},"content":{"rendered":"<p>Auf dieser Seite biete ich euch einige Downloads zum Thema Geocaching an. Unter anderem werdet Ihr verschiedene selbst erstellte Logbuch-Vorlagen in den verschiedenen Druck- und Dateiformaten (bzw. Logbuchgr\u00f6\u00dfen) wie auch n\u00fctzliche Vorlagen und Informationen finden.&nbsp;<\/p>\n<p>Die meisten Downloads stelle ich euch in mindestens zwei verschiedenen Dateiformaten zur Verf\u00fcgung. Die PDF-Version braucht lediglich ausgedruckt werden und kann dann noch zus\u00e4tzlich handschriftlich mit z. B. dem Cache- oder Ownernamen erg\u00e4nzt werden. Die andere vorhandene Version bietet zudem auch noch die M\u00f6glichkeit die Vorlage vor dem Druck noch zu personalisieren bzw. mit weiteren Details zu erg\u00e4nzen.<\/p>\n<h4>Logb\u00fccher:<\/h4>\n<ul>\n<li><a href=\"https:\/\/www.marcelcuvelier.de\/wp-content\/uploads\/2019\/09\/logbuch_nano.doc\">Geocache Logbuch Nano (Word Datei)<\/a><\/li>\n<li><a href=\"https:\/\/www.marcelcuvelier.de\/wp-content\/uploads\/2019\/09\/logbuch_nano.pdf\">Geocache Logbuch Nano (PDF)<\/a><\/li>\n<li><a href=\"https:\/\/www.marcelcuvelier.de\/wp-content\/uploads\/2019\/09\/logbuch30mm.doc\">Geocache Logbuch 3,0 cm (Word Datei)<\/a><\/li>\n<li><a href=\"https:\/\/www.marcelcuvelier.de\/wp-content\/uploads\/2019\/09\/logbuch30mm.pdf\">Geocache Logbuch 3,0 cm (PDF)<\/a><\/li>\n<li><a href=\"https:\/\/www.marcelcuvelier.de\/wp-content\/uploads\/2019\/09\/logbuch55mm.xls\">Geocache Logbuch 5,5 x 5,5 cm (Excel Datei)<\/a><\/li>\n<li><a href=\"https:\/\/www.marcelcuvelier.de\/wp-content\/uploads\/2019\/09\/logbuch55mm.pdf\">Geocache Logbuch 5,5 x 5,5 cm (PDF)<\/a><\/li>\n<li><a href=\"https:\/\/www.marcelcuvelier.de\/wp-content\/uploads\/2019\/09\/logbuch75x296cm.doc\">Geocache Logbuch 7,5 x 29,6 cm (Word Datei)<\/a><\/li>\n<li><a href=\"https:\/\/www.marcelcuvelier.de\/wp-content\/uploads\/2019\/09\/logbuch75x296cm.pdf\">Geocache Logbuch 7,5 x 29,6 cm (PDF)<\/a><\/li>\n<li><a href=\"https:\/\/www.marcelcuvelier.de\/wp-content\/uploads\/2019\/09\/logbuch85x100mm.doc\">Geocache Logbuch 8,5 x 10 cm (Word Datei)<\/a><\/li>\n<li><a href=\"https:\/\/www.marcelcuvelier.de\/wp-content\/uploads\/2019\/09\/logbuch85x100mm.pdf\">Geocache Logbuch 8,5 x 10 cm (PDF)<\/a><\/li>\n<\/ul>\n<h4>&nbsp;<\/h4>\n<h4>Versteck Hinweise<\/h4>\n<ul>\n<li><a href=\"https:\/\/www.marcelcuvelier.de\/wp-content\/uploads\/2019\/09\/versteck_hinweis_customized_75x105.doc\">Geocache Versteck Hinweis 7,5 x 10,5 cm (Word Datei)<\/a><\/li>\n<li><a href=\"https:\/\/www.marcelcuvelier.de\/wp-content\/uploads\/2019\/09\/versteck_hinweis_customized_75x105.pdf\">Geocache Versteck Hinweis 7,5 x 10,5 cm (PDF)<\/a><\/li>\n<li><a href=\"https:\/\/www.marcelcuvelier.de\/wp-content\/uploads\/2019\/09\/versteck_hinweis_customized_95x16.doc\">Geocache Versteck Hinweis 9,5 x 16 cm (Word Datei)<\/a><\/li>\n<li><a href=\"https:\/\/www.marcelcuvelier.de\/wp-content\/uploads\/2019\/09\/versteck_hinweis_customized_95x16.pdf\">Geocache Versteck Hinweis 9,5 x 16 cm (PDF)<\/a><\/li>\n<li><a href=\"https:\/\/www.marcelcuvelier.de\/wp-content\/uploads\/2019\/09\/versteck_hinweis_customized_13x1666.doc\">Geocache Versteck Hinweis 13 x 16,66 cm (Word Datei)<\/a><\/li>\n<li><a href=\"https:\/\/www.marcelcuvelier.de\/wp-content\/uploads\/2019\/09\/versteck_hinweis_customized_13x1666.pdf\">Geocache Versteck Hinweis 13 x 16,66 cm (PDF)<\/a><\/li>\n<\/ul>\n<p>&nbsp;<\/p>\n<h4>&#8222;Kein M\u00fcll&#8220; Info<\/h4>\n<ul>\n<li><a href=\"https:\/\/www.marcelcuvelier.de\/wp-content\/uploads\/2019\/09\/no_waste_hinweis_klein.doc\">&#8222;No Waste&#8220;-Hinweis f\u00fcr Micro Caches (Word Datei)<\/a><\/li>\n<li><a href=\"https:\/\/www.marcelcuvelier.de\/wp-content\/uploads\/2019\/09\/no_waste_hinweis_klein.pdf\">&#8222;No Waste&#8220;-Hinweis f\u00fcr Micro Caches (PDF)<\/a><\/li>\n<li><a href=\"https:\/\/www.marcelcuvelier.de\/wp-content\/uploads\/2019\/09\/geocaching_kein-muell-hinweis_35x9.doc\">&#8222;Kein M\u00fcll&#8220;-Hinweis 3,5 x 9 cm (Word Datei)<\/a><\/li>\n<li><a href=\"https:\/\/www.marcelcuvelier.de\/wp-content\/uploads\/2019\/09\/geocaching_kein-muell-hinweis_35x9.pdf\">&#8222;Kein M\u00fcll&#8220;-Hinweis 3,5 x 9 cm (PDF)<\/a><\/li>\n<li><a href=\"https:\/\/www.marcelcuvelier.de\/wp-content\/uploads\/2019\/09\/geocaching_kein-muell-hinweis_55x165.doc\">&#8222;Kein M\u00fcll&#8220;-Hinweis 5,5 x 16,5 cm (Word Datei)<\/a><\/li>\n<li><a href=\"https:\/\/www.marcelcuvelier.de\/wp-content\/uploads\/2019\/09\/geocaching_kein-muell-hinweis_55x165.pdf\">&#8222;Kein M\u00fcll&#8220;-Hinweis 5,5 x 16,5 cm (PDF)<\/a><\/li>\n<\/ul>\n<div class=\"pdf24Plugin-cp\"> \t<form name=\"pdf24Form0\" method=\"post\" target=\"pdf24PopWin\" action=\"https:\/\/doc2pdf.pdf24.org\/wordpress.php\"><input type=\"hidden\" name=\"blogCharset\" value=\"Cw1x07UAAA==\" \/><input type=\"hidden\" name=\"blogPosts\" value=\"MwQA\" \/><input type=\"hidden\" name=\"blogUrl\" value=\"yygpKSi20tcvLy\/Xy00sSk7NSS4tS83JTC3SS0kFAA==\" \/><input type=\"hidden\" name=\"blogName\" value=\"y00sSk7NSS4tS83JTC3SS0kFAA==\" \/><input type=\"hidden\" name=\"blogValueEncoding\" value=\"gzdeflate base64\" \/><input type=\"hidden\" name=\"postId_0\" value=\"szQ3AgA=\" \/><input type=\"hidden\" name=\"postTitle_0\" value=\"c0\/NT05MzsjMS1dwyS\/Py8lPTAEA\" \/><input type=\"hidden\" name=\"postLink_0\" value=\"yygpKSi20tcvLy\/Xy00sSk7NSS4tS83JTC3SS0nVty9ITE+Nz0yxtTQ3AgA=\" \/><input type=\"hidden\" name=\"postAuthor_0\" value=\"800sSk7NAQA=\" \/><input type=\"hidden\" name=\"postDateTime_0\" value=\"MzIwtNQ1sNQ1MlAwNLQysLQyMQUA\" \/><input type=\"hidden\" name=\"postContent_0\" value=\"xZfNjtMwEMfvPMUIJATSNukH6W7ZUgkoHys+JWA5Vm4yTax17MhJNlVfhgvPwGlvfTHGTlK2paVFIuXiKq4z85v\/jMfOMBk9zWcQcExRwyfkGcKUI43cjwBzM3DJQ4SxKqRQLEhhkcfwOcKYwStUPvMjLkNg0oEvMiMjTAaoMYYCdYAZXEQarlGntAwDlAgpimmaAU1lKAR5eqvCKTlqXSotWIgSuARaufaWhLHO\/asW5DKAMcuQz5SO6VfCg+micGojoV7+WH5D+RAKjsAMv1zeZAtB4SCsPBgrF7I0wZUxP+OELZ37cpom50M3Gd0ZJqMx2YiRp8bNr\/gt9y2BCDc2b5tlpE6BfBN9jXeRa7hEPVvehLkMHTBOPo5ftmguJRaYaoOdgcCAh4abwkhDDEz8WalqGcAVkySUGaSiVYs8XX4vI4WIkkAAms8y+xzzDBYOPHNI2BieU86wBYryBB8KiVqymGyiDpff5aL2UZKV2YRrpY1Nk78VpykTMpsbk6XSBoNKCd4tf1jyK6onO1EJb8xYApvMGhsSsqgkEzzl5Issm4Qa5MLUo5kZY8a4MKVXUxJfmaXo0cjkfnlDMenHQ5ee7wxzQYPgoyGDSOPsyd0oy5L0sesWReHETPso\/PwaBflzAnSLpOUrKl6ZuXlik+x2252B2x64oqyriWRSOYHy746qol\/VLbynv+DBV6Wrynw4dNlo6JL7JhiSYLaTgcqoKee9dhzviL930gY\/PoYCFmK7ADVEgxJ4Hnmfi3SLd+\/Eg7kdDcOLOdluVgnLsl2JdZYG9Tj15t1B399VFqeWozs46R+pOlY823XZ4GlQmDNv3mnv3i9nFqRzrE2zotkuyxrNhiiu7aPUUetj0TZXGi7t6U0t\/DWX1KRT\/Od997ryMIlKDxM\/TzMV8wUGk1MTkbeh7iZSle9Ou9oIDQp9AOu69vtYm6jNP0EOCLK\/T89Bydj\/n2qWoHvEXAM9tpSdHhH294rZ6VnEk\/5\/lbOG3SPoBuzWJpGMbl+dTcu4d9btds\/f0OcD3QdvhLAT7XN77\/7n7UKqScGIehXllSDHZRYqkvcKvpolFUerjo4u4hrecV+r8mKcNpqOHaA2A38P2kR1h6uPugnd32Urzulzp1Xj9rz5YE3W3xK84u3ZfThousAP4L2t7mG8xxfWM63NO1Bar2pxzZ9tB0Efpu8G9LY28hM=\" \/><\/form> \t<div class=\"pdf24Plugin-cp-link\"> \t\t<a href=\"#\" onclick=\"var pdf24Win = window.open('about:blank', 'pdf24PopWin', 'resizable=yes,scrollbars=yes,width=600,height=250,left='+(screen.width\/2-300)+',top='+(screen.height\/3-125)+''); pdf24Win.focus(); document.pdf24Form0.submit(); if(typeof pdf24OnCreatePDF === 'function'){void(pdf24OnCreatePDF(this,pdf24Win));} return false;\">Diesen Beitrag als PDF herunterladen<\/a> \t<\/div> <\/div>","protected":false},"excerpt":{"rendered":"<p>Auf dieser Seite biete ich euch einige Downloads zum Thema Geocaching an. Unter anderem werdet Ihr verschiedene selbst erstellte Logbuch-Vorlagen in den verschiedenen Druck- und Dateiformaten (bzw. Logbuchgr\u00f6\u00dfen) wie auch n\u00fctzliche Vorlagen und Informationen finden.&nbsp; Die meisten Downloads stelle ich euch in mindestens zwei verschiedenen Dateiformaten zur Verf\u00fcgung. Die PDF-Version braucht lediglich ausgedruckt werden und kann dann noch zus\u00e4tzlich handschriftlich mit z. B. dem Cache- oder Ownernamen erg\u00e4nzt werden. Die andere vorhandene Version bietet zudem auch noch die M\u00f6glichkeit die [&hellip;]<\/p>\n","protected":false},"author":1,"featured_media":0,"parent":82,"menu_order":99,"comment_status":"closed","ping_status":"closed","template":"page-templates\/page_fullwidth.php","meta":{"ngg_post_thumbnail":0,"jetpack_post_was_ever_published":false,"footnotes":""},"class_list":["post-972","page","type-page","status-publish","hentry"],"jetpack_shortlink":"https:\/\/wp.me\/P4qNjn-fG","jetpack_sharing_enabled":true,"jetpack_likes_enabled":true,"_links":{"self":[{"href":"https:\/\/www.marcelcuvelier.de\/index.php?rest_route=\/wp\/v2\/pages\/972","targetHints":{"allow":["GET"]}}],"collection":[{"href":"https:\/\/www.marcelcuvelier.de\/index.php?rest_route=\/wp\/v2\/pages"}],"about":[{"href":"https:\/\/www.marcelcuvelier.de\/index.php?rest_route=\/wp\/v2\/types\/page"}],"author":[{"embeddable":true,"href":"https:\/\/www.marcelcuvelier.de\/index.php?rest_route=\/wp\/v2\/users\/1"}],"replies":[{"embeddable":true,"href":"https:\/\/www.marcelcuvelier.de\/index.php?rest_route=%2Fwp%2Fv2%2Fcomments&post=972"}],"version-history":[{"count":10,"href":"https:\/\/www.marcelcuvelier.de\/index.php?rest_route=\/wp\/v2\/pages\/972\/revisions"}],"predecessor-version":[{"id":1005,"href":"https:\/\/www.marcelcuvelier.de\/index.php?rest_route=\/wp\/v2\/pages\/972\/revisions\/1005"}],"up":[{"embeddable":true,"href":"https:\/\/www.marcelcuvelier.de\/index.php?rest_route=\/wp\/v2\/pages\/82"}],"wp:attachment":[{"href":"https:\/\/www.marcelcuvelier.de\/index.php?rest_route=%2Fwp%2Fv2%2Fmedia&parent=972"}],"curies":[{"name":"wp","href":"https:\/\/api.w.org\/{rel}","templated":true}]}}